{"id":1093,"date":"2015-07-02T08:43:40","date_gmt":"2015-07-02T08:43:40","guid":{"rendered":"https:\/\/site.marmite.mda.pl\/?page_id=1093"},"modified":"2021-11-12T09:35:00","modified_gmt":"2021-11-12T09:35:00","slug":"kontaktieren-sie-uns","status":"publish","type":"page","link":"https:\/\/marmite-stg.mda.pl\/de\/kontaktieren-sie-uns\/","title":{"rendered":"Kontaktieren Sie uns"},"content":{"rendered":"\n<div class=\"wpcf7 no-js\" id=\"wpcf7-f1096-o1\" lang=\"en-US\" dir=\"ltr\">\n<div class=\"screen-reader-response\"><p role=\"status\" aria-live=\"polite\" aria-atomic=\"true\"><\/p> <ul><\/ul><\/div>\n<form action=\"\/de\/wp-json\/wp\/v2\/pages\/1093#wpcf7-f1096-o1\" method=\"post\" class=\"wpcf7-form init\" aria-label=\"Contact form\" novalidate=\"novalidate\" data-status=\"init\">\n<div style=\"display: none;\">\n<input type=\"hidden\" name=\"_wpcf7\" value=\"1096\" \/>\n<input type=\"hidden\" name=\"_wpcf7_version\" value=\"5.8\" \/>\n<input type=\"hidden\" name=\"_wpcf7_locale\" value=\"en_US\" \/>\n<input type=\"hidden\" name=\"_wpcf7_unit_tag\" value=\"wpcf7-f1096-o1\" \/>\n<input type=\"hidden\" name=\"_wpcf7_container_post\" value=\"0\" \/>\n<input type=\"hidden\" name=\"_wpcf7_posted_data_hash\" value=\"\" \/>\n<\/div>\n<div class=\"row cf7-form\">\n\t<div class=\"col-12 col-xs-6\">\n\t\t<div class=\"form-input__group\">\n\t\t\t<p><label class=\"form__label\">Vorname *<\/label><span class=\"wpcf7-form-control-wrap\" data-name=\"first-name\"><input size=\"40\" class=\"wpcf7-form-control wpcf7-text wpcf7-validates-as-required form__input form__input--border form__input--full form__input--default\" aria-required=\"true\" aria-invalid=\"false\" value=\"\" type=\"text\" name=\"first-name\" \/><\/span>\n\t\t\t<\/p>\n\t\t<\/div>\n\t<\/div>\n\t<div class=\"col-12 col-xs-6\">\n\t\t<div class=\"form-input__group\">\n\t\t\t<p><label class=\"form__label\">Nachname *<\/label><span class=\"wpcf7-form-control-wrap\" data-name=\"last-name\"><input size=\"40\" class=\"wpcf7-form-control wpcf7-text wpcf7-validates-as-required form__input form__input--border form__input--full form__input--default\" aria-required=\"true\" aria-invalid=\"false\" value=\"\" type=\"text\" name=\"last-name\" \/><\/span>\n\t\t\t<\/p>\n\t\t<\/div>\n\t<\/div>\n\t<div class=\"col-12 col-xs-6\">\n\t\t<div class=\"form-input__group\">\n\t\t\t<p><label class=\"form__label\">E-mail *<\/label><span class=\"wpcf7-form-control-wrap\" data-name=\"email\"><input size=\"40\" class=\"wpcf7-form-control wpcf7-email wpcf7-validates-as-required wpcf7-text wpcf7-validates-as-email form__input form__input--border form__input--full form__input--default\" aria-required=\"true\" aria-invalid=\"false\" value=\"\" type=\"email\" name=\"email\" \/><\/span>\n\t\t\t<\/p>\n\t\t<\/div>\n\t<\/div>\n\t<div class=\"col-12 col-xs-6\">\n\t\t<div class=\"form-input__group\">\n\t\t\t<p><label class=\"form__label\">Telefon<\/label><span class=\"wpcf7-form-control-wrap\" data-name=\"number\"><input size=\"40\" class=\"wpcf7-form-control wpcf7-tel wpcf7-text wpcf7-validates-as-tel form__input form__input--border form__input--full form__input--default\" aria-invalid=\"false\" value=\"\" type=\"tel\" name=\"number\" \/><\/span>\n\t\t\t<\/p>\n\t\t<\/div>\n\t<\/div>\n\t<div class=\"col-12\">\n\t\t<div class=\"form-input__group\">\n\t\t\t<p><label class=\"form__label\">Titel *<\/label><span class=\"wpcf7-form-control-wrap\" data-name=\"title\"><select class=\"wpcf7-form-control wpcf7-select wpcf7-validates-as-required select\" aria-required=\"true\" aria-invalid=\"false\" name=\"title\"><option value=\"Produktanfrage\">Produktanfrage<\/option><option value=\"Beschwerde\">Beschwerde<\/option><option value=\"Andere\">Andere<\/option><\/select><\/span>\n\t\t\t<\/p>\n\t\t<\/div>\n\t<\/div>\n\t<div class=\"col-12\">\n\t\t<div class=\"form-input__group\">\n\t\t\t<p><label class=\"form__label\">Thema *<\/label><br \/>\n<span class=\"wpcf7-form-control-wrap\" data-name=\"subject\"><input size=\"40\" class=\"wpcf7-form-control wpcf7-text wpcf7-validates-as-required form__input form__input--border form__input--full form__input--default\" aria-required=\"true\" aria-invalid=\"false\" value=\"\" type=\"text\" name=\"subject\" \/><\/span>\n\t\t\t<\/p>\n\t\t<\/div>\n\t<\/div>\n\t<div class=\"col-12\">\n\t\t<div class=\"form-input__group\">\n\t\t\t<p><label class=\"form__label\">Text *<\/label><br \/>\n<span class=\"wpcf7-form-control-wrap\" data-name=\"message\"><textarea cols=\"40\" rows=\"10\" class=\"wpcf7-form-control wpcf7-textarea wpcf7-validates-as-required form__input form__input--border form__input--full form__input--default form__textarea\" aria-required=\"true\" aria-invalid=\"false\" name=\"message\"><\/textarea><\/span>\n\t\t\t<\/p>\n\t\t<\/div>\n\t<\/div>\n\t<div class=\"col-12\">\n\t\t<div class=\"form-input__group mb-3 mb-xs-5\">\n\t\t\t<div class=\"form-input__group-text\">\n\t\t\t\t<p class=\"h h--6\">Zustimmung in die Verarbeitung personenbezogener Daten\n\t\t\t\t<\/p>\n\t\t\t\t<p class=\"text text--medium text--alert\"><a href=\"\/de\/widerruf-der-einwilligung\/\">Wir teilen Ihnen mit, dass Ihre Zustimmung jederzeit von Ihnen widerrufen werden kann.<\/a>\n\t\t\t\t<\/p>\n\t\t\t\t<p class=\"text text--small\">Widerruf der Zustimmung beeinflusst nicht die Rechtsm\u00e4\u00dfigkeit der Verarbeitung, die aufgrund Ihrer Zustimmung vor dem Widerruf erfolgte.\n\t\t\t\t<\/p>\n\t\t\t\t<p class=\"text text--small\">Sind Sie mit der Verarbeitung Ihrer personenbezogenen Daten (in Form Ihrer E-Mail-Adresse, Ihres Vor- und Nachnamens sowie Telefonnummer) durch Marmite sp. z o.o. mit Sitz in Zakrzewo (ul. Przemys\u0142owa 4, 62-070 Dopiewo, KRS-Nr. 0000581685, nachfolgend: \u201eMarmite\u201c genannt) zu Marketingzwecken von Marmite einverstanden (z.B. Versand von Handelsinformationen, Newsletters, Einladungen zu Messen, W\u00fcnsche zu Feiertagen)?\n\t\t\t\t<\/p>\n\t\t\t<\/div>\n\t\t\t<div class=\"cf7-checkboxes\">\n\t\t\t\t<p><span class=\"wpcf7-form-control-wrap\" data-name=\"dane-osobowe\"><span class=\"wpcf7-form-control wpcf7-checkbox wpcf7-validates-as-required wpcf7-exclusive-checkbox\"><span class=\"wpcf7-list-item first\"><label><input type=\"checkbox\" name=\"dane-osobowe\" value=\"JA\" \/><span class=\"wpcf7-list-item-label\">JA<\/span><\/label><\/span><span class=\"wpcf7-list-item last\"><label><input type=\"checkbox\" name=\"dane-osobowe\" value=\"NEIN\" \/><span class=\"wpcf7-list-item-label\">NEIN<\/span><\/label><\/span><\/span><\/span>\n\t\t\t\t<\/p>\n\t\t\t<\/div>\n\t\t<\/div>\n\t<\/div>\n\t<div class=\"col-12\">\n\t\t<div class=\"form-input__group mb-3 mb-xs-5\">\n\t\t\t<div class=\"form-input__group-text\">\n\t\t\t\t<p class=\"h h--6\">Zustimmung in die Zusendung von Handelsinformationen auf elektronischem Wege\n\t\t\t\t<\/p>\n\t\t\t\t<p class=\"text text--medium text--alert\"><a href=\"\/de\/widerruf-der-einwilligung\/\">Wir teilen Ihnen mit, dass Ihre Zustimmung jederzeit von Ihnen widerrufen werden kann.<\/a>\n\t\t\t\t<\/p>\n\t\t\t\t<p class=\"text text--small\">Sind Sie mit der Zusendung von Handelsinformationen auf elektronischem Wege von Marmite sp. z o.o. mit Sitz in Zakrzewo (ul. Przemys\u0142owa 4, 62-070 Dopiewo, KRS 0000581685) auf die von Ihnen angegebene E-Mail-Adresse aufgrund einschl\u00e4giger Vorschriften, welche die Dienstleistungserbringung auf elektronischem Wege regeln, einverstanden?\n\t\t\t\t<\/p>\n\t\t\t<\/div>\n\t\t\t<div class=\"cf7-checkboxes\">\n\t\t\t\t<p><span class=\"wpcf7-form-control-wrap\" data-name=\"droga-elektroniczna\"><span class=\"wpcf7-form-control wpcf7-checkbox wpcf7-validates-as-required wpcf7-exclusive-checkbox\"><span class=\"wpcf7-list-item first\"><label><input type=\"checkbox\" name=\"droga-elektroniczna\" value=\"JA\" \/><span class=\"wpcf7-list-item-label\">JA<\/span><\/label><\/span><span class=\"wpcf7-list-item last\"><label><input type=\"checkbox\" name=\"droga-elektroniczna\" value=\"NEIN\" \/><span class=\"wpcf7-list-item-label\">NEIN<\/span><\/label><\/span><\/span><\/span>\n\t\t\t\t<\/p>\n\t\t\t<\/div>\n\t\t<\/div>\n\t<\/div>\n\t<div class=\"col-12\">\n\t\t<div class=\"form-input__group mb-3 mb-xs-5\">\n\t\t\t<div class=\"form-input__group-text\">\n\t\t\t\t<p class=\"h h--6\">Zustimmung in die Nutzung von Telekommunikationsendger\u00e4te\n\t\t\t\t<\/p>\n\t\t\t\t<p class=\"text text--medium text--alert\"><a href=\"\/de\/widerruf-der-einwilligung\/\">Wir teilen Ihnen mit, dass Ihre Zustimmung jederzeit von Ihnen widerrufen werden kann.<\/a>\n\t\t\t\t<\/p>\n\t\t\t\t<p class=\"text text--small\">Sind Sie mit der Nutzung von Telekommunikationsendger\u00e4ten (z.B. Computer, Telefon) zu Zwecken des Direktmarketings durch Marmite sp. z o.o. mit Sitz in Zakrzewo (ul. Przemys\u0142owa 4, 62-070 Dopiewo, KRS-Nr. 0000581685) aufgrund des Telekommunikationsrechts bzw. anderer einschl\u00e4giger Vorschriften einverstanden?\n\t\t\t\t<\/p>\n\t\t\t<\/div>\n\t\t\t<div class=\"cf7-checkboxes\">\n\t\t\t\t<p><span class=\"wpcf7-form-control-wrap\" data-name=\"urzadzenia-koncowe\"><span class=\"wpcf7-form-control wpcf7-checkbox wpcf7-validates-as-required wpcf7-exclusive-checkbox\"><span class=\"wpcf7-list-item first\"><label><input type=\"checkbox\" name=\"urzadzenia-koncowe\" value=\"JA\" \/><span class=\"wpcf7-list-item-label\">JA<\/span><\/label><\/span><span class=\"wpcf7-list-item last\"><label><input type=\"checkbox\" name=\"urzadzenia-koncowe\" value=\"NEIN\" \/><span class=\"wpcf7-list-item-label\">NEIN<\/span><\/label><\/span><\/span><\/span>\n\t\t\t\t<\/p>\n\t\t\t<\/div>\n\t\t<\/div>\n\t<\/div>\n<\/div>\n<div class=\"form-footer form-footer--small\">\n\t<div class=\"form-footer__info\">\n\t\t<p>* Pflichtfeld\n\t\t<\/p>\n\t<\/div>\n\t<p><input class=\"wpcf7-form-control wpcf7-submit has-spinner button button--red\" type=\"submit\" value=\"Mitteilung versenden\" \/>\n\t<\/p>\n<\/div><div class=\"wpcf7-response-output\" aria-hidden=\"true\"><\/div>\n<\/form>\n<\/div>\n\n","protected":false},"excerpt":{"rendered":"","protected":false},"author":1,"featured_media":0,"parent":0,"menu_order":368,"comment_status":"open","ping_status":"closed","template":"page-templates\/contact.php","meta":{"footnotes":""},"acf":[],"yoast_head":"<!-- This site is optimized with the Yoast SEO plugin v20.13 - https:\/\/yoast.com\/wordpress\/plugins\/seo\/ -->\n<title>Kontaktieren Sie uns &bull; Marmite<\/title>\n<meta name=\"robots\" content=\"noindex, follow, max-snippet:-1, max-image-preview:large, max-video-preview:-1\" \/>\n<meta property=\"og:locale\" content=\"de_DE\" \/>\n<meta property=\"og:type\" content=\"article\" \/>\n<meta property=\"og:title\" content=\"Kontaktieren Sie uns &bull; Marmite\" \/>\n<meta property=\"og:url\" content=\"https:\/\/marmite-stg.mda.pl\/de\/kontaktieren-sie-uns\/\" \/>\n<meta property=\"og:site_name\" content=\"Marmite\" \/>\n<meta property=\"article:publisher\" content=\"https:\/\/www.facebook.com\/marmiteSA\" \/>\n<meta property=\"article:modified_time\" content=\"2021-11-12T09:35:00+00:00\" \/>\n<script type=\"application\/ld+json\" class=\"yoast-schema-graph\">{\"@context\":\"https:\/\/schema.org\",\"@graph\":[{\"@type\":\"WebPage\",\"@id\":\"https:\/\/marmite-stg.mda.pl\/de\/kontaktieren-sie-uns\/\",\"url\":\"https:\/\/marmite-stg.mda.pl\/de\/kontaktieren-sie-uns\/\",\"name\":\"Kontaktieren Sie uns &bull; Marmite\",\"isPartOf\":{\"@id\":\"https:\/\/marmite-stg.mda.pl\/de\/#website\"},\"datePublished\":\"2015-07-02T08:43:40+00:00\",\"dateModified\":\"2021-11-12T09:35:00+00:00\",\"breadcrumb\":{\"@id\":\"https:\/\/marmite-stg.mda.pl\/de\/kontaktieren-sie-uns\/#breadcrumb\"},\"inLanguage\":\"de-DE\",\"potentialAction\":[{\"@type\":\"ReadAction\",\"target\":[\"https:\/\/marmite-stg.mda.pl\/de\/kontaktieren-sie-uns\/\"]}]},{\"@type\":\"BreadcrumbList\",\"@id\":\"https:\/\/marmite-stg.mda.pl\/de\/kontaktieren-sie-uns\/#breadcrumb\",\"itemListElement\":[{\"@type\":\"ListItem\",\"position\":1,\"name\":\"Home\",\"item\":\"https:\/\/marmite-stg.mda.pl\/de\/\"},{\"@type\":\"ListItem\",\"position\":2,\"name\":\"Kontaktieren Sie uns\"}]},{\"@type\":\"WebSite\",\"@id\":\"https:\/\/marmite-stg.mda.pl\/de\/#website\",\"url\":\"https:\/\/marmite-stg.mda.pl\/de\/\",\"name\":\"Marmite\",\"description\":\"Marmite\",\"potentialAction\":[{\"@type\":\"SearchAction\",\"target\":{\"@type\":\"EntryPoint\",\"urlTemplate\":\"https:\/\/marmite-stg.mda.pl\/de\/?s={search_term_string}\"},\"query-input\":\"required name=search_term_string\"}],\"inLanguage\":\"de-DE\"}]}<\/script>\n<!-- \/ Yoast SEO plugin. -->","yoast_head_json":{"title":"Kontaktieren Sie uns &bull; Marmite","robots":{"index":"noindex","follow":"follow","max-snippet":"max-snippet:-1","max-image-preview":"max-image-preview:large","max-video-preview":"max-video-preview:-1"},"og_locale":"de_DE","og_type":"article","og_title":"Kontaktieren Sie uns &bull; Marmite","og_url":"https:\/\/marmite-stg.mda.pl\/de\/kontaktieren-sie-uns\/","og_site_name":"Marmite","article_publisher":"https:\/\/www.facebook.com\/marmiteSA","article_modified_time":"2021-11-12T09:35:00+00:00","schema":{"@context":"https:\/\/schema.org","@graph":[{"@type":"WebPage","@id":"https:\/\/marmite-stg.mda.pl\/de\/kontaktieren-sie-uns\/","url":"https:\/\/marmite-stg.mda.pl\/de\/kontaktieren-sie-uns\/","name":"Kontaktieren Sie uns &bull; Marmite","isPartOf":{"@id":"https:\/\/marmite-stg.mda.pl\/de\/#website"},"datePublished":"2015-07-02T08:43:40+00:00","dateModified":"2021-11-12T09:35:00+00:00","breadcrumb":{"@id":"https:\/\/marmite-stg.mda.pl\/de\/kontaktieren-sie-uns\/#breadcrumb"},"inLanguage":"de-DE","potentialAction":[{"@type":"ReadAction","target":["https:\/\/marmite-stg.mda.pl\/de\/kontaktieren-sie-uns\/"]}]},{"@type":"BreadcrumbList","@id":"https:\/\/marmite-stg.mda.pl\/de\/kontaktieren-sie-uns\/#breadcrumb","itemListElement":[{"@type":"ListItem","position":1,"name":"Home","item":"https:\/\/marmite-stg.mda.pl\/de\/"},{"@type":"ListItem","position":2,"name":"Kontaktieren Sie uns"}]},{"@type":"WebSite","@id":"https:\/\/marmite-stg.mda.pl\/de\/#website","url":"https:\/\/marmite-stg.mda.pl\/de\/","name":"Marmite","description":"Marmite","potentialAction":[{"@type":"SearchAction","target":{"@type":"EntryPoint","urlTemplate":"https:\/\/marmite-stg.mda.pl\/de\/?s={search_term_string}"},"query-input":"required name=search_term_string"}],"inLanguage":"de-DE"}]}},"_links":{"self":[{"href":"https:\/\/marmite-stg.mda.pl\/de\/wp-json\/wp\/v2\/pages\/1093"}],"collection":[{"href":"https:\/\/marmite-stg.mda.pl\/de\/wp-json\/wp\/v2\/pages"}],"about":[{"href":"https:\/\/marmite-stg.mda.pl\/de\/wp-json\/wp\/v2\/types\/page"}],"author":[{"embeddable":true,"href":"https:\/\/marmite-stg.mda.pl\/de\/wp-json\/wp\/v2\/users\/1"}],"replies":[{"embeddable":true,"href":"https:\/\/marmite-stg.mda.pl\/de\/wp-json\/wp\/v2\/comments?post=1093"}],"version-history":[{"count":9,"href":"https:\/\/marmite-stg.mda.pl\/de\/wp-json\/wp\/v2\/pages\/1093\/revisions"}],"predecessor-version":[{"id":22093,"href":"https:\/\/marmite-stg.mda.pl\/de\/wp-json\/wp\/v2\/pages\/1093\/revisions\/22093"}],"wp:attachment":[{"href":"https:\/\/marmite-stg.mda.pl\/de\/wp-json\/wp\/v2\/media?parent=1093"}],"curies":[{"name":"wp","href":"https:\/\/api.w.org\/{rel}","templated":true}]}}