{"id":25608,"date":"2022-07-26T08:33:24","date_gmt":"2022-07-26T08:33:24","guid":{"rendered":"https:\/\/marmite-stg.mda.pl\/trends-2\/"},"modified":"2022-08-22T06:45:54","modified_gmt":"2022-08-22T06:45:54","slug":"trends-trendbook","status":"publish","type":"page","link":"https:\/\/marmite-stg.mda.pl\/de\/trends-trendbook\/","title":{"rendered":"Trends"},"content":{"rendered":"<p>Sie wurden ausgew\u00e4hlt, indem wir den internationalen Markt sorgf\u00e4ltig unter die Lupe genommen und seinen Zustand analysiert haben. Wir glauben, dass Stile und Designtrends eine Reaktion auf die umgebende Realit\u00e4t sind, und deshalb sind das Sammeln von Informationen \u00fcber Ver\u00e4nderungen sowie die Beobachtung des Verbraucherverhaltens und der Vorlieben der Schl\u00fcssel zur Erf\u00fcllung der Marktbed\u00fcrfnisse. Pr\u00fcfen Sie, wie sich diese Trends im Badezimmer manifestieren k\u00f6nnen und welche Marmite-Produkte am besten dazu passen.<\/p>\n","protected":false},"excerpt":{"rendered":"<p>Sie wurden ausgew\u00e4hlt, indem wir den internationalen Markt sorgf\u00e4ltig unter die Lupe genommen und seinen Zustand analysiert haben. Wir glauben, dass Stile und Designtrends eine Reaktion auf die umgebende Realit\u00e4t sind, und deshalb sind das Sammeln von Informationen \u00fcber Ver\u00e4nderungen sowie die Beobachtung des Verbraucherverhaltens und der Vorlieben der Schl\u00fcssel zur Erf\u00fcllung der Marktbed\u00fcrfnisse. Pr\u00fcfen [&hellip;]<\/p>\n","protected":false},"author":1,"featured_media":25184,"parent":0,"menu_order":0,"comment_status":"closed","ping_status":"closed","template":"page-templates\/layout_trends.php","meta":{"footnotes":""},"acf":[],"yoast_head":"<!-- This site is optimized with the Yoast SEO plugin v20.13 - https:\/\/yoast.com\/wordpress\/plugins\/seo\/ -->\n<title>Trends &bull; Marmite<\/title>\n<meta name=\"robots\" content=\"noindex, follow, max-snippet:-1, max-image-preview:large, max-video-preview:-1\" \/>\n<meta property=\"og:locale\" content=\"de_DE\" \/>\n<meta property=\"og:type\" content=\"article\" \/>\n<meta property=\"og:title\" content=\"Trends &bull; Marmite\" \/>\n<meta property=\"og:url\" content=\"https:\/\/marmite-stg.mda.pl\/de\/trends-trendbook\/\" \/>\n<meta property=\"og:site_name\" content=\"Marmite\" \/>\n<meta property=\"article:publisher\" content=\"https:\/\/www.facebook.com\/marmiteSA\" \/>\n<meta property=\"article:modified_time\" content=\"2022-08-22T06:45:54+00:00\" \/>\n<meta property=\"og:image\" content=\"https:\/\/marmite-stg.mda.pl\/wp-content\/uploads\/2022\/07\/Background.jpg\" \/>\n\t<meta property=\"og:image:width\" content=\"1880\" \/>\n\t<meta property=\"og:image:height\" content=\"400\" \/>\n\t<meta property=\"og:image:type\" content=\"image\/jpeg\" \/>\n<meta name=\"twitter:label1\" content=\"Gesch\u00e4tzte Lesezeit\" \/>\n\t<meta name=\"twitter:data1\" content=\"1 Minute\" \/>\n<script type=\"application\/ld+json\" class=\"yoast-schema-graph\">{\"@context\":\"https:\/\/schema.org\",\"@graph\":[{\"@type\":\"WebPage\",\"@id\":\"https:\/\/marmite-stg.mda.pl\/de\/trends-trendbook\/\",\"url\":\"https:\/\/marmite-stg.mda.pl\/de\/trends-trendbook\/\",\"name\":\"Trends &bull; Marmite\",\"isPartOf\":{\"@id\":\"https:\/\/marmite-stg.mda.pl\/de\/#website\"},\"datePublished\":\"2022-07-26T08:33:24+00:00\",\"dateModified\":\"2022-08-22T06:45:54+00:00\",\"breadcrumb\":{\"@id\":\"https:\/\/marmite-stg.mda.pl\/de\/trends-trendbook\/#breadcrumb\"},\"inLanguage\":\"de-DE\",\"potentialAction\":[{\"@type\":\"ReadAction\",\"target\":[\"https:\/\/marmite-stg.mda.pl\/de\/trends-trendbook\/\"]}]},{\"@type\":\"BreadcrumbList\",\"@id\":\"https:\/\/marmite-stg.mda.pl\/de\/trends-trendbook\/#breadcrumb\",\"itemListElement\":[{\"@type\":\"ListItem\",\"position\":1,\"name\":\"Home\",\"item\":\"https:\/\/marmite-stg.mda.pl\/de\/\"},{\"@type\":\"ListItem\",\"position\":2,\"name\":\"Trends\"}]},{\"@type\":\"WebSite\",\"@id\":\"https:\/\/marmite-stg.mda.pl\/de\/#website\",\"url\":\"https:\/\/marmite-stg.mda.pl\/de\/\",\"name\":\"Marmite\",\"description\":\"Marmite\",\"potentialAction\":[{\"@type\":\"SearchAction\",\"target\":{\"@type\":\"EntryPoint\",\"urlTemplate\":\"https:\/\/marmite-stg.mda.pl\/de\/?s={search_term_string}\"},\"query-input\":\"required name=search_term_string\"}],\"inLanguage\":\"de-DE\"}]}<\/script>\n<!-- \/ Yoast SEO plugin. -->","yoast_head_json":{"title":"Trends &bull; Marmite","robots":{"index":"noindex","follow":"follow","max-snippet":"max-snippet:-1","max-image-preview":"max-image-preview:large","max-video-preview":"max-video-preview:-1"},"og_locale":"de_DE","og_type":"article","og_title":"Trends &bull; Marmite","og_url":"https:\/\/marmite-stg.mda.pl\/de\/trends-trendbook\/","og_site_name":"Marmite","article_publisher":"https:\/\/www.facebook.com\/marmiteSA","article_modified_time":"2022-08-22T06:45:54+00:00","og_image":[{"width":1880,"height":400,"url":"https:\/\/marmite-stg.mda.pl\/wp-content\/uploads\/2022\/07\/Background.jpg","type":"image\/jpeg"}],"twitter_misc":{"Gesch\u00e4tzte Lesezeit":"1 Minute"},"schema":{"@context":"https:\/\/schema.org","@graph":[{"@type":"WebPage","@id":"https:\/\/marmite-stg.mda.pl\/de\/trends-trendbook\/","url":"https:\/\/marmite-stg.mda.pl\/de\/trends-trendbook\/","name":"Trends &bull; Marmite","isPartOf":{"@id":"https:\/\/marmite-stg.mda.pl\/de\/#website"},"datePublished":"2022-07-26T08:33:24+00:00","dateModified":"2022-08-22T06:45:54+00:00","breadcrumb":{"@id":"https:\/\/marmite-stg.mda.pl\/de\/trends-trendbook\/#breadcrumb"},"inLanguage":"de-DE","potentialAction":[{"@type":"ReadAction","target":["https:\/\/marmite-stg.mda.pl\/de\/trends-trendbook\/"]}]},{"@type":"BreadcrumbList","@id":"https:\/\/marmite-stg.mda.pl\/de\/trends-trendbook\/#breadcrumb","itemListElement":[{"@type":"ListItem","position":1,"name":"Home","item":"https:\/\/marmite-stg.mda.pl\/de\/"},{"@type":"ListItem","position":2,"name":"Trends"}]},{"@type":"WebSite","@id":"https:\/\/marmite-stg.mda.pl\/de\/#website","url":"https:\/\/marmite-stg.mda.pl\/de\/","name":"Marmite","description":"Marmite","potentialAction":[{"@type":"SearchAction","target":{"@type":"EntryPoint","urlTemplate":"https:\/\/marmite-stg.mda.pl\/de\/?s={search_term_string}"},"query-input":"required name=search_term_string"}],"inLanguage":"de-DE"}]}},"_links":{"self":[{"href":"https:\/\/marmite-stg.mda.pl\/de\/wp-json\/wp\/v2\/pages\/25608"}],"collection":[{"href":"https:\/\/marmite-stg.mda.pl\/de\/wp-json\/wp\/v2\/pages"}],"about":[{"href":"https:\/\/marmite-stg.mda.pl\/de\/wp-json\/wp\/v2\/types\/page"}],"author":[{"embeddable":true,"href":"https:\/\/marmite-stg.mda.pl\/de\/wp-json\/wp\/v2\/users\/1"}],"replies":[{"embeddable":true,"href":"https:\/\/marmite-stg.mda.pl\/de\/wp-json\/wp\/v2\/comments?post=25608"}],"version-history":[{"count":16,"href":"https:\/\/marmite-stg.mda.pl\/de\/wp-json\/wp\/v2\/pages\/25608\/revisions"}],"predecessor-version":[{"id":25758,"href":"https:\/\/marmite-stg.mda.pl\/de\/wp-json\/wp\/v2\/pages\/25608\/revisions\/25758"}],"wp:featuredmedia":[{"embeddable":true,"href":"https:\/\/marmite-stg.mda.pl\/de\/wp-json\/wp\/v2\/media\/25184"}],"wp:attachment":[{"href":"https:\/\/marmite-stg.mda.pl\/de\/wp-json\/wp\/v2\/media?parent=25608"}],"curies":[{"name":"wp","href":"https:\/\/api.w.org\/{rel}","templated":true}]}}