{"id":26668,"date":"2023-01-05T07:50:53","date_gmt":"2023-01-05T07:50:53","guid":{"rendered":"https:\/\/marmite-stg.mda.pl\/material-de\/reparierbar\/polytop-impregnation\/"},"modified":"2023-01-05T08:20:23","modified_gmt":"2023-01-05T08:20:23","slug":"impraegnat-polytop","status":"publish","type":"page","link":"https:\/\/marmite-stg.mda.pl\/de\/material-de\/reparierbar\/impraegnat-polytop\/","title":{"rendered":"Impr\u00e4gnat POLYTOP"},"content":{"rendered":"<p><strong><span>Wichtigste Vorteile:<\/p>\n<p><\/span><\/strong><\/p>\n<ul>\n<li>Entfernt Kratzer und Schmutz.<\/li>\n<li>Erneuert die Oberfl\u00e4che.<\/li>\n<li>Sch\u00fctzt vor Verschlei\u00df und Abnutzung.<\/li>\n<\/ul>\n","protected":false},"excerpt":{"rendered":"<p>Wichtigste Vorteile: Entfernt Kratzer und Schmutz. Erneuert die Oberfl\u00e4che. Sch\u00fctzt vor Verschlei\u00df und Abnutzung.<\/p>\n","protected":false},"author":1,"featured_media":0,"parent":9043,"menu_order":0,"comment_status":"closed","ping_status":"closed","template":"page-templates\/layout_repaire_product.php","meta":{"footnotes":""},"acf":[],"yoast_head":"<!-- This site is optimized with the Yoast SEO plugin v20.13 - https:\/\/yoast.com\/wordpress\/plugins\/seo\/ -->\n<title>Impr\u00e4gnat POLYTOP &bull; Marmite<\/title>\n<meta name=\"robots\" content=\"noindex, follow, max-snippet:-1, max-image-preview:large, max-video-preview:-1\" \/>\n<meta property=\"og:locale\" content=\"de_DE\" \/>\n<meta property=\"og:type\" content=\"article\" \/>\n<meta property=\"og:title\" content=\"Impr\u00e4gnat POLYTOP &bull; Marmite\" \/>\n<meta property=\"og:url\" content=\"https:\/\/marmite-stg.mda.pl\/de\/material-de\/reparierbar\/impraegnat-polytop\/\" \/>\n<meta property=\"og:site_name\" content=\"Marmite\" \/>\n<meta property=\"article:publisher\" content=\"https:\/\/www.facebook.com\/marmiteSA\" \/>\n<meta property=\"article:modified_time\" content=\"2023-01-05T08:20:23+00:00\" \/>\n<meta name=\"twitter:label1\" content=\"Gesch\u00e4tzte Lesezeit\" \/>\n\t<meta name=\"twitter:data1\" content=\"1 Minute\" \/>\n<script type=\"application\/ld+json\" class=\"yoast-schema-graph\">{\"@context\":\"https:\/\/schema.org\",\"@graph\":[{\"@type\":\"WebPage\",\"@id\":\"https:\/\/marmite-stg.mda.pl\/de\/material-de\/reparierbar\/impraegnat-polytop\/\",\"url\":\"https:\/\/marmite-stg.mda.pl\/de\/material-de\/reparierbar\/impraegnat-polytop\/\",\"name\":\"Impr\u00e4gnat POLYTOP &bull; Marmite\",\"isPartOf\":{\"@id\":\"https:\/\/marmite-stg.mda.pl\/de\/#website\"},\"datePublished\":\"2023-01-05T07:50:53+00:00\",\"dateModified\":\"2023-01-05T08:20:23+00:00\",\"breadcrumb\":{\"@id\":\"https:\/\/marmite-stg.mda.pl\/de\/material-de\/reparierbar\/impraegnat-polytop\/#breadcrumb\"},\"inLanguage\":\"de-DE\",\"potentialAction\":[{\"@type\":\"ReadAction\",\"target\":[\"https:\/\/marmite-stg.mda.pl\/de\/material-de\/reparierbar\/impraegnat-polytop\/\"]}]},{\"@type\":\"BreadcrumbList\",\"@id\":\"https:\/\/marmite-stg.mda.pl\/de\/material-de\/reparierbar\/impraegnat-polytop\/#breadcrumb\",\"itemListElement\":[{\"@type\":\"ListItem\",\"position\":1,\"name\":\"Home\",\"item\":\"https:\/\/marmite-stg.mda.pl\/de\/\"},{\"@type\":\"ListItem\",\"position\":2,\"name\":\"Material\",\"item\":\"https:\/\/marmite-stg.mda.pl\/de\/material-de\/\"},{\"@type\":\"ListItem\",\"position\":3,\"name\":\"Reparierbar\",\"item\":\"https:\/\/marmite-stg.mda.pl\/de\/material\/repairable\/\"},{\"@type\":\"ListItem\",\"position\":4,\"name\":\"Impr\u00e4gnat POLYTOP\"}]},{\"@type\":\"WebSite\",\"@id\":\"https:\/\/marmite-stg.mda.pl\/de\/#website\",\"url\":\"https:\/\/marmite-stg.mda.pl\/de\/\",\"name\":\"Marmite\",\"description\":\"Marmite\",\"potentialAction\":[{\"@type\":\"SearchAction\",\"target\":{\"@type\":\"EntryPoint\",\"urlTemplate\":\"https:\/\/marmite-stg.mda.pl\/de\/?s={search_term_string}\"},\"query-input\":\"required name=search_term_string\"}],\"inLanguage\":\"de-DE\"}]}<\/script>\n<!-- \/ Yoast SEO plugin. -->","yoast_head_json":{"title":"Impr\u00e4gnat POLYTOP &bull; Marmite","robots":{"index":"noindex","follow":"follow","max-snippet":"max-snippet:-1","max-image-preview":"max-image-preview:large","max-video-preview":"max-video-preview:-1"},"og_locale":"de_DE","og_type":"article","og_title":"Impr\u00e4gnat POLYTOP &bull; Marmite","og_url":"https:\/\/marmite-stg.mda.pl\/de\/material-de\/reparierbar\/impraegnat-polytop\/","og_site_name":"Marmite","article_publisher":"https:\/\/www.facebook.com\/marmiteSA","article_modified_time":"2023-01-05T08:20:23+00:00","twitter_misc":{"Gesch\u00e4tzte Lesezeit":"1 Minute"},"schema":{"@context":"https:\/\/schema.org","@graph":[{"@type":"WebPage","@id":"https:\/\/marmite-stg.mda.pl\/de\/material-de\/reparierbar\/impraegnat-polytop\/","url":"https:\/\/marmite-stg.mda.pl\/de\/material-de\/reparierbar\/impraegnat-polytop\/","name":"Impr\u00e4gnat POLYTOP &bull; Marmite","isPartOf":{"@id":"https:\/\/marmite-stg.mda.pl\/de\/#website"},"datePublished":"2023-01-05T07:50:53+00:00","dateModified":"2023-01-05T08:20:23+00:00","breadcrumb":{"@id":"https:\/\/marmite-stg.mda.pl\/de\/material-de\/reparierbar\/impraegnat-polytop\/#breadcrumb"},"inLanguage":"de-DE","potentialAction":[{"@type":"ReadAction","target":["https:\/\/marmite-stg.mda.pl\/de\/material-de\/reparierbar\/impraegnat-polytop\/"]}]},{"@type":"BreadcrumbList","@id":"https:\/\/marmite-stg.mda.pl\/de\/material-de\/reparierbar\/impraegnat-polytop\/#breadcrumb","itemListElement":[{"@type":"ListItem","position":1,"name":"Home","item":"https:\/\/marmite-stg.mda.pl\/de\/"},{"@type":"ListItem","position":2,"name":"Material","item":"https:\/\/marmite-stg.mda.pl\/de\/material-de\/"},{"@type":"ListItem","position":3,"name":"Reparierbar","item":"https:\/\/marmite-stg.mda.pl\/de\/material\/repairable\/"},{"@type":"ListItem","position":4,"name":"Impr\u00e4gnat POLYTOP"}]},{"@type":"WebSite","@id":"https:\/\/marmite-stg.mda.pl\/de\/#website","url":"https:\/\/marmite-stg.mda.pl\/de\/","name":"Marmite","description":"Marmite","potentialAction":[{"@type":"SearchAction","target":{"@type":"EntryPoint","urlTemplate":"https:\/\/marmite-stg.mda.pl\/de\/?s={search_term_string}"},"query-input":"required name=search_term_string"}],"inLanguage":"de-DE"}]}},"_links":{"self":[{"href":"https:\/\/marmite-stg.mda.pl\/de\/wp-json\/wp\/v2\/pages\/26668"}],"collection":[{"href":"https:\/\/marmite-stg.mda.pl\/de\/wp-json\/wp\/v2\/pages"}],"about":[{"href":"https:\/\/marmite-stg.mda.pl\/de\/wp-json\/wp\/v2\/types\/page"}],"author":[{"embeddable":true,"href":"https:\/\/marmite-stg.mda.pl\/de\/wp-json\/wp\/v2\/users\/1"}],"replies":[{"embeddable":true,"href":"https:\/\/marmite-stg.mda.pl\/de\/wp-json\/wp\/v2\/comments?post=26668"}],"version-history":[{"count":2,"href":"https:\/\/marmite-stg.mda.pl\/de\/wp-json\/wp\/v2\/pages\/26668\/revisions"}],"predecessor-version":[{"id":26670,"href":"https:\/\/marmite-stg.mda.pl\/de\/wp-json\/wp\/v2\/pages\/26668\/revisions\/26670"}],"up":[{"embeddable":true,"href":"https:\/\/marmite-stg.mda.pl\/de\/wp-json\/wp\/v2\/pages\/9043"}],"wp:attachment":[{"href":"https:\/\/marmite-stg.mda.pl\/de\/wp-json\/wp\/v2\/media?parent=26668"}],"curies":[{"name":"wp","href":"https:\/\/api.w.org\/{rel}","templated":true}]}}