{"id":4043,"date":"2018-06-28T12:24:15","date_gmt":"2018-06-28T12:24:15","guid":{"rendered":"https:\/\/site.marmite.mda.pl\/?page_id=4043"},"modified":"2020-03-23T13:54:00","modified_gmt":"2020-03-23T13:54:00","slug":"cookie-richtlinien","status":"publish","type":"page","link":"https:\/\/marmite-stg.mda.pl\/de\/cookie-richtlinien\/","title":{"rendered":"Cookie-Richtlinien"},"content":{"rendered":"<div class=\"mps\">\n<p>In Rahmen unserer (Marmite sp. z o.o.) T\u00e4tigkeiten verwenden wir die Cookie-Dateien. Mit diesen Dateien beobachten und analysierten wir den Verkehr auf unserer Website. In Rahmen dieser T\u00e4tigkeiten verarbeiten wir jedoch keine personenbezogenen Daten im Sinne der DSGVO.<\/p>\n<p>Detaillierte Informationen \u00fcber die Speicherung und den Zugang zu Informationen auf Ihren Ger\u00e4ten mittels Cookies finden Sie unten. Als \u201eGer\u00e4te\u201c werden elektronische Ger\u00e4te verstanden, mit dessen Hilfe Sie unsere Website nutzen.<\/p>\n<h3><span style=\"color: #ff0000;\">\u00a71. Was sind Cookies??<\/span><\/h3>\n<p>Die Cookies sind computergest\u00fctzte Daten (z.B. kleine Textdateien), die auf Ger\u00e4ten, mit denen Sie unsere Website nutzen, gespeichert und abgelegt werden.<\/p>\n<p>Es gibt zwei Cookie-Arten:<\/p>\n<ol type=\"a\">\n<li>Cookies des Administrators (unsere eigenen Cookies) \u2013 sie werden von uns im Zusammenhang mit der Erbringung von Dienstleistungen auf dem elektronischen Wege (d.h. \u00fcber unsere Website) verwendet,<\/li>\n<li>Externe Cookies \u2013 Cookies, die von unseren Partnern \u00fcber unsere Website ver\u00f6ffentlicht werden.<\/li>\n<\/ol>\n<h3><span style=\"color: #ff0000;\">\u00a72. Welche \u201eCookies\u201c werden von uns verwendet?<\/span><\/h3>\n<p>Es gibt zwei Typen der Cookies:<\/p>\n<ol type=\"a\">\n<li>Session-Cookies &#8211; werden vor\u00fcbergehend auf Ihrem Ger\u00e4t gespeichert, bis die Sitzung des gegebenen Webbrowsers abl\u00e4uft. Diese Cookies werden nach Ablauf der Sitzung dauerhaft gel\u00f6scht.<\/li>\n<li>Dauerhafte Cookies\u2013 diese Dateien werden auf Ihrem Ger\u00e4t gespeichert und verbleiben dort, bis sie gel\u00f6scht werden. Diese Dateien werden nach Ablauf der Sitzung des Webbrowsers bzw. nach Abschalten des Ger\u00e4tes nicht gel\u00f6scht.<\/li>\n<\/ol>\n<p>Weder der Mechanismus der Session-Cookies, noch der Mechanismus der dauerhaften Cookies lassen zu, dass Ihre personenbezogenen Daten oder vertrauliche Informationen von Ihrem Ger\u00e4t erhoben werden.<\/p>\n<h3><span style=\"color: #ff0000;\">\u00a73. Wozu dienen die Cookies?<\/span><\/h3>\n<p>Die Cookie-Dateien erm\u00f6glichen uns, Verbesserungen und \u00c4nderungen unserer Website vorzunehmen, was einen positiven Einfluss auf ihre Wahrnehmung hat. Dies gibt uns auch die M\u00f6glichkeit, Informationen ohne personenbezogene Daten f\u00fcr statistische Zwecke und Feststellung des Interesses an bestimmten Teilen unserer Website zu analysieren.<\/p>\n<p>Unsere eigenen Cookies verwenden wir, um:<\/p>\n<ol type=\"a\">\n<li>den Inhalt unserer Website an die Pr\u00e4ferenzen der Benutzer anzupassen,<\/li>\n<li>maximale Funktionsf\u00e4higkeit unserer Website zu gew\u00e4hrleisten und somit ihre Nutzung zu optimieren,<\/li>\n<li>die Geschichte der besuchten Websites zu speichern, um entsprechende Inhalte empfehlen zu k\u00f6nnen,<\/li>\n<li>die von Ihnen gew\u00e4hlte Einstellungen zu speichern und Ihr Interface zu personalisieren (z.B. ausgew\u00e4hlte Sprache oder Region)<\/li>\n<li>die wichtigsten Parameter Ihres Ger\u00e4tes zu erkennen, um unsere Website entsprechend anzeigen zu k\u00f6nnen,<\/li>\n<li>die Quellen der Weiterleitung der Benutzer auf unsere Website zu \u00fcberpr\u00fcfen,<\/li>\n<li>Ihnen Informationen, unter Ber\u00fccksichtigung Ihres Standortes, zu \u00fcbermitteln,<\/li>\n<li>Statistiken (anonym) anzufertigen und somit unsere Website zu verbessern,<\/li>\n<li>die Sicherheit und die Zuverl\u00e4ssigkeit unserer Website zu gew\u00e4hrleisten,<\/li>\n<li>Marketingzwecke zu realisieren.<\/li>\n<\/ol>\n<p>Externe Cookies werden verwendet, um:<\/p>\n<ol type=\"a\">\n<li>allgemeine und anonyme statistische Daten mittels Google Analytics zu erheben (Cookies-Administrator: Google Inc mit Sitz in USA). Mehr dazu finden Sie unter Abschnitt 6 unten.<\/li>\n<li>auf unserer Website Multimedia-Inhalte zu pr\u00e4sentieren, die vom externen Onlinedienst www.youtube.com (Cookie-Administrator: Google Inc. mit Sitz in den USA) heruntergeladen werden. Mehr Details zu diesem Thema finden Sie im Pkt. 7 unten.<\/li>\n<\/ol>\n<h3><span style=\"color: #ff0000;\">\u00a74. Sicherheit f\u00fcr ihre Ger\u00e4te<\/span><\/h3>\n<p>Die von uns verwendeten Cookies sind sicher f\u00fcr Ihre Ger\u00e4te. Insbesondere ist es nicht m\u00f6glich, dass durch Cookies Viren, ungew\u00fcnschte Software oder Schadsoftware auf Ihre Ger\u00e4te gelangen.<\/p>\n<h3><span style=\"color: #ff0000;\">\u00a75. Einstellungen\/L\u00f6schung der Cookies<\/span><\/h3>\n<p>Sie k\u00f6nnen Ihren Browser so einstellen, dass Sie informiert werden, wenn ein Cookie geschickt wird oder dass Cookies abgelehnt werden.<\/p>\n<p>Details zur Deaktivierung der Cookies finden Sie in Einstellungen der Software (Webbrowser). Sie k\u00f6nnen jederzeit \u00c4nderungen im Bereich der Cookies vornehmen. Sie k\u00f6nnen die Cookies jederzeit von Ihrem Ger\u00e4t l\u00f6schen.<\/p>\n<p>Unten finden Sie die Links mit Hinweisen, wie Cookies in den bekanntesten Webbrowsern deaktiviert werden k\u00f6nnen:<\/p>\n<ol type=\"a\">\n<li>Google Chrome &#8211; <a href=\"http:\/\/support.google.com\/chrome\/bin\/answer.py?hl=pl&amp;&amp;answer=95647\">Deaktivierung von Cookies in Chrome<\/a><\/li>\n<li>Mozilla Firefox &#8211; <a href=\"http:\/\/support.mozilla.org\/pl\/kb\/W%C5%82%C4%85czanie i wy%C5%82%C4%85czanie obs%C5%82ugi ciasteczek\">Deaktivierung von Cookies in Firefox<\/a><\/li>\n<li>Internet Explorer &#8211; <a href=\"http:\/\/windows.microsoft.com\/pl-pl\/windows7\/block-enable-or-allow-cookies\">Deaktivierung von Cookies in IE<\/a><\/li>\n<li>Opera &#8211; <a href=\"http:\/\/help.opera.com\/Windows\/12.10\/pl\/cookies.html\">Deaktivierung von Cookies in Opera.<\/a><\/li>\n<\/ol>\n<p>Die Einschr\u00e4nkung der Verwendung der Cookies kann jedoch einen Einfluss auf einige Funktionen auf unserer Website haben.<\/p>\n<h3><span style=\"color: #ff0000;\">\u00a76. Google Analytics<\/span><\/h3>\n<p>Google Analytics ist ein Tool von Google Inc (1600 Amphitheatre Parkway, Mountain View, CA 94043 USA, nachfolgend \u201eGoogle\u201c genannt), das der Datenverkehrsanalyse von Websites dient. Es verwendet Cookies.<\/p>\n<p>Die von Cookie erhobenen Informationen (wie Dauer, Standort und H\u00e4ufigkeit der Besuche, darunter IP-Adresse), werden grunds\u00e4tzlich an Google in Vereinigten Staaten \u00fcbermittelt und dort gespeichert. Google nutzt diese Informationen, um die Methode der Nutzung unserer Website zu bewerten, Berichte zu erstellen (insbesondere \u00fcber die Aktivit\u00e4t auf unserer Website), sowie andere diesbez\u00fcgliche Dienstleistungen zu erbringen. Google kann diese Informationen an andere Subjekte \u00fcbermitteln, sofern dies gesetzlich vorgeschrieben ist und sofern die Subjekte diese Daten im Namen von Google verarbeiten.<\/p>\n<p>Google Analytics erm\u00f6glicht uns, die Nutzung unserer Website zu analysieren und sie regelm\u00e4\u00dfig zu verbessern. Dank den eingeholten statistischen Daten k\u00f6nnen wir unser Angebot verbessern und sie noch interessanter f\u00fcr die Benutzer gestalten.<\/p>\n<p>Auf unserer Website verwenden wir Google Analytics mit der Funktion der IP-Anonymisierung. Das bedeutet, dass Ihre IP-Adresse verk\u00fcrzt und somit von Google innerhalb der EU-Mitgliedsstaaten und anderen Staaten des EWR anonymisiert wird.<\/p>\n<p>Gem\u00e4\u00df Erkl\u00e4rungen von Google wird die IP-Adresse, die von Ihrem Webbrowser in Rahmen der Dienstleistung Google Analytics \u00fcbermittelt wird, mit anderen Daten von Google nicht zusammengestellt.<\/p>\n<p>Wenn Sie damit nicht einverstanden sind, dass Cookies auf Ihrem Ger\u00e4t gespeichert werden, sollen Sie Ihren Webbrowser entsprechend einstellen (Anleitung dazu finden Sie in Abschnitt 5 oben). Wir weisen Sie jedoch darauf hin, dass die Deaktivierung von Cookies Einfluss auf einige Funktionen auf unserer Website haben kann.<\/p>\n<p>Es ist zudem m\u00f6glich, die Dienstleistung Google Analytics zu deaktivieren (Google bietet in diesem Bereich ein Extra zur Sperrung der Dienstleistung Google Analytics in den bekanntesten Webbrowser an). Informationen dazu finden Sie unter folgendem Link:<\/p>\n<p style=\"text-align: center;\"><a href=\"https:\/\/tools.google.com\/dlpage\/gaoptout?hl=pl\">https:\/\/tools.google.com\/dlpage\/gaoptout?hl=pl<\/a><\/p>\n<p>Wenn Sie diese Option aktivieren, werden Informationen \u00fcber Ihre Besuche auf unserer Website nicht an Google Analytics geschickt. Dadurch wird aber die \u00dcbermittlung dieser Informationen an uns (bzw. an andere von uns benutzte analytische Tools) nicht gesperrt.<\/p>\n<h3><span style=\"color: #ff0000;\">\u00a77. YouTube<\/span><\/h3>\n<p>Wir pr\u00e4sentieren auf unserer Website Multimedia-Inhalte, die vom externen Onlinedienst www.youtube.com heruntergeladen werden. Das f\u00fchrt dazu, dass beim Besuch unserer Website eine Verbindung zum YouTube-Server hergestellt wird.<\/p>\n<p>Dieser Onlinedienst geh\u00f6rt zur Firma YouTube, LLC 901 Cherry Ave, 94066 San Bruno, Kalifornien, USA, einer Tochtergesellschaft von Google Inc.<\/p>\n<p>Aus Informationen, die von YouTube angegeben wurden, folgt, dass auf den YouTube-Server u. a. Daten \u00fcber Websites \u00fcbertragen werden, die Sie beim Ansehen des Films auf YouTube besucht haben. Wenn Sie gleichzeitig bei YouTube eingeloggt sind, werden diese Daten Ihrem Konto in diesem Onlinedienst zugeordnet. Um dies zu vermeiden, loggen Sie sich vor dem Besuch unserer Website bei YouTube aus.<\/p>\n<p>Weitere Informationen zu diesem Thema finden Sie unter folgendem Link: <a href=\"https:\/\/policies.google.com\/privacy\/update?hl=pl\">https:\/\/policies.google.com\/privacy\/update?hl=pl.<\/a><\/p>\n<\/div>\n","protected":false},"excerpt":{"rendered":"<p>In Rahmen unserer (Marmite sp. z o.o.) T\u00e4tigkeiten verwenden wir die Cookie-Dateien. Mit diesen Dateien beobachten und analysierten wir den Verkehr auf unserer Website. In Rahmen dieser T\u00e4tigkeiten verarbeiten wir jedoch keine personenbezogenen Daten im Sinne der DSGVO. Detaillierte Informationen \u00fcber die Speicherung und den Zugang zu Informationen auf Ihren Ger\u00e4ten mittels Cookies finden Sie [&hellip;]<\/p>\n","protected":false},"author":1,"featured_media":0,"parent":0,"menu_order":302,"comment_status":"closed","ping_status":"closed","template":"page-templates\/top_parent_menu.php","meta":{"footnotes":""},"acf":[],"yoast_head":"<!-- This site is optimized with the Yoast SEO plugin v20.13 - https:\/\/yoast.com\/wordpress\/plugins\/seo\/ -->\n<title>Cookie-Richtlinien &bull; Marmite<\/title>\n<meta name=\"robots\" content=\"noindex, follow, max-snippet:-1, max-image-preview:large, max-video-preview:-1\" \/>\n<meta property=\"og:locale\" content=\"de_DE\" \/>\n<meta property=\"og:type\" content=\"article\" \/>\n<meta property=\"og:title\" content=\"Cookie-Richtlinien &bull; Marmite\" \/>\n<meta property=\"og:url\" content=\"https:\/\/marmite-stg.mda.pl\/de\/cookie-richtlinien\/\" \/>\n<meta property=\"og:site_name\" content=\"Marmite\" \/>\n<meta property=\"article:publisher\" content=\"https:\/\/www.facebook.com\/marmiteSA\" \/>\n<meta property=\"article:modified_time\" content=\"2020-03-23T13:54:00+00:00\" \/>\n<meta name=\"twitter:label1\" content=\"Gesch\u00e4tzte Lesezeit\" \/>\n\t<meta name=\"twitter:data1\" content=\"6 Minuten\" \/>\n<script type=\"application\/ld+json\" class=\"yoast-schema-graph\">{\"@context\":\"https:\/\/schema.org\",\"@graph\":[{\"@type\":\"WebPage\",\"@id\":\"https:\/\/marmite-stg.mda.pl\/de\/cookie-richtlinien\/\",\"url\":\"https:\/\/marmite-stg.mda.pl\/de\/cookie-richtlinien\/\",\"name\":\"Cookie-Richtlinien &bull; Marmite\",\"isPartOf\":{\"@id\":\"https:\/\/marmite-stg.mda.pl\/de\/#website\"},\"datePublished\":\"2018-06-28T12:24:15+00:00\",\"dateModified\":\"2020-03-23T13:54:00+00:00\",\"breadcrumb\":{\"@id\":\"https:\/\/marmite-stg.mda.pl\/de\/cookie-richtlinien\/#breadcrumb\"},\"inLanguage\":\"de-DE\",\"potentialAction\":[{\"@type\":\"ReadAction\",\"target\":[\"https:\/\/marmite-stg.mda.pl\/de\/cookie-richtlinien\/\"]}]},{\"@type\":\"BreadcrumbList\",\"@id\":\"https:\/\/marmite-stg.mda.pl\/de\/cookie-richtlinien\/#breadcrumb\",\"itemListElement\":[{\"@type\":\"ListItem\",\"position\":1,\"name\":\"Home\",\"item\":\"https:\/\/marmite-stg.mda.pl\/de\/\"},{\"@type\":\"ListItem\",\"position\":2,\"name\":\"Cookie-Richtlinien\"}]},{\"@type\":\"WebSite\",\"@id\":\"https:\/\/marmite-stg.mda.pl\/de\/#website\",\"url\":\"https:\/\/marmite-stg.mda.pl\/de\/\",\"name\":\"Marmite\",\"description\":\"Marmite\",\"potentialAction\":[{\"@type\":\"SearchAction\",\"target\":{\"@type\":\"EntryPoint\",\"urlTemplate\":\"https:\/\/marmite-stg.mda.pl\/de\/?s={search_term_string}\"},\"query-input\":\"required name=search_term_string\"}],\"inLanguage\":\"de-DE\"}]}<\/script>\n<!-- \/ Yoast SEO plugin. -->","yoast_head_json":{"title":"Cookie-Richtlinien &bull; Marmite","robots":{"index":"noindex","follow":"follow","max-snippet":"max-snippet:-1","max-image-preview":"max-image-preview:large","max-video-preview":"max-video-preview:-1"},"og_locale":"de_DE","og_type":"article","og_title":"Cookie-Richtlinien &bull; Marmite","og_url":"https:\/\/marmite-stg.mda.pl\/de\/cookie-richtlinien\/","og_site_name":"Marmite","article_publisher":"https:\/\/www.facebook.com\/marmiteSA","article_modified_time":"2020-03-23T13:54:00+00:00","twitter_misc":{"Gesch\u00e4tzte Lesezeit":"6 Minuten"},"schema":{"@context":"https:\/\/schema.org","@graph":[{"@type":"WebPage","@id":"https:\/\/marmite-stg.mda.pl\/de\/cookie-richtlinien\/","url":"https:\/\/marmite-stg.mda.pl\/de\/cookie-richtlinien\/","name":"Cookie-Richtlinien &bull; Marmite","isPartOf":{"@id":"https:\/\/marmite-stg.mda.pl\/de\/#website"},"datePublished":"2018-06-28T12:24:15+00:00","dateModified":"2020-03-23T13:54:00+00:00","breadcrumb":{"@id":"https:\/\/marmite-stg.mda.pl\/de\/cookie-richtlinien\/#breadcrumb"},"inLanguage":"de-DE","potentialAction":[{"@type":"ReadAction","target":["https:\/\/marmite-stg.mda.pl\/de\/cookie-richtlinien\/"]}]},{"@type":"BreadcrumbList","@id":"https:\/\/marmite-stg.mda.pl\/de\/cookie-richtlinien\/#breadcrumb","itemListElement":[{"@type":"ListItem","position":1,"name":"Home","item":"https:\/\/marmite-stg.mda.pl\/de\/"},{"@type":"ListItem","position":2,"name":"Cookie-Richtlinien"}]},{"@type":"WebSite","@id":"https:\/\/marmite-stg.mda.pl\/de\/#website","url":"https:\/\/marmite-stg.mda.pl\/de\/","name":"Marmite","description":"Marmite","potentialAction":[{"@type":"SearchAction","target":{"@type":"EntryPoint","urlTemplate":"https:\/\/marmite-stg.mda.pl\/de\/?s={search_term_string}"},"query-input":"required name=search_term_string"}],"inLanguage":"de-DE"}]}},"_links":{"self":[{"href":"https:\/\/marmite-stg.mda.pl\/de\/wp-json\/wp\/v2\/pages\/4043"}],"collection":[{"href":"https:\/\/marmite-stg.mda.pl\/de\/wp-json\/wp\/v2\/pages"}],"about":[{"href":"https:\/\/marmite-stg.mda.pl\/de\/wp-json\/wp\/v2\/types\/page"}],"author":[{"embeddable":true,"href":"https:\/\/marmite-stg.mda.pl\/de\/wp-json\/wp\/v2\/users\/1"}],"replies":[{"embeddable":true,"href":"https:\/\/marmite-stg.mda.pl\/de\/wp-json\/wp\/v2\/comments?post=4043"}],"version-history":[{"count":11,"href":"https:\/\/marmite-stg.mda.pl\/de\/wp-json\/wp\/v2\/pages\/4043\/revisions"}],"predecessor-version":[{"id":9884,"href":"https:\/\/marmite-stg.mda.pl\/de\/wp-json\/wp\/v2\/pages\/4043\/revisions\/9884"}],"wp:attachment":[{"href":"https:\/\/marmite-stg.mda.pl\/de\/wp-json\/wp\/v2\/media?parent=4043"}],"curies":[{"name":"wp","href":"https:\/\/api.w.org\/{rel}","templated":true}]}}