{"id":4187,"date":"2018-07-03T08:14:50","date_gmt":"2018-07-03T08:14:50","guid":{"rendered":"https:\/\/site.marmite.mda.pl\/?page_id=4187"},"modified":"2018-07-03T08:14:50","modified_gmt":"2018-07-03T08:14:50","slug":"widerruf-der-einwilligung","status":"publish","type":"page","link":"https:\/\/marmite-stg.mda.pl\/de\/widerruf-der-einwilligung\/","title":{"rendered":"Widerruf der Einwilligung"},"content":{"rendered":"\n<div class=\"wpcf7 no-js\" id=\"wpcf7-f4186-o1\" lang=\"en-US\" dir=\"ltr\">\n<div class=\"screen-reader-response\"><p role=\"status\" aria-live=\"polite\" aria-atomic=\"true\"><\/p> <ul><\/ul><\/div>\n<form action=\"\/de\/wp-json\/wp\/v2\/pages\/4187#wpcf7-f4186-o1\" method=\"post\" class=\"wpcf7-form init\" aria-label=\"Contact form\" novalidate=\"novalidate\" data-status=\"init\">\n<div style=\"display: none;\">\n<input type=\"hidden\" name=\"_wpcf7\" value=\"4186\" \/>\n<input type=\"hidden\" name=\"_wpcf7_version\" value=\"5.8\" \/>\n<input type=\"hidden\" name=\"_wpcf7_locale\" value=\"en_US\" \/>\n<input type=\"hidden\" name=\"_wpcf7_unit_tag\" value=\"wpcf7-f4186-o1\" \/>\n<input type=\"hidden\" name=\"_wpcf7_container_post\" value=\"0\" \/>\n<input type=\"hidden\" name=\"_wpcf7_posted_data_hash\" value=\"\" \/>\n<\/div>\n<div class=\"marmite-contact-form\">\n\t<div class=\"grid\">\n\t\t<div class=\"w w-12\">\n\t\t\t<p style=\"font-size: 16px; font-weight: bold;padding-bottom: 6px;\">Informationsklausel \u00fcber das Recht auf Widerruf der Einwilligung\n\t\t\t<\/p>\n\t\t\t<p>Sie sind berechtigt, Ihre Einwilligung in die Verarbeitung Ihrer personenbezogenen Daten jederzeit zu widerrufen. Der Widerruf der Einwilligung hat keinen Einfluss auf die Rechtsm\u00e4\u00dfigkeit der Verarbeitung, die vor dem Widerruf der Einwilligung erfolgt ist. Wenn Sie Ihre Einwilligung widerrufen m\u00f6chten, f\u00fcllen Sie bitte dieses Formular aus:\n\t\t\t<\/p>\n\t\t<\/div>\n\t<\/div>\n\t<div style=\"padding: 30px 42px; border: 1px solid #dadada;\">\n\t\t<div class=\"grid\">\n\t\t\t<div class=\"w w-6\">\n\t\t\t\t<p><label for=\"email\" style=\"color:#787878;font-size: 14px;\">Geben Sie ihre E-Mailadresse ein:<\/label><span class=\"wpcf7-form-control-wrap\" data-name=\"email\"><input size=\"40\" class=\"wpcf7-form-control wpcf7-text wpcf7-validates-as-required\" aria-required=\"true\" aria-invalid=\"false\" value=\"\" type=\"text\" name=\"email\" \/><\/span>\n\t\t\t\t<\/p>\n\t\t\t<\/div>\n\t\t<\/div>\n\t\t<div class=\"grid\">\n\t\t\t<div class=\"w w-12 consent-2\">\n\t\t\t\t<p style=\"padding-bottom:0\">Hiermit erkl\u00e4re ich, dass ich meine Einwilligung in die Verarbeitung meiner personenbezogenen Daten durch Marmite sp. z o.o. mit Sitz in Zakrzewo (ul. Przemys\u0142owa 4, 62-070 Dopiewo, Nummer im Landesgerichtsregister KRS 0000581685, nachfolgend \u201eMarmite\u201c genannt), im folgenden Bereich widerrufe:\n\t\t\t\t<\/p>\n\t\t\t<\/div>\n\t\t<\/div>\n\t\t<div class=\"grid\">\n\t\t\t<div class=\"w w-12 consent-2\">\n\t\t\t\t<p>Einwilligung in die \u00dcbermittlung von Marketingmaterialien und Marketinginformationen (Handelsinformationen, Newsletters, Einladungen zu Messen, W\u00fcnsche zu Feiertagen)\n\t\t\t\t<\/p>\n\t\t\t\t<p><span class=\"wpcf7-form-control-wrap\" data-name=\"dane-osobowe\"><span class=\"wpcf7-form-control wpcf7-checkbox wpcf7-validates-as-required wpcf7-exclusive-checkbox\"><span class=\"wpcf7-list-item first\"><input type=\"checkbox\" name=\"dane-osobowe\" value=\"JA\" \/><span class=\"wpcf7-list-item-label\">JA<\/span><\/span><span class=\"wpcf7-list-item last\"><input type=\"checkbox\" name=\"dane-osobowe\" value=\"NEIN\" \/><span class=\"wpcf7-list-item-label\">NEIN<\/span><\/span><\/span><\/span>\n\t\t\t\t<\/p>\n\t\t\t<\/div>\n\t\t<\/div>\n\t\t<div class=\"grid\">\n\t\t\t<div class=\"w w-12 consent-2\">\n\t\t\t\t<p>Einwilligung in den Erhalt von Handelsinformationen per E-Mailvon Marmite\n\t\t\t\t<\/p>\n\t\t\t\t<p><span class=\"wpcf7-form-control-wrap\" data-name=\"droga-elektroniczna\"><span class=\"wpcf7-form-control wpcf7-checkbox wpcf7-validates-as-required wpcf7-exclusive-checkbox\"><span class=\"wpcf7-list-item first\"><input type=\"checkbox\" name=\"droga-elektroniczna\" value=\"JA\" \/><span class=\"wpcf7-list-item-label\">JA<\/span><\/span><span class=\"wpcf7-list-item last\"><input type=\"checkbox\" name=\"droga-elektroniczna\" value=\"NEIN\" \/><span class=\"wpcf7-list-item-label\">NEIN<\/span><\/span><\/span><\/span>\n\t\t\t\t<\/p>\n\t\t\t<\/div>\n\t\t<\/div>\n\t\t<div class=\"grid\">\n\t\t\t<div class=\"w w-12 consent-2\">\n\t\t\t\t<p>Einwilligung in die Nutzung von Telekommunikationsendger\u00e4ten (Computer, Telefon) zwecks Betreibung von Direktmarketing durch Marmite\n\t\t\t\t<\/p>\n\t\t\t\t<p><span class=\"wpcf7-form-control-wrap\" data-name=\"urzadzenia-koncowe\"><span class=\"wpcf7-form-control wpcf7-checkbox wpcf7-validates-as-required wpcf7-exclusive-checkbox\"><span class=\"wpcf7-list-item first\"><input type=\"checkbox\" name=\"urzadzenia-koncowe\" value=\"JA\" \/><span class=\"wpcf7-list-item-label\">JA<\/span><\/span><span class=\"wpcf7-list-item last\"><input type=\"checkbox\" name=\"urzadzenia-koncowe\" value=\"NEIN\" \/><span class=\"wpcf7-list-item-label\">NEIN<\/span><\/span><\/span><\/span>\n\t\t\t\t<\/p>\n\t\t\t<\/div>\n\t\t<\/div>\n\t\t<div class=\"grid\">\n\t\t\t<div class=\"w w-12\" style=\"text-align: left;\">\n\t\t\t\t<p><input class=\"wpcf7-form-control wpcf7-submit has-spinner\" type=\"submit\" value=\"Sende das Formular\" \/>\n\t\t\t\t<\/p>\n\t\t\t<\/div>\n\t\t<\/div>\n\t<\/div>\n<\/div><div class=\"wpcf7-response-output\" aria-hidden=\"true\"><\/div>\n<\/form>\n<\/div>\n\n","protected":false},"excerpt":{"rendered":"","protected":false},"author":1,"featured_media":0,"parent":0,"menu_order":18,"comment_status":"closed","ping_status":"closed","template":"","meta":{"footnotes":""},"acf":[],"yoast_head":"<!-- This site is optimized with the Yoast SEO plugin v20.13 - https:\/\/yoast.com\/wordpress\/plugins\/seo\/ -->\n<title>Widerruf der Einwilligung &bull; Marmite<\/title>\n<meta name=\"robots\" content=\"noindex, follow, max-snippet:-1, max-image-preview:large, max-video-preview:-1\" \/>\n<meta property=\"og:locale\" content=\"de_DE\" \/>\n<meta property=\"og:type\" content=\"article\" \/>\n<meta property=\"og:title\" content=\"Widerruf der Einwilligung &bull; Marmite\" \/>\n<meta property=\"og:url\" content=\"https:\/\/marmite-stg.mda.pl\/de\/widerruf-der-einwilligung\/\" \/>\n<meta property=\"og:site_name\" content=\"Marmite\" \/>\n<meta property=\"article:publisher\" content=\"https:\/\/www.facebook.com\/marmiteSA\" \/>\n<script type=\"application\/ld+json\" class=\"yoast-schema-graph\">{\"@context\":\"https:\/\/schema.org\",\"@graph\":[{\"@type\":\"WebPage\",\"@id\":\"https:\/\/marmite-stg.mda.pl\/de\/widerruf-der-einwilligung\/\",\"url\":\"https:\/\/marmite-stg.mda.pl\/de\/widerruf-der-einwilligung\/\",\"name\":\"Widerruf der Einwilligung &bull; Marmite\",\"isPartOf\":{\"@id\":\"https:\/\/marmite-stg.mda.pl\/de\/#website\"},\"datePublished\":\"2018-07-03T08:14:50+00:00\",\"dateModified\":\"2018-07-03T08:14:50+00:00\",\"breadcrumb\":{\"@id\":\"https:\/\/marmite-stg.mda.pl\/de\/widerruf-der-einwilligung\/#breadcrumb\"},\"inLanguage\":\"de-DE\",\"potentialAction\":[{\"@type\":\"ReadAction\",\"target\":[\"https:\/\/marmite-stg.mda.pl\/de\/widerruf-der-einwilligung\/\"]}]},{\"@type\":\"BreadcrumbList\",\"@id\":\"https:\/\/marmite-stg.mda.pl\/de\/widerruf-der-einwilligung\/#breadcrumb\",\"itemListElement\":[{\"@type\":\"ListItem\",\"position\":1,\"name\":\"Home\",\"item\":\"https:\/\/marmite-stg.mda.pl\/de\/\"},{\"@type\":\"ListItem\",\"position\":2,\"name\":\"Widerruf der Einwilligung\"}]},{\"@type\":\"WebSite\",\"@id\":\"https:\/\/marmite-stg.mda.pl\/de\/#website\",\"url\":\"https:\/\/marmite-stg.mda.pl\/de\/\",\"name\":\"Marmite\",\"description\":\"Marmite\",\"potentialAction\":[{\"@type\":\"SearchAction\",\"target\":{\"@type\":\"EntryPoint\",\"urlTemplate\":\"https:\/\/marmite-stg.mda.pl\/de\/?s={search_term_string}\"},\"query-input\":\"required name=search_term_string\"}],\"inLanguage\":\"de-DE\"}]}<\/script>\n<!-- \/ Yoast SEO plugin. -->","yoast_head_json":{"title":"Widerruf der Einwilligung &bull; Marmite","robots":{"index":"noindex","follow":"follow","max-snippet":"max-snippet:-1","max-image-preview":"max-image-preview:large","max-video-preview":"max-video-preview:-1"},"og_locale":"de_DE","og_type":"article","og_title":"Widerruf der Einwilligung &bull; Marmite","og_url":"https:\/\/marmite-stg.mda.pl\/de\/widerruf-der-einwilligung\/","og_site_name":"Marmite","article_publisher":"https:\/\/www.facebook.com\/marmiteSA","schema":{"@context":"https:\/\/schema.org","@graph":[{"@type":"WebPage","@id":"https:\/\/marmite-stg.mda.pl\/de\/widerruf-der-einwilligung\/","url":"https:\/\/marmite-stg.mda.pl\/de\/widerruf-der-einwilligung\/","name":"Widerruf der Einwilligung &bull; Marmite","isPartOf":{"@id":"https:\/\/marmite-stg.mda.pl\/de\/#website"},"datePublished":"2018-07-03T08:14:50+00:00","dateModified":"2018-07-03T08:14:50+00:00","breadcrumb":{"@id":"https:\/\/marmite-stg.mda.pl\/de\/widerruf-der-einwilligung\/#breadcrumb"},"inLanguage":"de-DE","potentialAction":[{"@type":"ReadAction","target":["https:\/\/marmite-stg.mda.pl\/de\/widerruf-der-einwilligung\/"]}]},{"@type":"BreadcrumbList","@id":"https:\/\/marmite-stg.mda.pl\/de\/widerruf-der-einwilligung\/#breadcrumb","itemListElement":[{"@type":"ListItem","position":1,"name":"Home","item":"https:\/\/marmite-stg.mda.pl\/de\/"},{"@type":"ListItem","position":2,"name":"Widerruf der Einwilligung"}]},{"@type":"WebSite","@id":"https:\/\/marmite-stg.mda.pl\/de\/#website","url":"https:\/\/marmite-stg.mda.pl\/de\/","name":"Marmite","description":"Marmite","potentialAction":[{"@type":"SearchAction","target":{"@type":"EntryPoint","urlTemplate":"https:\/\/marmite-stg.mda.pl\/de\/?s={search_term_string}"},"query-input":"required name=search_term_string"}],"inLanguage":"de-DE"}]}},"_links":{"self":[{"href":"https:\/\/marmite-stg.mda.pl\/de\/wp-json\/wp\/v2\/pages\/4187"}],"collection":[{"href":"https:\/\/marmite-stg.mda.pl\/de\/wp-json\/wp\/v2\/pages"}],"about":[{"href":"https:\/\/marmite-stg.mda.pl\/de\/wp-json\/wp\/v2\/types\/page"}],"author":[{"embeddable":true,"href":"https:\/\/marmite-stg.mda.pl\/de\/wp-json\/wp\/v2\/users\/1"}],"replies":[{"embeddable":true,"href":"https:\/\/marmite-stg.mda.pl\/de\/wp-json\/wp\/v2\/comments?post=4187"}],"version-history":[{"count":1,"href":"https:\/\/marmite-stg.mda.pl\/de\/wp-json\/wp\/v2\/pages\/4187\/revisions"}],"predecessor-version":[{"id":4188,"href":"https:\/\/marmite-stg.mda.pl\/de\/wp-json\/wp\/v2\/pages\/4187\/revisions\/4188"}],"wp:attachment":[{"href":"https:\/\/marmite-stg.mda.pl\/de\/wp-json\/wp\/v2\/media?parent=4187"}],"curies":[{"name":"wp","href":"https:\/\/api.w.org\/{rel}","templated":true}]}}