{"id":8995,"date":"2020-03-05T10:57:57","date_gmt":"2020-03-05T10:57:57","guid":{"rendered":"https:\/\/site.marmite.mda.pl\/?page_id=8995"},"modified":"2022-04-04T15:22:58","modified_gmt":"2022-04-04T15:22:58","slug":"oem-4","status":"publish","type":"page","link":"https:\/\/marmite-stg.mda.pl\/de\/oem-4\/","title":{"rendered":"Original design manufactuter"},"content":{"rendered":"<p>Gleichzeitig unterst\u00fctzen wir unsere Partner bei strategischen Aktivit\u00e4ten: Analyse und Erg\u00e4nzung des Produktportfolios, Bewertung der Rentabilit\u00e4t von Gesch\u00e4ftsvorhaben, Verbesserung der Verfahren zur Verbesserung und Kontrolle der Qualit\u00e4t.<\/p>\n<p>Dank unserer umfassenden Pflege, des Erfahrungsaustauschs und der Produktion von h\u00f6chster Qualit\u00e4t mit Mineral Composite bieten wir unseren Partnern eine attraktive Alternative auf dem Markt, der zuvor von Keramik- und Acrylprodukten dominiert wurde.<\/p>\n","protected":false},"excerpt":{"rendered":"<p>Gleichzeitig unterst\u00fctzen wir unsere Partner bei strategischen Aktivit\u00e4ten: Analyse und Erg\u00e4nzung des Produktportfolios, Bewertung der Rentabilit\u00e4t von Gesch\u00e4ftsvorhaben, Verbesserung der Verfahren zur Verbesserung und Kontrolle der Qualit\u00e4t. Dank unserer umfassenden Pflege, des Erfahrungsaustauschs und der Produktion von h\u00f6chster Qualit\u00e4t mit Mineral Composite bieten wir unseren Partnern eine attraktive Alternative auf dem Markt, der zuvor von [&hellip;]<\/p>\n","protected":false},"author":1,"featured_media":0,"parent":0,"menu_order":15,"comment_status":"closed","ping_status":"closed","template":"page-templates\/layout_private_label.php","meta":{"footnotes":""},"acf":[],"yoast_head":"<!-- This site is optimized with the Yoast SEO plugin v20.13 - https:\/\/yoast.com\/wordpress\/plugins\/seo\/ -->\n<title>Original design manufactuter &bull; Marmite<\/title>\n<meta name=\"robots\" content=\"noindex, follow, max-snippet:-1, max-image-preview:large, max-video-preview:-1\" \/>\n<meta property=\"og:locale\" content=\"de_DE\" \/>\n<meta property=\"og:type\" content=\"article\" \/>\n<meta property=\"og:title\" content=\"Original design manufactuter &bull; Marmite\" \/>\n<meta property=\"og:url\" content=\"https:\/\/marmite-stg.mda.pl\/de\/oem-4\/\" \/>\n<meta property=\"og:site_name\" content=\"Marmite\" \/>\n<meta property=\"article:publisher\" content=\"https:\/\/www.facebook.com\/marmiteSA\" \/>\n<meta property=\"article:modified_time\" content=\"2022-04-04T15:22:58+00:00\" \/>\n<script type=\"application\/ld+json\" class=\"yoast-schema-graph\">{\"@context\":\"https:\/\/schema.org\",\"@graph\":[{\"@type\":\"WebPage\",\"@id\":\"https:\/\/marmite-stg.mda.pl\/de\/oem-4\/\",\"url\":\"https:\/\/marmite-stg.mda.pl\/de\/oem-4\/\",\"name\":\"Original design manufactuter &bull; Marmite\",\"isPartOf\":{\"@id\":\"https:\/\/marmite-stg.mda.pl\/de\/#website\"},\"datePublished\":\"2020-03-05T10:57:57+00:00\",\"dateModified\":\"2022-04-04T15:22:58+00:00\",\"breadcrumb\":{\"@id\":\"https:\/\/marmite-stg.mda.pl\/de\/oem-4\/#breadcrumb\"},\"inLanguage\":\"de-DE\",\"potentialAction\":[{\"@type\":\"ReadAction\",\"target\":[\"https:\/\/marmite-stg.mda.pl\/de\/oem-4\/\"]}]},{\"@type\":\"BreadcrumbList\",\"@id\":\"https:\/\/marmite-stg.mda.pl\/de\/oem-4\/#breadcrumb\",\"itemListElement\":[{\"@type\":\"ListItem\",\"position\":1,\"name\":\"Home\",\"item\":\"https:\/\/marmite-stg.mda.pl\/de\/\"},{\"@type\":\"ListItem\",\"position\":2,\"name\":\"Original design manufactuter\"}]},{\"@type\":\"WebSite\",\"@id\":\"https:\/\/marmite-stg.mda.pl\/de\/#website\",\"url\":\"https:\/\/marmite-stg.mda.pl\/de\/\",\"name\":\"Marmite\",\"description\":\"Marmite\",\"potentialAction\":[{\"@type\":\"SearchAction\",\"target\":{\"@type\":\"EntryPoint\",\"urlTemplate\":\"https:\/\/marmite-stg.mda.pl\/de\/?s={search_term_string}\"},\"query-input\":\"required name=search_term_string\"}],\"inLanguage\":\"de-DE\"}]}<\/script>\n<!-- \/ Yoast SEO plugin. -->","yoast_head_json":{"title":"Original design manufactuter &bull; Marmite","robots":{"index":"noindex","follow":"follow","max-snippet":"max-snippet:-1","max-image-preview":"max-image-preview:large","max-video-preview":"max-video-preview:-1"},"og_locale":"de_DE","og_type":"article","og_title":"Original design manufactuter &bull; Marmite","og_url":"https:\/\/marmite-stg.mda.pl\/de\/oem-4\/","og_site_name":"Marmite","article_publisher":"https:\/\/www.facebook.com\/marmiteSA","article_modified_time":"2022-04-04T15:22:58+00:00","schema":{"@context":"https:\/\/schema.org","@graph":[{"@type":"WebPage","@id":"https:\/\/marmite-stg.mda.pl\/de\/oem-4\/","url":"https:\/\/marmite-stg.mda.pl\/de\/oem-4\/","name":"Original design manufactuter &bull; Marmite","isPartOf":{"@id":"https:\/\/marmite-stg.mda.pl\/de\/#website"},"datePublished":"2020-03-05T10:57:57+00:00","dateModified":"2022-04-04T15:22:58+00:00","breadcrumb":{"@id":"https:\/\/marmite-stg.mda.pl\/de\/oem-4\/#breadcrumb"},"inLanguage":"de-DE","potentialAction":[{"@type":"ReadAction","target":["https:\/\/marmite-stg.mda.pl\/de\/oem-4\/"]}]},{"@type":"BreadcrumbList","@id":"https:\/\/marmite-stg.mda.pl\/de\/oem-4\/#breadcrumb","itemListElement":[{"@type":"ListItem","position":1,"name":"Home","item":"https:\/\/marmite-stg.mda.pl\/de\/"},{"@type":"ListItem","position":2,"name":"Original design manufactuter"}]},{"@type":"WebSite","@id":"https:\/\/marmite-stg.mda.pl\/de\/#website","url":"https:\/\/marmite-stg.mda.pl\/de\/","name":"Marmite","description":"Marmite","potentialAction":[{"@type":"SearchAction","target":{"@type":"EntryPoint","urlTemplate":"https:\/\/marmite-stg.mda.pl\/de\/?s={search_term_string}"},"query-input":"required name=search_term_string"}],"inLanguage":"de-DE"}]}},"_links":{"self":[{"href":"https:\/\/marmite-stg.mda.pl\/de\/wp-json\/wp\/v2\/pages\/8995"}],"collection":[{"href":"https:\/\/marmite-stg.mda.pl\/de\/wp-json\/wp\/v2\/pages"}],"about":[{"href":"https:\/\/marmite-stg.mda.pl\/de\/wp-json\/wp\/v2\/types\/page"}],"author":[{"embeddable":true,"href":"https:\/\/marmite-stg.mda.pl\/de\/wp-json\/wp\/v2\/users\/1"}],"replies":[{"embeddable":true,"href":"https:\/\/marmite-stg.mda.pl\/de\/wp-json\/wp\/v2\/comments?post=8995"}],"version-history":[{"count":12,"href":"https:\/\/marmite-stg.mda.pl\/de\/wp-json\/wp\/v2\/pages\/8995\/revisions"}],"predecessor-version":[{"id":24287,"href":"https:\/\/marmite-stg.mda.pl\/de\/wp-json\/wp\/v2\/pages\/8995\/revisions\/24287"}],"wp:attachment":[{"href":"https:\/\/marmite-stg.mda.pl\/de\/wp-json\/wp\/v2\/media?parent=8995"}],"curies":[{"name":"wp","href":"https:\/\/api.w.org\/{rel}","templated":true}]}}