{"id":9050,"date":"2020-03-06T07:44:55","date_gmt":"2020-03-06T07:44:55","guid":{"rendered":"https:\/\/site.marmite.mda.pl\/?page_id=9050"},"modified":"2023-04-27T08:53:28","modified_gmt":"2023-04-27T08:53:28","slug":"auszeichnungen","status":"publish","type":"page","link":"https:\/\/marmite-stg.mda.pl\/de\/auszeichnungen\/","title":{"rendered":"Auszeichnungen"},"content":{"rendered":"<p>Jede Auszeichnung ist f\u00fcr mich eine gro\u00dfe Auszeichnung. Es gibt nichts Besseres, als wenn wir daf\u00fcr belohnt werden, dass wir das tun, wor\u00fcber wir leidenschaftlich sind.<\/p>\n","protected":false},"excerpt":{"rendered":"<p>Jede Auszeichnung ist f\u00fcr mich eine gro\u00dfe Auszeichnung. Es gibt nichts Besseres, als wenn wir daf\u00fcr belohnt werden, dass wir das tun, wor\u00fcber wir leidenschaftlich sind.<\/p>\n","protected":false},"author":1,"featured_media":14708,"parent":0,"menu_order":15,"comment_status":"closed","ping_status":"closed","template":"page-templates\/layout_awards.php","meta":{"footnotes":""},"acf":[],"yoast_head":"<!-- This site is optimized with the Yoast SEO plugin v20.13 - https:\/\/yoast.com\/wordpress\/plugins\/seo\/ -->\n<title>Auszeichnungen &bull; Marmite<\/title>\n<meta name=\"robots\" content=\"noindex, follow, max-snippet:-1, max-image-preview:large, max-video-preview:-1\" \/>\n<meta property=\"og:locale\" content=\"de_DE\" \/>\n<meta property=\"og:type\" content=\"article\" \/>\n<meta property=\"og:title\" content=\"Auszeichnungen &bull; Marmite\" \/>\n<meta property=\"og:url\" content=\"https:\/\/marmite-stg.mda.pl\/de\/auszeichnungen\/\" \/>\n<meta property=\"og:site_name\" content=\"Marmite\" \/>\n<meta property=\"article:publisher\" content=\"https:\/\/www.facebook.com\/marmiteSA\" \/>\n<meta property=\"article:modified_time\" content=\"2023-04-27T08:53:28+00:00\" \/>\n<meta property=\"og:image\" content=\"https:\/\/marmite-stg.mda.pl\/wp-content\/uploads\/2020\/01\/design-banner.jpg\" \/>\n\t<meta property=\"og:image:width\" content=\"1880\" \/>\n\t<meta property=\"og:image:height\" content=\"400\" \/>\n\t<meta property=\"og:image:type\" content=\"image\/jpeg\" \/>\n<meta name=\"twitter:label1\" content=\"Gesch\u00e4tzte Lesezeit\" \/>\n\t<meta name=\"twitter:data1\" content=\"1 Minute\" \/>\n<script type=\"application\/ld+json\" class=\"yoast-schema-graph\">{\"@context\":\"https:\/\/schema.org\",\"@graph\":[{\"@type\":\"WebPage\",\"@id\":\"https:\/\/marmite-stg.mda.pl\/de\/auszeichnungen\/\",\"url\":\"https:\/\/marmite-stg.mda.pl\/de\/auszeichnungen\/\",\"name\":\"Auszeichnungen &bull; Marmite\",\"isPartOf\":{\"@id\":\"https:\/\/marmite-stg.mda.pl\/de\/#website\"},\"datePublished\":\"2020-03-06T07:44:55+00:00\",\"dateModified\":\"2023-04-27T08:53:28+00:00\",\"breadcrumb\":{\"@id\":\"https:\/\/marmite-stg.mda.pl\/de\/auszeichnungen\/#breadcrumb\"},\"inLanguage\":\"de-DE\",\"potentialAction\":[{\"@type\":\"ReadAction\",\"target\":[\"https:\/\/marmite-stg.mda.pl\/de\/auszeichnungen\/\"]}]},{\"@type\":\"BreadcrumbList\",\"@id\":\"https:\/\/marmite-stg.mda.pl\/de\/auszeichnungen\/#breadcrumb\",\"itemListElement\":[{\"@type\":\"ListItem\",\"position\":1,\"name\":\"Home\",\"item\":\"https:\/\/marmite-stg.mda.pl\/de\/\"},{\"@type\":\"ListItem\",\"position\":2,\"name\":\"Auszeichnungen\"}]},{\"@type\":\"WebSite\",\"@id\":\"https:\/\/marmite-stg.mda.pl\/de\/#website\",\"url\":\"https:\/\/marmite-stg.mda.pl\/de\/\",\"name\":\"Marmite\",\"description\":\"Marmite\",\"potentialAction\":[{\"@type\":\"SearchAction\",\"target\":{\"@type\":\"EntryPoint\",\"urlTemplate\":\"https:\/\/marmite-stg.mda.pl\/de\/?s={search_term_string}\"},\"query-input\":\"required name=search_term_string\"}],\"inLanguage\":\"de-DE\"}]}<\/script>\n<!-- \/ Yoast SEO plugin. -->","yoast_head_json":{"title":"Auszeichnungen &bull; Marmite","robots":{"index":"noindex","follow":"follow","max-snippet":"max-snippet:-1","max-image-preview":"max-image-preview:large","max-video-preview":"max-video-preview:-1"},"og_locale":"de_DE","og_type":"article","og_title":"Auszeichnungen &bull; Marmite","og_url":"https:\/\/marmite-stg.mda.pl\/de\/auszeichnungen\/","og_site_name":"Marmite","article_publisher":"https:\/\/www.facebook.com\/marmiteSA","article_modified_time":"2023-04-27T08:53:28+00:00","og_image":[{"width":1880,"height":400,"url":"https:\/\/marmite-stg.mda.pl\/wp-content\/uploads\/2020\/01\/design-banner.jpg","type":"image\/jpeg"}],"twitter_misc":{"Gesch\u00e4tzte Lesezeit":"1 Minute"},"schema":{"@context":"https:\/\/schema.org","@graph":[{"@type":"WebPage","@id":"https:\/\/marmite-stg.mda.pl\/de\/auszeichnungen\/","url":"https:\/\/marmite-stg.mda.pl\/de\/auszeichnungen\/","name":"Auszeichnungen &bull; Marmite","isPartOf":{"@id":"https:\/\/marmite-stg.mda.pl\/de\/#website"},"datePublished":"2020-03-06T07:44:55+00:00","dateModified":"2023-04-27T08:53:28+00:00","breadcrumb":{"@id":"https:\/\/marmite-stg.mda.pl\/de\/auszeichnungen\/#breadcrumb"},"inLanguage":"de-DE","potentialAction":[{"@type":"ReadAction","target":["https:\/\/marmite-stg.mda.pl\/de\/auszeichnungen\/"]}]},{"@type":"BreadcrumbList","@id":"https:\/\/marmite-stg.mda.pl\/de\/auszeichnungen\/#breadcrumb","itemListElement":[{"@type":"ListItem","position":1,"name":"Home","item":"https:\/\/marmite-stg.mda.pl\/de\/"},{"@type":"ListItem","position":2,"name":"Auszeichnungen"}]},{"@type":"WebSite","@id":"https:\/\/marmite-stg.mda.pl\/de\/#website","url":"https:\/\/marmite-stg.mda.pl\/de\/","name":"Marmite","description":"Marmite","potentialAction":[{"@type":"SearchAction","target":{"@type":"EntryPoint","urlTemplate":"https:\/\/marmite-stg.mda.pl\/de\/?s={search_term_string}"},"query-input":"required name=search_term_string"}],"inLanguage":"de-DE"}]}},"_links":{"self":[{"href":"https:\/\/marmite-stg.mda.pl\/de\/wp-json\/wp\/v2\/pages\/9050"}],"collection":[{"href":"https:\/\/marmite-stg.mda.pl\/de\/wp-json\/wp\/v2\/pages"}],"about":[{"href":"https:\/\/marmite-stg.mda.pl\/de\/wp-json\/wp\/v2\/types\/page"}],"author":[{"embeddable":true,"href":"https:\/\/marmite-stg.mda.pl\/de\/wp-json\/wp\/v2\/users\/1"}],"replies":[{"embeddable":true,"href":"https:\/\/marmite-stg.mda.pl\/de\/wp-json\/wp\/v2\/comments?post=9050"}],"version-history":[{"count":16,"href":"https:\/\/marmite-stg.mda.pl\/de\/wp-json\/wp\/v2\/pages\/9050\/revisions"}],"predecessor-version":[{"id":27932,"href":"https:\/\/marmite-stg.mda.pl\/de\/wp-json\/wp\/v2\/pages\/9050\/revisions\/27932"}],"wp:featuredmedia":[{"embeddable":true,"href":"https:\/\/marmite-stg.mda.pl\/de\/wp-json\/wp\/v2\/media\/14708"}],"wp:attachment":[{"href":"https:\/\/marmite-stg.mda.pl\/de\/wp-json\/wp\/v2\/media?parent=9050"}],"curies":[{"name":"wp","href":"https:\/\/api.w.org\/{rel}","templated":true}]}}