{"id":9056,"date":"2020-03-06T07:57:20","date_gmt":"2020-03-06T07:57:20","guid":{"rendered":"https:\/\/site.marmite.mda.pl\/?page_id=9056"},"modified":"2020-06-29T09:11:22","modified_gmt":"2020-06-29T09:11:22","slug":"garantie","status":"publish","type":"page","link":"https:\/\/marmite-stg.mda.pl\/de\/laboratory\/garantie\/","title":{"rendered":"Garantie"},"content":{"rendered":"<h4><span style=\"color: #ff0000;\">\u00a7 1 Allgemeine Bestimmungen<\/span><\/h4>\n<ol>\n<li>MARMITE sp. z o.o. mit Sitz in Zakrzewie ul. Przemys\u0142owa 4, 62-070 Dopiewo, eingetragen im Unternehmensregister des Landesgerichtsregisters beim Amtsgericht Pozna\u0144-Nowe Miasto und Wilda in Pozna\u0144, VIII. Wirtschaftsabteilung des Landesgerichtsregisters unter der Nummer KRS 0000581685, die Waschbecken, Duschwannen und Badewannen aus mineralischem Verbundwerkstoff (im Folgenden als \u201eProdukte\u201c oder separat als \u201eProdukt\u201c bezeichnet) herstellt, ist der Garant.<\/li>\n<li>Die Garantie wird nur dem Marmite-Kunden gew\u00e4hrt, der als Unternehmer das Produkt direkt vom Garantiegeber (\u201eKunde\u201c) gekauft hat. Die vorherige schriftliche Zustimmung des Garantiegebers ist erforderlich, um die Rechte und Pflichten des Kunden auf Dritte zu \u00fcbertragen.<\/li>\n<li>Die gew\u00e4hrte Garantie best\u00e4tigt, dass das Produkt keine physischen M\u00e4ngel aufweist, die w\u00e4hrend des Herstellungsprozesses der Produkte entstehen oder auf die Verwendung ungeeigneter Materialien zur Herstellung der Produkte zur\u00fcckzuf\u00fchren sind, die das Produkt unbrauchbar machen w\u00fcrden. Insbesondere haftet der Garant nicht f\u00fcr Produktm\u00e4ngel, die auf Folgendes zur\u00fcckzuf\u00fchren sind: (i) Mechanische Sch\u00e4den am Produkt, die nach der \u00dcbergabe an den Kunden entstehen, und (ii) nat\u00fcrlicher Verschlei\u00df der Produkte, einschlie\u00dflich Kratzern auf der Oberfl\u00e4che, die w\u00e4hrend der Verwendung des Produkts entstanden sind.<\/li>\n<li>Der Haftungsumfang des Garantiegebers ist in \u00a7 1 Nummer 3 dieses Vertrages festgelegt. Im Rahmen dieser Garantie haftet der Garant nicht f\u00fcr Sch\u00e4den, die sich aus dem Defekt des Produkts ergeben (d. h. Sachsch\u00e4den beim Kunden, die durch das defekte Produkt verursacht wurden).<\/li>\n<li>Die Garantie gilt unter der Voraussetzung, dass:<br \/>\na) das Produkt gem\u00e4\u00df den Anweisungen des Garantiegebers im Handbuch und gem\u00e4\u00df den festgelegten Regeln der Baukunst sowie gem\u00e4\u00df den einschl\u00e4gigen harmonisierten Normen zusammengebaut wird,<br \/>\nb) das Produkt f\u00fcr den vorgesehenen Zweck verwendet wird,<br \/>\nc) das Produkt gem\u00e4\u00df den Anweisungen des Garantiegebers, die in den auf der Website verf\u00fcgbaren Anweisungen enthalten sind: https:\/\/site.marmite.mda.pl\/pl\/wspolpraca\/pliki-do-pobrania\/ verwendet wird.<\/li>\n<\/ol>\n<h4><span style=\"color: #ff0000;\">\u00a7 2 Garantiezeit und -umfang<\/span><\/h4>\n<ol>\n<li>Die Garantiezeit h\u00e4ngt von der Art der Gelcoatbeschichtung ab, die der Garant bei der Herstellung der Produkte verwendet, und betr\u00e4gt:<br \/>\na) 5 Jahre ab dem Datum, an dem das Produkt an den Kunden \u00fcbergeben wurde &#8211; f\u00fcr ein Produkt mit einer Standard-Gelbeschichtung und Top Solid- oder Top Granit-Beschichtungen;<br \/>\nb) 10 Jahre ab dem Datum, an dem das Produkt an den Kunden \u00fcbergeben wurde &#8211; f\u00fcr ein Produkt mit einer Evermite-Gelcoatbeschichtung.<\/li>\n<li>Die Garantie gilt auf dem Gebiet der Europ\u00e4ischen Gemeinschaft (EG).<\/li>\n<\/ol>\n<h4><span style=\"color: #ff0000;\">\u00a7 3 Beseitigung von Produktm\u00e4ngeln<\/span><\/h4>\n<ol>\n<li>Ein detailliertes Verfahren zur Pr\u00fcfung von Reklamationen finden Sie unter: https:\/\/site.marmite.mda.pl\/pl\/wspolpraca\/pliki-do-pobrania\/<\/li>\n<li>Innerhalb von 14 Werktagen nach dem Datum der korrekten Einreichung der Reklamation durch den Kunden sollte der Garantiegeber diese pr\u00fcfen und den Kunden \u00fcber ihre Annahme oder Ablehnung informieren.<\/li>\n<li>Wenn die Beschwerde angenommen wird, verpflichtet sich der Garant oder die von ihm angegebene Stelle, die M\u00e4ngel innerhalb von 14 Tagen ab dem Datum der Information des Kunden \u00fcber die Annahme der Beschwerde oder ab dem Datum des Ablaufs der Frist, die zur Information des Kunden \u00fcber die Pr\u00fcfung der Beschwerde vorgesehen ist, zu beseitigen. Wenn im Streitfall die Position des Kunden in einem Gutachten best\u00e4tigt wird, verpflichtet sich der Garant oder das von ihm angegebene Unternehmen, die M\u00e4ngel des beanspruchten Produkts innerhalb von 14 Tagen ab dem Tag zu beseitigen, an dem der Garant das Gutachten erhalten hat.<\/li>\n<li>Produktm\u00e4ngel k\u00f6nnen auf folgende Weise behoben werden:<br \/>\na) Bereitstellung eines neuen Produkts f\u00fcr den Kunden auf Kosten des Garantiegebers; oder<br \/>\nb) Reparatur des beanspruchten Produkts auf Kosten des Garantiegebers; oder<br \/>\nc) R\u00fcckerstattung der Kosten f\u00fcr den Kauf des Produkts an den Kunden auf Kosten des Garantiegebers.<br \/>\nDie Entscheidung, wie ein Produktfehler behoben werden soll, liegt in der alleinigen Verantwortung des Garantiegebers.<\/li>\n<li>Der Garant tr\u00e4gt keine Kosten f\u00fcr den Erhalt, die Lieferung und das Recycling des beanstandeten Produkts, es sei denn, das beanstandete Produkt wurde ihm auf seine Anfrage w\u00e4hrend des Beschwerdeverfahrens geliefert und die Beschwerde wurde von ihm angenommen.<\/li>\n<\/ol>\n<h4><span style=\"color: #ff0000;\">\u00a7 4 Schlussbestimmungen<\/span><\/h4>\n<ol>\n<li>In allen in diesem Dokument nicht geregelten Angelegenheiten gelten die einschl\u00e4gigen Bestimmungen des polnischen Zivilgesetzbuches.\\<\/li>\n<li>Alle Streitigkeiten zwischen dem Garanten und dem Kunden werden von einem polnischen ordentlichen Gericht beigelegt, das f\u00fcr den Sitz des Garanten zust\u00e4ndig ist.<\/li>\n<\/ol>\n","protected":false},"excerpt":{"rendered":"<p>\u00a7 1 Allgemeine Bestimmungen MARMITE sp. z o.o. mit Sitz in Zakrzewie ul. Przemys\u0142owa 4, 62-070 Dopiewo, eingetragen im Unternehmensregister des Landesgerichtsregisters beim Amtsgericht Pozna\u0144-Nowe Miasto und Wilda in Pozna\u0144, VIII. Wirtschaftsabteilung des Landesgerichtsregisters unter der Nummer KRS 0000581685, die Waschbecken, Duschwannen und Badewannen aus mineralischem Verbundwerkstoff (im Folgenden als \u201eProdukte\u201c oder separat als \u201eProdukt\u201c [&hellip;]<\/p>\n","protected":false},"author":1,"featured_media":7682,"parent":8997,"menu_order":14,"comment_status":"closed","ping_status":"closed","template":"page-templates\/page-menu-top.php","meta":{"footnotes":""},"acf":[],"yoast_head":"<!-- This site is optimized with the Yoast SEO plugin v20.13 - https:\/\/yoast.com\/wordpress\/plugins\/seo\/ -->\n<title>Garantie &bull; Marmite<\/title>\n<meta name=\"robots\" content=\"noindex, follow, max-snippet:-1, max-image-preview:large, max-video-preview:-1\" \/>\n<meta property=\"og:locale\" content=\"de_DE\" \/>\n<meta property=\"og:type\" content=\"article\" \/>\n<meta property=\"og:title\" content=\"Garantie &bull; Marmite\" \/>\n<meta property=\"og:url\" content=\"https:\/\/marmite-stg.mda.pl\/de\/laboratory\/garantie\/\" \/>\n<meta property=\"og:site_name\" content=\"Marmite\" \/>\n<meta property=\"article:publisher\" content=\"https:\/\/www.facebook.com\/marmiteSA\" \/>\n<meta property=\"article:modified_time\" content=\"2020-06-29T09:11:22+00:00\" \/>\n<meta property=\"og:image\" content=\"https:\/\/marmite-stg.mda.pl\/wp-content\/uploads\/2020\/01\/laboratory.jpg\" \/>\n\t<meta property=\"og:image:width\" content=\"1880\" \/>\n\t<meta property=\"og:image:height\" content=\"400\" \/>\n\t<meta property=\"og:image:type\" content=\"image\/jpeg\" \/>\n<meta name=\"twitter:label1\" content=\"Gesch\u00e4tzte Lesezeit\" \/>\n\t<meta name=\"twitter:data1\" content=\"3 Minuten\" \/>\n<script type=\"application\/ld+json\" class=\"yoast-schema-graph\">{\"@context\":\"https:\/\/schema.org\",\"@graph\":[{\"@type\":\"WebPage\",\"@id\":\"https:\/\/marmite-stg.mda.pl\/de\/laboratory\/garantie\/\",\"url\":\"https:\/\/marmite-stg.mda.pl\/de\/laboratory\/garantie\/\",\"name\":\"Garantie &bull; Marmite\",\"isPartOf\":{\"@id\":\"https:\/\/marmite-stg.mda.pl\/de\/#website\"},\"datePublished\":\"2020-03-06T07:57:20+00:00\",\"dateModified\":\"2020-06-29T09:11:22+00:00\",\"breadcrumb\":{\"@id\":\"https:\/\/marmite-stg.mda.pl\/de\/laboratory\/garantie\/#breadcrumb\"},\"inLanguage\":\"de-DE\",\"potentialAction\":[{\"@type\":\"ReadAction\",\"target\":[\"https:\/\/marmite-stg.mda.pl\/de\/laboratory\/garantie\/\"]}]},{\"@type\":\"BreadcrumbList\",\"@id\":\"https:\/\/marmite-stg.mda.pl\/de\/laboratory\/garantie\/#breadcrumb\",\"itemListElement\":[{\"@type\":\"ListItem\",\"position\":1,\"name\":\"Home\",\"item\":\"https:\/\/marmite-stg.mda.pl\/de\/\"},{\"@type\":\"ListItem\",\"position\":2,\"name\":\"Labor\",\"item\":\"https:\/\/marmite-stg.mda.pl\/de\/laboratory\/\"},{\"@type\":\"ListItem\",\"position\":3,\"name\":\"Garantie\"}]},{\"@type\":\"WebSite\",\"@id\":\"https:\/\/marmite-stg.mda.pl\/de\/#website\",\"url\":\"https:\/\/marmite-stg.mda.pl\/de\/\",\"name\":\"Marmite\",\"description\":\"Marmite\",\"potentialAction\":[{\"@type\":\"SearchAction\",\"target\":{\"@type\":\"EntryPoint\",\"urlTemplate\":\"https:\/\/marmite-stg.mda.pl\/de\/?s={search_term_string}\"},\"query-input\":\"required name=search_term_string\"}],\"inLanguage\":\"de-DE\"}]}<\/script>\n<!-- \/ Yoast SEO plugin. -->","yoast_head_json":{"title":"Garantie &bull; Marmite","robots":{"index":"noindex","follow":"follow","max-snippet":"max-snippet:-1","max-image-preview":"max-image-preview:large","max-video-preview":"max-video-preview:-1"},"og_locale":"de_DE","og_type":"article","og_title":"Garantie &bull; Marmite","og_url":"https:\/\/marmite-stg.mda.pl\/de\/laboratory\/garantie\/","og_site_name":"Marmite","article_publisher":"https:\/\/www.facebook.com\/marmiteSA","article_modified_time":"2020-06-29T09:11:22+00:00","og_image":[{"width":1880,"height":400,"url":"https:\/\/marmite-stg.mda.pl\/wp-content\/uploads\/2020\/01\/laboratory.jpg","type":"image\/jpeg"}],"twitter_misc":{"Gesch\u00e4tzte Lesezeit":"3 Minuten"},"schema":{"@context":"https:\/\/schema.org","@graph":[{"@type":"WebPage","@id":"https:\/\/marmite-stg.mda.pl\/de\/laboratory\/garantie\/","url":"https:\/\/marmite-stg.mda.pl\/de\/laboratory\/garantie\/","name":"Garantie &bull; Marmite","isPartOf":{"@id":"https:\/\/marmite-stg.mda.pl\/de\/#website"},"datePublished":"2020-03-06T07:57:20+00:00","dateModified":"2020-06-29T09:11:22+00:00","breadcrumb":{"@id":"https:\/\/marmite-stg.mda.pl\/de\/laboratory\/garantie\/#breadcrumb"},"inLanguage":"de-DE","potentialAction":[{"@type":"ReadAction","target":["https:\/\/marmite-stg.mda.pl\/de\/laboratory\/garantie\/"]}]},{"@type":"BreadcrumbList","@id":"https:\/\/marmite-stg.mda.pl\/de\/laboratory\/garantie\/#breadcrumb","itemListElement":[{"@type":"ListItem","position":1,"name":"Home","item":"https:\/\/marmite-stg.mda.pl\/de\/"},{"@type":"ListItem","position":2,"name":"Labor","item":"https:\/\/marmite-stg.mda.pl\/de\/laboratory\/"},{"@type":"ListItem","position":3,"name":"Garantie"}]},{"@type":"WebSite","@id":"https:\/\/marmite-stg.mda.pl\/de\/#website","url":"https:\/\/marmite-stg.mda.pl\/de\/","name":"Marmite","description":"Marmite","potentialAction":[{"@type":"SearchAction","target":{"@type":"EntryPoint","urlTemplate":"https:\/\/marmite-stg.mda.pl\/de\/?s={search_term_string}"},"query-input":"required name=search_term_string"}],"inLanguage":"de-DE"}]}},"_links":{"self":[{"href":"https:\/\/marmite-stg.mda.pl\/de\/wp-json\/wp\/v2\/pages\/9056"}],"collection":[{"href":"https:\/\/marmite-stg.mda.pl\/de\/wp-json\/wp\/v2\/pages"}],"about":[{"href":"https:\/\/marmite-stg.mda.pl\/de\/wp-json\/wp\/v2\/types\/page"}],"author":[{"embeddable":true,"href":"https:\/\/marmite-stg.mda.pl\/de\/wp-json\/wp\/v2\/users\/1"}],"replies":[{"embeddable":true,"href":"https:\/\/marmite-stg.mda.pl\/de\/wp-json\/wp\/v2\/comments?post=9056"}],"version-history":[{"count":3,"href":"https:\/\/marmite-stg.mda.pl\/de\/wp-json\/wp\/v2\/pages\/9056\/revisions"}],"predecessor-version":[{"id":17182,"href":"https:\/\/marmite-stg.mda.pl\/de\/wp-json\/wp\/v2\/pages\/9056\/revisions\/17182"}],"up":[{"embeddable":true,"href":"https:\/\/marmite-stg.mda.pl\/de\/wp-json\/wp\/v2\/pages\/8997"}],"wp:featuredmedia":[{"embeddable":true,"href":"https:\/\/marmite-stg.mda.pl\/de\/wp-json\/wp\/v2\/media\/7682"}],"wp:attachment":[{"href":"https:\/\/marmite-stg.mda.pl\/de\/wp-json\/wp\/v2\/media?parent=9056"}],"curies":[{"name":"wp","href":"https:\/\/api.w.org\/{rel}","templated":true}]}}