{"id":9077,"date":"2020-03-06T09:16:21","date_gmt":"2020-03-06T09:16:21","guid":{"rendered":"https:\/\/site.marmite.mda.pl\/?page_id=9077"},"modified":"2020-06-29T10:28:15","modified_gmt":"2020-06-29T10:28:15","slug":"reparaturset-repair-kit","status":"publish","type":"page","link":"https:\/\/marmite-stg.mda.pl\/de\/material-de\/reparierbar\/reparaturset-repair-kit\/","title":{"rendered":"Reparaturset \u201eTouch-up Stick\u201c"},"content":{"rendered":"<p><strong>Hauptvorteile:<\/strong><\/p>\n<ul>\n<li>Das Produkt ist sofort einsatzbereit.<\/li>\n<li>Einfache Reparatur &#8211; auch f\u00fcr unerfahrene Benutzer<\/li>\n<li>Das Produkt erfordert keine zus\u00e4tzlichen Werkzeuge.<\/li>\n<li>Es kann wiederholt verwendet werden.<\/li>\n<li>Geeignet f\u00fcr den Gebrauch bis zu 5 Jahren nach dem ersten \u00d6ffnen.<\/li>\n<li>Sicher und umweltfreundlich<\/li>\n<\/ul>\n","protected":false},"excerpt":{"rendered":"<p>Hauptvorteile: Das Produkt ist sofort einsatzbereit. Einfache Reparatur &#8211; auch f\u00fcr unerfahrene Benutzer Das Produkt erfordert keine zus\u00e4tzlichen Werkzeuge. Es kann wiederholt verwendet werden. Geeignet f\u00fcr den Gebrauch bis zu 5 Jahren nach dem ersten \u00d6ffnen. Sicher und umweltfreundlich<\/p>\n","protected":false},"author":1,"featured_media":0,"parent":9043,"menu_order":250,"comment_status":"closed","ping_status":"closed","template":"page-templates\/layout_repaire_product.php","meta":{"footnotes":""},"acf":[],"yoast_head":"<!-- This site is optimized with the Yoast SEO plugin v20.13 - https:\/\/yoast.com\/wordpress\/plugins\/seo\/ -->\n<title>Reparaturset \u201eTouch-up Stick\u201c &bull; Marmite<\/title>\n<meta name=\"robots\" content=\"noindex, follow, max-snippet:-1, max-image-preview:large, max-video-preview:-1\" \/>\n<meta property=\"og:locale\" content=\"de_DE\" \/>\n<meta property=\"og:type\" content=\"article\" \/>\n<meta property=\"og:title\" content=\"Reparaturset \u201eTouch-up Stick\u201c &bull; Marmite\" \/>\n<meta property=\"og:url\" content=\"https:\/\/marmite-stg.mda.pl\/de\/material-de\/reparierbar\/reparaturset-repair-kit\/\" \/>\n<meta property=\"og:site_name\" content=\"Marmite\" \/>\n<meta property=\"article:publisher\" content=\"https:\/\/www.facebook.com\/marmiteSA\" \/>\n<meta property=\"article:modified_time\" content=\"2020-06-29T10:28:15+00:00\" \/>\n<script type=\"application\/ld+json\" class=\"yoast-schema-graph\">{\"@context\":\"https:\/\/schema.org\",\"@graph\":[{\"@type\":\"WebPage\",\"@id\":\"https:\/\/marmite-stg.mda.pl\/de\/material-de\/reparierbar\/reparaturset-repair-kit\/\",\"url\":\"https:\/\/marmite-stg.mda.pl\/de\/material-de\/reparierbar\/reparaturset-repair-kit\/\",\"name\":\"Reparaturset \u201eTouch-up Stick\u201c &bull; Marmite\",\"isPartOf\":{\"@id\":\"https:\/\/marmite-stg.mda.pl\/de\/#website\"},\"datePublished\":\"2020-03-06T09:16:21+00:00\",\"dateModified\":\"2020-06-29T10:28:15+00:00\",\"breadcrumb\":{\"@id\":\"https:\/\/marmite-stg.mda.pl\/de\/material-de\/reparierbar\/reparaturset-repair-kit\/#breadcrumb\"},\"inLanguage\":\"de-DE\",\"potentialAction\":[{\"@type\":\"ReadAction\",\"target\":[\"https:\/\/marmite-stg.mda.pl\/de\/material-de\/reparierbar\/reparaturset-repair-kit\/\"]}]},{\"@type\":\"BreadcrumbList\",\"@id\":\"https:\/\/marmite-stg.mda.pl\/de\/material-de\/reparierbar\/reparaturset-repair-kit\/#breadcrumb\",\"itemListElement\":[{\"@type\":\"ListItem\",\"position\":1,\"name\":\"Home\",\"item\":\"https:\/\/marmite-stg.mda.pl\/de\/\"},{\"@type\":\"ListItem\",\"position\":2,\"name\":\"Material\",\"item\":\"https:\/\/marmite-stg.mda.pl\/de\/material-de\/\"},{\"@type\":\"ListItem\",\"position\":3,\"name\":\"Reparierbar\",\"item\":\"https:\/\/marmite-stg.mda.pl\/de\/material\/repairable\/\"},{\"@type\":\"ListItem\",\"position\":4,\"name\":\"Reparaturset \u201eTouch-up Stick\u201c\"}]},{\"@type\":\"WebSite\",\"@id\":\"https:\/\/marmite-stg.mda.pl\/de\/#website\",\"url\":\"https:\/\/marmite-stg.mda.pl\/de\/\",\"name\":\"Marmite\",\"description\":\"Marmite\",\"potentialAction\":[{\"@type\":\"SearchAction\",\"target\":{\"@type\":\"EntryPoint\",\"urlTemplate\":\"https:\/\/marmite-stg.mda.pl\/de\/?s={search_term_string}\"},\"query-input\":\"required name=search_term_string\"}],\"inLanguage\":\"de-DE\"}]}<\/script>\n<!-- \/ Yoast SEO plugin. -->","yoast_head_json":{"title":"Reparaturset \u201eTouch-up Stick\u201c &bull; Marmite","robots":{"index":"noindex","follow":"follow","max-snippet":"max-snippet:-1","max-image-preview":"max-image-preview:large","max-video-preview":"max-video-preview:-1"},"og_locale":"de_DE","og_type":"article","og_title":"Reparaturset \u201eTouch-up Stick\u201c &bull; Marmite","og_url":"https:\/\/marmite-stg.mda.pl\/de\/material-de\/reparierbar\/reparaturset-repair-kit\/","og_site_name":"Marmite","article_publisher":"https:\/\/www.facebook.com\/marmiteSA","article_modified_time":"2020-06-29T10:28:15+00:00","schema":{"@context":"https:\/\/schema.org","@graph":[{"@type":"WebPage","@id":"https:\/\/marmite-stg.mda.pl\/de\/material-de\/reparierbar\/reparaturset-repair-kit\/","url":"https:\/\/marmite-stg.mda.pl\/de\/material-de\/reparierbar\/reparaturset-repair-kit\/","name":"Reparaturset \u201eTouch-up Stick\u201c &bull; Marmite","isPartOf":{"@id":"https:\/\/marmite-stg.mda.pl\/de\/#website"},"datePublished":"2020-03-06T09:16:21+00:00","dateModified":"2020-06-29T10:28:15+00:00","breadcrumb":{"@id":"https:\/\/marmite-stg.mda.pl\/de\/material-de\/reparierbar\/reparaturset-repair-kit\/#breadcrumb"},"inLanguage":"de-DE","potentialAction":[{"@type":"ReadAction","target":["https:\/\/marmite-stg.mda.pl\/de\/material-de\/reparierbar\/reparaturset-repair-kit\/"]}]},{"@type":"BreadcrumbList","@id":"https:\/\/marmite-stg.mda.pl\/de\/material-de\/reparierbar\/reparaturset-repair-kit\/#breadcrumb","itemListElement":[{"@type":"ListItem","position":1,"name":"Home","item":"https:\/\/marmite-stg.mda.pl\/de\/"},{"@type":"ListItem","position":2,"name":"Material","item":"https:\/\/marmite-stg.mda.pl\/de\/material-de\/"},{"@type":"ListItem","position":3,"name":"Reparierbar","item":"https:\/\/marmite-stg.mda.pl\/de\/material\/repairable\/"},{"@type":"ListItem","position":4,"name":"Reparaturset \u201eTouch-up Stick\u201c"}]},{"@type":"WebSite","@id":"https:\/\/marmite-stg.mda.pl\/de\/#website","url":"https:\/\/marmite-stg.mda.pl\/de\/","name":"Marmite","description":"Marmite","potentialAction":[{"@type":"SearchAction","target":{"@type":"EntryPoint","urlTemplate":"https:\/\/marmite-stg.mda.pl\/de\/?s={search_term_string}"},"query-input":"required name=search_term_string"}],"inLanguage":"de-DE"}]}},"_links":{"self":[{"href":"https:\/\/marmite-stg.mda.pl\/de\/wp-json\/wp\/v2\/pages\/9077"}],"collection":[{"href":"https:\/\/marmite-stg.mda.pl\/de\/wp-json\/wp\/v2\/pages"}],"about":[{"href":"https:\/\/marmite-stg.mda.pl\/de\/wp-json\/wp\/v2\/types\/page"}],"author":[{"embeddable":true,"href":"https:\/\/marmite-stg.mda.pl\/de\/wp-json\/wp\/v2\/users\/1"}],"replies":[{"embeddable":true,"href":"https:\/\/marmite-stg.mda.pl\/de\/wp-json\/wp\/v2\/comments?post=9077"}],"version-history":[{"count":5,"href":"https:\/\/marmite-stg.mda.pl\/de\/wp-json\/wp\/v2\/pages\/9077\/revisions"}],"predecessor-version":[{"id":17400,"href":"https:\/\/marmite-stg.mda.pl\/de\/wp-json\/wp\/v2\/pages\/9077\/revisions\/17400"}],"up":[{"embeddable":true,"href":"https:\/\/marmite-stg.mda.pl\/de\/wp-json\/wp\/v2\/pages\/9043"}],"wp:attachment":[{"href":"https:\/\/marmite-stg.mda.pl\/de\/wp-json\/wp\/v2\/media?parent=9077"}],"curies":[{"name":"wp","href":"https:\/\/api.w.org\/{rel}","templated":true}]}}