{"id":9082,"date":"2020-03-06T09:20:04","date_gmt":"2020-03-06T09:20:04","guid":{"rendered":"https:\/\/site.marmite.mda.pl\/?page_id=9082"},"modified":"2022-01-26T14:18:49","modified_gmt":"2022-01-26T14:18:49","slug":"reparaturset-repair-kit-2","status":"publish","type":"page","link":"https:\/\/marmite-stg.mda.pl\/de\/material-de\/reparierbar\/reparaturset-repair-kit-2\/","title":{"rendered":"Reparaturset \u201eRepair Kit\u201c"},"content":{"rendered":"<p><strong>Hauptvorteile:<\/strong><\/p>\n<ul>\n<li>In vielen Farben erh\u00e4ltlich<\/li>\n<li>Das Kit enth\u00e4lt alle notwendigen Komponenten.<\/li>\n<li>3 Monate Gebrauchstauglichkeit<\/li>\n<li>Einwegprodukt<\/li>\n<li>F\u00fcr Fachkr\u00e4fte \u2013 Reparaturen in professioneller Qualit\u00e4t<\/li>\n<\/ul>\n","protected":false},"excerpt":{"rendered":"<p>Hauptvorteile: In vielen Farben erh\u00e4ltlich Das Kit enth\u00e4lt alle notwendigen Komponenten. 3 Monate Gebrauchstauglichkeit Einwegprodukt F\u00fcr Fachkr\u00e4fte \u2013 Reparaturen in professioneller Qualit\u00e4t<\/p>\n","protected":false},"author":1,"featured_media":14953,"parent":9043,"menu_order":259,"comment_status":"closed","ping_status":"closed","template":"page-templates\/layout_repaire_product.php","meta":{"footnotes":""},"acf":[],"yoast_head":"<!-- This site is optimized with the Yoast SEO plugin v20.13 - https:\/\/yoast.com\/wordpress\/plugins\/seo\/ -->\n<title>Reparaturset \u201eRepair Kit\u201c &bull; Marmite<\/title>\n<meta name=\"robots\" content=\"noindex, follow, max-snippet:-1, max-image-preview:large, max-video-preview:-1\" \/>\n<meta property=\"og:locale\" content=\"de_DE\" \/>\n<meta property=\"og:type\" content=\"article\" \/>\n<meta property=\"og:title\" content=\"Reparaturset \u201eRepair Kit\u201c &bull; Marmite\" \/>\n<meta property=\"og:url\" content=\"https:\/\/marmite-stg.mda.pl\/de\/material-de\/reparierbar\/reparaturset-repair-kit-2\/\" \/>\n<meta property=\"og:site_name\" content=\"Marmite\" \/>\n<meta property=\"article:publisher\" content=\"https:\/\/www.facebook.com\/marmiteSA\" \/>\n<meta property=\"article:modified_time\" content=\"2022-01-26T14:18:49+00:00\" \/>\n<meta property=\"og:image\" content=\"https:\/\/marmite-stg.mda.pl\/wp-content\/uploads\/2020\/01\/laboratory.jpg\" \/>\n\t<meta property=\"og:image:width\" content=\"1880\" \/>\n\t<meta property=\"og:image:height\" content=\"400\" \/>\n\t<meta property=\"og:image:type\" content=\"image\/jpeg\" \/>\n<script type=\"application\/ld+json\" class=\"yoast-schema-graph\">{\"@context\":\"https:\/\/schema.org\",\"@graph\":[{\"@type\":\"WebPage\",\"@id\":\"https:\/\/marmite-stg.mda.pl\/de\/material-de\/reparierbar\/reparaturset-repair-kit-2\/\",\"url\":\"https:\/\/marmite-stg.mda.pl\/de\/material-de\/reparierbar\/reparaturset-repair-kit-2\/\",\"name\":\"Reparaturset \u201eRepair Kit\u201c &bull; Marmite\",\"isPartOf\":{\"@id\":\"https:\/\/marmite-stg.mda.pl\/de\/#website\"},\"datePublished\":\"2020-03-06T09:20:04+00:00\",\"dateModified\":\"2022-01-26T14:18:49+00:00\",\"breadcrumb\":{\"@id\":\"https:\/\/marmite-stg.mda.pl\/de\/material-de\/reparierbar\/reparaturset-repair-kit-2\/#breadcrumb\"},\"inLanguage\":\"de-DE\",\"potentialAction\":[{\"@type\":\"ReadAction\",\"target\":[\"https:\/\/marmite-stg.mda.pl\/de\/material-de\/reparierbar\/reparaturset-repair-kit-2\/\"]}]},{\"@type\":\"BreadcrumbList\",\"@id\":\"https:\/\/marmite-stg.mda.pl\/de\/material-de\/reparierbar\/reparaturset-repair-kit-2\/#breadcrumb\",\"itemListElement\":[{\"@type\":\"ListItem\",\"position\":1,\"name\":\"Home\",\"item\":\"https:\/\/marmite-stg.mda.pl\/de\/\"},{\"@type\":\"ListItem\",\"position\":2,\"name\":\"Material\",\"item\":\"https:\/\/marmite-stg.mda.pl\/de\/material-de\/\"},{\"@type\":\"ListItem\",\"position\":3,\"name\":\"Reparierbar\",\"item\":\"https:\/\/marmite-stg.mda.pl\/de\/material\/repairable\/\"},{\"@type\":\"ListItem\",\"position\":4,\"name\":\"Reparaturset \u201eRepair Kit\u201c\"}]},{\"@type\":\"WebSite\",\"@id\":\"https:\/\/marmite-stg.mda.pl\/de\/#website\",\"url\":\"https:\/\/marmite-stg.mda.pl\/de\/\",\"name\":\"Marmite\",\"description\":\"Marmite\",\"potentialAction\":[{\"@type\":\"SearchAction\",\"target\":{\"@type\":\"EntryPoint\",\"urlTemplate\":\"https:\/\/marmite-stg.mda.pl\/de\/?s={search_term_string}\"},\"query-input\":\"required name=search_term_string\"}],\"inLanguage\":\"de-DE\"}]}<\/script>\n<!-- \/ Yoast SEO plugin. -->","yoast_head_json":{"title":"Reparaturset \u201eRepair Kit\u201c &bull; Marmite","robots":{"index":"noindex","follow":"follow","max-snippet":"max-snippet:-1","max-image-preview":"max-image-preview:large","max-video-preview":"max-video-preview:-1"},"og_locale":"de_DE","og_type":"article","og_title":"Reparaturset \u201eRepair Kit\u201c &bull; Marmite","og_url":"https:\/\/marmite-stg.mda.pl\/de\/material-de\/reparierbar\/reparaturset-repair-kit-2\/","og_site_name":"Marmite","article_publisher":"https:\/\/www.facebook.com\/marmiteSA","article_modified_time":"2022-01-26T14:18:49+00:00","og_image":[{"width":1880,"height":400,"url":"https:\/\/marmite-stg.mda.pl\/wp-content\/uploads\/2020\/01\/laboratory.jpg","type":"image\/jpeg"}],"schema":{"@context":"https:\/\/schema.org","@graph":[{"@type":"WebPage","@id":"https:\/\/marmite-stg.mda.pl\/de\/material-de\/reparierbar\/reparaturset-repair-kit-2\/","url":"https:\/\/marmite-stg.mda.pl\/de\/material-de\/reparierbar\/reparaturset-repair-kit-2\/","name":"Reparaturset \u201eRepair Kit\u201c &bull; Marmite","isPartOf":{"@id":"https:\/\/marmite-stg.mda.pl\/de\/#website"},"datePublished":"2020-03-06T09:20:04+00:00","dateModified":"2022-01-26T14:18:49+00:00","breadcrumb":{"@id":"https:\/\/marmite-stg.mda.pl\/de\/material-de\/reparierbar\/reparaturset-repair-kit-2\/#breadcrumb"},"inLanguage":"de-DE","potentialAction":[{"@type":"ReadAction","target":["https:\/\/marmite-stg.mda.pl\/de\/material-de\/reparierbar\/reparaturset-repair-kit-2\/"]}]},{"@type":"BreadcrumbList","@id":"https:\/\/marmite-stg.mda.pl\/de\/material-de\/reparierbar\/reparaturset-repair-kit-2\/#breadcrumb","itemListElement":[{"@type":"ListItem","position":1,"name":"Home","item":"https:\/\/marmite-stg.mda.pl\/de\/"},{"@type":"ListItem","position":2,"name":"Material","item":"https:\/\/marmite-stg.mda.pl\/de\/material-de\/"},{"@type":"ListItem","position":3,"name":"Reparierbar","item":"https:\/\/marmite-stg.mda.pl\/de\/material\/repairable\/"},{"@type":"ListItem","position":4,"name":"Reparaturset \u201eRepair Kit\u201c"}]},{"@type":"WebSite","@id":"https:\/\/marmite-stg.mda.pl\/de\/#website","url":"https:\/\/marmite-stg.mda.pl\/de\/","name":"Marmite","description":"Marmite","potentialAction":[{"@type":"SearchAction","target":{"@type":"EntryPoint","urlTemplate":"https:\/\/marmite-stg.mda.pl\/de\/?s={search_term_string}"},"query-input":"required name=search_term_string"}],"inLanguage":"de-DE"}]}},"_links":{"self":[{"href":"https:\/\/marmite-stg.mda.pl\/de\/wp-json\/wp\/v2\/pages\/9082"}],"collection":[{"href":"https:\/\/marmite-stg.mda.pl\/de\/wp-json\/wp\/v2\/pages"}],"about":[{"href":"https:\/\/marmite-stg.mda.pl\/de\/wp-json\/wp\/v2\/types\/page"}],"author":[{"embeddable":true,"href":"https:\/\/marmite-stg.mda.pl\/de\/wp-json\/wp\/v2\/users\/1"}],"replies":[{"embeddable":true,"href":"https:\/\/marmite-stg.mda.pl\/de\/wp-json\/wp\/v2\/comments?post=9082"}],"version-history":[{"count":7,"href":"https:\/\/marmite-stg.mda.pl\/de\/wp-json\/wp\/v2\/pages\/9082\/revisions"}],"predecessor-version":[{"id":22257,"href":"https:\/\/marmite-stg.mda.pl\/de\/wp-json\/wp\/v2\/pages\/9082\/revisions\/22257"}],"up":[{"embeddable":true,"href":"https:\/\/marmite-stg.mda.pl\/de\/wp-json\/wp\/v2\/pages\/9043"}],"wp:featuredmedia":[{"embeddable":true,"href":"https:\/\/marmite-stg.mda.pl\/de\/wp-json\/wp\/v2\/media\/14953"}],"wp:attachment":[{"href":"https:\/\/marmite-stg.mda.pl\/de\/wp-json\/wp\/v2\/media?parent=9082"}],"curies":[{"name":"wp","href":"https:\/\/api.w.org\/{rel}","templated":true}]}}