{"id":9084,"date":"2020-03-06T09:21:30","date_gmt":"2020-03-06T09:21:30","guid":{"rendered":"https:\/\/site.marmite.mda.pl\/?page_id=9084"},"modified":"2020-06-29T10:23:24","modified_gmt":"2020-06-29T10:23:24","slug":"polierpaste","status":"publish","type":"page","link":"https:\/\/marmite-stg.mda.pl\/de\/material-de\/reparierbar\/polierpaste\/","title":{"rendered":"Polierpaste"},"content":{"rendered":"<p><strong>Hauptvorteile:<\/strong><\/p>\n<ul>\n<li>Der schnellste und effektivste Weg, um einen hohen Glanz zu erzielen.<\/li>\n<li>Entfernt effektiv Kratzer.<\/li>\n<li>Stellt eine makellos glatte Oberfl\u00e4che wieder her.<\/li>\n<li>Geeignet zum manuellen und mechanischen Polieren.<\/li>\n<li>Enth\u00e4lt kein Silikon, Wachs und keine \u00e4tzenden Substanzen.<\/li>\n<\/ul>\n","protected":false},"excerpt":{"rendered":"<p>Hauptvorteile: Der schnellste und effektivste Weg, um einen hohen Glanz zu erzielen. Entfernt effektiv Kratzer. Stellt eine makellos glatte Oberfl\u00e4che wieder her. Geeignet zum manuellen und mechanischen Polieren. Enth\u00e4lt kein Silikon, Wachs und keine \u00e4tzenden Substanzen.<\/p>\n","protected":false},"author":1,"featured_media":0,"parent":9043,"menu_order":274,"comment_status":"closed","ping_status":"closed","template":"page-templates\/layout_repaire_product.php","meta":{"footnotes":""},"acf":[],"yoast_head":"<!-- This site is optimized with the Yoast SEO plugin v20.13 - https:\/\/yoast.com\/wordpress\/plugins\/seo\/ -->\n<title>Polierpaste &bull; Marmite<\/title>\n<meta name=\"robots\" content=\"noindex, follow, max-snippet:-1, max-image-preview:large, max-video-preview:-1\" \/>\n<meta property=\"og:locale\" content=\"de_DE\" \/>\n<meta property=\"og:type\" content=\"article\" \/>\n<meta property=\"og:title\" content=\"Polierpaste &bull; Marmite\" \/>\n<meta property=\"og:url\" content=\"https:\/\/marmite-stg.mda.pl\/de\/material-de\/reparierbar\/polierpaste\/\" \/>\n<meta property=\"og:site_name\" content=\"Marmite\" \/>\n<meta property=\"article:publisher\" content=\"https:\/\/www.facebook.com\/marmiteSA\" \/>\n<meta property=\"article:modified_time\" content=\"2020-06-29T10:23:24+00:00\" \/>\n<script type=\"application\/ld+json\" class=\"yoast-schema-graph\">{\"@context\":\"https:\/\/schema.org\",\"@graph\":[{\"@type\":\"WebPage\",\"@id\":\"https:\/\/marmite-stg.mda.pl\/de\/material-de\/reparierbar\/polierpaste\/\",\"url\":\"https:\/\/marmite-stg.mda.pl\/de\/material-de\/reparierbar\/polierpaste\/\",\"name\":\"Polierpaste &bull; Marmite\",\"isPartOf\":{\"@id\":\"https:\/\/marmite-stg.mda.pl\/de\/#website\"},\"datePublished\":\"2020-03-06T09:21:30+00:00\",\"dateModified\":\"2020-06-29T10:23:24+00:00\",\"breadcrumb\":{\"@id\":\"https:\/\/marmite-stg.mda.pl\/de\/material-de\/reparierbar\/polierpaste\/#breadcrumb\"},\"inLanguage\":\"de-DE\",\"potentialAction\":[{\"@type\":\"ReadAction\",\"target\":[\"https:\/\/marmite-stg.mda.pl\/de\/material-de\/reparierbar\/polierpaste\/\"]}]},{\"@type\":\"BreadcrumbList\",\"@id\":\"https:\/\/marmite-stg.mda.pl\/de\/material-de\/reparierbar\/polierpaste\/#breadcrumb\",\"itemListElement\":[{\"@type\":\"ListItem\",\"position\":1,\"name\":\"Home\",\"item\":\"https:\/\/marmite-stg.mda.pl\/de\/\"},{\"@type\":\"ListItem\",\"position\":2,\"name\":\"Material\",\"item\":\"https:\/\/marmite-stg.mda.pl\/de\/material-de\/\"},{\"@type\":\"ListItem\",\"position\":3,\"name\":\"Reparierbar\",\"item\":\"https:\/\/marmite-stg.mda.pl\/de\/material\/repairable\/\"},{\"@type\":\"ListItem\",\"position\":4,\"name\":\"Polierpaste\"}]},{\"@type\":\"WebSite\",\"@id\":\"https:\/\/marmite-stg.mda.pl\/de\/#website\",\"url\":\"https:\/\/marmite-stg.mda.pl\/de\/\",\"name\":\"Marmite\",\"description\":\"Marmite\",\"potentialAction\":[{\"@type\":\"SearchAction\",\"target\":{\"@type\":\"EntryPoint\",\"urlTemplate\":\"https:\/\/marmite-stg.mda.pl\/de\/?s={search_term_string}\"},\"query-input\":\"required name=search_term_string\"}],\"inLanguage\":\"de-DE\"}]}<\/script>\n<!-- \/ Yoast SEO plugin. -->","yoast_head_json":{"title":"Polierpaste &bull; Marmite","robots":{"index":"noindex","follow":"follow","max-snippet":"max-snippet:-1","max-image-preview":"max-image-preview:large","max-video-preview":"max-video-preview:-1"},"og_locale":"de_DE","og_type":"article","og_title":"Polierpaste &bull; Marmite","og_url":"https:\/\/marmite-stg.mda.pl\/de\/material-de\/reparierbar\/polierpaste\/","og_site_name":"Marmite","article_publisher":"https:\/\/www.facebook.com\/marmiteSA","article_modified_time":"2020-06-29T10:23:24+00:00","schema":{"@context":"https:\/\/schema.org","@graph":[{"@type":"WebPage","@id":"https:\/\/marmite-stg.mda.pl\/de\/material-de\/reparierbar\/polierpaste\/","url":"https:\/\/marmite-stg.mda.pl\/de\/material-de\/reparierbar\/polierpaste\/","name":"Polierpaste &bull; Marmite","isPartOf":{"@id":"https:\/\/marmite-stg.mda.pl\/de\/#website"},"datePublished":"2020-03-06T09:21:30+00:00","dateModified":"2020-06-29T10:23:24+00:00","breadcrumb":{"@id":"https:\/\/marmite-stg.mda.pl\/de\/material-de\/reparierbar\/polierpaste\/#breadcrumb"},"inLanguage":"de-DE","potentialAction":[{"@type":"ReadAction","target":["https:\/\/marmite-stg.mda.pl\/de\/material-de\/reparierbar\/polierpaste\/"]}]},{"@type":"BreadcrumbList","@id":"https:\/\/marmite-stg.mda.pl\/de\/material-de\/reparierbar\/polierpaste\/#breadcrumb","itemListElement":[{"@type":"ListItem","position":1,"name":"Home","item":"https:\/\/marmite-stg.mda.pl\/de\/"},{"@type":"ListItem","position":2,"name":"Material","item":"https:\/\/marmite-stg.mda.pl\/de\/material-de\/"},{"@type":"ListItem","position":3,"name":"Reparierbar","item":"https:\/\/marmite-stg.mda.pl\/de\/material\/repairable\/"},{"@type":"ListItem","position":4,"name":"Polierpaste"}]},{"@type":"WebSite","@id":"https:\/\/marmite-stg.mda.pl\/de\/#website","url":"https:\/\/marmite-stg.mda.pl\/de\/","name":"Marmite","description":"Marmite","potentialAction":[{"@type":"SearchAction","target":{"@type":"EntryPoint","urlTemplate":"https:\/\/marmite-stg.mda.pl\/de\/?s={search_term_string}"},"query-input":"required name=search_term_string"}],"inLanguage":"de-DE"}]}},"_links":{"self":[{"href":"https:\/\/marmite-stg.mda.pl\/de\/wp-json\/wp\/v2\/pages\/9084"}],"collection":[{"href":"https:\/\/marmite-stg.mda.pl\/de\/wp-json\/wp\/v2\/pages"}],"about":[{"href":"https:\/\/marmite-stg.mda.pl\/de\/wp-json\/wp\/v2\/types\/page"}],"author":[{"embeddable":true,"href":"https:\/\/marmite-stg.mda.pl\/de\/wp-json\/wp\/v2\/users\/1"}],"replies":[{"embeddable":true,"href":"https:\/\/marmite-stg.mda.pl\/de\/wp-json\/wp\/v2\/comments?post=9084"}],"version-history":[{"count":4,"href":"https:\/\/marmite-stg.mda.pl\/de\/wp-json\/wp\/v2\/pages\/9084\/revisions"}],"predecessor-version":[{"id":17386,"href":"https:\/\/marmite-stg.mda.pl\/de\/wp-json\/wp\/v2\/pages\/9084\/revisions\/17386"}],"up":[{"embeddable":true,"href":"https:\/\/marmite-stg.mda.pl\/de\/wp-json\/wp\/v2\/pages\/9043"}],"wp:attachment":[{"href":"https:\/\/marmite-stg.mda.pl\/de\/wp-json\/wp\/v2\/media?parent=9084"}],"curies":[{"name":"wp","href":"https:\/\/api.w.org\/{rel}","templated":true}]}}