{"id":9341,"date":"2020-03-11T15:32:32","date_gmt":"2020-03-11T15:32:32","guid":{"rendered":"https:\/\/site.marmite.mda.pl\/?page_id=9341"},"modified":"2020-06-29T09:17:56","modified_gmt":"2020-06-29T09:17:56","slug":"garantia","status":"publish","type":"page","link":"https:\/\/marmite-stg.mda.pl\/es\/laboratorio\/garantia\/","title":{"rendered":"Garant\u00eda"},"content":{"rendered":"<h4><span style=\"color: #ff0000;\">\u00a7 1. Disposiciones generales<\/span><\/h4>\n<ol>\n<li>El emisor de la presente garant\u00eda es la sociedad MARMITE Sp. z o.o., domiciliada en Zakrzewo, calle Przemys\u0142owa 4, 62-070 Dopiewo (Polonia), inscrita en el Registro de Empresarios del Registro Nacional Judicial gestionado por el Tribunal de Distrito de Pozna\u0144 &#8211; Nowe Miasto y Wilda de Pozna\u0144, VIII Secci\u00f3n de lo Mercantil del Registro Nacional Judicial, bajo el n\u00famero KRS 0000581685, fabricante de lavabos, platos de ducha y ba\u00f1eras del material mineral compuesto (en lo sucesivo denominados conjuntamente \u00abProductos\u00bb y cada uno de ellos, \u00abProducto\u00bb).<\/li>\n<li>La garant\u00eda se emite exclusivamente a favor del cliente de Marmite que, en calidad de empresario, haya adquirido el producto directamente del Garante (en lo sucesivo \u00abCliente\u00bb). La cesi\u00f3n de los derechos y las obligaciones del Cliente a terceros requiere el consentimiento escrito previo del garante.<\/li>\n<li>La garant\u00eda concedida confirma que el producto est\u00e1 libre de cualquier defecto f\u00edsico producido durante el procesamiento de los productos o resultante del uso de materiales inadecuados para la fabricaci\u00f3n de los mismos, lo cual se habr\u00eda traducido en la imposibilidad de utilizaci\u00f3n del producto de acuerdo con su uso previsto. En particular, el Garante no asume la responsabilidad de los defectos del producto resultantes de: (i) da\u00f1os mec\u00e1nicos del producto producidos despu\u00e9s de la entrega del producto al cliente, y (ii) el desgaste natural de los productos, incluidos los ara\u00f1azos en la superficie aparecidos durante la utilizaci\u00f3n del producto.<\/li>\n<li>El alcance de responsabilidad del Garante se ha definido en la cl\u00e1usula 1 punto 3 del presente contrato. En el \u00e1mbito de la presente garant\u00eda, el Garante no asume la responsabilidad de los da\u00f1os producidos en consecuencia de las deficiencias del Producto (a saber: da\u00f1os materiales sufridos por el cliente en relaci\u00f3n con el Producto defectuoso).<\/li>\n<li>La garant\u00eda permanece en vigor siempre que se cumplan los siguientes requisitos:\n<ol>\n<li>Instalaci\u00f3n del producto de acuerdo con las indicaciones del Garante contempladas en el manual de usuario y de acuerdo con las pr\u00e1cticas de construcci\u00f3n, as\u00ed como cumpliendo con las normas armonizadas aplicables;<\/li>\n<li>Utilizaci\u00f3n del Producto de acuerdo con su uso previsto;<\/li>\n<li>Utilizaci\u00f3n del producto conforme a las indicaciones del Garante contempladas en el manual de usuario disponible en la p\u00e1gina web: https:\/\/site.marmite.mda.pl\/pl\/wspolpraca\/pliki-do-pobrania\/.<\/li>\n<\/ol>\n<\/li>\n<\/ol>\n<h4><span style=\"color: #ff0000;\">\u00a7 2. Duraci\u00f3n y alcance de la garant\u00eda<\/span><\/h4>\n<ol>\n<li>El per\u00edodo de garant\u00eda depende el tipo de recubrimiento de gel aplicado por el Garante a la hora de fabricar los productos, siendo:\n<ol>\n<li>Cinco (5) a\u00f1os posteriores a la entrega del Producto al Cliente: para Productos con recubrimiento de gel est\u00e1ndar y recubrimientos tipo Top Solid o Top Granit;<\/li>\n<li>Diez (10) a\u00f1os posteriores a la entrega del Producto al Cliente: para Productos con recubrimiento de gel tipo Evermite.<\/li>\n<\/ol>\n<\/li>\n<li>La garant\u00eda queda en vigor en los pa\u00edses de la Comunidad Europea (CE).<\/li>\n<\/ol>\n<h4><span style=\"color: #ff0000;\">\u00a7 3. Eliminaci\u00f3n de defectos de los Productos<\/span><\/h4>\n<ol>\n<li>El procedimiento detallado de tramitaci\u00f3n de las reclamaciones se puede consultar en la p\u00e1gina web: https:\/\/site.marmite.mda.pl\/pl\/wspolpraca\/pliki-do-pobrania\/<\/li>\n<li>En un plazo de catorce (14) d\u00edas h\u00e1biles posteriores a la fecha de la presentaci\u00f3n correcta de la reclamaci\u00f3n del Cliente, el Garante deber\u00e1 tramitarla e informar al Cliente acerca de la aceptaci\u00f3n o el rechazo de la misma.<\/li>\n<li>En caso de aceptaci\u00f3n de la reclamaci\u00f3n, el Garante, o el representante designado por el mismo, se compromete a eliminar los defectos en un plazo de catorce (14) d\u00edas desde la fecha de remisi\u00f3n de la informaci\u00f3n al Cliente acerca de la aceptaci\u00f3n de la reclamaci\u00f3n o al vencimiento del plazo previsto para remitir al Cliente la informaci\u00f3n acerca de la tramitaci\u00f3n de la reclamaci\u00f3n. En caso de conflicto, si una opini\u00f3n pericial confirma la posici\u00f3n del Cliente, el Garante, o el representante designado por el mismo, se compromete a eliminar los defectos del Producto reclamado en un plazo de 14 d\u00edas desde la fecha de recepci\u00f3n de la opini\u00f3n pericial por el Garante.<\/li>\n<li>Los defectos del Producto se pueden subsanar de los siguientes modos:\n<ol>\n<li>suministro de un Producto nuevo a cargo del Garante; o<\/li>\n<li>reparaci\u00f3n del Producto reclamado a cargo del Garante; o<\/li>\n<li>reembolso del importe de venta del Producto a cargo del Garante.<br \/>\nLa elecci\u00f3n del modo de eliminaci\u00f3n del defecto constituye la competencia exclusiva del garante.<\/li>\n<\/ol>\n<\/li>\n<li>El Garante no asumir\u00e1 los costes de recogida, entrega y reciclaje del Producto reclamado, a menos que el Producto reclamado le haya sido suministrado a petici\u00f3n suya en el curso de la tramitaci\u00f3n de la reclamaci\u00f3n y la reclamaci\u00f3n haya sido aceptada por el mismo.\/li&gt;<\/li>\n<\/ol>\n<h4><span style=\"color: #ff0000;\">\u00a74. Disposiciones finales<\/span><\/h4>\n<ol>\n<li>Cualquier asunto no regulado en el presente documento se deber\u00e1 tratar aplicando las disposiciones pertinentes del c\u00f3digo civil polaco.<\/li>\n<li>Cualquier conflicto entre el Garante y el Cliente ser\u00e1 resuelto por el \u00f3rgano jurisdiccional polaco competente del lugar de establecimiento del Garante.<\/li>\n<\/ol>\n","protected":false},"excerpt":{"rendered":"<p>\u00a7 1. Disposiciones generales El emisor de la presente garant\u00eda es la sociedad MARMITE Sp. z o.o., domiciliada en Zakrzewo, calle Przemys\u0142owa 4, 62-070 Dopiewo (Polonia), inscrita en el Registro de Empresarios del Registro Nacional Judicial gestionado por el Tribunal de Distrito de Pozna\u0144 &#8211; Nowe Miasto y Wilda de Pozna\u0144, VIII Secci\u00f3n de lo [&hellip;]<\/p>\n","protected":false},"author":1,"featured_media":7682,"parent":9337,"menu_order":14,"comment_status":"closed","ping_status":"closed","template":"page-templates\/page-menu-top.php","meta":{"footnotes":""},"acf":[],"yoast_head":"<!-- This site is optimized with the Yoast SEO plugin v20.13 - https:\/\/yoast.com\/wordpress\/plugins\/seo\/ -->\n<title>Garant\u00eda &bull; Marmite<\/title>\n<meta name=\"robots\" content=\"noindex, follow, max-snippet:-1, max-image-preview:large, max-video-preview:-1\" \/>\n<meta property=\"og:locale\" content=\"es_ES\" \/>\n<meta property=\"og:type\" content=\"article\" \/>\n<meta property=\"og:title\" content=\"Garant\u00eda &bull; Marmite\" \/>\n<meta property=\"og:url\" content=\"https:\/\/marmite-stg.mda.pl\/es\/laboratorio\/garantia\/\" \/>\n<meta property=\"og:site_name\" content=\"Marmite\" \/>\n<meta property=\"article:publisher\" content=\"https:\/\/www.facebook.com\/marmiteSA\" \/>\n<meta property=\"article:modified_time\" content=\"2020-06-29T09:17:56+00:00\" \/>\n<meta property=\"og:image\" content=\"https:\/\/marmite-stg.mda.pl\/wp-content\/uploads\/2020\/01\/laboratory.jpg\" \/>\n\t<meta property=\"og:image:width\" content=\"1880\" \/>\n\t<meta property=\"og:image:height\" content=\"400\" \/>\n\t<meta property=\"og:image:type\" content=\"image\/jpeg\" \/>\n<meta name=\"twitter:label1\" content=\"Tiempo de lectura\" \/>\n\t<meta name=\"twitter:data1\" content=\"4 minutos\" \/>\n<script type=\"application\/ld+json\" class=\"yoast-schema-graph\">{\"@context\":\"https:\/\/schema.org\",\"@graph\":[{\"@type\":\"WebPage\",\"@id\":\"https:\/\/marmite-stg.mda.pl\/es\/laboratorio\/garantia\/\",\"url\":\"https:\/\/marmite-stg.mda.pl\/es\/laboratorio\/garantia\/\",\"name\":\"Garant\u00eda &bull; Marmite\",\"isPartOf\":{\"@id\":\"https:\/\/marmite-stg.mda.pl\/es\/#website\"},\"datePublished\":\"2020-03-11T15:32:32+00:00\",\"dateModified\":\"2020-06-29T09:17:56+00:00\",\"breadcrumb\":{\"@id\":\"https:\/\/marmite-stg.mda.pl\/es\/laboratorio\/garantia\/#breadcrumb\"},\"inLanguage\":\"es\",\"potentialAction\":[{\"@type\":\"ReadAction\",\"target\":[\"https:\/\/marmite-stg.mda.pl\/es\/laboratorio\/garantia\/\"]}]},{\"@type\":\"BreadcrumbList\",\"@id\":\"https:\/\/marmite-stg.mda.pl\/es\/laboratorio\/garantia\/#breadcrumb\",\"itemListElement\":[{\"@type\":\"ListItem\",\"position\":1,\"name\":\"Home\",\"item\":\"https:\/\/marmite-stg.mda.pl\/es\/\"},{\"@type\":\"ListItem\",\"position\":2,\"name\":\"Laboratorio\",\"item\":\"https:\/\/marmite-stg.mda.pl\/es\/laboratorio\/\"},{\"@type\":\"ListItem\",\"position\":3,\"name\":\"Garant\u00eda\"}]},{\"@type\":\"WebSite\",\"@id\":\"https:\/\/marmite-stg.mda.pl\/es\/#website\",\"url\":\"https:\/\/marmite-stg.mda.pl\/es\/\",\"name\":\"Marmite\",\"description\":\"Marmite\",\"potentialAction\":[{\"@type\":\"SearchAction\",\"target\":{\"@type\":\"EntryPoint\",\"urlTemplate\":\"https:\/\/marmite-stg.mda.pl\/es\/?s={search_term_string}\"},\"query-input\":\"required name=search_term_string\"}],\"inLanguage\":\"es\"}]}<\/script>\n<!-- \/ Yoast SEO plugin. -->","yoast_head_json":{"title":"Garant\u00eda &bull; Marmite","robots":{"index":"noindex","follow":"follow","max-snippet":"max-snippet:-1","max-image-preview":"max-image-preview:large","max-video-preview":"max-video-preview:-1"},"og_locale":"es_ES","og_type":"article","og_title":"Garant\u00eda &bull; Marmite","og_url":"https:\/\/marmite-stg.mda.pl\/es\/laboratorio\/garantia\/","og_site_name":"Marmite","article_publisher":"https:\/\/www.facebook.com\/marmiteSA","article_modified_time":"2020-06-29T09:17:56+00:00","og_image":[{"width":1880,"height":400,"url":"https:\/\/marmite-stg.mda.pl\/wp-content\/uploads\/2020\/01\/laboratory.jpg","type":"image\/jpeg"}],"twitter_misc":{"Tiempo de lectura":"4 minutos"},"schema":{"@context":"https:\/\/schema.org","@graph":[{"@type":"WebPage","@id":"https:\/\/marmite-stg.mda.pl\/es\/laboratorio\/garantia\/","url":"https:\/\/marmite-stg.mda.pl\/es\/laboratorio\/garantia\/","name":"Garant\u00eda &bull; Marmite","isPartOf":{"@id":"https:\/\/marmite-stg.mda.pl\/es\/#website"},"datePublished":"2020-03-11T15:32:32+00:00","dateModified":"2020-06-29T09:17:56+00:00","breadcrumb":{"@id":"https:\/\/marmite-stg.mda.pl\/es\/laboratorio\/garantia\/#breadcrumb"},"inLanguage":"es","potentialAction":[{"@type":"ReadAction","target":["https:\/\/marmite-stg.mda.pl\/es\/laboratorio\/garantia\/"]}]},{"@type":"BreadcrumbList","@id":"https:\/\/marmite-stg.mda.pl\/es\/laboratorio\/garantia\/#breadcrumb","itemListElement":[{"@type":"ListItem","position":1,"name":"Home","item":"https:\/\/marmite-stg.mda.pl\/es\/"},{"@type":"ListItem","position":2,"name":"Laboratorio","item":"https:\/\/marmite-stg.mda.pl\/es\/laboratorio\/"},{"@type":"ListItem","position":3,"name":"Garant\u00eda"}]},{"@type":"WebSite","@id":"https:\/\/marmite-stg.mda.pl\/es\/#website","url":"https:\/\/marmite-stg.mda.pl\/es\/","name":"Marmite","description":"Marmite","potentialAction":[{"@type":"SearchAction","target":{"@type":"EntryPoint","urlTemplate":"https:\/\/marmite-stg.mda.pl\/es\/?s={search_term_string}"},"query-input":"required name=search_term_string"}],"inLanguage":"es"}]}},"_links":{"self":[{"href":"https:\/\/marmite-stg.mda.pl\/es\/wp-json\/wp\/v2\/pages\/9341"}],"collection":[{"href":"https:\/\/marmite-stg.mda.pl\/es\/wp-json\/wp\/v2\/pages"}],"about":[{"href":"https:\/\/marmite-stg.mda.pl\/es\/wp-json\/wp\/v2\/types\/page"}],"author":[{"embeddable":true,"href":"https:\/\/marmite-stg.mda.pl\/es\/wp-json\/wp\/v2\/users\/1"}],"replies":[{"embeddable":true,"href":"https:\/\/marmite-stg.mda.pl\/es\/wp-json\/wp\/v2\/comments?post=9341"}],"version-history":[{"count":4,"href":"https:\/\/marmite-stg.mda.pl\/es\/wp-json\/wp\/v2\/pages\/9341\/revisions"}],"predecessor-version":[{"id":17185,"href":"https:\/\/marmite-stg.mda.pl\/es\/wp-json\/wp\/v2\/pages\/9341\/revisions\/17185"}],"up":[{"embeddable":true,"href":"https:\/\/marmite-stg.mda.pl\/es\/wp-json\/wp\/v2\/pages\/9337"}],"wp:featuredmedia":[{"embeddable":true,"href":"https:\/\/marmite-stg.mda.pl\/es\/wp-json\/wp\/v2\/media\/7682"}],"wp:attachment":[{"href":"https:\/\/marmite-stg.mda.pl\/es\/wp-json\/wp\/v2\/media?parent=9341"}],"curies":[{"name":"wp","href":"https:\/\/api.w.org\/{rel}","templated":true}]}}