{"id":9352,"date":"2020-03-11T16:03:44","date_gmt":"2020-03-11T16:03:44","guid":{"rendered":"https:\/\/site.marmite.mda.pl\/?page_id=9352"},"modified":"2022-04-04T15:26:31","modified_gmt":"2022-04-04T15:26:31","slug":"oem-5","status":"publish","type":"page","link":"https:\/\/marmite-stg.mda.pl\/es\/oem-5\/","title":{"rendered":"OEM"},"content":{"rendered":"<p>Asimismo, apoyamos a nuestros socios en sus actividades estrat\u00e9gicas: el an\u00e1lisis y la complementaci\u00f3n de la gama de productos, la evaluaci\u00f3n de la viabilidad comercial de las iniciativas empresariales, el perfeccionamiento de los procedimientos de mejora y control de calidad.<\/p>\n<p>Gracias a la atenci\u00f3n integral prestada a los socios, y compartiendo con ellos nuestra experiencia y la m\u00e1s alta calidad de la producci\u00f3n de elementos de Mineral Composite, les ofrecemos una alternativa interesante en un mercado en el que hace no mucho predominaban los productos cer\u00e1micos y acr\u00edlicos.<\/p>\n","protected":false},"excerpt":{"rendered":"<p>Asimismo, apoyamos a nuestros socios en sus actividades estrat\u00e9gicas: el an\u00e1lisis y la complementaci\u00f3n de la gama de productos, la evaluaci\u00f3n de la viabilidad comercial de las iniciativas empresariales, el perfeccionamiento de los procedimientos de mejora y control de calidad. Gracias a la atenci\u00f3n integral prestada a los socios, y compartiendo con ellos nuestra experiencia [&hellip;]<\/p>\n","protected":false},"author":1,"featured_media":0,"parent":0,"menu_order":15,"comment_status":"closed","ping_status":"closed","template":"page-templates\/layout_private_label.php","meta":{"footnotes":""},"acf":[],"yoast_head":"<!-- This site is optimized with the Yoast SEO plugin v20.13 - https:\/\/yoast.com\/wordpress\/plugins\/seo\/ -->\n<title>OEM &bull; Marmite<\/title>\n<meta name=\"robots\" content=\"noindex, follow, max-snippet:-1, max-image-preview:large, max-video-preview:-1\" \/>\n<meta property=\"og:locale\" content=\"es_ES\" \/>\n<meta property=\"og:type\" content=\"article\" \/>\n<meta property=\"og:title\" content=\"OEM &bull; Marmite\" \/>\n<meta property=\"og:url\" content=\"https:\/\/marmite-stg.mda.pl\/es\/oem-5\/\" \/>\n<meta property=\"og:site_name\" content=\"Marmite\" \/>\n<meta property=\"article:publisher\" content=\"https:\/\/www.facebook.com\/marmiteSA\" \/>\n<meta property=\"article:modified_time\" content=\"2022-04-04T15:26:31+00:00\" \/>\n<script type=\"application\/ld+json\" class=\"yoast-schema-graph\">{\"@context\":\"https:\/\/schema.org\",\"@graph\":[{\"@type\":\"WebPage\",\"@id\":\"https:\/\/marmite-stg.mda.pl\/es\/oem-5\/\",\"url\":\"https:\/\/marmite-stg.mda.pl\/es\/oem-5\/\",\"name\":\"OEM &bull; Marmite\",\"isPartOf\":{\"@id\":\"https:\/\/marmite-stg.mda.pl\/es\/#website\"},\"datePublished\":\"2020-03-11T16:03:44+00:00\",\"dateModified\":\"2022-04-04T15:26:31+00:00\",\"breadcrumb\":{\"@id\":\"https:\/\/marmite-stg.mda.pl\/es\/oem-5\/#breadcrumb\"},\"inLanguage\":\"es\",\"potentialAction\":[{\"@type\":\"ReadAction\",\"target\":[\"https:\/\/marmite-stg.mda.pl\/es\/oem-5\/\"]}]},{\"@type\":\"BreadcrumbList\",\"@id\":\"https:\/\/marmite-stg.mda.pl\/es\/oem-5\/#breadcrumb\",\"itemListElement\":[{\"@type\":\"ListItem\",\"position\":1,\"name\":\"Home\",\"item\":\"https:\/\/marmite-stg.mda.pl\/es\/\"},{\"@type\":\"ListItem\",\"position\":2,\"name\":\"OEM\"}]},{\"@type\":\"WebSite\",\"@id\":\"https:\/\/marmite-stg.mda.pl\/es\/#website\",\"url\":\"https:\/\/marmite-stg.mda.pl\/es\/\",\"name\":\"Marmite\",\"description\":\"Marmite\",\"potentialAction\":[{\"@type\":\"SearchAction\",\"target\":{\"@type\":\"EntryPoint\",\"urlTemplate\":\"https:\/\/marmite-stg.mda.pl\/es\/?s={search_term_string}\"},\"query-input\":\"required name=search_term_string\"}],\"inLanguage\":\"es\"}]}<\/script>\n<!-- \/ Yoast SEO plugin. -->","yoast_head_json":{"title":"OEM &bull; Marmite","robots":{"index":"noindex","follow":"follow","max-snippet":"max-snippet:-1","max-image-preview":"max-image-preview:large","max-video-preview":"max-video-preview:-1"},"og_locale":"es_ES","og_type":"article","og_title":"OEM &bull; Marmite","og_url":"https:\/\/marmite-stg.mda.pl\/es\/oem-5\/","og_site_name":"Marmite","article_publisher":"https:\/\/www.facebook.com\/marmiteSA","article_modified_time":"2022-04-04T15:26:31+00:00","schema":{"@context":"https:\/\/schema.org","@graph":[{"@type":"WebPage","@id":"https:\/\/marmite-stg.mda.pl\/es\/oem-5\/","url":"https:\/\/marmite-stg.mda.pl\/es\/oem-5\/","name":"OEM &bull; Marmite","isPartOf":{"@id":"https:\/\/marmite-stg.mda.pl\/es\/#website"},"datePublished":"2020-03-11T16:03:44+00:00","dateModified":"2022-04-04T15:26:31+00:00","breadcrumb":{"@id":"https:\/\/marmite-stg.mda.pl\/es\/oem-5\/#breadcrumb"},"inLanguage":"es","potentialAction":[{"@type":"ReadAction","target":["https:\/\/marmite-stg.mda.pl\/es\/oem-5\/"]}]},{"@type":"BreadcrumbList","@id":"https:\/\/marmite-stg.mda.pl\/es\/oem-5\/#breadcrumb","itemListElement":[{"@type":"ListItem","position":1,"name":"Home","item":"https:\/\/marmite-stg.mda.pl\/es\/"},{"@type":"ListItem","position":2,"name":"OEM"}]},{"@type":"WebSite","@id":"https:\/\/marmite-stg.mda.pl\/es\/#website","url":"https:\/\/marmite-stg.mda.pl\/es\/","name":"Marmite","description":"Marmite","potentialAction":[{"@type":"SearchAction","target":{"@type":"EntryPoint","urlTemplate":"https:\/\/marmite-stg.mda.pl\/es\/?s={search_term_string}"},"query-input":"required name=search_term_string"}],"inLanguage":"es"}]}},"_links":{"self":[{"href":"https:\/\/marmite-stg.mda.pl\/es\/wp-json\/wp\/v2\/pages\/9352"}],"collection":[{"href":"https:\/\/marmite-stg.mda.pl\/es\/wp-json\/wp\/v2\/pages"}],"about":[{"href":"https:\/\/marmite-stg.mda.pl\/es\/wp-json\/wp\/v2\/types\/page"}],"author":[{"embeddable":true,"href":"https:\/\/marmite-stg.mda.pl\/es\/wp-json\/wp\/v2\/users\/1"}],"replies":[{"embeddable":true,"href":"https:\/\/marmite-stg.mda.pl\/es\/wp-json\/wp\/v2\/comments?post=9352"}],"version-history":[{"count":5,"href":"https:\/\/marmite-stg.mda.pl\/es\/wp-json\/wp\/v2\/pages\/9352\/revisions"}],"predecessor-version":[{"id":24289,"href":"https:\/\/marmite-stg.mda.pl\/es\/wp-json\/wp\/v2\/pages\/9352\/revisions\/24289"}],"wp:attachment":[{"href":"https:\/\/marmite-stg.mda.pl\/es\/wp-json\/wp\/v2\/media?parent=9352"}],"curies":[{"name":"wp","href":"https:\/\/api.w.org\/{rel}","templated":true}]}}