{"id":9383,"date":"2020-03-12T14:11:09","date_gmt":"2020-03-12T14:11:09","guid":{"rendered":"https:\/\/site.marmite.mda.pl\/?page_id=9383"},"modified":"2023-02-21T08:00:21","modified_gmt":"2023-02-21T08:00:21","slug":"estructuras","status":"publish","type":"page","link":"https:\/\/marmite-stg.mda.pl\/es\/sobre-el-material\/estructuras\/","title":{"rendered":"Estructuras"},"content":{"rendered":"<p>Mineral Composite es un material que ofrece una <strong>plena libertad de dise\u00f1o<\/strong>. Sus propiedades permiten dise\u00f1ar y fabricar productos de cualquier forma, color y textura. El material de los productos Marmite evoca directamente a las <strong>materias primas naturales.<\/strong> Al igual que ellas, es un material con car\u00e1cter singular que se adapta perfectamente a un cuarto de ba\u00f1o moderno.<\/p>\n<p>A continuaci\u00f3n, presentamos una serie de dise\u00f1os est\u00e1ndar, lo que no implica que no estemos dispuestos a cumplir con las expectativas especiales de nuestros clientes, ajustando los colores y el tipo de superficie a las necesidades y los pedidos individuales.<\/p>\n","protected":false},"excerpt":{"rendered":"<p>Mineral Composite es un material que ofrece una plena libertad de dise\u00f1o. Sus propiedades permiten dise\u00f1ar y fabricar productos de cualquier forma, color y textura. El material de los productos Marmite evoca directamente a las materias primas naturales. Al igual que ellas, es un material con car\u00e1cter singular que se adapta perfectamente a un cuarto [&hellip;]<\/p>\n","protected":false},"author":1,"featured_media":14305,"parent":9372,"menu_order":334,"comment_status":"open","ping_status":"closed","template":"page-templates\/layout_colors.php","meta":{"footnotes":""},"acf":[],"yoast_head":"<!-- This site is optimized with the Yoast SEO plugin v20.13 - https:\/\/yoast.com\/wordpress\/plugins\/seo\/ -->\n<title>Estructuras &bull; Marmite<\/title>\n<meta name=\"robots\" content=\"noindex, follow, max-snippet:-1, max-image-preview:large, max-video-preview:-1\" \/>\n<meta property=\"og:locale\" content=\"es_ES\" \/>\n<meta property=\"og:type\" content=\"article\" \/>\n<meta property=\"og:title\" content=\"Estructuras &bull; Marmite\" \/>\n<meta property=\"og:url\" content=\"https:\/\/marmite-stg.mda.pl\/es\/sobre-el-material\/estructuras\/\" \/>\n<meta property=\"og:site_name\" content=\"Marmite\" \/>\n<meta property=\"article:publisher\" content=\"https:\/\/www.facebook.com\/marmiteSA\" \/>\n<meta property=\"article:modified_time\" content=\"2023-02-21T08:00:21+00:00\" \/>\n<meta property=\"og:image\" content=\"https:\/\/marmite-stg.mda.pl\/wp-content\/uploads\/2015\/08\/material_banner.jpg\" \/>\n\t<meta property=\"og:image:width\" content=\"1880\" \/>\n\t<meta property=\"og:image:height\" content=\"400\" \/>\n\t<meta property=\"og:image:type\" content=\"image\/jpeg\" \/>\n<meta name=\"twitter:label1\" content=\"Tiempo de lectura\" \/>\n\t<meta name=\"twitter:data1\" content=\"1 minuto\" \/>\n<script type=\"application\/ld+json\" class=\"yoast-schema-graph\">{\"@context\":\"https:\/\/schema.org\",\"@graph\":[{\"@type\":\"WebPage\",\"@id\":\"https:\/\/marmite-stg.mda.pl\/es\/sobre-el-material\/estructuras\/\",\"url\":\"https:\/\/marmite-stg.mda.pl\/es\/sobre-el-material\/estructuras\/\",\"name\":\"Estructuras &bull; Marmite\",\"isPartOf\":{\"@id\":\"https:\/\/marmite-stg.mda.pl\/es\/#website\"},\"datePublished\":\"2020-03-12T14:11:09+00:00\",\"dateModified\":\"2023-02-21T08:00:21+00:00\",\"breadcrumb\":{\"@id\":\"https:\/\/marmite-stg.mda.pl\/es\/sobre-el-material\/estructuras\/#breadcrumb\"},\"inLanguage\":\"es\",\"potentialAction\":[{\"@type\":\"ReadAction\",\"target\":[\"https:\/\/marmite-stg.mda.pl\/es\/sobre-el-material\/estructuras\/\"]}]},{\"@type\":\"BreadcrumbList\",\"@id\":\"https:\/\/marmite-stg.mda.pl\/es\/sobre-el-material\/estructuras\/#breadcrumb\",\"itemListElement\":[{\"@type\":\"ListItem\",\"position\":1,\"name\":\"Home\",\"item\":\"https:\/\/marmite-stg.mda.pl\/es\/\"},{\"@type\":\"ListItem\",\"position\":2,\"name\":\"Sobre el material\",\"item\":\"https:\/\/marmite-stg.mda.pl\/es\/sobre-el-material\/\"},{\"@type\":\"ListItem\",\"position\":3,\"name\":\"Estructuras\"}]},{\"@type\":\"WebSite\",\"@id\":\"https:\/\/marmite-stg.mda.pl\/es\/#website\",\"url\":\"https:\/\/marmite-stg.mda.pl\/es\/\",\"name\":\"Marmite\",\"description\":\"Marmite\",\"potentialAction\":[{\"@type\":\"SearchAction\",\"target\":{\"@type\":\"EntryPoint\",\"urlTemplate\":\"https:\/\/marmite-stg.mda.pl\/es\/?s={search_term_string}\"},\"query-input\":\"required name=search_term_string\"}],\"inLanguage\":\"es\"}]}<\/script>\n<!-- \/ Yoast SEO plugin. -->","yoast_head_json":{"title":"Estructuras &bull; Marmite","robots":{"index":"noindex","follow":"follow","max-snippet":"max-snippet:-1","max-image-preview":"max-image-preview:large","max-video-preview":"max-video-preview:-1"},"og_locale":"es_ES","og_type":"article","og_title":"Estructuras &bull; Marmite","og_url":"https:\/\/marmite-stg.mda.pl\/es\/sobre-el-material\/estructuras\/","og_site_name":"Marmite","article_publisher":"https:\/\/www.facebook.com\/marmiteSA","article_modified_time":"2023-02-21T08:00:21+00:00","og_image":[{"width":1880,"height":400,"url":"https:\/\/marmite-stg.mda.pl\/wp-content\/uploads\/2015\/08\/material_banner.jpg","type":"image\/jpeg"}],"twitter_misc":{"Tiempo de lectura":"1 minuto"},"schema":{"@context":"https:\/\/schema.org","@graph":[{"@type":"WebPage","@id":"https:\/\/marmite-stg.mda.pl\/es\/sobre-el-material\/estructuras\/","url":"https:\/\/marmite-stg.mda.pl\/es\/sobre-el-material\/estructuras\/","name":"Estructuras &bull; Marmite","isPartOf":{"@id":"https:\/\/marmite-stg.mda.pl\/es\/#website"},"datePublished":"2020-03-12T14:11:09+00:00","dateModified":"2023-02-21T08:00:21+00:00","breadcrumb":{"@id":"https:\/\/marmite-stg.mda.pl\/es\/sobre-el-material\/estructuras\/#breadcrumb"},"inLanguage":"es","potentialAction":[{"@type":"ReadAction","target":["https:\/\/marmite-stg.mda.pl\/es\/sobre-el-material\/estructuras\/"]}]},{"@type":"BreadcrumbList","@id":"https:\/\/marmite-stg.mda.pl\/es\/sobre-el-material\/estructuras\/#breadcrumb","itemListElement":[{"@type":"ListItem","position":1,"name":"Home","item":"https:\/\/marmite-stg.mda.pl\/es\/"},{"@type":"ListItem","position":2,"name":"Sobre el material","item":"https:\/\/marmite-stg.mda.pl\/es\/sobre-el-material\/"},{"@type":"ListItem","position":3,"name":"Estructuras"}]},{"@type":"WebSite","@id":"https:\/\/marmite-stg.mda.pl\/es\/#website","url":"https:\/\/marmite-stg.mda.pl\/es\/","name":"Marmite","description":"Marmite","potentialAction":[{"@type":"SearchAction","target":{"@type":"EntryPoint","urlTemplate":"https:\/\/marmite-stg.mda.pl\/es\/?s={search_term_string}"},"query-input":"required name=search_term_string"}],"inLanguage":"es"}]}},"_links":{"self":[{"href":"https:\/\/marmite-stg.mda.pl\/es\/wp-json\/wp\/v2\/pages\/9383"}],"collection":[{"href":"https:\/\/marmite-stg.mda.pl\/es\/wp-json\/wp\/v2\/pages"}],"about":[{"href":"https:\/\/marmite-stg.mda.pl\/es\/wp-json\/wp\/v2\/types\/page"}],"author":[{"embeddable":true,"href":"https:\/\/marmite-stg.mda.pl\/es\/wp-json\/wp\/v2\/users\/1"}],"replies":[{"embeddable":true,"href":"https:\/\/marmite-stg.mda.pl\/es\/wp-json\/wp\/v2\/comments?post=9383"}],"version-history":[{"count":13,"href":"https:\/\/marmite-stg.mda.pl\/es\/wp-json\/wp\/v2\/pages\/9383\/revisions"}],"predecessor-version":[{"id":27149,"href":"https:\/\/marmite-stg.mda.pl\/es\/wp-json\/wp\/v2\/pages\/9383\/revisions\/27149"}],"up":[{"embeddable":true,"href":"https:\/\/marmite-stg.mda.pl\/es\/wp-json\/wp\/v2\/pages\/9372"}],"wp:featuredmedia":[{"embeddable":true,"href":"https:\/\/marmite-stg.mda.pl\/es\/wp-json\/wp\/v2\/media\/14305"}],"wp:attachment":[{"href":"https:\/\/marmite-stg.mda.pl\/es\/wp-json\/wp\/v2\/media?parent=9383"}],"curies":[{"name":"wp","href":"https:\/\/api.w.org\/{rel}","templated":true}]}}