{"id":9390,"date":"2020-03-12T14:16:45","date_gmt":"2020-03-12T14:16:45","guid":{"rendered":"https:\/\/site.marmite.mda.pl\/?page_id=9390"},"modified":"2020-06-29T10:24:22","modified_gmt":"2020-06-29T10:24:22","slug":"pasta-de-pulir","status":"publish","type":"page","link":"https:\/\/marmite-stg.mda.pl\/es\/sobre-el-material\/reparacion\/pasta-de-pulir\/","title":{"rendered":"Pasta de pulir"},"content":{"rendered":"<p><strong>Ventajas principales:<\/strong><\/p>\n<ul>\n<li>El m\u00e9todo m\u00e1s r\u00e1pido y eficaz de conseguir un alto brillo<\/li>\n<li>Reparaci\u00f3n eficaz de los ara\u00f1azos<\/li>\n<li>Restituye una suavidad impecable de la superficie<\/li>\n<li>Sirve para pulir la superficie con medios manuales o mec\u00e1nicos<\/li>\n<li>No contiene silicona, cera ni sustancias corrosivas<\/li>\n<\/ul>\n","protected":false},"excerpt":{"rendered":"<p>Ventajas principales: El m\u00e9todo m\u00e1s r\u00e1pido y eficaz de conseguir un alto brillo Reparaci\u00f3n eficaz de los ara\u00f1azos Restituye una suavidad impecable de la superficie Sirve para pulir la superficie con medios manuales o mec\u00e1nicos No contiene silicona, cera ni sustancias corrosivas<\/p>\n","protected":false},"author":1,"featured_media":0,"parent":9387,"menu_order":274,"comment_status":"closed","ping_status":"closed","template":"page-templates\/layout_repaire_product.php","meta":{"footnotes":""},"acf":[],"yoast_head":"<!-- This site is optimized with the Yoast SEO plugin v20.13 - https:\/\/yoast.com\/wordpress\/plugins\/seo\/ -->\n<title>Pasta de pulir &bull; Marmite<\/title>\n<meta name=\"robots\" content=\"noindex, follow, max-snippet:-1, max-image-preview:large, max-video-preview:-1\" \/>\n<meta property=\"og:locale\" content=\"es_ES\" \/>\n<meta property=\"og:type\" content=\"article\" \/>\n<meta property=\"og:title\" content=\"Pasta de pulir &bull; Marmite\" \/>\n<meta property=\"og:url\" content=\"https:\/\/marmite-stg.mda.pl\/es\/sobre-el-material\/reparacion\/pasta-de-pulir\/\" \/>\n<meta property=\"og:site_name\" content=\"Marmite\" \/>\n<meta property=\"article:publisher\" content=\"https:\/\/www.facebook.com\/marmiteSA\" \/>\n<meta property=\"article:modified_time\" content=\"2020-06-29T10:24:22+00:00\" \/>\n<script type=\"application\/ld+json\" class=\"yoast-schema-graph\">{\"@context\":\"https:\/\/schema.org\",\"@graph\":[{\"@type\":\"WebPage\",\"@id\":\"https:\/\/marmite-stg.mda.pl\/es\/sobre-el-material\/reparacion\/pasta-de-pulir\/\",\"url\":\"https:\/\/marmite-stg.mda.pl\/es\/sobre-el-material\/reparacion\/pasta-de-pulir\/\",\"name\":\"Pasta de pulir &bull; Marmite\",\"isPartOf\":{\"@id\":\"https:\/\/marmite-stg.mda.pl\/es\/#website\"},\"datePublished\":\"2020-03-12T14:16:45+00:00\",\"dateModified\":\"2020-06-29T10:24:22+00:00\",\"breadcrumb\":{\"@id\":\"https:\/\/marmite-stg.mda.pl\/es\/sobre-el-material\/reparacion\/pasta-de-pulir\/#breadcrumb\"},\"inLanguage\":\"es\",\"potentialAction\":[{\"@type\":\"ReadAction\",\"target\":[\"https:\/\/marmite-stg.mda.pl\/es\/sobre-el-material\/reparacion\/pasta-de-pulir\/\"]}]},{\"@type\":\"BreadcrumbList\",\"@id\":\"https:\/\/marmite-stg.mda.pl\/es\/sobre-el-material\/reparacion\/pasta-de-pulir\/#breadcrumb\",\"itemListElement\":[{\"@type\":\"ListItem\",\"position\":1,\"name\":\"Home\",\"item\":\"https:\/\/marmite-stg.mda.pl\/es\/\"},{\"@type\":\"ListItem\",\"position\":2,\"name\":\"Sobre el material\",\"item\":\"https:\/\/marmite-stg.mda.pl\/es\/sobre-el-material\/\"},{\"@type\":\"ListItem\",\"position\":3,\"name\":\"Reparaci\u00f3n\",\"item\":\"https:\/\/marmite-stg.mda.pl\/es\/material\/repairable\/\"},{\"@type\":\"ListItem\",\"position\":4,\"name\":\"Pasta de pulir\"}]},{\"@type\":\"WebSite\",\"@id\":\"https:\/\/marmite-stg.mda.pl\/es\/#website\",\"url\":\"https:\/\/marmite-stg.mda.pl\/es\/\",\"name\":\"Marmite\",\"description\":\"Marmite\",\"potentialAction\":[{\"@type\":\"SearchAction\",\"target\":{\"@type\":\"EntryPoint\",\"urlTemplate\":\"https:\/\/marmite-stg.mda.pl\/es\/?s={search_term_string}\"},\"query-input\":\"required name=search_term_string\"}],\"inLanguage\":\"es\"}]}<\/script>\n<!-- \/ Yoast SEO plugin. -->","yoast_head_json":{"title":"Pasta de pulir &bull; Marmite","robots":{"index":"noindex","follow":"follow","max-snippet":"max-snippet:-1","max-image-preview":"max-image-preview:large","max-video-preview":"max-video-preview:-1"},"og_locale":"es_ES","og_type":"article","og_title":"Pasta de pulir &bull; Marmite","og_url":"https:\/\/marmite-stg.mda.pl\/es\/sobre-el-material\/reparacion\/pasta-de-pulir\/","og_site_name":"Marmite","article_publisher":"https:\/\/www.facebook.com\/marmiteSA","article_modified_time":"2020-06-29T10:24:22+00:00","schema":{"@context":"https:\/\/schema.org","@graph":[{"@type":"WebPage","@id":"https:\/\/marmite-stg.mda.pl\/es\/sobre-el-material\/reparacion\/pasta-de-pulir\/","url":"https:\/\/marmite-stg.mda.pl\/es\/sobre-el-material\/reparacion\/pasta-de-pulir\/","name":"Pasta de pulir &bull; Marmite","isPartOf":{"@id":"https:\/\/marmite-stg.mda.pl\/es\/#website"},"datePublished":"2020-03-12T14:16:45+00:00","dateModified":"2020-06-29T10:24:22+00:00","breadcrumb":{"@id":"https:\/\/marmite-stg.mda.pl\/es\/sobre-el-material\/reparacion\/pasta-de-pulir\/#breadcrumb"},"inLanguage":"es","potentialAction":[{"@type":"ReadAction","target":["https:\/\/marmite-stg.mda.pl\/es\/sobre-el-material\/reparacion\/pasta-de-pulir\/"]}]},{"@type":"BreadcrumbList","@id":"https:\/\/marmite-stg.mda.pl\/es\/sobre-el-material\/reparacion\/pasta-de-pulir\/#breadcrumb","itemListElement":[{"@type":"ListItem","position":1,"name":"Home","item":"https:\/\/marmite-stg.mda.pl\/es\/"},{"@type":"ListItem","position":2,"name":"Sobre el material","item":"https:\/\/marmite-stg.mda.pl\/es\/sobre-el-material\/"},{"@type":"ListItem","position":3,"name":"Reparaci\u00f3n","item":"https:\/\/marmite-stg.mda.pl\/es\/material\/repairable\/"},{"@type":"ListItem","position":4,"name":"Pasta de pulir"}]},{"@type":"WebSite","@id":"https:\/\/marmite-stg.mda.pl\/es\/#website","url":"https:\/\/marmite-stg.mda.pl\/es\/","name":"Marmite","description":"Marmite","potentialAction":[{"@type":"SearchAction","target":{"@type":"EntryPoint","urlTemplate":"https:\/\/marmite-stg.mda.pl\/es\/?s={search_term_string}"},"query-input":"required name=search_term_string"}],"inLanguage":"es"}]}},"_links":{"self":[{"href":"https:\/\/marmite-stg.mda.pl\/es\/wp-json\/wp\/v2\/pages\/9390"}],"collection":[{"href":"https:\/\/marmite-stg.mda.pl\/es\/wp-json\/wp\/v2\/pages"}],"about":[{"href":"https:\/\/marmite-stg.mda.pl\/es\/wp-json\/wp\/v2\/types\/page"}],"author":[{"embeddable":true,"href":"https:\/\/marmite-stg.mda.pl\/es\/wp-json\/wp\/v2\/users\/1"}],"replies":[{"embeddable":true,"href":"https:\/\/marmite-stg.mda.pl\/es\/wp-json\/wp\/v2\/comments?post=9390"}],"version-history":[{"count":5,"href":"https:\/\/marmite-stg.mda.pl\/es\/wp-json\/wp\/v2\/pages\/9390\/revisions"}],"predecessor-version":[{"id":17389,"href":"https:\/\/marmite-stg.mda.pl\/es\/wp-json\/wp\/v2\/pages\/9390\/revisions\/17389"}],"up":[{"embeddable":true,"href":"https:\/\/marmite-stg.mda.pl\/es\/wp-json\/wp\/v2\/pages\/9387"}],"wp:attachment":[{"href":"https:\/\/marmite-stg.mda.pl\/es\/wp-json\/wp\/v2\/media?parent=9390"}],"curies":[{"name":"wp","href":"https:\/\/api.w.org\/{rel}","templated":true}]}}