{"id":9395,"date":"2020-03-12T14:18:59","date_gmt":"2020-03-12T14:18:59","guid":{"rendered":"https:\/\/site.marmite.mda.pl\/?page_id=9395"},"modified":"2020-06-29T10:29:05","modified_gmt":"2020-06-29T10:29:05","slug":"kit-de-reparacion-touch-up-stick","status":"publish","type":"page","link":"https:\/\/marmite-stg.mda.pl\/es\/sobre-el-material\/reparacion\/kit-de-reparacion-touch-up-stick\/","title":{"rendered":"Kit de reparaci\u00f3n \u00abTouch-up Stick\u00bb"},"content":{"rendered":"<p><strong>Ventajas principales:<\/strong><\/p>\n<ul>\n<li>Producto listo para el uso inmediato<\/li>\n<li>Reparaci\u00f3n f\u00e1cil: incluso para los usuarios sin experiencia previa<\/li>\n<li>No requiere el uso de herramientas adicionales<\/li>\n<li>Se puede utilizar m\u00faltiples veces<\/li>\n<li>Apto para su uso hasta 5 a\u00f1os despu\u00e9s de la apertura del envase<\/li>\n<li>Seguro y respetuoso con el medio ambiente<\/li>\n<\/ul>\n","protected":false},"excerpt":{"rendered":"<p>Ventajas principales: Producto listo para el uso inmediato Reparaci\u00f3n f\u00e1cil: incluso para los usuarios sin experiencia previa No requiere el uso de herramientas adicionales Se puede utilizar m\u00faltiples veces Apto para su uso hasta 5 a\u00f1os despu\u00e9s de la apertura del envase Seguro y respetuoso con el medio ambiente<\/p>\n","protected":false},"author":1,"featured_media":0,"parent":9387,"menu_order":249,"comment_status":"closed","ping_status":"closed","template":"page-templates\/layout_repaire_product.php","meta":{"footnotes":""},"acf":[],"yoast_head":"<!-- This site is optimized with the Yoast SEO plugin v20.13 - https:\/\/yoast.com\/wordpress\/plugins\/seo\/ -->\n<title>Kit de reparaci\u00f3n \u00abTouch-up Stick\u00bb &bull; Marmite<\/title>\n<meta name=\"robots\" content=\"noindex, follow, max-snippet:-1, max-image-preview:large, max-video-preview:-1\" \/>\n<meta property=\"og:locale\" content=\"es_ES\" \/>\n<meta property=\"og:type\" content=\"article\" \/>\n<meta property=\"og:title\" content=\"Kit de reparaci\u00f3n \u00abTouch-up Stick\u00bb &bull; Marmite\" \/>\n<meta property=\"og:url\" content=\"https:\/\/marmite-stg.mda.pl\/es\/sobre-el-material\/reparacion\/kit-de-reparacion-touch-up-stick\/\" \/>\n<meta property=\"og:site_name\" content=\"Marmite\" \/>\n<meta property=\"article:publisher\" content=\"https:\/\/www.facebook.com\/marmiteSA\" \/>\n<meta property=\"article:modified_time\" content=\"2020-06-29T10:29:05+00:00\" \/>\n<script type=\"application\/ld+json\" class=\"yoast-schema-graph\">{\"@context\":\"https:\/\/schema.org\",\"@graph\":[{\"@type\":\"WebPage\",\"@id\":\"https:\/\/marmite-stg.mda.pl\/es\/sobre-el-material\/reparacion\/kit-de-reparacion-touch-up-stick\/\",\"url\":\"https:\/\/marmite-stg.mda.pl\/es\/sobre-el-material\/reparacion\/kit-de-reparacion-touch-up-stick\/\",\"name\":\"Kit de reparaci\u00f3n \u00abTouch-up Stick\u00bb &bull; Marmite\",\"isPartOf\":{\"@id\":\"https:\/\/marmite-stg.mda.pl\/es\/#website\"},\"datePublished\":\"2020-03-12T14:18:59+00:00\",\"dateModified\":\"2020-06-29T10:29:05+00:00\",\"breadcrumb\":{\"@id\":\"https:\/\/marmite-stg.mda.pl\/es\/sobre-el-material\/reparacion\/kit-de-reparacion-touch-up-stick\/#breadcrumb\"},\"inLanguage\":\"es\",\"potentialAction\":[{\"@type\":\"ReadAction\",\"target\":[\"https:\/\/marmite-stg.mda.pl\/es\/sobre-el-material\/reparacion\/kit-de-reparacion-touch-up-stick\/\"]}]},{\"@type\":\"BreadcrumbList\",\"@id\":\"https:\/\/marmite-stg.mda.pl\/es\/sobre-el-material\/reparacion\/kit-de-reparacion-touch-up-stick\/#breadcrumb\",\"itemListElement\":[{\"@type\":\"ListItem\",\"position\":1,\"name\":\"Home\",\"item\":\"https:\/\/marmite-stg.mda.pl\/es\/\"},{\"@type\":\"ListItem\",\"position\":2,\"name\":\"Sobre el material\",\"item\":\"https:\/\/marmite-stg.mda.pl\/es\/sobre-el-material\/\"},{\"@type\":\"ListItem\",\"position\":3,\"name\":\"Reparaci\u00f3n\",\"item\":\"https:\/\/marmite-stg.mda.pl\/es\/material\/repairable\/\"},{\"@type\":\"ListItem\",\"position\":4,\"name\":\"Kit de reparaci\u00f3n \u00abTouch-up Stick\u00bb\"}]},{\"@type\":\"WebSite\",\"@id\":\"https:\/\/marmite-stg.mda.pl\/es\/#website\",\"url\":\"https:\/\/marmite-stg.mda.pl\/es\/\",\"name\":\"Marmite\",\"description\":\"Marmite\",\"potentialAction\":[{\"@type\":\"SearchAction\",\"target\":{\"@type\":\"EntryPoint\",\"urlTemplate\":\"https:\/\/marmite-stg.mda.pl\/es\/?s={search_term_string}\"},\"query-input\":\"required name=search_term_string\"}],\"inLanguage\":\"es\"}]}<\/script>\n<!-- \/ Yoast SEO plugin. -->","yoast_head_json":{"title":"Kit de reparaci\u00f3n \u00abTouch-up Stick\u00bb &bull; Marmite","robots":{"index":"noindex","follow":"follow","max-snippet":"max-snippet:-1","max-image-preview":"max-image-preview:large","max-video-preview":"max-video-preview:-1"},"og_locale":"es_ES","og_type":"article","og_title":"Kit de reparaci\u00f3n \u00abTouch-up Stick\u00bb &bull; Marmite","og_url":"https:\/\/marmite-stg.mda.pl\/es\/sobre-el-material\/reparacion\/kit-de-reparacion-touch-up-stick\/","og_site_name":"Marmite","article_publisher":"https:\/\/www.facebook.com\/marmiteSA","article_modified_time":"2020-06-29T10:29:05+00:00","schema":{"@context":"https:\/\/schema.org","@graph":[{"@type":"WebPage","@id":"https:\/\/marmite-stg.mda.pl\/es\/sobre-el-material\/reparacion\/kit-de-reparacion-touch-up-stick\/","url":"https:\/\/marmite-stg.mda.pl\/es\/sobre-el-material\/reparacion\/kit-de-reparacion-touch-up-stick\/","name":"Kit de reparaci\u00f3n \u00abTouch-up Stick\u00bb &bull; Marmite","isPartOf":{"@id":"https:\/\/marmite-stg.mda.pl\/es\/#website"},"datePublished":"2020-03-12T14:18:59+00:00","dateModified":"2020-06-29T10:29:05+00:00","breadcrumb":{"@id":"https:\/\/marmite-stg.mda.pl\/es\/sobre-el-material\/reparacion\/kit-de-reparacion-touch-up-stick\/#breadcrumb"},"inLanguage":"es","potentialAction":[{"@type":"ReadAction","target":["https:\/\/marmite-stg.mda.pl\/es\/sobre-el-material\/reparacion\/kit-de-reparacion-touch-up-stick\/"]}]},{"@type":"BreadcrumbList","@id":"https:\/\/marmite-stg.mda.pl\/es\/sobre-el-material\/reparacion\/kit-de-reparacion-touch-up-stick\/#breadcrumb","itemListElement":[{"@type":"ListItem","position":1,"name":"Home","item":"https:\/\/marmite-stg.mda.pl\/es\/"},{"@type":"ListItem","position":2,"name":"Sobre el material","item":"https:\/\/marmite-stg.mda.pl\/es\/sobre-el-material\/"},{"@type":"ListItem","position":3,"name":"Reparaci\u00f3n","item":"https:\/\/marmite-stg.mda.pl\/es\/material\/repairable\/"},{"@type":"ListItem","position":4,"name":"Kit de reparaci\u00f3n \u00abTouch-up Stick\u00bb"}]},{"@type":"WebSite","@id":"https:\/\/marmite-stg.mda.pl\/es\/#website","url":"https:\/\/marmite-stg.mda.pl\/es\/","name":"Marmite","description":"Marmite","potentialAction":[{"@type":"SearchAction","target":{"@type":"EntryPoint","urlTemplate":"https:\/\/marmite-stg.mda.pl\/es\/?s={search_term_string}"},"query-input":"required name=search_term_string"}],"inLanguage":"es"}]}},"_links":{"self":[{"href":"https:\/\/marmite-stg.mda.pl\/es\/wp-json\/wp\/v2\/pages\/9395"}],"collection":[{"href":"https:\/\/marmite-stg.mda.pl\/es\/wp-json\/wp\/v2\/pages"}],"about":[{"href":"https:\/\/marmite-stg.mda.pl\/es\/wp-json\/wp\/v2\/types\/page"}],"author":[{"embeddable":true,"href":"https:\/\/marmite-stg.mda.pl\/es\/wp-json\/wp\/v2\/users\/1"}],"replies":[{"embeddable":true,"href":"https:\/\/marmite-stg.mda.pl\/es\/wp-json\/wp\/v2\/comments?post=9395"}],"version-history":[{"count":4,"href":"https:\/\/marmite-stg.mda.pl\/es\/wp-json\/wp\/v2\/pages\/9395\/revisions"}],"predecessor-version":[{"id":17403,"href":"https:\/\/marmite-stg.mda.pl\/es\/wp-json\/wp\/v2\/pages\/9395\/revisions\/17403"}],"up":[{"embeddable":true,"href":"https:\/\/marmite-stg.mda.pl\/es\/wp-json\/wp\/v2\/pages\/9387"}],"wp:attachment":[{"href":"https:\/\/marmite-stg.mda.pl\/es\/wp-json\/wp\/v2\/media?parent=9395"}],"curies":[{"name":"wp","href":"https:\/\/api.w.org\/{rel}","templated":true}]}}