{"id":9530,"date":"2020-03-18T08:59:40","date_gmt":"2020-03-18T08:59:40","guid":{"rendered":"https:\/\/site.marmite.mda.pl\/?page_id=9530"},"modified":"2020-03-23T13:54:54","modified_gmt":"2020-03-23T13:54:54","slug":"politica-de-cookies","status":"publish","type":"page","link":"https:\/\/marmite-stg.mda.pl\/es\/politica-de-cookies\/","title":{"rendered":"Pol\u00edtica de cookies"},"content":{"rendered":"<p>Utilizamos <em>cookies<\/em> para las actividades llevadas a cabo por nuestra empresa (Marmite sp. z o.o.). Son ficheros que nos permiten observar y analizar el tr\u00e1fico en nuestra p\u00e1gina web. Sin embargo, estas actividades no implican el tratamiento de los datos personales, seg\u00fan las definiciones del RGPD.<\/p>\n<p>A continuaci\u00f3n, les explicamos detalladamente los procesos de almacenamiento y acceso a la informaci\u00f3n en tus dispositivos a trav\u00e9s de las <em>cookies<\/em>. Se entienden como dispositivos los equipos electr\u00f3nicos que utilizas para navegar por nuestra p\u00e1gina web.<\/p>\n<h3><span style=\"color: #ee3124;\">\u00a71 Qu\u00e9 son las <em>cookies<\/em><\/span><\/h3>\n<p>Las <em>cookies<\/em> son unos datos inform\u00e1ticos (peque\u00f1os ficheros de texto) guardados y almacenados en los dispositivos utilizados para navegar por nuestro sitio web.<\/p>\n<p>Se distinguen dos tipos de <em>cookies<\/em>:<\/p>\n<ol type=\"a\">\n<li><em>Cookies<\/em> del Administrator (<em>cookies <\/em>propias), que instalamos en relaci\u00f3n con la prestaci\u00f3n de nuestros servicios electr\u00f3nicos (a trav\u00e9s de nuestra p\u00e1gina web),<\/li>\n<li><em>Cookies<\/em> de terceros, que instalan los socios de nuestra empresa a trav\u00e9s de nuestra p\u00e1gina web.<\/li>\n<\/ol>\n<h3><span style=\"color: #ee3124;\">\u00a72 Qu\u00e9 tipo de <em>cookies<\/em> utilizamos<\/span><\/h3>\n<p>Utilizamos dos tipos de cookies:<\/p>\n<ol type=\"a\">\n<li><em>Cookies<\/em> de sesi\u00f3n: estos ficheros se almacenan en tu dispositivo hasta finalizar la sesi\u00f3n de determinado navegador; una vez finalizada la sesi\u00f3n, se borran de manera permanente de la memoria del dispositivo;<\/li>\n<li><em>Cookies<\/em> permanentes: estos ficheros se almacenan en tu dispositivo hasta su eliminaci\u00f3n; no se eliminan del dispositivo con la finalizaci\u00f3n de la sesi\u00f3n del navegador ni cuando se apaga el dispositivo.<\/li>\n<\/ol>\n<p>Los mecanismos de las <em>cookies<\/em> de sesi\u00f3n y permanentes no permiten descargar ning\u00fan tipo de datos personales o informaci\u00f3n confidencial de tu dispositivo.<\/p>\n<h3><span style=\"color: #ee3124;\">\u00a73 Para qu\u00e9 sirven las <em>cookies<\/em><\/span><\/h3>\n<p>Las <em>cookies<\/em> nos permiten ir ajustando y mejorando nuestra p\u00e1gina web para optimizar el uso de la misma. Adem\u00e1s, nos permiten analizar la informaci\u00f3n que no contenga datos personales, para fines estad\u00edsticos y poder determinar el inter\u00e9s en los distintos elementos de nuestra p\u00e1gina web.<\/p>\n<p>Nuestras <em>cookies<\/em> propias se utilizan para:<\/p>\n<ol type=\"a\">\n<li>adaptar el contenido de nuestra p\u00e1gina web a las preferencias de los usuarios,<\/li>\n<li>garantizar la m\u00e1xima funcionalidad de nuestra p\u00e1gina web y, por tanto, optimizar su uso,<\/li>\n<li>guardar el historial de las p\u00e1ginas visitadas en nuestro sitio web para poder recomendar las partes relevantes del mismo,<\/li>\n<li>guardar la configuraci\u00f3n que haya seleccionado cada usuario y personalizar su interfaz (por ejemplo, en cuanto a la elecci\u00f3n de idioma o regi\u00f3n),<\/li>\n<li>reconocer los par\u00e1metros b\u00e1sicos del dispositivo de cada usuario para que pueda visualizar adecuadamente nuestra p\u00e1gina web,<\/li>\n<li>verificar las fuentes de redirecci\u00f3n de los usuarios a nuestra p\u00e1gina web,<\/li>\n<li>facilitar informaci\u00f3n a los usuarios teniendo en consideraci\u00f3n su ubicaci\u00f3n,<\/li>\n<li>elaborar estad\u00edsticas (an\u00f3nimas) para mejorar nuestra p\u00e1gina web,<\/li>\n<li>garantizar la seguridad y fiabilidad de nuestra p\u00e1gina web,<\/li>\n<li>cumplir con nuestros objetivos en el \u00e1mbito de la mercadotecnia.<\/li>\n<\/ol>\n<p>Las <em>cookies<\/em> de terceros se utilizan para:<\/p>\n<ol type=\"a\">\n<li>recopilar datos estad\u00edsticos generales y an\u00f3nimos a trav\u00e9s de la herramienta Google Analytics (administrador de las <em>cookies<\/em>: Google Inc. con domicilio social en EE. UU.). Encontrar\u00e1s m\u00e1s informaci\u00f3n al respecto en el punto 6 a continuaci\u00f3n,<\/li>\n<li>facilitar contenidos multimedia del sitio externo www.youtube.com (administrados de las <em>cookies<\/em>: Google Inc. con domicilio social en EE. UU.) en la p\u00e1gina web. Encontrar\u00e1s m\u00e1s informaci\u00f3n al respecto en el punto 7 a continuaci\u00f3n.<\/li>\n<\/ol>\n<h3><span style=\"color: #ee3124;\">\u00a74 Seguridad de tus dispositivos<\/span><\/h3>\n<p>Las <em>cookies<\/em> que utilizamos no entra\u00f1an riesgos para tus dispositivos. Sobre todo, no pueden transmitir virus u otro tipo de software no deseado o malicioso a tus dispositivos.<\/p>\n<h3><span style=\"color: #ee3124;\">\u00a75 Configuraci\u00f3n\/eliminaci\u00f3n de las <em>cookies<\/em><\/span><\/h3>\n<p>Puedes configurar tu navegador para recibir informaci\u00f3n cuando detecte el env\u00edo de <em>cookies<\/em> o para rechazarlas. Para m\u00e1s informaci\u00f3n sobre c\u00f3mo deshabilitar las <em>cookies<\/em>, accede a los ajustes del programa (navegador) de Internet. Puedes introducir ajustes sobre la gesti\u00f3n de <em>cookies<\/em> en cualquier momento. Tambi\u00e9n puedes eliminarlas de tu dispositivo en cualquier momento. A continuaci\u00f3n, facilitamos enlaces a p\u00e1ginas que explican c\u00f3mo deshabilitar las <em>cookies<\/em> en los navegadores m\u00e1s comunes:<\/p>\n<ol type=\"a\">\n<li>Google Chrome &#8211;\u00a0<a href=\"http:\/\/support.google.com\/chrome\/bin\/answer.py?hl=pl&amp;&amp;answer=95647\">deshabilitaci\u00f3n de cookies en Chrome<\/a><\/li>\n<li>Mozilla Firefox &#8211;\u00a0<a href=\"http:\/\/support.mozilla.org\/pl\/kb\/W%C5%82%C4%85czanie i wy%C5%82%C4%85czanie obs%C5%82ugi ciasteczek\">deshabilitaci\u00f3n de cookies en Firefox<\/a><\/li>\n<li>Internet Explorer &#8211;\u00a0<a href=\"http:\/\/windows.microsoft.com\/pl-pl\/windows7\/block-enable-or-allow-cookies\">deshabilitaci\u00f3n de cookies en IE<\/a><\/li>\n<li>Opera &#8211;\u00a0<a href=\"http:\/\/help.opera.com\/Windows\/12.10\/pl\/cookies.html\">deshabilitaci\u00f3n de cookies en Opera<\/a>.<\/li>\n<\/ol>\n<p>No obstante, la limitaci\u00f3n del empleo de las <em>cookies<\/em> podr\u00e1 afectar a algunas funcionalidades de nuestra p\u00e1gina web.<\/p>\n<h3><span style=\"color: #ee3124;\">\u00a76 Google Analytics<\/span><\/h3>\n<p>Google Analytics es una herramienta facilitada por Google Inc (1600 Amphitheatre Parkway, Mountain View, CA 94043, EE. UU., en lo sucesivo: \u00abGoogle\u00bb), que permite analizar el tr\u00e1fico en las p\u00e1ginas web. La herramienta utiliza <em>cookies<\/em>.<\/p>\n<p>La informaci\u00f3n obtenida gracias a las <em>cookies<\/em> (fecha y hora, ubicaci\u00f3n y frecuencia de visitas en la p\u00e1gina web, incluida la direcci\u00f3n IP) se suele enviar a Google, con domicilio social en Estados Unidos, donde se almacena. Google utiliza esta informaci\u00f3n para evaluar el modo de uso de nuestra p\u00e1gina web, crear informes (sobre todo relativos al tr\u00e1fico en nuestra p\u00e1gina) y prestar otros servicios relacionados. Adem\u00e1s, Google puede remitir esta informaci\u00f3n a otras entidades, si tal obligaci\u00f3n resultase de la legislaci\u00f3n en vigor o si estas entidades procesasen los datos en nombre de Google.<\/p>\n<p>Google Analytics nos permite analizar el uso de nuestra p\u00e1gina web e ir mejorando sus prestaciones. Gracias a las estad\u00edsticas obtenidas, podemos mejorar nuestra oferta haci\u00e9ndola m\u00e1s interesante para los usuarios.<\/p>\n<p>Nuestra p\u00e1gina web utiliza la herramienta Google Analytics con funci\u00f3n de anonimizaci\u00f3n de las IP. Esto significa que tu direcci\u00f3n IP se recorta, quedando anonimizada por Google, tanto en el territorio de los pa\u00edses miembros de la Uni\u00f3n Europea, como en otro pa\u00eds del EEE.<\/p>\n<p>Seg\u00fan declara Google, la direcci\u00f3n IP transmitido por tu navegador dentro del servicio Google Analytics no se compara con otros datos.<\/p>\n<p>Si no quieres que tu dispositivo reciba <em>cookies<\/em>, debes configurar adecuadamente tu navegador (ver instrucciones en el punto 5 anterior). No obstante, debes saber que la limitaci\u00f3n del empleo de las <em>cookies<\/em> podr\u00eda afectar a algunas funcionalidades de nuestra p\u00e1gina web.<\/p>\n<p>Asimismo, el servicio Google Analytics se puede deshabilitar (Google ofrece al respecto un complemento bloqueador del servicio Google Analytics en los navegadores m\u00e1s comunes). Accede al siguiente enlace para leer m\u00e1s al respecto:<\/p>\n<p style=\"text-align: center;\"><a href=\"https:\/\/tools.google.com\/dlpage\/gaoptout?hl=es\">https:\/\/tools.google.com\/dlpage\/gaoptout?hl=es<\/a><\/p>\n<p>Si activas esta opci\u00f3n, la informaci\u00f3n acerca de tus visitas en nuestra p\u00e1gina web no se ir\u00e1 enviando a Google Analytics. No obstante, esto no impedir\u00e1 que tal informaci\u00f3n se remita a nuestra empresa (u otras herramientas anal\u00edticas que utilicemos).<\/p>\n<h3><span style=\"color: #ee3124;\">\u00a77\u00a0YouTube<\/span><\/h3>\n<p>Nuestra p\u00e1gina web incluye contenidos multimedia del sitio web externo www.youtube.com. Esto significa que, al visitar nuestra p\u00e1gina web, se establece una conexi\u00f3n con el servidor de YouTube.<\/p>\n<p>El servidor en cuesti\u00f3n pertenece a la empresa YouTube, LLC 901 Cherry Ave, 94066 San Bruno, California, EE. UU., una filial de Google Inc.<\/p>\n<p>La informaci\u00f3n facilitada por YouTube indica que el servidor de YouTube recibe, entre otros, datos acerca de las p\u00e1ginas visitadas a la hora de ver un v\u00eddeo en YouTube. Si al mismo tiempo tienes abierta una sesi\u00f3n en YouTube, estos datos se asignar\u00e1n tambi\u00e9n a tu cuenta en dicho sitio web. Para evitarlo, cierra la sesi\u00f3n en YouTube antes de acceder a nuestra p\u00e1gina web.<\/p>\n<p>Accede al siguiente enlace para leer m\u00e1s al respecto: <a href=\"https:\/\/policies.google.com\/privacy\/update?hl=es\">https:\/\/policies.google.com\/privacy\/update?hl=es<\/a><\/p>\n","protected":false},"excerpt":{"rendered":"<p>Utilizamos cookies para las actividades llevadas a cabo por nuestra empresa (Marmite sp. z o.o.). Son ficheros que nos permiten observar y analizar el tr\u00e1fico en nuestra p\u00e1gina web. Sin embargo, estas actividades no implican el tratamiento de los datos personales, seg\u00fan las definiciones del RGPD. A continuaci\u00f3n, les explicamos detalladamente los procesos de almacenamiento [&hellip;]<\/p>\n","protected":false},"author":1,"featured_media":0,"parent":0,"menu_order":302,"comment_status":"closed","ping_status":"closed","template":"page-templates\/top_parent_menu.php","meta":{"footnotes":""},"acf":[],"yoast_head":"<!-- This site is optimized with the Yoast SEO plugin v20.13 - https:\/\/yoast.com\/wordpress\/plugins\/seo\/ -->\n<title>Pol\u00edtica de cookies &bull; Marmite<\/title>\n<meta name=\"robots\" content=\"noindex, follow, max-snippet:-1, max-image-preview:large, max-video-preview:-1\" \/>\n<meta property=\"og:locale\" content=\"es_ES\" \/>\n<meta property=\"og:type\" content=\"article\" \/>\n<meta property=\"og:title\" content=\"Pol\u00edtica de cookies &bull; Marmite\" \/>\n<meta property=\"og:url\" content=\"https:\/\/marmite-stg.mda.pl\/es\/politica-de-cookies\/\" \/>\n<meta property=\"og:site_name\" content=\"Marmite\" \/>\n<meta property=\"article:publisher\" content=\"https:\/\/www.facebook.com\/marmiteSA\" \/>\n<meta property=\"article:modified_time\" content=\"2020-03-23T13:54:54+00:00\" \/>\n<meta name=\"twitter:label1\" content=\"Tiempo de lectura\" \/>\n\t<meta name=\"twitter:data1\" content=\"6 minutos\" \/>\n<script type=\"application\/ld+json\" class=\"yoast-schema-graph\">{\"@context\":\"https:\/\/schema.org\",\"@graph\":[{\"@type\":\"WebPage\",\"@id\":\"https:\/\/marmite-stg.mda.pl\/es\/politica-de-cookies\/\",\"url\":\"https:\/\/marmite-stg.mda.pl\/es\/politica-de-cookies\/\",\"name\":\"Pol\u00edtica de cookies &bull; Marmite\",\"isPartOf\":{\"@id\":\"https:\/\/marmite-stg.mda.pl\/es\/#website\"},\"datePublished\":\"2020-03-18T08:59:40+00:00\",\"dateModified\":\"2020-03-23T13:54:54+00:00\",\"breadcrumb\":{\"@id\":\"https:\/\/marmite-stg.mda.pl\/es\/politica-de-cookies\/#breadcrumb\"},\"inLanguage\":\"es\",\"potentialAction\":[{\"@type\":\"ReadAction\",\"target\":[\"https:\/\/marmite-stg.mda.pl\/es\/politica-de-cookies\/\"]}]},{\"@type\":\"BreadcrumbList\",\"@id\":\"https:\/\/marmite-stg.mda.pl\/es\/politica-de-cookies\/#breadcrumb\",\"itemListElement\":[{\"@type\":\"ListItem\",\"position\":1,\"name\":\"Home\",\"item\":\"https:\/\/marmite-stg.mda.pl\/es\/\"},{\"@type\":\"ListItem\",\"position\":2,\"name\":\"Pol\u00edtica de cookies\"}]},{\"@type\":\"WebSite\",\"@id\":\"https:\/\/marmite-stg.mda.pl\/es\/#website\",\"url\":\"https:\/\/marmite-stg.mda.pl\/es\/\",\"name\":\"Marmite\",\"description\":\"Marmite\",\"potentialAction\":[{\"@type\":\"SearchAction\",\"target\":{\"@type\":\"EntryPoint\",\"urlTemplate\":\"https:\/\/marmite-stg.mda.pl\/es\/?s={search_term_string}\"},\"query-input\":\"required name=search_term_string\"}],\"inLanguage\":\"es\"}]}<\/script>\n<!-- \/ Yoast SEO plugin. -->","yoast_head_json":{"title":"Pol\u00edtica de cookies &bull; Marmite","robots":{"index":"noindex","follow":"follow","max-snippet":"max-snippet:-1","max-image-preview":"max-image-preview:large","max-video-preview":"max-video-preview:-1"},"og_locale":"es_ES","og_type":"article","og_title":"Pol\u00edtica de cookies &bull; Marmite","og_url":"https:\/\/marmite-stg.mda.pl\/es\/politica-de-cookies\/","og_site_name":"Marmite","article_publisher":"https:\/\/www.facebook.com\/marmiteSA","article_modified_time":"2020-03-23T13:54:54+00:00","twitter_misc":{"Tiempo de lectura":"6 minutos"},"schema":{"@context":"https:\/\/schema.org","@graph":[{"@type":"WebPage","@id":"https:\/\/marmite-stg.mda.pl\/es\/politica-de-cookies\/","url":"https:\/\/marmite-stg.mda.pl\/es\/politica-de-cookies\/","name":"Pol\u00edtica de cookies &bull; Marmite","isPartOf":{"@id":"https:\/\/marmite-stg.mda.pl\/es\/#website"},"datePublished":"2020-03-18T08:59:40+00:00","dateModified":"2020-03-23T13:54:54+00:00","breadcrumb":{"@id":"https:\/\/marmite-stg.mda.pl\/es\/politica-de-cookies\/#breadcrumb"},"inLanguage":"es","potentialAction":[{"@type":"ReadAction","target":["https:\/\/marmite-stg.mda.pl\/es\/politica-de-cookies\/"]}]},{"@type":"BreadcrumbList","@id":"https:\/\/marmite-stg.mda.pl\/es\/politica-de-cookies\/#breadcrumb","itemListElement":[{"@type":"ListItem","position":1,"name":"Home","item":"https:\/\/marmite-stg.mda.pl\/es\/"},{"@type":"ListItem","position":2,"name":"Pol\u00edtica de cookies"}]},{"@type":"WebSite","@id":"https:\/\/marmite-stg.mda.pl\/es\/#website","url":"https:\/\/marmite-stg.mda.pl\/es\/","name":"Marmite","description":"Marmite","potentialAction":[{"@type":"SearchAction","target":{"@type":"EntryPoint","urlTemplate":"https:\/\/marmite-stg.mda.pl\/es\/?s={search_term_string}"},"query-input":"required name=search_term_string"}],"inLanguage":"es"}]}},"_links":{"self":[{"href":"https:\/\/marmite-stg.mda.pl\/es\/wp-json\/wp\/v2\/pages\/9530"}],"collection":[{"href":"https:\/\/marmite-stg.mda.pl\/es\/wp-json\/wp\/v2\/pages"}],"about":[{"href":"https:\/\/marmite-stg.mda.pl\/es\/wp-json\/wp\/v2\/types\/page"}],"author":[{"embeddable":true,"href":"https:\/\/marmite-stg.mda.pl\/es\/wp-json\/wp\/v2\/users\/1"}],"replies":[{"embeddable":true,"href":"https:\/\/marmite-stg.mda.pl\/es\/wp-json\/wp\/v2\/comments?post=9530"}],"version-history":[{"count":6,"href":"https:\/\/marmite-stg.mda.pl\/es\/wp-json\/wp\/v2\/pages\/9530\/revisions"}],"predecessor-version":[{"id":9890,"href":"https:\/\/marmite-stg.mda.pl\/es\/wp-json\/wp\/v2\/pages\/9530\/revisions\/9890"}],"wp:attachment":[{"href":"https:\/\/marmite-stg.mda.pl\/es\/wp-json\/wp\/v2\/media?parent=9530"}],"curies":[{"name":"wp","href":"https:\/\/api.w.org\/{rel}","templated":true}]}}