{"id":1600,"date":"2015-09-28T10:23:13","date_gmt":"2015-09-28T10:23:13","guid":{"rendered":"https:\/\/site.marmite.mda.pl\/?page_id=1600"},"modified":"2021-11-12T09:34:40","modified_gmt":"2021-11-12T09:34:40","slug":"contact","status":"publish","type":"page","link":"https:\/\/marmite-stg.mda.pl\/fr\/contact\/","title":{"rendered":"Contact"},"content":{"rendered":"\n<div class=\"wpcf7 no-js\" id=\"wpcf7-f1678-o1\" lang=\"pl-PL\" dir=\"ltr\">\n<div class=\"screen-reader-response\"><p role=\"status\" aria-live=\"polite\" aria-atomic=\"true\"><\/p> <ul><\/ul><\/div>\n<form action=\"\/fr\/wp-json\/wp\/v2\/pages\/1600#wpcf7-f1678-o1\" method=\"post\" class=\"wpcf7-form init\" aria-label=\"Formularz kontaktowy\" novalidate=\"novalidate\" data-status=\"init\">\n<div style=\"display: none;\">\n<input type=\"hidden\" name=\"_wpcf7\" value=\"1678\" \/>\n<input type=\"hidden\" name=\"_wpcf7_version\" value=\"5.8\" \/>\n<input type=\"hidden\" name=\"_wpcf7_locale\" value=\"pl_PL\" \/>\n<input type=\"hidden\" name=\"_wpcf7_unit_tag\" value=\"wpcf7-f1678-o1\" \/>\n<input type=\"hidden\" name=\"_wpcf7_container_post\" value=\"0\" \/>\n<input type=\"hidden\" name=\"_wpcf7_posted_data_hash\" value=\"\" \/>\n<\/div>\n<div class=\"row cf7-form\">\n\t<div class=\"col-12 col-xs-6\">\n\t\t<div class=\"form-input__group\">\n\t\t\t<p><label class=\"form__label\">Pr\u00e9nom *<\/label><span class=\"wpcf7-form-control-wrap\" data-name=\"first-name\"><input size=\"40\" class=\"wpcf7-form-control wpcf7-text wpcf7-validates-as-required form__input form__input--border form__input--full form__input--default\" aria-required=\"true\" aria-invalid=\"false\" value=\"\" type=\"text\" name=\"first-name\" \/><\/span>\n\t\t\t<\/p>\n\t\t<\/div>\n\t<\/div>\n\t<div class=\"col-12 col-xs-6\">\n\t\t<div class=\"form-input__group\">\n\t\t\t<p><label class=\"form__label\">Nom *<\/label><span class=\"wpcf7-form-control-wrap\" data-name=\"last-name\"><input size=\"40\" class=\"wpcf7-form-control wpcf7-text wpcf7-validates-as-required form__input form__input--border form__input--full form__input--default\" aria-required=\"true\" aria-invalid=\"false\" value=\"\" type=\"text\" name=\"last-name\" \/><\/span>\n\t\t\t<\/p>\n\t\t<\/div>\n\t<\/div>\n\t<div class=\"col-12 col-xs-6\">\n\t\t<div class=\"form-input__group\">\n\t\t\t<p><label class=\"form__label\">E-mail *<\/label><span class=\"wpcf7-form-control-wrap\" data-name=\"email\"><input size=\"40\" class=\"wpcf7-form-control wpcf7-email wpcf7-validates-as-required wpcf7-text wpcf7-validates-as-email form__input form__input--border form__input--full form__input--default\" aria-required=\"true\" aria-invalid=\"false\" value=\"\" type=\"email\" name=\"email\" \/><\/span>\n\t\t\t<\/p>\n\t\t<\/div>\n\t<\/div>\n\t<div class=\"col-12 col-xs-6\">\n\t\t<div class=\"form-input__group\">\n\t\t\t<p><label class=\"form__label\">T\u00e9l\u00e9phone<\/label><span class=\"wpcf7-form-control-wrap\" data-name=\"number\"><input size=\"40\" class=\"wpcf7-form-control wpcf7-tel wpcf7-text wpcf7-validates-as-tel form__input form__input--border form__input--full form__input--default\" aria-invalid=\"false\" value=\"\" type=\"tel\" name=\"number\" \/><\/span>\n\t\t\t<\/p>\n\t\t<\/div>\n\t<\/div>\n\t<div class=\"col-12\">\n\t\t<div class=\"form-input__group\">\n\t\t\t<p><label class=\"form__label\">Titre *<\/label><span class=\"wpcf7-form-control-wrap\" data-name=\"title\"><select class=\"wpcf7-form-control wpcf7-select wpcf7-validates-as-required select\" aria-required=\"true\" aria-invalid=\"false\" name=\"title\"><option value=\"Demande concernant un produit\">Demande concernant un produit<\/option><option value=\"R\u00e9clamation\">R\u00e9clamation<\/option><option value=\"Autre\">Autre<\/option><\/select><\/span>\n\t\t\t<\/p>\n\t\t<\/div>\n\t<\/div>\n\t<div class=\"col-12\">\n\t\t<div class=\"form-input__group\">\n\t\t\t<p><label class=\"form__label\">Objet *<\/label><br \/>\n<span class=\"wpcf7-form-control-wrap\" data-name=\"subject\"><input size=\"40\" class=\"wpcf7-form-control wpcf7-text wpcf7-validates-as-required form__input form__input--border form__input--full form__input--default\" aria-required=\"true\" aria-invalid=\"false\" value=\"\" type=\"text\" name=\"subject\" \/><\/span>\n\t\t\t<\/p>\n\t\t<\/div>\n\t<\/div>\n\t<div class=\"col-12\">\n\t\t<div class=\"form-input__group\">\n\t\t\t<p><label class=\"form__label\">Texte du message *<\/label><br \/>\n<span class=\"wpcf7-form-control-wrap\" data-name=\"message\"><textarea cols=\"40\" rows=\"10\" class=\"wpcf7-form-control wpcf7-textarea wpcf7-validates-as-required form__input form__input--border form__input--full form__input--default form__textarea\" aria-required=\"true\" aria-invalid=\"false\" name=\"message\"><\/textarea><\/span>\n\t\t\t<\/p>\n\t\t<\/div>\n\t<\/div>\n\t<div class=\"col-12\">\n\t\t<div class=\"form-input__group mb-3 mb-xs-5\">\n\t\t\t<div class=\"form-input__group-text\">\n\t\t\t\t<p class=\"h h--6\">Consentement au traitement des donn\u00e9es \u00e0 caract\u00e8re personnel\n\t\t\t\t<\/p>\n\t\t\t\t<p class=\"text text--medium text--alert\"><a href=\"\/fr\/retrait-du-consentement\/\">Nous vous informons que vous avez le droit de retirer \u00e0 tout moment votre consentement au traitement de vos donn\u00e9es \u00e0 caract\u00e8re personnel.<\/a>\n\t\t\t\t<\/p>\n\t\t\t\t<p class=\"text text--small\">Le retrait du consentement ne compromet pas la lic\u00e9it\u00e9 du traitement fond\u00e9 sur votre consentement effectu\u00e9 avant ce retrait.\n\t\t\t\t<\/p>\n\t\t\t\t<p class=\"text text--small\">Acceptez-vous le traitement de vos donn\u00e9es \u00e0 caract\u00e8re personnel (sous la forme de votre adresse \u00e9lectronique, votre pr\u00e9nom et nom et votre num\u00e9ro de t\u00e9l\u00e9phone) par Marmite sp. z o.o. sise \u00e0 Zakrzewo (\u00e0 l\u2019adresse ul. Przemys\u0142owa 4, 62-070 Dopiewo, KRS 0000581685, ci-dessous : \u00ab Marmite \u00bb), \u00e0 des fins de marketing de la part de Marmite (p.ex. informations commerciales, newsletter, invitations aux foires et salons et v\u0153ux)?\n\t\t\t\t<\/p>\n\t\t\t<\/div>\n\t\t\t<div class=\"cf7-checkboxes\">\n\t\t\t\t<p><span class=\"wpcf7-form-control-wrap\" data-name=\"dane-osobowe\"><span class=\"wpcf7-form-control wpcf7-checkbox wpcf7-validates-as-required wpcf7-exclusive-checkbox\"><span class=\"wpcf7-list-item first\"><label><input type=\"checkbox\" name=\"dane-osobowe\" value=\"OUI\" \/><span class=\"wpcf7-list-item-label\">OUI<\/span><\/label><\/span><span class=\"wpcf7-list-item last\"><label><input type=\"checkbox\" name=\"dane-osobowe\" value=\"NON\" \/><span class=\"wpcf7-list-item-label\">NON<\/span><\/label><\/span><\/span><\/span>\n\t\t\t\t<\/p>\n\t\t\t<\/div>\n\t\t<\/div>\n\t<\/div>\n\t<div class=\"col-12\">\n\t\t<div class=\"form-input__group mb-3 mb-xs-5\">\n\t\t\t<div class=\"form-input__group-text\">\n\t\t\t\t<p class=\"h h--6\">Consentement \u00e0 recevoir des informations commerciales par voie \u00e9lectronique\n\t\t\t\t<\/p>\n\t\t\t\t<p class=\"text text--medium text--alert\"><a href=\"\/fr\/retrait-du-consentement\/\">Nous vous informons que vous avez le droit de retirer \u00e0 tout moment votre consentement au traitement de vos donn\u00e9es \u00e0 caract\u00e8re personnel.<\/a>\n\t\t\t\t<\/p>\n\t\t\t\t<p class=\"text text--small\">Do you consent to receiving commercial information electronically from Marmite sp. z o.o. with its registered office in Zakrzewo (ul. Przemys\u0142owa 4, 62-070 Dopiewo, KRS number 0000581685) to the electronic address you have provided on the basis of relevant provisions regulating rendering of services in an electronic way?\n\t\t\t\t<\/p>\n\t\t\t<\/div>\n\t\t\t<div class=\"cf7-checkboxes\">\n\t\t\t\t<p><span class=\"wpcf7-form-control-wrap\" data-name=\"droga-elektroniczna\"><span class=\"wpcf7-form-control wpcf7-checkbox wpcf7-validates-as-required wpcf7-exclusive-checkbox\"><span class=\"wpcf7-list-item first\"><label><input type=\"checkbox\" name=\"droga-elektroniczna\" value=\"OUI\" \/><span class=\"wpcf7-list-item-label\">OUI<\/span><\/label><\/span><span class=\"wpcf7-list-item last\"><label><input type=\"checkbox\" name=\"droga-elektroniczna\" value=\"NON\" \/><span class=\"wpcf7-list-item-label\">NON<\/span><\/label><\/span><\/span><\/span>\n\t\t\t\t<\/p>\n\t\t\t<\/div>\n\t\t<\/div>\n\t<\/div>\n\t<div class=\"col-12\">\n\t\t<div class=\"form-input__group mb-3 mb-xs-5\">\n\t\t\t<div class=\"form-input__group-text\">\n\t\t\t\t<p class=\"h h--6\">Consentement au traitement des donn\u00e9es \u00e0 caract\u00e8re personnel\n\t\t\t\t<\/p>\n\t\t\t\t<p class=\"text text--medium text--alert\"><a href=\"\/fr\/retrait-du-consentement\/\">Nous vous informons que vous avez le droit de retirer \u00e0 tout moment votre consentement au traitement de vos donn\u00e9es \u00e0 caract\u00e8re personnel.<\/a>\n\t\t\t\t<\/p>\n\t\t\t\t<p class=\"text text--small\">Do you consent to the use of telecommunications end devices (e.g. computer, telephone) for the purpose of direct marketing by Marmite sp. z o.o. with its registered office in Zakrzewo (ul. Przemys\u0142owa 4, 62-070 Dopiewo, KRS number 0000581685) on the basis of the act - Telecommunications Law or other relevant regulations?\n\t\t\t\t<\/p>\n\t\t\t<\/div>\n\t\t\t<div class=\"cf7-checkboxes\">\n\t\t\t\t<p><span class=\"wpcf7-form-control-wrap\" data-name=\"urzadzenia-koncowe\"><span class=\"wpcf7-form-control wpcf7-checkbox wpcf7-validates-as-required wpcf7-exclusive-checkbox\"><span class=\"wpcf7-list-item first\"><label><input type=\"checkbox\" name=\"urzadzenia-koncowe\" value=\"OUI\" \/><span class=\"wpcf7-list-item-label\">OUI<\/span><\/label><\/span><span class=\"wpcf7-list-item last\"><label><input type=\"checkbox\" name=\"urzadzenia-koncowe\" value=\"NON\" \/><span class=\"wpcf7-list-item-label\">NON<\/span><\/label><\/span><\/span><\/span>\n\t\t\t\t<\/p>\n\t\t\t<\/div>\n\t\t<\/div>\n\t<\/div>\n<\/div>\n<div class=\"form-footer form-footer--small\">\n\t<div class=\"form-footer__info\">\n\t\t<p>* obligatoire\n\t\t<\/p>\n\t<\/div>\n\t<p><input class=\"wpcf7-form-control wpcf7-submit has-spinner button button--red\" type=\"submit\" value=\"Envoyer le message\" \/>\n\t<\/p>\n<\/div><div class=\"wpcf7-response-output\" aria-hidden=\"true\"><\/div>\n<\/form>\n<\/div>\n\n","protected":false},"excerpt":{"rendered":"","protected":false},"author":1,"featured_media":0,"parent":0,"menu_order":367,"comment_status":"open","ping_status":"closed","template":"page-templates\/contact.php","meta":{"footnotes":""},"acf":[],"yoast_head":"<!-- This site is optimized with the Yoast SEO plugin v20.13 - https:\/\/yoast.com\/wordpress\/plugins\/seo\/ -->\n<title>Contact &bull; Marmite<\/title>\n<meta name=\"robots\" content=\"noindex, follow, max-snippet:-1, max-image-preview:large, max-video-preview:-1\" \/>\n<meta property=\"og:locale\" content=\"fr_FR\" \/>\n<meta property=\"og:type\" content=\"article\" \/>\n<meta property=\"og:title\" content=\"Contact &bull; Marmite\" \/>\n<meta property=\"og:url\" content=\"https:\/\/marmite-stg.mda.pl\/fr\/contact\/\" \/>\n<meta property=\"og:site_name\" content=\"Marmite\" \/>\n<meta property=\"article:publisher\" content=\"https:\/\/www.facebook.com\/marmiteSA\" \/>\n<meta property=\"article:modified_time\" content=\"2021-11-12T09:34:40+00:00\" \/>\n<script type=\"application\/ld+json\" class=\"yoast-schema-graph\">{\"@context\":\"https:\/\/schema.org\",\"@graph\":[{\"@type\":\"WebPage\",\"@id\":\"https:\/\/marmite-stg.mda.pl\/fr\/contact\/\",\"url\":\"https:\/\/marmite-stg.mda.pl\/fr\/contact\/\",\"name\":\"Contact &bull; Marmite\",\"isPartOf\":{\"@id\":\"https:\/\/marmite-stg.mda.pl\/fr\/#website\"},\"datePublished\":\"2015-09-28T10:23:13+00:00\",\"dateModified\":\"2021-11-12T09:34:40+00:00\",\"breadcrumb\":{\"@id\":\"https:\/\/marmite-stg.mda.pl\/fr\/contact\/#breadcrumb\"},\"inLanguage\":\"fr-FR\",\"potentialAction\":[{\"@type\":\"ReadAction\",\"target\":[\"https:\/\/marmite-stg.mda.pl\/fr\/contact\/\"]}]},{\"@type\":\"BreadcrumbList\",\"@id\":\"https:\/\/marmite-stg.mda.pl\/fr\/contact\/#breadcrumb\",\"itemListElement\":[{\"@type\":\"ListItem\",\"position\":1,\"name\":\"Home\",\"item\":\"https:\/\/marmite-stg.mda.pl\/fr\/\"},{\"@type\":\"ListItem\",\"position\":2,\"name\":\"Contact\"}]},{\"@type\":\"WebSite\",\"@id\":\"https:\/\/marmite-stg.mda.pl\/fr\/#website\",\"url\":\"https:\/\/marmite-stg.mda.pl\/fr\/\",\"name\":\"Marmite\",\"description\":\"Marmite\",\"potentialAction\":[{\"@type\":\"SearchAction\",\"target\":{\"@type\":\"EntryPoint\",\"urlTemplate\":\"https:\/\/marmite-stg.mda.pl\/fr\/?s={search_term_string}\"},\"query-input\":\"required name=search_term_string\"}],\"inLanguage\":\"fr-FR\"}]}<\/script>\n<!-- \/ Yoast SEO plugin. -->","yoast_head_json":{"title":"Contact &bull; Marmite","robots":{"index":"noindex","follow":"follow","max-snippet":"max-snippet:-1","max-image-preview":"max-image-preview:large","max-video-preview":"max-video-preview:-1"},"og_locale":"fr_FR","og_type":"article","og_title":"Contact &bull; Marmite","og_url":"https:\/\/marmite-stg.mda.pl\/fr\/contact\/","og_site_name":"Marmite","article_publisher":"https:\/\/www.facebook.com\/marmiteSA","article_modified_time":"2021-11-12T09:34:40+00:00","schema":{"@context":"https:\/\/schema.org","@graph":[{"@type":"WebPage","@id":"https:\/\/marmite-stg.mda.pl\/fr\/contact\/","url":"https:\/\/marmite-stg.mda.pl\/fr\/contact\/","name":"Contact &bull; Marmite","isPartOf":{"@id":"https:\/\/marmite-stg.mda.pl\/fr\/#website"},"datePublished":"2015-09-28T10:23:13+00:00","dateModified":"2021-11-12T09:34:40+00:00","breadcrumb":{"@id":"https:\/\/marmite-stg.mda.pl\/fr\/contact\/#breadcrumb"},"inLanguage":"fr-FR","potentialAction":[{"@type":"ReadAction","target":["https:\/\/marmite-stg.mda.pl\/fr\/contact\/"]}]},{"@type":"BreadcrumbList","@id":"https:\/\/marmite-stg.mda.pl\/fr\/contact\/#breadcrumb","itemListElement":[{"@type":"ListItem","position":1,"name":"Home","item":"https:\/\/marmite-stg.mda.pl\/fr\/"},{"@type":"ListItem","position":2,"name":"Contact"}]},{"@type":"WebSite","@id":"https:\/\/marmite-stg.mda.pl\/fr\/#website","url":"https:\/\/marmite-stg.mda.pl\/fr\/","name":"Marmite","description":"Marmite","potentialAction":[{"@type":"SearchAction","target":{"@type":"EntryPoint","urlTemplate":"https:\/\/marmite-stg.mda.pl\/fr\/?s={search_term_string}"},"query-input":"required name=search_term_string"}],"inLanguage":"fr-FR"}]}},"_links":{"self":[{"href":"https:\/\/marmite-stg.mda.pl\/fr\/wp-json\/wp\/v2\/pages\/1600"}],"collection":[{"href":"https:\/\/marmite-stg.mda.pl\/fr\/wp-json\/wp\/v2\/pages"}],"about":[{"href":"https:\/\/marmite-stg.mda.pl\/fr\/wp-json\/wp\/v2\/types\/page"}],"author":[{"embeddable":true,"href":"https:\/\/marmite-stg.mda.pl\/fr\/wp-json\/wp\/v2\/users\/1"}],"replies":[{"embeddable":true,"href":"https:\/\/marmite-stg.mda.pl\/fr\/wp-json\/wp\/v2\/comments?post=1600"}],"version-history":[{"count":7,"href":"https:\/\/marmite-stg.mda.pl\/fr\/wp-json\/wp\/v2\/pages\/1600\/revisions"}],"predecessor-version":[{"id":22092,"href":"https:\/\/marmite-stg.mda.pl\/fr\/wp-json\/wp\/v2\/pages\/1600\/revisions\/22092"}],"wp:attachment":[{"href":"https:\/\/marmite-stg.mda.pl\/fr\/wp-json\/wp\/v2\/media?parent=1600"}],"curies":[{"name":"wp","href":"https:\/\/api.w.org\/{rel}","templated":true}]}}