{"id":1654,"date":"2015-09-28T11:05:59","date_gmt":"2015-09-28T11:05:59","guid":{"rendered":"https:\/\/site.marmite.mda.pl\/?page_id=1654"},"modified":"2023-02-15T10:29:50","modified_gmt":"2023-02-15T10:29:50","slug":"coloris","status":"publish","type":"page","link":"https:\/\/marmite-stg.mda.pl\/fr\/materiau\/coloris\/","title":{"rendered":"Couleurs"},"content":{"rendered":"<p>Le Mineral Composite est un mat\u00e9riau offrant une libert\u00e9 totale de conception. Ses propri\u00e9t\u00e9s nous permettent de cr\u00e9er et de fabriquer des produits de toutes formes, couleurs et textures. Les produits Marmite sont fabriqu\u00e9s \u00e0 partir de mati\u00e8res premi\u00e8res d\u2019origine naturelle. Tout comme elles, les produits finis, par leur caract\u00e8re unique s\u2019harmonisent parfaitement avec un am\u00e9nagement de salle de bains moderne.<\/p>\n<p>D\u00e9couvrez ci-dessous notre gamme de mod\u00e8les standard. Nous sommes pr\u00eats \u00e0 satisfaire aux demandes sp\u00e9ciales de nos clients en adaptant les couleurs et les types de surfaces aux besoins et aux commandes sp\u00e9cifiques.<\/p>\n","protected":false},"excerpt":{"rendered":"<p>Le Mineral Composite est un mat\u00e9riau offrant une libert\u00e9 totale de conception. Ses propri\u00e9t\u00e9s nous permettent de cr\u00e9er et de fabriquer des produits de toutes formes, couleurs et textures. Les produits Marmite sont fabriqu\u00e9s \u00e0 partir de mati\u00e8res premi\u00e8res d\u2019origine naturelle. Tout comme elles, les produits finis, par leur caract\u00e8re unique s\u2019harmonisent parfaitement avec un [&hellip;]<\/p>\n","protected":false},"author":1,"featured_media":7581,"parent":1604,"menu_order":298,"comment_status":"open","ping_status":"closed","template":"page-templates\/layout_colors.php","meta":{"footnotes":""},"acf":[],"yoast_head":"<!-- This site is optimized with the Yoast SEO plugin v20.13 - https:\/\/yoast.com\/wordpress\/plugins\/seo\/ -->\n<title>Couleurs &bull; Marmite<\/title>\n<meta name=\"robots\" content=\"noindex, follow, max-snippet:-1, max-image-preview:large, max-video-preview:-1\" \/>\n<meta property=\"og:locale\" content=\"fr_FR\" \/>\n<meta property=\"og:type\" content=\"article\" \/>\n<meta property=\"og:title\" content=\"Couleurs &bull; Marmite\" \/>\n<meta property=\"og:url\" content=\"https:\/\/marmite-stg.mda.pl\/fr\/materiau\/coloris\/\" \/>\n<meta property=\"og:site_name\" content=\"Marmite\" \/>\n<meta property=\"article:publisher\" content=\"https:\/\/www.facebook.com\/marmiteSA\" \/>\n<meta property=\"article:modified_time\" content=\"2023-02-15T10:29:50+00:00\" \/>\n<meta property=\"og:image\" content=\"https:\/\/marmite-stg.mda.pl\/wp-content\/uploads\/2015\/01\/material_banner.jpg\" \/>\n\t<meta property=\"og:image:width\" content=\"1880\" \/>\n\t<meta property=\"og:image:height\" content=\"400\" \/>\n\t<meta property=\"og:image:type\" content=\"image\/jpeg\" \/>\n<meta name=\"twitter:label1\" content=\"Dur\u00e9e de lecture estim\u00e9e\" \/>\n\t<meta name=\"twitter:data1\" content=\"1 minute\" \/>\n<script type=\"application\/ld+json\" class=\"yoast-schema-graph\">{\"@context\":\"https:\/\/schema.org\",\"@graph\":[{\"@type\":\"WebPage\",\"@id\":\"https:\/\/marmite-stg.mda.pl\/fr\/materiau\/coloris\/\",\"url\":\"https:\/\/marmite-stg.mda.pl\/fr\/materiau\/coloris\/\",\"name\":\"Couleurs &bull; Marmite\",\"isPartOf\":{\"@id\":\"https:\/\/marmite-stg.mda.pl\/fr\/#website\"},\"datePublished\":\"2015-09-28T11:05:59+00:00\",\"dateModified\":\"2023-02-15T10:29:50+00:00\",\"breadcrumb\":{\"@id\":\"https:\/\/marmite-stg.mda.pl\/fr\/materiau\/coloris\/#breadcrumb\"},\"inLanguage\":\"fr-FR\",\"potentialAction\":[{\"@type\":\"ReadAction\",\"target\":[\"https:\/\/marmite-stg.mda.pl\/fr\/materiau\/coloris\/\"]}]},{\"@type\":\"BreadcrumbList\",\"@id\":\"https:\/\/marmite-stg.mda.pl\/fr\/materiau\/coloris\/#breadcrumb\",\"itemListElement\":[{\"@type\":\"ListItem\",\"position\":1,\"name\":\"Home\",\"item\":\"https:\/\/marmite-stg.mda.pl\/fr\/\"},{\"@type\":\"ListItem\",\"position\":2,\"name\":\"Mat\u00e9riau\",\"item\":\"https:\/\/marmite-stg.mda.pl\/fr\/materiau\/\"},{\"@type\":\"ListItem\",\"position\":3,\"name\":\"Couleurs\"}]},{\"@type\":\"WebSite\",\"@id\":\"https:\/\/marmite-stg.mda.pl\/fr\/#website\",\"url\":\"https:\/\/marmite-stg.mda.pl\/fr\/\",\"name\":\"Marmite\",\"description\":\"Marmite\",\"potentialAction\":[{\"@type\":\"SearchAction\",\"target\":{\"@type\":\"EntryPoint\",\"urlTemplate\":\"https:\/\/marmite-stg.mda.pl\/fr\/?s={search_term_string}\"},\"query-input\":\"required name=search_term_string\"}],\"inLanguage\":\"fr-FR\"}]}<\/script>\n<!-- \/ Yoast SEO plugin. -->","yoast_head_json":{"title":"Couleurs &bull; Marmite","robots":{"index":"noindex","follow":"follow","max-snippet":"max-snippet:-1","max-image-preview":"max-image-preview:large","max-video-preview":"max-video-preview:-1"},"og_locale":"fr_FR","og_type":"article","og_title":"Couleurs &bull; Marmite","og_url":"https:\/\/marmite-stg.mda.pl\/fr\/materiau\/coloris\/","og_site_name":"Marmite","article_publisher":"https:\/\/www.facebook.com\/marmiteSA","article_modified_time":"2023-02-15T10:29:50+00:00","og_image":[{"width":1880,"height":400,"url":"https:\/\/marmite-stg.mda.pl\/wp-content\/uploads\/2015\/01\/material_banner.jpg","type":"image\/jpeg"}],"twitter_misc":{"Dur\u00e9e de lecture estim\u00e9e":"1 minute"},"schema":{"@context":"https:\/\/schema.org","@graph":[{"@type":"WebPage","@id":"https:\/\/marmite-stg.mda.pl\/fr\/materiau\/coloris\/","url":"https:\/\/marmite-stg.mda.pl\/fr\/materiau\/coloris\/","name":"Couleurs &bull; Marmite","isPartOf":{"@id":"https:\/\/marmite-stg.mda.pl\/fr\/#website"},"datePublished":"2015-09-28T11:05:59+00:00","dateModified":"2023-02-15T10:29:50+00:00","breadcrumb":{"@id":"https:\/\/marmite-stg.mda.pl\/fr\/materiau\/coloris\/#breadcrumb"},"inLanguage":"fr-FR","potentialAction":[{"@type":"ReadAction","target":["https:\/\/marmite-stg.mda.pl\/fr\/materiau\/coloris\/"]}]},{"@type":"BreadcrumbList","@id":"https:\/\/marmite-stg.mda.pl\/fr\/materiau\/coloris\/#breadcrumb","itemListElement":[{"@type":"ListItem","position":1,"name":"Home","item":"https:\/\/marmite-stg.mda.pl\/fr\/"},{"@type":"ListItem","position":2,"name":"Mat\u00e9riau","item":"https:\/\/marmite-stg.mda.pl\/fr\/materiau\/"},{"@type":"ListItem","position":3,"name":"Couleurs"}]},{"@type":"WebSite","@id":"https:\/\/marmite-stg.mda.pl\/fr\/#website","url":"https:\/\/marmite-stg.mda.pl\/fr\/","name":"Marmite","description":"Marmite","potentialAction":[{"@type":"SearchAction","target":{"@type":"EntryPoint","urlTemplate":"https:\/\/marmite-stg.mda.pl\/fr\/?s={search_term_string}"},"query-input":"required name=search_term_string"}],"inLanguage":"fr-FR"}]}},"_links":{"self":[{"href":"https:\/\/marmite-stg.mda.pl\/fr\/wp-json\/wp\/v2\/pages\/1654"}],"collection":[{"href":"https:\/\/marmite-stg.mda.pl\/fr\/wp-json\/wp\/v2\/pages"}],"about":[{"href":"https:\/\/marmite-stg.mda.pl\/fr\/wp-json\/wp\/v2\/types\/page"}],"author":[{"embeddable":true,"href":"https:\/\/marmite-stg.mda.pl\/fr\/wp-json\/wp\/v2\/users\/1"}],"replies":[{"embeddable":true,"href":"https:\/\/marmite-stg.mda.pl\/fr\/wp-json\/wp\/v2\/comments?post=1654"}],"version-history":[{"count":19,"href":"https:\/\/marmite-stg.mda.pl\/fr\/wp-json\/wp\/v2\/pages\/1654\/revisions"}],"predecessor-version":[{"id":27121,"href":"https:\/\/marmite-stg.mda.pl\/fr\/wp-json\/wp\/v2\/pages\/1654\/revisions\/27121"}],"up":[{"embeddable":true,"href":"https:\/\/marmite-stg.mda.pl\/fr\/wp-json\/wp\/v2\/pages\/1604"}],"wp:featuredmedia":[{"embeddable":true,"href":"https:\/\/marmite-stg.mda.pl\/fr\/wp-json\/wp\/v2\/media\/7581"}],"wp:attachment":[{"href":"https:\/\/marmite-stg.mda.pl\/fr\/wp-json\/wp\/v2\/media?parent=1654"}],"curies":[{"name":"wp","href":"https:\/\/api.w.org\/{rel}","templated":true}]}}