{"id":26664,"date":"2023-01-05T07:50:53","date_gmt":"2023-01-05T07:50:53","guid":{"rendered":"https:\/\/marmite-stg.mda.pl\/materiau\/reparation\/polytop-impregnation\/"},"modified":"2023-01-05T08:17:57","modified_gmt":"2023-01-05T08:17:57","slug":"impregnateur-polytop","status":"publish","type":"page","link":"https:\/\/marmite-stg.mda.pl\/fr\/materiau\/reparation\/impregnateur-polytop\/","title":{"rendered":"Impr\u00e9gnateur POLYTOP"},"content":{"rendered":"<p><strong><span lang=\"en-GB\"> Principaux avantages:<\/span><\/strong><\/p>\n<p>&nbsp;<\/p>\n<ul>\n<li>\u00c9limine les rayures et les salissures.<\/li>\n<li> R\u00e9nove la surface.<\/li>\n<li> Prot\u00e8ge contre la d\u00e9t\u00e9rioration.<\/li>\n<\/ul>\n","protected":false},"excerpt":{"rendered":"<p>Principaux avantages: &nbsp; \u00c9limine les rayures et les salissures. R\u00e9nove la surface. Prot\u00e8ge contre la d\u00e9t\u00e9rioration.<\/p>\n","protected":false},"author":1,"featured_media":26647,"parent":1614,"menu_order":0,"comment_status":"closed","ping_status":"closed","template":"page-templates\/layout_repaire_product.php","meta":{"footnotes":""},"acf":[],"yoast_head":"<!-- This site is optimized with the Yoast SEO plugin v20.13 - https:\/\/yoast.com\/wordpress\/plugins\/seo\/ -->\n<title>Impr\u00e9gnateur POLYTOP &bull; Marmite<\/title>\n<meta name=\"robots\" content=\"noindex, follow, max-snippet:-1, max-image-preview:large, max-video-preview:-1\" \/>\n<meta property=\"og:locale\" content=\"fr_FR\" \/>\n<meta property=\"og:type\" content=\"article\" \/>\n<meta property=\"og:title\" content=\"Impr\u00e9gnateur POLYTOP &bull; Marmite\" \/>\n<meta property=\"og:url\" content=\"https:\/\/marmite-stg.mda.pl\/fr\/materiau\/reparation\/impregnateur-polytop\/\" \/>\n<meta property=\"og:site_name\" content=\"Marmite\" \/>\n<meta property=\"article:publisher\" content=\"https:\/\/www.facebook.com\/marmiteSA\" \/>\n<meta property=\"article:modified_time\" content=\"2023-01-05T08:17:57+00:00\" \/>\n<meta property=\"og:image\" content=\"https:\/\/marmite-stg.mda.pl\/wp-content\/uploads\/2023\/01\/politop_impregnation.jpg\" \/>\n\t<meta property=\"og:image:width\" content=\"738\" \/>\n\t<meta property=\"og:image:height\" content=\"500\" \/>\n\t<meta property=\"og:image:type\" content=\"image\/jpeg\" \/>\n<meta name=\"twitter:label1\" content=\"Dur\u00e9e de lecture estim\u00e9e\" \/>\n\t<meta name=\"twitter:data1\" content=\"1 minute\" \/>\n<script type=\"application\/ld+json\" class=\"yoast-schema-graph\">{\"@context\":\"https:\/\/schema.org\",\"@graph\":[{\"@type\":\"WebPage\",\"@id\":\"https:\/\/marmite-stg.mda.pl\/fr\/materiau\/reparation\/impregnateur-polytop\/\",\"url\":\"https:\/\/marmite-stg.mda.pl\/fr\/materiau\/reparation\/impregnateur-polytop\/\",\"name\":\"Impr\u00e9gnateur POLYTOP &bull; Marmite\",\"isPartOf\":{\"@id\":\"https:\/\/marmite-stg.mda.pl\/fr\/#website\"},\"datePublished\":\"2023-01-05T07:50:53+00:00\",\"dateModified\":\"2023-01-05T08:17:57+00:00\",\"breadcrumb\":{\"@id\":\"https:\/\/marmite-stg.mda.pl\/fr\/materiau\/reparation\/impregnateur-polytop\/#breadcrumb\"},\"inLanguage\":\"fr-FR\",\"potentialAction\":[{\"@type\":\"ReadAction\",\"target\":[\"https:\/\/marmite-stg.mda.pl\/fr\/materiau\/reparation\/impregnateur-polytop\/\"]}]},{\"@type\":\"BreadcrumbList\",\"@id\":\"https:\/\/marmite-stg.mda.pl\/fr\/materiau\/reparation\/impregnateur-polytop\/#breadcrumb\",\"itemListElement\":[{\"@type\":\"ListItem\",\"position\":1,\"name\":\"Home\",\"item\":\"https:\/\/marmite-stg.mda.pl\/fr\/\"},{\"@type\":\"ListItem\",\"position\":2,\"name\":\"Mat\u00e9riau\",\"item\":\"https:\/\/marmite-stg.mda.pl\/fr\/materiau\/\"},{\"@type\":\"ListItem\",\"position\":3,\"name\":\"R\u00e9paration\",\"item\":\"https:\/\/marmite-stg.mda.pl\/fr\/material\/repairable\/\"},{\"@type\":\"ListItem\",\"position\":4,\"name\":\"Impr\u00e9gnateur POLYTOP\"}]},{\"@type\":\"WebSite\",\"@id\":\"https:\/\/marmite-stg.mda.pl\/fr\/#website\",\"url\":\"https:\/\/marmite-stg.mda.pl\/fr\/\",\"name\":\"Marmite\",\"description\":\"Marmite\",\"potentialAction\":[{\"@type\":\"SearchAction\",\"target\":{\"@type\":\"EntryPoint\",\"urlTemplate\":\"https:\/\/marmite-stg.mda.pl\/fr\/?s={search_term_string}\"},\"query-input\":\"required name=search_term_string\"}],\"inLanguage\":\"fr-FR\"}]}<\/script>\n<!-- \/ Yoast SEO plugin. -->","yoast_head_json":{"title":"Impr\u00e9gnateur POLYTOP &bull; Marmite","robots":{"index":"noindex","follow":"follow","max-snippet":"max-snippet:-1","max-image-preview":"max-image-preview:large","max-video-preview":"max-video-preview:-1"},"og_locale":"fr_FR","og_type":"article","og_title":"Impr\u00e9gnateur POLYTOP &bull; Marmite","og_url":"https:\/\/marmite-stg.mda.pl\/fr\/materiau\/reparation\/impregnateur-polytop\/","og_site_name":"Marmite","article_publisher":"https:\/\/www.facebook.com\/marmiteSA","article_modified_time":"2023-01-05T08:17:57+00:00","og_image":[{"width":738,"height":500,"url":"https:\/\/marmite-stg.mda.pl\/wp-content\/uploads\/2023\/01\/politop_impregnation.jpg","type":"image\/jpeg"}],"twitter_misc":{"Dur\u00e9e de lecture estim\u00e9e":"1 minute"},"schema":{"@context":"https:\/\/schema.org","@graph":[{"@type":"WebPage","@id":"https:\/\/marmite-stg.mda.pl\/fr\/materiau\/reparation\/impregnateur-polytop\/","url":"https:\/\/marmite-stg.mda.pl\/fr\/materiau\/reparation\/impregnateur-polytop\/","name":"Impr\u00e9gnateur POLYTOP &bull; Marmite","isPartOf":{"@id":"https:\/\/marmite-stg.mda.pl\/fr\/#website"},"datePublished":"2023-01-05T07:50:53+00:00","dateModified":"2023-01-05T08:17:57+00:00","breadcrumb":{"@id":"https:\/\/marmite-stg.mda.pl\/fr\/materiau\/reparation\/impregnateur-polytop\/#breadcrumb"},"inLanguage":"fr-FR","potentialAction":[{"@type":"ReadAction","target":["https:\/\/marmite-stg.mda.pl\/fr\/materiau\/reparation\/impregnateur-polytop\/"]}]},{"@type":"BreadcrumbList","@id":"https:\/\/marmite-stg.mda.pl\/fr\/materiau\/reparation\/impregnateur-polytop\/#breadcrumb","itemListElement":[{"@type":"ListItem","position":1,"name":"Home","item":"https:\/\/marmite-stg.mda.pl\/fr\/"},{"@type":"ListItem","position":2,"name":"Mat\u00e9riau","item":"https:\/\/marmite-stg.mda.pl\/fr\/materiau\/"},{"@type":"ListItem","position":3,"name":"R\u00e9paration","item":"https:\/\/marmite-stg.mda.pl\/fr\/material\/repairable\/"},{"@type":"ListItem","position":4,"name":"Impr\u00e9gnateur POLYTOP"}]},{"@type":"WebSite","@id":"https:\/\/marmite-stg.mda.pl\/fr\/#website","url":"https:\/\/marmite-stg.mda.pl\/fr\/","name":"Marmite","description":"Marmite","potentialAction":[{"@type":"SearchAction","target":{"@type":"EntryPoint","urlTemplate":"https:\/\/marmite-stg.mda.pl\/fr\/?s={search_term_string}"},"query-input":"required name=search_term_string"}],"inLanguage":"fr-FR"}]}},"_links":{"self":[{"href":"https:\/\/marmite-stg.mda.pl\/fr\/wp-json\/wp\/v2\/pages\/26664"}],"collection":[{"href":"https:\/\/marmite-stg.mda.pl\/fr\/wp-json\/wp\/v2\/pages"}],"about":[{"href":"https:\/\/marmite-stg.mda.pl\/fr\/wp-json\/wp\/v2\/types\/page"}],"author":[{"embeddable":true,"href":"https:\/\/marmite-stg.mda.pl\/fr\/wp-json\/wp\/v2\/users\/1"}],"replies":[{"embeddable":true,"href":"https:\/\/marmite-stg.mda.pl\/fr\/wp-json\/wp\/v2\/comments?post=26664"}],"version-history":[{"count":2,"href":"https:\/\/marmite-stg.mda.pl\/fr\/wp-json\/wp\/v2\/pages\/26664\/revisions"}],"predecessor-version":[{"id":26666,"href":"https:\/\/marmite-stg.mda.pl\/fr\/wp-json\/wp\/v2\/pages\/26664\/revisions\/26666"}],"up":[{"embeddable":true,"href":"https:\/\/marmite-stg.mda.pl\/fr\/wp-json\/wp\/v2\/pages\/1614"}],"wp:featuredmedia":[{"embeddable":true,"href":"https:\/\/marmite-stg.mda.pl\/fr\/wp-json\/wp\/v2\/media\/26647"}],"wp:attachment":[{"href":"https:\/\/marmite-stg.mda.pl\/fr\/wp-json\/wp\/v2\/media?parent=26664"}],"curies":[{"name":"wp","href":"https:\/\/api.w.org\/{rel}","templated":true}]}}