{"id":4042,"date":"2018-06-28T12:24:31","date_gmt":"2018-06-28T12:24:31","guid":{"rendered":"https:\/\/site.marmite.mda.pl\/?page_id=4042"},"modified":"2020-03-23T13:54:18","modified_gmt":"2020-03-23T13:54:18","slug":"politique-des-cookies","status":"publish","type":"page","link":"https:\/\/marmite-stg.mda.pl\/fr\/politique-des-cookies\/","title":{"rendered":"Politique des cookies"},"content":{"rendered":"<div class=\"mps\">\n<p>Dans le cadre de la r\u00e9alisation de nos activit\u00e9s (Marmite sp. z o.o.), nous utilisons des coookies. Ils nous permettent d\u2019observer et d\u2019analyser le trafic sur notre site internet. Dans le cadre de ces activit\u00e9s, nous ne traitons pas de donn\u00e9es \u00e0 caract\u00e8re personnel au sens des dispositions GDPR.<\/p>\n<p>Trouvez ci-dessous plus d\u2019informations relatives aux principes de conservation et d\u2019acc\u00e8s aux informations sur vos dispositifs par l&rsquo;interm\u00e9diaire de cookies. Par \u00ab les dispositifs \u00bb nous entendons les dispositifs \u00e9lectroniques par l\u2019interm\u00e9diaire desquels vous utilisez notre site internet.<\/p>\n<h4><span style=\"color: #ee3124;\">\u00a71. Qu\u2019appelle-t-on cookies ?<\/span><\/h4>\n<p>Les cookies sont des donn\u00e9es informatiques (p.ex. de petits fichiers textes), enregistr\u00e9es et conserv\u00e9es sur les dispositifs \u00e0 partir desquels vous consultez notre site internet.<\/p>\n<p>Il y a deux types de fichiers cookies :<\/p>\n<ol type=\"a\">\n<li>a) Les cookies de l\u2019Administrateur (nos propres cookies) \u2013 plac\u00e9s par notre soci\u00e9t\u00e9 en raison de la prestation des services par voie \u00e9lectronique (c&rsquo;est-\u00e0- dire par l\u2019interm\u00e9diaire du site internet),<\/li>\n<li>b) Les cookies externes \u2013 les cookies plac\u00e9s par nos partenaires par l\u2019interm\u00e9diaire de notre site internet.<\/li>\n<\/ol>\n<h4><span style=\"color: #ee3124;\">\u00a72. Quels fichiers \u00ab cookies \u00bb utilisons-nous ?<\/span><\/h4>\n<p>Nous utilisons deux types de fichiers cookies ::<\/p>\n<ol type=\"a\">\n<li>a) Les cookies de session \u2013 les fichiers stock\u00e9s sur votre dispositif jusqu\u2019\u00e0 la fin de la session de votre navigateur; apr\u00e8s la fin de la session, ils sont d\u00e9finitivement supprim\u00e9s.<\/li>\n<li>b) Les cookies persistants \u2013 les fichiers stock\u00e9s sur votre dispositif jusqu\u2019\u00e0 l\u2019effacement par l\u2019utilisateur; ces fichiers ne sont pas effac\u00e9s apr\u00e8s la fin de la session du navigateur ou apr\u00e8s la d\u00e9sactivation du dispositif.<\/li>\n<\/ol>\n<p>Les m\u00e9canismes de cookies de session et de cookies persistants ne permettent pas l\u2019extraction de vos donn\u00e9es \u00e0 caract\u00e8re personnel ou des informations confidentielles \u00e0 partir de vos dispositifs.<\/p>\n<h4><span style=\"color: #ee3124;\">\u00a73. \u00c0 quoi servent les cookies ?<\/span><\/h4>\n<p>Les fichiers cookies permettent de mettre en \u0153uvre des modifications et des am\u00e9liorations sur notre site internet, ce qui a des effets positifs sur leur r\u00e9ception. Ceci nous permet aussi d\u2019analyser les informations qui ne contiennent pas de donn\u00e9es \u00e0 caract\u00e8re personnel \u2013 \u00e0 des fins statistiques et pour d\u00e9terminer l&rsquo;int\u00e9r\u00eat pour diff\u00e9rents \u00e9l\u00e9ments de notre site internet.<\/p>\n<p>Nos propres cookies sont utilis\u00e9s pour:<\/p>\n<ol type=\"a\">\n<li>ajuster le contenu de notre site internet aux pr\u00e9f\u00e9rences de l\u2019utilisateur,<\/li>\n<li>assurer une fonctionnalit\u00e9 maximale de notre site internet et, en cons\u00e9quence, optimiser son exploitation,<\/li>\n<li>enregistrer l\u2019historique des sites internet que vous avez visit\u00e9s afin de pouvoir vous recommander un contenu appropri\u00e9,<\/li>\n<li>enregistrer vos r\u00e9glages et personnaliser l\u2019interface (p.ex. la langue et la r\u00e9gion que vous avez choisies),<\/li>\n<li>reconnaitre les param\u00e8tres de base de votre dispositif pour afficher correctement notre site internet,<\/li>\n<li>v\u00e9rifier les sources de redirection des utilisateurs vers notre site internet,<\/li>\n<li>permettre la livraison des informations relatives \u00e0 votre localisation,<\/li>\n<li>cr\u00e9er des statistiques (anonymes) afin d\u2019am\u00e9liorer notre site internet,<\/li>\n<li>assurer la s\u00e9curit\u00e9 et la fiabilit\u00e9 de notre site internet,<\/li>\n<li>r\u00e9aliser des objectifs marketing.<\/li>\n<\/ol>\n<p>Les cookies externes sont utilis\u00e9s pour:<\/p>\n<ol type=\"a\">\n<li>collecter les donn\u00e9es statistiques g\u00e9n\u00e9rales et anonymes par l\u2019interm\u00e9diaire de Google Analytics (administrateur des cookies : Google Inc sis aux EUA). Plus d\u2019informations au point 6 ci-dessous,<\/li>\n<li>pr\u00e9senter sur notre site internet le contenu multim\u00e9dia t\u00e9l\u00e9charg\u00e9 depuis le service internet externe www.youtube.com (administrateur des cookies : Google Inc sis aux \u00c9tats-Unis). Pour plus d\u2019informations, rendez-vous au point 7 ci-dessous.<\/li>\n<\/ol>\n<h4><span style=\"color: #ee3124;\">\u00a74. S\u00e9curit\u00e9 de vos dispositifs<\/span><\/h4>\n<p>Les fichiers cookies que nous utilisons ne sont pas dangereux pour vos dispositifs. En particulier, ils ne permettent pas de laisser p\u00e9n\u00e9trer dans vos dispositifs des virus ou des logiciels ind\u00e9sirables ou malveillants.<\/p>\n<h4><span style=\"color: #ee3124;\">\u00a75. Param\u00e9trage \/ effacement des fichiers cookies<\/span><\/h4>\n<p>Vous pouvez param\u00e9trer votre navigateur afin qu\u2019il vous informe quand un fichier cookies vous est envoy\u00e9 ou bien qu\u2019il rejette les fichiers cookies.<\/p>\n<p>Plus d\u2019informations relatives \u00e0 la d\u00e9sactivation des fichiers cookies dans les param\u00e8tres du logiciel (navigateur internet). Vous pouvez apporter des modifications \u00e0 l\u2019utilisation des cookies \u00e0 tout moment. Vous pouvez aussi supprimer les fichiers cookies de votre dispositif.<\/p>\n<p>Vous trouverez ci-dessous les liens pr\u00e9cisant comment d\u00e9sactiver les fichiers cookies de plusieurs navigateurs internet les plus populaires :<\/p>\n<ol type=\"a\">\n<li>Google Chrome &#8211; <a href=\"http:\/\/support.google.com\/chrome\/bin\/answer.py?hl=pl&amp;&amp;answer=95647\">d\u00e9sactivation des fichiers cookies dans Chrome<\/a><\/li>\n<li>Mozilla Firefox &#8211; <a href=\"http:\/\/support.mozilla.org\/pl\/kb\/W%C5%82%C4%85czanie i wy%C5%82%C4%85czanie obs%C5%82ugi ciasteczek\">d\u00e9sactivation des fichiers cookies dans Firefox<\/a><\/li>\n<li>Internet Explorer &#8211; <a href=\"http:\/\/windows.microsoft.com\/pl-pl\/windows7\/block-enable-or-allow-cookies\">d\u00e9sactivation des fichiers cookies dans IE<\/a><\/li>\n<li>Opera &#8211; <a href=\"http:\/\/help.opera.com\/Windows\/12.10\/pl\/cookies.html\">d\u00e9sactivation des fichiers cookies dans Opera.<\/a><\/li>\n<\/ol>\n<p>L\u2019utilisation limit\u00e9e des cookies peut impacter certaines fonctionnalit\u00e9s accessibles \u00e0 partir de notre site internet.<\/p>\n<h4><span style=\"color: #ee3124;\">\u00a76. Google Analytics<\/span><\/h4>\n<p>Google Analytics est un outil mis \u00e0 disposition par Google Inc (1600 Amphitheatre Parkway, Mountain View, CA 94043 USA, ci-apr\u00e8s : \u00ab Google \u00bb), permettant d\u2019analyser l\u2019audience des sites internet. Cet outil utilise des fichiers cookies.<\/p>\n<p>Les informations collect\u00e9es par le fichier cookies (p.ex. l&rsquo;heure, la localisation et la fr\u00e9quence des visites sur le site internet, y compris l\u2019adresse IP) sont g\u00e9n\u00e9ralement envoy\u00e9es vers Google aux \u00c9tats-Unis et y sont stock\u00e9es. Google utilise ces informations afin d\u2019\u00e9valuer les modalit\u00e9s d\u2019utilisation de notre site internet, d\u2019\u00e9tablir des rapports (notamment ceux concernant l\u2019activit\u00e9 sur notre site internet), mais aussi pour livrer d\u2019autres services aff\u00e9rents. Google peut mettre ces informations \u00e0 la disposition d\u2019autres entit\u00e9s si cette obligation lui est impos\u00e9e par les dispositions de la loi ou bien si ces entit\u00e9s traitent les donn\u00e9es au nom et pour le compte de Google.<\/p>\n<p>Google Analytics permet d\u2019analyser l\u2019utilisation de notre site internet et de l\u2019am\u00e9liorer r\u00e9guli\u00e8rement. Gr\u00e2ce aux statistiques nous pouvons am\u00e9liorer notre offre et la rendre plus int\u00e9ressante pour les utilisateurs.<\/p>\n<p>Notre site internet utilise Google Analytics avec l\u2019anonymisation de l\u2019adresse IP. Ceci signifie que votre adresse IP est raccourcie et, par cons\u00e9quent, anonymis\u00e9e par Google dans les \u00c9tats membres de l&rsquo;Union europ\u00e9enne ou dans un autre pays de l&rsquo;EEE.<\/p>\n<p>Conform\u00e9ment aux d\u00e9clarations de Google, l\u2019adresse IP transmise par votre navigateur internet dans le cadre des services Google Analytics n\u2019est pas combin\u00e9e avec d\u2019autres donn\u00e9es.<\/p>\n<p>Si vous ne souhaitez pas que les fichiers cookies soient plac\u00e9s sur votre dispositif, param\u00e9trez convenablement le logiciel de votre navigateur (instructions convenables au point 5 ci-dessus). Nous souhaitons n\u00e9anmoins souligner que l\u2019utilisation limit\u00e9e des cookies peut impacter certaines fonctionnalit\u00e9s accessibles \u00e0 partir de notre site internet.<\/p>\n<p>De plus, il est possible de d\u00e9sactiver les services Google Analytics (Google offre un ajout de blocage du service Google Analytics dans les navigateurs internet les plus populaires). Plus d\u2019informations sur le lien :<\/p>\n<p style=\"text-align: center;\"><a href=\"https:\/\/tools.google.com\/dlpage\/gaoptout?hl=pl\">https:\/\/tools.google.com\/dlpage\/gaoptout?hl=pl<\/a><\/p>\n<p>Si vous d\u00e9sactivez cette option, les informations relatives \u00e0 l\u2019utilisation de notre site internet ne vont pas \u00eatre envoy\u00e9es vers Google Analytics. Cependant, ceci n&#8217;emp\u00eache pas que celles-ci nous soient transmises (ou bien de les envoyer vers d\u2019autres outils d\u2019analyse que nous mettons en \u0153uvre).<\/p>\n<h4><span style=\"color: #ee3124;\">\u00a77. YouTube<\/span><\/h4>\n<p>Nous pr\u00e9sentons sur notre site internet le contenu multim\u00e9dia t\u00e9l\u00e9charg\u00e9 depuis le service internet externe www.youtube.com. En effet, la visite sur notre site internet \u00e9tablit une connexion directe au serveur YouTube.<\/p>\n<p>Ce service appartient \u00e0 YouTube, LLC 901 Cherry Ave, 94066 San Bruno, California, \u00c9tats-Unis, soci\u00e9t\u00e9 filiale de Google Inc.<\/p>\n<p>Pour plus d&rsquo;informations, cliquez sur le lien ci-dessous: <a href=\"https:\/\/policies.google.com\/privacy\/update?hl=pl\">https:\/\/policies.google.com\/privacy\/update?hl=pl.<\/a><\/p>\n<\/div>\n","protected":false},"excerpt":{"rendered":"<p>Dans le cadre de la r\u00e9alisation de nos activit\u00e9s (Marmite sp. z o.o.), nous utilisons des coookies. Ils nous permettent d\u2019observer et d\u2019analyser le trafic sur notre site internet. Dans le cadre de ces activit\u00e9s, nous ne traitons pas de donn\u00e9es \u00e0 caract\u00e8re personnel au sens des dispositions GDPR. Trouvez ci-dessous plus d\u2019informations relatives aux [&hellip;]<\/p>\n","protected":false},"author":1,"featured_media":0,"parent":0,"menu_order":302,"comment_status":"closed","ping_status":"closed","template":"page-templates\/top_parent_menu.php","meta":{"footnotes":""},"acf":[],"yoast_head":"<!-- This site is optimized with the Yoast SEO plugin v20.13 - https:\/\/yoast.com\/wordpress\/plugins\/seo\/ -->\n<title>Politique des cookies &bull; Marmite<\/title>\n<meta name=\"robots\" content=\"noindex, follow, max-snippet:-1, max-image-preview:large, max-video-preview:-1\" \/>\n<meta property=\"og:locale\" content=\"fr_FR\" \/>\n<meta property=\"og:type\" content=\"article\" \/>\n<meta property=\"og:title\" content=\"Politique des cookies &bull; Marmite\" \/>\n<meta property=\"og:url\" content=\"https:\/\/marmite-stg.mda.pl\/fr\/politique-des-cookies\/\" \/>\n<meta property=\"og:site_name\" content=\"Marmite\" \/>\n<meta property=\"article:publisher\" content=\"https:\/\/www.facebook.com\/marmiteSA\" \/>\n<meta property=\"article:modified_time\" content=\"2020-03-23T13:54:18+00:00\" \/>\n<meta name=\"twitter:label1\" content=\"Dur\u00e9e de lecture estim\u00e9e\" \/>\n\t<meta name=\"twitter:data1\" content=\"6 minutes\" \/>\n<script type=\"application\/ld+json\" class=\"yoast-schema-graph\">{\"@context\":\"https:\/\/schema.org\",\"@graph\":[{\"@type\":\"WebPage\",\"@id\":\"https:\/\/marmite-stg.mda.pl\/fr\/politique-des-cookies\/\",\"url\":\"https:\/\/marmite-stg.mda.pl\/fr\/politique-des-cookies\/\",\"name\":\"Politique des cookies &bull; Marmite\",\"isPartOf\":{\"@id\":\"https:\/\/marmite-stg.mda.pl\/fr\/#website\"},\"datePublished\":\"2018-06-28T12:24:31+00:00\",\"dateModified\":\"2020-03-23T13:54:18+00:00\",\"breadcrumb\":{\"@id\":\"https:\/\/marmite-stg.mda.pl\/fr\/politique-des-cookies\/#breadcrumb\"},\"inLanguage\":\"fr-FR\",\"potentialAction\":[{\"@type\":\"ReadAction\",\"target\":[\"https:\/\/marmite-stg.mda.pl\/fr\/politique-des-cookies\/\"]}]},{\"@type\":\"BreadcrumbList\",\"@id\":\"https:\/\/marmite-stg.mda.pl\/fr\/politique-des-cookies\/#breadcrumb\",\"itemListElement\":[{\"@type\":\"ListItem\",\"position\":1,\"name\":\"Home\",\"item\":\"https:\/\/marmite-stg.mda.pl\/fr\/\"},{\"@type\":\"ListItem\",\"position\":2,\"name\":\"Politique des cookies\"}]},{\"@type\":\"WebSite\",\"@id\":\"https:\/\/marmite-stg.mda.pl\/fr\/#website\",\"url\":\"https:\/\/marmite-stg.mda.pl\/fr\/\",\"name\":\"Marmite\",\"description\":\"Marmite\",\"potentialAction\":[{\"@type\":\"SearchAction\",\"target\":{\"@type\":\"EntryPoint\",\"urlTemplate\":\"https:\/\/marmite-stg.mda.pl\/fr\/?s={search_term_string}\"},\"query-input\":\"required name=search_term_string\"}],\"inLanguage\":\"fr-FR\"}]}<\/script>\n<!-- \/ Yoast SEO plugin. -->","yoast_head_json":{"title":"Politique des cookies &bull; Marmite","robots":{"index":"noindex","follow":"follow","max-snippet":"max-snippet:-1","max-image-preview":"max-image-preview:large","max-video-preview":"max-video-preview:-1"},"og_locale":"fr_FR","og_type":"article","og_title":"Politique des cookies &bull; Marmite","og_url":"https:\/\/marmite-stg.mda.pl\/fr\/politique-des-cookies\/","og_site_name":"Marmite","article_publisher":"https:\/\/www.facebook.com\/marmiteSA","article_modified_time":"2020-03-23T13:54:18+00:00","twitter_misc":{"Dur\u00e9e de lecture estim\u00e9e":"6 minutes"},"schema":{"@context":"https:\/\/schema.org","@graph":[{"@type":"WebPage","@id":"https:\/\/marmite-stg.mda.pl\/fr\/politique-des-cookies\/","url":"https:\/\/marmite-stg.mda.pl\/fr\/politique-des-cookies\/","name":"Politique des cookies &bull; Marmite","isPartOf":{"@id":"https:\/\/marmite-stg.mda.pl\/fr\/#website"},"datePublished":"2018-06-28T12:24:31+00:00","dateModified":"2020-03-23T13:54:18+00:00","breadcrumb":{"@id":"https:\/\/marmite-stg.mda.pl\/fr\/politique-des-cookies\/#breadcrumb"},"inLanguage":"fr-FR","potentialAction":[{"@type":"ReadAction","target":["https:\/\/marmite-stg.mda.pl\/fr\/politique-des-cookies\/"]}]},{"@type":"BreadcrumbList","@id":"https:\/\/marmite-stg.mda.pl\/fr\/politique-des-cookies\/#breadcrumb","itemListElement":[{"@type":"ListItem","position":1,"name":"Home","item":"https:\/\/marmite-stg.mda.pl\/fr\/"},{"@type":"ListItem","position":2,"name":"Politique des cookies"}]},{"@type":"WebSite","@id":"https:\/\/marmite-stg.mda.pl\/fr\/#website","url":"https:\/\/marmite-stg.mda.pl\/fr\/","name":"Marmite","description":"Marmite","potentialAction":[{"@type":"SearchAction","target":{"@type":"EntryPoint","urlTemplate":"https:\/\/marmite-stg.mda.pl\/fr\/?s={search_term_string}"},"query-input":"required name=search_term_string"}],"inLanguage":"fr-FR"}]}},"_links":{"self":[{"href":"https:\/\/marmite-stg.mda.pl\/fr\/wp-json\/wp\/v2\/pages\/4042"}],"collection":[{"href":"https:\/\/marmite-stg.mda.pl\/fr\/wp-json\/wp\/v2\/pages"}],"about":[{"href":"https:\/\/marmite-stg.mda.pl\/fr\/wp-json\/wp\/v2\/types\/page"}],"author":[{"embeddable":true,"href":"https:\/\/marmite-stg.mda.pl\/fr\/wp-json\/wp\/v2\/users\/1"}],"replies":[{"embeddable":true,"href":"https:\/\/marmite-stg.mda.pl\/fr\/wp-json\/wp\/v2\/comments?post=4042"}],"version-history":[{"count":11,"href":"https:\/\/marmite-stg.mda.pl\/fr\/wp-json\/wp\/v2\/pages\/4042\/revisions"}],"predecessor-version":[{"id":9886,"href":"https:\/\/marmite-stg.mda.pl\/fr\/wp-json\/wp\/v2\/pages\/4042\/revisions\/9886"}],"wp:attachment":[{"href":"https:\/\/marmite-stg.mda.pl\/fr\/wp-json\/wp\/v2\/media?parent=4042"}],"curies":[{"name":"wp","href":"https:\/\/api.w.org\/{rel}","templated":true}]}}