{"id":4190,"date":"2018-07-03T08:19:41","date_gmt":"2018-07-03T08:19:41","guid":{"rendered":"https:\/\/site.marmite.mda.pl\/?page_id=4190"},"modified":"2018-07-03T08:19:41","modified_gmt":"2018-07-03T08:19:41","slug":"retrait-du-consentement","status":"publish","type":"page","link":"https:\/\/marmite-stg.mda.pl\/fr\/retrait-du-consentement\/","title":{"rendered":"Retrait du consentement"},"content":{"rendered":"\n<div class=\"wpcf7 no-js\" id=\"wpcf7-f4189-o1\" lang=\"en-US\" dir=\"ltr\">\n<div class=\"screen-reader-response\"><p role=\"status\" aria-live=\"polite\" aria-atomic=\"true\"><\/p> <ul><\/ul><\/div>\n<form action=\"\/fr\/wp-json\/wp\/v2\/pages\/4190#wpcf7-f4189-o1\" method=\"post\" class=\"wpcf7-form init\" aria-label=\"Contact form\" novalidate=\"novalidate\" data-status=\"init\">\n<div style=\"display: none;\">\n<input type=\"hidden\" name=\"_wpcf7\" value=\"4189\" \/>\n<input type=\"hidden\" name=\"_wpcf7_version\" value=\"5.8\" \/>\n<input type=\"hidden\" name=\"_wpcf7_locale\" value=\"en_US\" \/>\n<input type=\"hidden\" name=\"_wpcf7_unit_tag\" value=\"wpcf7-f4189-o1\" \/>\n<input type=\"hidden\" name=\"_wpcf7_container_post\" value=\"0\" \/>\n<input type=\"hidden\" name=\"_wpcf7_posted_data_hash\" value=\"\" \/>\n<\/div>\n<div class=\"marmite-contact-form\">\n\t<div class=\"grid\">\n\t\t<div class=\"w w-12\">\n\t\t\t<p style=\"font-size: 16px; font-weight: bold;padding-bottom: 6px;\">Clause d\u2019information relative au droit de retrait du consentement\n\t\t\t<\/p>\n\t\t\t<p>Vous avez le droit de retirer \u00e0 tout moment votre consentement au traitement de vos donn\u00e9es \u00e0 caract\u00e8re personnel. Le retrait du consentement ne compromet pas la lic\u00e9it\u00e9 du traitement fond\u00e9 sur votre consentement effectu\u00e9 avant ce retrait. Pour retirer votre consentement, merci de remplir le formulaire ci-dessous:\n\t\t\t<\/p>\n\t\t<\/div>\n\t<\/div>\n\t<div style=\"padding: 30px 42px; border: 1px solid #dadada;\">\n\t\t<div class=\"grid\">\n\t\t\t<div class=\"w w-6\">\n\t\t\t\t<p><label for=\"email\" style=\"color:#787878;font-size: 14px;\">Entrez votre adresse email:<\/label><span class=\"wpcf7-form-control-wrap\" data-name=\"email\"><input size=\"40\" class=\"wpcf7-form-control wpcf7-text wpcf7-validates-as-required\" aria-required=\"true\" aria-invalid=\"false\" value=\"\" type=\"text\" name=\"email\" \/><\/span>\n\t\t\t\t<\/p>\n\t\t\t<\/div>\n\t\t<\/div>\n\t\t<div class=\"grid\">\n\t\t\t<div class=\"w w-12 consent-2\">\n\t\t\t\t<p style=\"padding-bottom:0\">Je d\u00e9clare retirer mon consentement au traitement de mes donn\u00e9es \u00e0 caract\u00e8re personnel par Marmite Sp. z o.o. sise \u00e0 Zakrzewo (\u00e0 l\u2019adresse ul. Przemys\u0142owa 4, 62-070 Dopiewo, No KRS 0000581685, d\u00e9nomm\u00e9e ci-dessous : \u00ab Marmite \u00bb) concernant:\n\t\t\t\t<\/p>\n\t\t\t<\/div>\n\t\t<\/div>\n\t\t<div class=\"grid\">\n\t\t\t<div class=\"w w-12 consent-2\">\n\t\t\t\t<p>le consentement \u00e0 la r\u00e9ception de mat\u00e9riaux et d\u2019informations marketing (informations commerciales, newsletter, invitation aux foires et salons, v\u0153ux)\n\t\t\t\t<\/p>\n\t\t\t\t<p><span class=\"wpcf7-form-control-wrap\" data-name=\"dane-osobowe\"><span class=\"wpcf7-form-control wpcf7-checkbox wpcf7-validates-as-required wpcf7-exclusive-checkbox\"><span class=\"wpcf7-list-item first\"><input type=\"checkbox\" name=\"dane-osobowe\" value=\"OUI\" \/><span class=\"wpcf7-list-item-label\">OUI<\/span><\/span><span class=\"wpcf7-list-item last\"><input type=\"checkbox\" name=\"dane-osobowe\" value=\"NON\" \/><span class=\"wpcf7-list-item-label\">NON<\/span><\/span><\/span><\/span>\n\t\t\t\t<\/p>\n\t\t\t<\/div>\n\t\t<\/div>\n\t\t<div class=\"grid\">\n\t\t\t<div class=\"w w-12 consent-2\">\n\t\t\t\t<p>le consentement \u00e0 la r\u00e9ception des informations commerciales de Marmite par voie \u00e9lectronique\n\t\t\t\t<\/p>\n\t\t\t\t<p><span class=\"wpcf7-form-control-wrap\" data-name=\"droga-elektroniczna\"><span class=\"wpcf7-form-control wpcf7-checkbox wpcf7-validates-as-required wpcf7-exclusive-checkbox\"><span class=\"wpcf7-list-item first\"><input type=\"checkbox\" name=\"droga-elektroniczna\" value=\"OUI\" \/><span class=\"wpcf7-list-item-label\">OUI<\/span><\/span><span class=\"wpcf7-list-item last\"><input type=\"checkbox\" name=\"droga-elektroniczna\" value=\"NON\" \/><span class=\"wpcf7-list-item-label\">NON<\/span><\/span><\/span><\/span>\n\t\t\t\t<\/p>\n\t\t\t<\/div>\n\t\t<\/div>\n\t\t<div class=\"grid\">\n\t\t\t<div class=\"w w-12 consent-2\">\n\t\t\t\t<p>le consentement \u00e0 l\u2019utilisation des \u00e9quipements terminaux de t\u00e9l\u00e9communications (ordinateur, t\u00e9l\u00e9phone portable) \u00e0 des fins de r\u00e9alisation de marketing direct par Marmite\n\t\t\t\t<\/p>\n\t\t\t\t<p><span class=\"wpcf7-form-control-wrap\" data-name=\"urzadzenia-koncowe\"><span class=\"wpcf7-form-control wpcf7-checkbox wpcf7-validates-as-required wpcf7-exclusive-checkbox\"><span class=\"wpcf7-list-item first\"><input type=\"checkbox\" name=\"urzadzenia-koncowe\" value=\"OUI\" \/><span class=\"wpcf7-list-item-label\">OUI<\/span><\/span><span class=\"wpcf7-list-item last\"><input type=\"checkbox\" name=\"urzadzenia-koncowe\" value=\"NON\" \/><span class=\"wpcf7-list-item-label\">NON<\/span><\/span><\/span><\/span>\n\t\t\t\t<\/p>\n\t\t\t<\/div>\n\t\t<\/div>\n\t\t<div class=\"grid\">\n\t\t\t<div class=\"w w-12\" style=\"text-align: left;\">\n\t\t\t\t<p><input class=\"wpcf7-form-control wpcf7-submit has-spinner\" type=\"submit\" value=\"Envoyer le formulaire\" \/>\n\t\t\t\t<\/p>\n\t\t\t<\/div>\n\t\t<\/div>\n\t<\/div>\n<\/div><div class=\"wpcf7-response-output\" aria-hidden=\"true\"><\/div>\n<\/form>\n<\/div>\n\n","protected":false},"excerpt":{"rendered":"","protected":false},"author":1,"featured_media":0,"parent":0,"menu_order":18,"comment_status":"closed","ping_status":"closed","template":"","meta":{"footnotes":""},"acf":[],"yoast_head":"<!-- This site is optimized with the Yoast SEO plugin v20.13 - https:\/\/yoast.com\/wordpress\/plugins\/seo\/ -->\n<title>Retrait du consentement &bull; Marmite<\/title>\n<meta name=\"robots\" content=\"noindex, follow, max-snippet:-1, max-image-preview:large, max-video-preview:-1\" \/>\n<meta property=\"og:locale\" content=\"fr_FR\" \/>\n<meta property=\"og:type\" content=\"article\" \/>\n<meta property=\"og:title\" content=\"Retrait du consentement &bull; Marmite\" \/>\n<meta property=\"og:url\" content=\"https:\/\/marmite-stg.mda.pl\/fr\/retrait-du-consentement\/\" \/>\n<meta property=\"og:site_name\" content=\"Marmite\" \/>\n<meta property=\"article:publisher\" content=\"https:\/\/www.facebook.com\/marmiteSA\" \/>\n<script type=\"application\/ld+json\" class=\"yoast-schema-graph\">{\"@context\":\"https:\/\/schema.org\",\"@graph\":[{\"@type\":\"WebPage\",\"@id\":\"https:\/\/marmite-stg.mda.pl\/fr\/retrait-du-consentement\/\",\"url\":\"https:\/\/marmite-stg.mda.pl\/fr\/retrait-du-consentement\/\",\"name\":\"Retrait du consentement &bull; Marmite\",\"isPartOf\":{\"@id\":\"https:\/\/marmite-stg.mda.pl\/fr\/#website\"},\"datePublished\":\"2018-07-03T08:19:41+00:00\",\"dateModified\":\"2018-07-03T08:19:41+00:00\",\"breadcrumb\":{\"@id\":\"https:\/\/marmite-stg.mda.pl\/fr\/retrait-du-consentement\/#breadcrumb\"},\"inLanguage\":\"fr-FR\",\"potentialAction\":[{\"@type\":\"ReadAction\",\"target\":[\"https:\/\/marmite-stg.mda.pl\/fr\/retrait-du-consentement\/\"]}]},{\"@type\":\"BreadcrumbList\",\"@id\":\"https:\/\/marmite-stg.mda.pl\/fr\/retrait-du-consentement\/#breadcrumb\",\"itemListElement\":[{\"@type\":\"ListItem\",\"position\":1,\"name\":\"Home\",\"item\":\"https:\/\/marmite-stg.mda.pl\/fr\/\"},{\"@type\":\"ListItem\",\"position\":2,\"name\":\"Retrait du consentement\"}]},{\"@type\":\"WebSite\",\"@id\":\"https:\/\/marmite-stg.mda.pl\/fr\/#website\",\"url\":\"https:\/\/marmite-stg.mda.pl\/fr\/\",\"name\":\"Marmite\",\"description\":\"Marmite\",\"potentialAction\":[{\"@type\":\"SearchAction\",\"target\":{\"@type\":\"EntryPoint\",\"urlTemplate\":\"https:\/\/marmite-stg.mda.pl\/fr\/?s={search_term_string}\"},\"query-input\":\"required name=search_term_string\"}],\"inLanguage\":\"fr-FR\"}]}<\/script>\n<!-- \/ Yoast SEO plugin. -->","yoast_head_json":{"title":"Retrait du consentement &bull; Marmite","robots":{"index":"noindex","follow":"follow","max-snippet":"max-snippet:-1","max-image-preview":"max-image-preview:large","max-video-preview":"max-video-preview:-1"},"og_locale":"fr_FR","og_type":"article","og_title":"Retrait du consentement &bull; Marmite","og_url":"https:\/\/marmite-stg.mda.pl\/fr\/retrait-du-consentement\/","og_site_name":"Marmite","article_publisher":"https:\/\/www.facebook.com\/marmiteSA","schema":{"@context":"https:\/\/schema.org","@graph":[{"@type":"WebPage","@id":"https:\/\/marmite-stg.mda.pl\/fr\/retrait-du-consentement\/","url":"https:\/\/marmite-stg.mda.pl\/fr\/retrait-du-consentement\/","name":"Retrait du consentement &bull; Marmite","isPartOf":{"@id":"https:\/\/marmite-stg.mda.pl\/fr\/#website"},"datePublished":"2018-07-03T08:19:41+00:00","dateModified":"2018-07-03T08:19:41+00:00","breadcrumb":{"@id":"https:\/\/marmite-stg.mda.pl\/fr\/retrait-du-consentement\/#breadcrumb"},"inLanguage":"fr-FR","potentialAction":[{"@type":"ReadAction","target":["https:\/\/marmite-stg.mda.pl\/fr\/retrait-du-consentement\/"]}]},{"@type":"BreadcrumbList","@id":"https:\/\/marmite-stg.mda.pl\/fr\/retrait-du-consentement\/#breadcrumb","itemListElement":[{"@type":"ListItem","position":1,"name":"Home","item":"https:\/\/marmite-stg.mda.pl\/fr\/"},{"@type":"ListItem","position":2,"name":"Retrait du consentement"}]},{"@type":"WebSite","@id":"https:\/\/marmite-stg.mda.pl\/fr\/#website","url":"https:\/\/marmite-stg.mda.pl\/fr\/","name":"Marmite","description":"Marmite","potentialAction":[{"@type":"SearchAction","target":{"@type":"EntryPoint","urlTemplate":"https:\/\/marmite-stg.mda.pl\/fr\/?s={search_term_string}"},"query-input":"required name=search_term_string"}],"inLanguage":"fr-FR"}]}},"_links":{"self":[{"href":"https:\/\/marmite-stg.mda.pl\/fr\/wp-json\/wp\/v2\/pages\/4190"}],"collection":[{"href":"https:\/\/marmite-stg.mda.pl\/fr\/wp-json\/wp\/v2\/pages"}],"about":[{"href":"https:\/\/marmite-stg.mda.pl\/fr\/wp-json\/wp\/v2\/types\/page"}],"author":[{"embeddable":true,"href":"https:\/\/marmite-stg.mda.pl\/fr\/wp-json\/wp\/v2\/users\/1"}],"replies":[{"embeddable":true,"href":"https:\/\/marmite-stg.mda.pl\/fr\/wp-json\/wp\/v2\/comments?post=4190"}],"version-history":[{"count":1,"href":"https:\/\/marmite-stg.mda.pl\/fr\/wp-json\/wp\/v2\/pages\/4190\/revisions"}],"predecessor-version":[{"id":4191,"href":"https:\/\/marmite-stg.mda.pl\/fr\/wp-json\/wp\/v2\/pages\/4190\/revisions\/4191"}],"wp:attachment":[{"href":"https:\/\/marmite-stg.mda.pl\/fr\/wp-json\/wp\/v2\/media?parent=4190"}],"curies":[{"name":"wp","href":"https:\/\/api.w.org\/{rel}","templated":true}]}}