{"id":8399,"date":"2020-02-27T11:52:29","date_gmt":"2020-02-27T11:52:29","guid":{"rendered":"https:\/\/site.marmite.mda.pl\/?page_id=8399"},"modified":"2020-06-29T09:10:37","modified_gmt":"2020-06-29T09:10:37","slug":"garantie","status":"publish","type":"page","link":"https:\/\/marmite-stg.mda.pl\/fr\/laboratoire\/garantie\/","title":{"rendered":"Garantie"},"content":{"rendered":"<h4><span style=\"color: #ff0000;\">\u00a7 1. Dispositions g\u00e9n\u00e9rales<\/span><\/h4>\n<ol>\n<li>Marmite sp. z o.o., sise \u00e0 Zakrzewo \u00e0 l\u2019adresse: ul. Przemys\u0142owa 4, 62-070 Dopiewo, immatricul\u00e9e au registre des entreprises du Registre Judiciaire National tenu par le Tribunal de District de Pozna\u0144-Nowe Miasto et Wilda \u00e0 Pozna\u0144, VIII Section \u00c9conomique du Registre Judiciaire National sous le num\u00e9ro KRS 0000581685, fabricant de lavabos, receveurs de douche et baignoires en composite min\u00e9ral MINERAL COMPOSITE(d\u00e9nomm\u00e9s ci-apr\u00e8s \u00ab\u00a0Produits\u00a0\u00bb ou s\u00e9par\u00e9ment \u00ab\u00a0Produit\u00a0\u00bb), agit en sa qualit\u00e9 de Garant.<\/li>\n<li>Cette garantie n\u2019est accord\u00e9e qu\u2019au client de Marmite qui, en sa qualit\u00e9 d\u2019entrepreneur, a acquis un Produit directement aupr\u00e8s du Garant (\u00ab\u00a0Client\u00a0\u00bb). Le Client a le droit de c\u00e9der ses droits et ses obligations \u00e0 un tiers apr\u00e8s avoir pr\u00e9alablement obtenu un consentement \u00e9crit du Garant.<\/li>\n<li>La garantie fournie certifie que le Produit est exempt de tout d\u00e9faut de mat\u00e9riau apparu lors de sa fabrication et d\u00e9coulant de la mise en \u0153uvre de mat\u00e9riaux inappropri\u00e9s \u00e0 la fabrication des Produits qui, en effet, ne conviendraient pas pour un usage pr\u00e9vu. Le Garant n\u2019est tenu responsable d\u2019aucun d\u00e9faut du Produit r\u00e9sultant : (i) d\u2019un endommagement m\u00e9canique du Produit survenu apr\u00e8s la d\u00e9livrance du Produit au Client (ii) d\u2019une usure naturelle du Produit, y compris des rayures des surfaces apparues lors de l\u2019utilisation du Produit.<\/li>\n<li>L\u2019\u00e9tendue des responsabilit\u00e9s du Garant est vis\u00e9e au \u00a7 1 point 3 du pr\u00e9sent contrat. Le Garant, dans le cadre de cette Garantie, est exempt de toute responsabilit\u00e9 pour les dommages r\u00e9sultant d\u2019une d\u00e9faillance du Produit (\u00e0 savoir pour les dommages mat\u00e9riels subis par le Client en raison d\u2019un Produit d\u00e9fectueux).<\/li>\n<li>La pr\u00e9sente garantie n\u2019est valide que si les conditions suivantes sont remplies :<br \/>\na) Le Produit est install\u00e9 conform\u00e9ment aux prescriptions du Garant fournies dans le mode d\u2019emploi et suivant les r\u00e8gles de l\u2019art, mais aussi selon les normes harmonis\u00e9es appropri\u00e9es ;<br \/>\nb) Le Produit est utilis\u00e9 conform\u00e9ment \u00e0 sa destination ;<br \/>\nc) Le Produit est utilis\u00e9 conform\u00e9ment aux prescriptions du Garant fournies dans le mode d\u2019emploi disponible sur le site Internet : https:\/\/site.marmite.mda.pl\/pl\/wspolpraca\/pliki-do-pobrania\/.<\/li>\n<\/ol>\n<h4><span style=\"color: #ff0000;\">\u00a7 2. Dur\u00e9e et \u00e9tendue de la Garantie<\/span><\/h4>\n<ol>\n<li>La dur\u00e9e de Garantie d\u00e9pend du type de rev\u00eatement g\u00e9lifi\u00e9 gelcoat\u00e9 mis en \u0153uvre par le Garant lors de la fabrication des Produits et elle est de :<br \/>\na) 5 ans \u00e0 partir de la date de d\u00e9livrance du Produit au Client \u2013 pour un produit dot\u00e9 d\u2019un rev\u00eatement g\u00e9lifi\u00e9 gelcoat\u00e9 standard ou d\u2019un rev\u00eatement type Tope Solid ou Top Granit ;<br \/>\nb) 10 ans \u00e0 partir de la date de d\u00e9livrance du Produit au Client \u2013 pour un produit dot\u00e9 d\u2019un rev\u00eatement g\u00e9lifi\u00e9gelcoat\u00e9 type Evermite.<\/li>\n<li>La garantie est valable dans le territoire de l\u2019Union europ\u00e9enne (UE).<\/li>\n<\/ol>\n<h4><span style=\"color: #ff0000;\">\u00a7 3. \u00c9limination des d\u00e9fauts des Produits<\/span><\/h4>\n<ol>\n<li>La proc\u00e9dure d\u00e9taill\u00e9e relative \u00e0 la gestion des r\u00e9clamations est disponible \u00e0 l\u2019adresse Internet : https:\/\/site.marmite.mda.pl\/pl\/wspolpraca\/pliki-do-pobrania\/<\/li>\n<li>Le Garant est tenu de traiter la r\u00e9clamation d\u00fbment pr\u00e9sent\u00e9e par le Client, dans un d\u00e9lai de 14 jours ouvrables suivant la date de son d\u00e9p\u00f4t, et de l\u2019informer si sa r\u00e9clamation est admise ou rejet\u00e9e.<\/li>\n<li>Dans le cas o\u00f9 la r\u00e9clamation est admise, Le Garant ou l\u2019entit\u00e9 qu\u2019il avait indiqu\u00e9e s&rsquo;engagent \u00e0 \u00e9liminer les d\u00e9fauts du Produit dans un d\u00e9lai de 14 jours \u00e0 partir de la date \u00e0 laquelle le Client a \u00e9t\u00e9 inform\u00e9 de l\u2019admission de sa r\u00e9clamation ou de la date de l\u2019expiration du d\u00e9lai pr\u00e9vu pour informer le Client du r\u00e9sultat de traitement de sa r\u00e9clamation. En cas de litige, \u00e0 condition que l\u2019avis de l\u2019expert confirme la position du Client, le Garant ou l\u2019entit\u00e9 qu\u2019il avait indiqu\u00e9e s\u2019engagent \u00e0 \u00e9liminer les d\u00e9fauts du Produit faisant l\u2019objet d\u2019une r\u00e9clamation dans un d\u00e9lai de 14 jours \u00e0 partir de la date \u00e0 laquelle le Garant a re\u00e7u l\u2019avis de l\u2019expert.<\/li>\n<li>Les d\u00e9fauts du Produit seront \u00e9limin\u00e9s comme suit :<br \/>\na) Livraison d\u2019un nouveau Produit au Client aux frais du Garant ; ou bien<br \/>\nb) R\u00e9paration du produit faisant l\u2019objet d\u2019une r\u00e9clamation aux frais du Garant ; ou bien<br \/>\nc) Remboursement du Produit acquis par le Client aux frais du Garant.<br \/>\nLe choix de la modalit\u00e9 d&rsquo;\u00e9limination d\u2019un d\u00e9faut incombe uniquement au Garant.<\/li>\n<li>Le Garant ne supporte pas les frais de r\u00e9ception, livraison, recyclage du produit faisant l\u2019objet d\u2019une r\u00e9clamation, \u00e0 moins que ledit Produit lui ait \u00e9t\u00e9 livr\u00e9 \u00e0 sa demande au cours du processus de r\u00e9clamation et que la r\u00e9clamation ait \u00e9t\u00e9 admise.<\/li>\n<\/ol>\n<h4><span style=\"color: #ff0000;\">\u00a7 4. Dispositions finales<\/span><\/h4>\n<ol>\n<li>Les dispositions du Code civil polonais s\u2019appliquent pour les questions non-r\u00e9gl\u00e9es dans le pr\u00e9sent contrat.<\/li>\n<li>Tout litige entre le Garant et le Client sera r\u00e9gl\u00e9 par le tribunal de droit commun polonais comp\u00e9tent du si\u00e8ge du Garant.<\/li>\n<\/ol>\n","protected":false},"excerpt":{"rendered":"<p>\u00a7 1. Dispositions g\u00e9n\u00e9rales Marmite sp. z o.o., sise \u00e0 Zakrzewo \u00e0 l\u2019adresse: ul. Przemys\u0142owa 4, 62-070 Dopiewo, immatricul\u00e9e au registre des entreprises du Registre Judiciaire National tenu par le Tribunal de District de Pozna\u0144-Nowe Miasto et Wilda \u00e0 Pozna\u0144, VIII Section \u00c9conomique du Registre Judiciaire National sous le num\u00e9ro KRS 0000581685, fabricant de lavabos, [&hellip;]<\/p>\n","protected":false},"author":1,"featured_media":7682,"parent":8390,"menu_order":14,"comment_status":"closed","ping_status":"closed","template":"page-templates\/page-menu-top.php","meta":{"footnotes":""},"acf":[],"yoast_head":"<!-- This site is optimized with the Yoast SEO plugin v20.13 - https:\/\/yoast.com\/wordpress\/plugins\/seo\/ -->\n<title>Garantie &bull; Marmite<\/title>\n<meta name=\"robots\" content=\"noindex, follow, max-snippet:-1, max-image-preview:large, max-video-preview:-1\" \/>\n<meta property=\"og:locale\" content=\"fr_FR\" \/>\n<meta property=\"og:type\" content=\"article\" \/>\n<meta property=\"og:title\" content=\"Garantie &bull; Marmite\" \/>\n<meta property=\"og:url\" content=\"https:\/\/marmite-stg.mda.pl\/fr\/laboratoire\/garantie\/\" \/>\n<meta property=\"og:site_name\" content=\"Marmite\" \/>\n<meta property=\"article:publisher\" content=\"https:\/\/www.facebook.com\/marmiteSA\" \/>\n<meta property=\"article:modified_time\" content=\"2020-06-29T09:10:37+00:00\" \/>\n<meta property=\"og:image\" content=\"https:\/\/marmite-stg.mda.pl\/wp-content\/uploads\/2020\/01\/laboratory.jpg\" \/>\n\t<meta property=\"og:image:width\" content=\"1880\" \/>\n\t<meta property=\"og:image:height\" content=\"400\" \/>\n\t<meta property=\"og:image:type\" content=\"image\/jpeg\" \/>\n<meta name=\"twitter:label1\" content=\"Dur\u00e9e de lecture estim\u00e9e\" \/>\n\t<meta name=\"twitter:data1\" content=\"4 minutes\" \/>\n<script type=\"application\/ld+json\" class=\"yoast-schema-graph\">{\"@context\":\"https:\/\/schema.org\",\"@graph\":[{\"@type\":\"WebPage\",\"@id\":\"https:\/\/marmite-stg.mda.pl\/fr\/laboratoire\/garantie\/\",\"url\":\"https:\/\/marmite-stg.mda.pl\/fr\/laboratoire\/garantie\/\",\"name\":\"Garantie &bull; Marmite\",\"isPartOf\":{\"@id\":\"https:\/\/marmite-stg.mda.pl\/fr\/#website\"},\"datePublished\":\"2020-02-27T11:52:29+00:00\",\"dateModified\":\"2020-06-29T09:10:37+00:00\",\"breadcrumb\":{\"@id\":\"https:\/\/marmite-stg.mda.pl\/fr\/laboratoire\/garantie\/#breadcrumb\"},\"inLanguage\":\"fr-FR\",\"potentialAction\":[{\"@type\":\"ReadAction\",\"target\":[\"https:\/\/marmite-stg.mda.pl\/fr\/laboratoire\/garantie\/\"]}]},{\"@type\":\"BreadcrumbList\",\"@id\":\"https:\/\/marmite-stg.mda.pl\/fr\/laboratoire\/garantie\/#breadcrumb\",\"itemListElement\":[{\"@type\":\"ListItem\",\"position\":1,\"name\":\"Home\",\"item\":\"https:\/\/marmite-stg.mda.pl\/fr\/\"},{\"@type\":\"ListItem\",\"position\":2,\"name\":\"Laboratoire\",\"item\":\"https:\/\/marmite-stg.mda.pl\/fr\/laboratoire\/\"},{\"@type\":\"ListItem\",\"position\":3,\"name\":\"Garantie\"}]},{\"@type\":\"WebSite\",\"@id\":\"https:\/\/marmite-stg.mda.pl\/fr\/#website\",\"url\":\"https:\/\/marmite-stg.mda.pl\/fr\/\",\"name\":\"Marmite\",\"description\":\"Marmite\",\"potentialAction\":[{\"@type\":\"SearchAction\",\"target\":{\"@type\":\"EntryPoint\",\"urlTemplate\":\"https:\/\/marmite-stg.mda.pl\/fr\/?s={search_term_string}\"},\"query-input\":\"required name=search_term_string\"}],\"inLanguage\":\"fr-FR\"}]}<\/script>\n<!-- \/ Yoast SEO plugin. -->","yoast_head_json":{"title":"Garantie &bull; Marmite","robots":{"index":"noindex","follow":"follow","max-snippet":"max-snippet:-1","max-image-preview":"max-image-preview:large","max-video-preview":"max-video-preview:-1"},"og_locale":"fr_FR","og_type":"article","og_title":"Garantie &bull; Marmite","og_url":"https:\/\/marmite-stg.mda.pl\/fr\/laboratoire\/garantie\/","og_site_name":"Marmite","article_publisher":"https:\/\/www.facebook.com\/marmiteSA","article_modified_time":"2020-06-29T09:10:37+00:00","og_image":[{"width":1880,"height":400,"url":"https:\/\/marmite-stg.mda.pl\/wp-content\/uploads\/2020\/01\/laboratory.jpg","type":"image\/jpeg"}],"twitter_misc":{"Dur\u00e9e de lecture estim\u00e9e":"4 minutes"},"schema":{"@context":"https:\/\/schema.org","@graph":[{"@type":"WebPage","@id":"https:\/\/marmite-stg.mda.pl\/fr\/laboratoire\/garantie\/","url":"https:\/\/marmite-stg.mda.pl\/fr\/laboratoire\/garantie\/","name":"Garantie &bull; Marmite","isPartOf":{"@id":"https:\/\/marmite-stg.mda.pl\/fr\/#website"},"datePublished":"2020-02-27T11:52:29+00:00","dateModified":"2020-06-29T09:10:37+00:00","breadcrumb":{"@id":"https:\/\/marmite-stg.mda.pl\/fr\/laboratoire\/garantie\/#breadcrumb"},"inLanguage":"fr-FR","potentialAction":[{"@type":"ReadAction","target":["https:\/\/marmite-stg.mda.pl\/fr\/laboratoire\/garantie\/"]}]},{"@type":"BreadcrumbList","@id":"https:\/\/marmite-stg.mda.pl\/fr\/laboratoire\/garantie\/#breadcrumb","itemListElement":[{"@type":"ListItem","position":1,"name":"Home","item":"https:\/\/marmite-stg.mda.pl\/fr\/"},{"@type":"ListItem","position":2,"name":"Laboratoire","item":"https:\/\/marmite-stg.mda.pl\/fr\/laboratoire\/"},{"@type":"ListItem","position":3,"name":"Garantie"}]},{"@type":"WebSite","@id":"https:\/\/marmite-stg.mda.pl\/fr\/#website","url":"https:\/\/marmite-stg.mda.pl\/fr\/","name":"Marmite","description":"Marmite","potentialAction":[{"@type":"SearchAction","target":{"@type":"EntryPoint","urlTemplate":"https:\/\/marmite-stg.mda.pl\/fr\/?s={search_term_string}"},"query-input":"required name=search_term_string"}],"inLanguage":"fr-FR"}]}},"_links":{"self":[{"href":"https:\/\/marmite-stg.mda.pl\/fr\/wp-json\/wp\/v2\/pages\/8399"}],"collection":[{"href":"https:\/\/marmite-stg.mda.pl\/fr\/wp-json\/wp\/v2\/pages"}],"about":[{"href":"https:\/\/marmite-stg.mda.pl\/fr\/wp-json\/wp\/v2\/types\/page"}],"author":[{"embeddable":true,"href":"https:\/\/marmite-stg.mda.pl\/fr\/wp-json\/wp\/v2\/users\/1"}],"replies":[{"embeddable":true,"href":"https:\/\/marmite-stg.mda.pl\/fr\/wp-json\/wp\/v2\/comments?post=8399"}],"version-history":[{"count":4,"href":"https:\/\/marmite-stg.mda.pl\/fr\/wp-json\/wp\/v2\/pages\/8399\/revisions"}],"predecessor-version":[{"id":17181,"href":"https:\/\/marmite-stg.mda.pl\/fr\/wp-json\/wp\/v2\/pages\/8399\/revisions\/17181"}],"up":[{"embeddable":true,"href":"https:\/\/marmite-stg.mda.pl\/fr\/wp-json\/wp\/v2\/pages\/8390"}],"wp:featuredmedia":[{"embeddable":true,"href":"https:\/\/marmite-stg.mda.pl\/fr\/wp-json\/wp\/v2\/media\/7682"}],"wp:attachment":[{"href":"https:\/\/marmite-stg.mda.pl\/fr\/wp-json\/wp\/v2\/media?parent=8399"}],"curies":[{"name":"wp","href":"https:\/\/api.w.org\/{rel}","templated":true}]}}