{"id":8413,"date":"2020-02-27T12:06:08","date_gmt":"2020-02-27T12:06:08","guid":{"rendered":"https:\/\/site.marmite.mda.pl\/?page_id=8413"},"modified":"2023-01-05T08:30:41","modified_gmt":"2023-01-05T08:30:41","slug":"entretien-et-nettoyage","status":"publish","type":"page","link":"https:\/\/marmite-stg.mda.pl\/fr\/laboratoire\/entretien-et-nettoyage\/","title":{"rendered":"Entretien et nettoyage"},"content":{"rendered":"<p>Mineral Composite peut \u00eatre \u00e9galement nettoy\u00e9 avec <strong>des produits d\u2019entretien naturels.<\/strong><\/p>\n<p>L\u2019origine naturelle de ce mat\u00e9riau permet de le laver avec des produits naturels et bon march\u00e9 comme le vinaigre ou l\u2019eau citronn\u00e9e. Les surfaces mates peuvent n\u00e9cessiter, de temps \u00e0 autre, un entretien avec des produits l\u00e9g\u00e8rement abrasifs.<\/p>\n","protected":false},"excerpt":{"rendered":"<p>Mineral Composite peut \u00eatre \u00e9galement nettoy\u00e9 avec des produits d\u2019entretien naturels. L\u2019origine naturelle de ce mat\u00e9riau permet de le laver avec des produits naturels et bon march\u00e9 comme le vinaigre ou l\u2019eau citronn\u00e9e. Les surfaces mates peuvent n\u00e9cessiter, de temps \u00e0 autre, un entretien avec des produits l\u00e9g\u00e8rement abrasifs.<\/p>\n","protected":false},"author":1,"featured_media":14952,"parent":8390,"menu_order":18,"comment_status":"closed","ping_status":"closed","template":"page-templates\/layout_maintenance.php","meta":{"footnotes":""},"acf":[],"yoast_head":"<!-- This site is optimized with the Yoast SEO plugin v20.13 - https:\/\/yoast.com\/wordpress\/plugins\/seo\/ -->\n<title>Entretien et nettoyage &bull; Marmite<\/title>\n<meta name=\"robots\" content=\"noindex, follow, max-snippet:-1, max-image-preview:large, max-video-preview:-1\" \/>\n<meta property=\"og:locale\" content=\"fr_FR\" \/>\n<meta property=\"og:type\" content=\"article\" \/>\n<meta property=\"og:title\" content=\"Entretien et nettoyage &bull; Marmite\" \/>\n<meta property=\"og:url\" content=\"https:\/\/marmite-stg.mda.pl\/fr\/laboratoire\/entretien-et-nettoyage\/\" \/>\n<meta property=\"og:site_name\" content=\"Marmite\" \/>\n<meta property=\"article:publisher\" content=\"https:\/\/www.facebook.com\/marmiteSA\" \/>\n<meta property=\"article:modified_time\" content=\"2023-01-05T08:30:41+00:00\" \/>\n<meta property=\"og:image\" content=\"https:\/\/marmite-stg.mda.pl\/wp-content\/uploads\/2020\/01\/laboratory.jpg\" \/>\n\t<meta property=\"og:image:width\" content=\"1880\" \/>\n\t<meta property=\"og:image:height\" content=\"400\" \/>\n\t<meta property=\"og:image:type\" content=\"image\/jpeg\" \/>\n<meta name=\"twitter:label1\" content=\"Dur\u00e9e de lecture estim\u00e9e\" \/>\n\t<meta name=\"twitter:data1\" content=\"1 minute\" \/>\n<script type=\"application\/ld+json\" class=\"yoast-schema-graph\">{\"@context\":\"https:\/\/schema.org\",\"@graph\":[{\"@type\":\"WebPage\",\"@id\":\"https:\/\/marmite-stg.mda.pl\/fr\/laboratoire\/entretien-et-nettoyage\/\",\"url\":\"https:\/\/marmite-stg.mda.pl\/fr\/laboratoire\/entretien-et-nettoyage\/\",\"name\":\"Entretien et nettoyage &bull; Marmite\",\"isPartOf\":{\"@id\":\"https:\/\/marmite-stg.mda.pl\/fr\/#website\"},\"datePublished\":\"2020-02-27T12:06:08+00:00\",\"dateModified\":\"2023-01-05T08:30:41+00:00\",\"breadcrumb\":{\"@id\":\"https:\/\/marmite-stg.mda.pl\/fr\/laboratoire\/entretien-et-nettoyage\/#breadcrumb\"},\"inLanguage\":\"fr-FR\",\"potentialAction\":[{\"@type\":\"ReadAction\",\"target\":[\"https:\/\/marmite-stg.mda.pl\/fr\/laboratoire\/entretien-et-nettoyage\/\"]}]},{\"@type\":\"BreadcrumbList\",\"@id\":\"https:\/\/marmite-stg.mda.pl\/fr\/laboratoire\/entretien-et-nettoyage\/#breadcrumb\",\"itemListElement\":[{\"@type\":\"ListItem\",\"position\":1,\"name\":\"Home\",\"item\":\"https:\/\/marmite-stg.mda.pl\/fr\/\"},{\"@type\":\"ListItem\",\"position\":2,\"name\":\"Laboratoire\",\"item\":\"https:\/\/marmite-stg.mda.pl\/fr\/laboratoire\/\"},{\"@type\":\"ListItem\",\"position\":3,\"name\":\"Entretien et nettoyage\"}]},{\"@type\":\"WebSite\",\"@id\":\"https:\/\/marmite-stg.mda.pl\/fr\/#website\",\"url\":\"https:\/\/marmite-stg.mda.pl\/fr\/\",\"name\":\"Marmite\",\"description\":\"Marmite\",\"potentialAction\":[{\"@type\":\"SearchAction\",\"target\":{\"@type\":\"EntryPoint\",\"urlTemplate\":\"https:\/\/marmite-stg.mda.pl\/fr\/?s={search_term_string}\"},\"query-input\":\"required name=search_term_string\"}],\"inLanguage\":\"fr-FR\"}]}<\/script>\n<!-- \/ Yoast SEO plugin. -->","yoast_head_json":{"title":"Entretien et nettoyage &bull; Marmite","robots":{"index":"noindex","follow":"follow","max-snippet":"max-snippet:-1","max-image-preview":"max-image-preview:large","max-video-preview":"max-video-preview:-1"},"og_locale":"fr_FR","og_type":"article","og_title":"Entretien et nettoyage &bull; Marmite","og_url":"https:\/\/marmite-stg.mda.pl\/fr\/laboratoire\/entretien-et-nettoyage\/","og_site_name":"Marmite","article_publisher":"https:\/\/www.facebook.com\/marmiteSA","article_modified_time":"2023-01-05T08:30:41+00:00","og_image":[{"width":1880,"height":400,"url":"https:\/\/marmite-stg.mda.pl\/wp-content\/uploads\/2020\/01\/laboratory.jpg","type":"image\/jpeg"}],"twitter_misc":{"Dur\u00e9e de lecture estim\u00e9e":"1 minute"},"schema":{"@context":"https:\/\/schema.org","@graph":[{"@type":"WebPage","@id":"https:\/\/marmite-stg.mda.pl\/fr\/laboratoire\/entretien-et-nettoyage\/","url":"https:\/\/marmite-stg.mda.pl\/fr\/laboratoire\/entretien-et-nettoyage\/","name":"Entretien et nettoyage &bull; Marmite","isPartOf":{"@id":"https:\/\/marmite-stg.mda.pl\/fr\/#website"},"datePublished":"2020-02-27T12:06:08+00:00","dateModified":"2023-01-05T08:30:41+00:00","breadcrumb":{"@id":"https:\/\/marmite-stg.mda.pl\/fr\/laboratoire\/entretien-et-nettoyage\/#breadcrumb"},"inLanguage":"fr-FR","potentialAction":[{"@type":"ReadAction","target":["https:\/\/marmite-stg.mda.pl\/fr\/laboratoire\/entretien-et-nettoyage\/"]}]},{"@type":"BreadcrumbList","@id":"https:\/\/marmite-stg.mda.pl\/fr\/laboratoire\/entretien-et-nettoyage\/#breadcrumb","itemListElement":[{"@type":"ListItem","position":1,"name":"Home","item":"https:\/\/marmite-stg.mda.pl\/fr\/"},{"@type":"ListItem","position":2,"name":"Laboratoire","item":"https:\/\/marmite-stg.mda.pl\/fr\/laboratoire\/"},{"@type":"ListItem","position":3,"name":"Entretien et nettoyage"}]},{"@type":"WebSite","@id":"https:\/\/marmite-stg.mda.pl\/fr\/#website","url":"https:\/\/marmite-stg.mda.pl\/fr\/","name":"Marmite","description":"Marmite","potentialAction":[{"@type":"SearchAction","target":{"@type":"EntryPoint","urlTemplate":"https:\/\/marmite-stg.mda.pl\/fr\/?s={search_term_string}"},"query-input":"required name=search_term_string"}],"inLanguage":"fr-FR"}]}},"_links":{"self":[{"href":"https:\/\/marmite-stg.mda.pl\/fr\/wp-json\/wp\/v2\/pages\/8413"}],"collection":[{"href":"https:\/\/marmite-stg.mda.pl\/fr\/wp-json\/wp\/v2\/pages"}],"about":[{"href":"https:\/\/marmite-stg.mda.pl\/fr\/wp-json\/wp\/v2\/types\/page"}],"author":[{"embeddable":true,"href":"https:\/\/marmite-stg.mda.pl\/fr\/wp-json\/wp\/v2\/users\/1"}],"replies":[{"embeddable":true,"href":"https:\/\/marmite-stg.mda.pl\/fr\/wp-json\/wp\/v2\/comments?post=8413"}],"version-history":[{"count":15,"href":"https:\/\/marmite-stg.mda.pl\/fr\/wp-json\/wp\/v2\/pages\/8413\/revisions"}],"predecessor-version":[{"id":26687,"href":"https:\/\/marmite-stg.mda.pl\/fr\/wp-json\/wp\/v2\/pages\/8413\/revisions\/26687"}],"up":[{"embeddable":true,"href":"https:\/\/marmite-stg.mda.pl\/fr\/wp-json\/wp\/v2\/pages\/8390"}],"wp:featuredmedia":[{"embeddable":true,"href":"https:\/\/marmite-stg.mda.pl\/fr\/wp-json\/wp\/v2\/media\/14952"}],"wp:attachment":[{"href":"https:\/\/marmite-stg.mda.pl\/fr\/wp-json\/wp\/v2\/media?parent=8413"}],"curies":[{"name":"wp","href":"https:\/\/api.w.org\/{rel}","templated":true}]}}