{"id":8446,"date":"2020-02-27T12:51:49","date_gmt":"2020-02-27T12:51:49","guid":{"rendered":"https:\/\/site.marmite.mda.pl\/?page_id=8446"},"modified":"2022-04-04T15:17:15","modified_gmt":"2022-04-04T15:17:15","slug":"oem-2","status":"publish","type":"page","link":"https:\/\/marmite-stg.mda.pl\/fr\/oem-2\/","title":{"rendered":"Original design manufacturer"},"content":{"rendered":"<p>En m\u00eame temps, nous soutenons l&rsquo;activit\u00e9 strat\u00e9gique de nos partenaires : analyse et \u00e9tablissement de portefeuille de produits, \u00e9valuation de viabilit\u00e9 des activit\u00e9s commerciales, d\u00e9veloppement des proc\u00e9dures concernant l\u2019am\u00e9lioration et le contr\u00f4le de qualit\u00e9.<\/p>\n<p>Notre soutien complet, le partage d\u2019exp\u00e9rience professionnelle et la production de qualit\u00e9 sup\u00e9rieure \u00e0 partir de Mineral Composite nous permettent d\u2019offrir \u00e0 nos partenaires une alternative attrayante sur un march\u00e9 auparavant domin\u00e9 par les produits c\u00e9ramiques et acryliques.<\/p>\n","protected":false},"excerpt":{"rendered":"<p>En m\u00eame temps, nous soutenons l&rsquo;activit\u00e9 strat\u00e9gique de nos partenaires : analyse et \u00e9tablissement de portefeuille de produits, \u00e9valuation de viabilit\u00e9 des activit\u00e9s commerciales, d\u00e9veloppement des proc\u00e9dures concernant l\u2019am\u00e9lioration et le contr\u00f4le de qualit\u00e9. Notre soutien complet, le partage d\u2019exp\u00e9rience professionnelle et la production de qualit\u00e9 sup\u00e9rieure \u00e0 partir de Mineral Composite nous permettent d\u2019offrir [&hellip;]<\/p>\n","protected":false},"author":1,"featured_media":0,"parent":0,"menu_order":15,"comment_status":"closed","ping_status":"closed","template":"page-templates\/layout_private_label.php","meta":{"footnotes":""},"acf":[],"yoast_head":"<!-- This site is optimized with the Yoast SEO plugin v20.13 - https:\/\/yoast.com\/wordpress\/plugins\/seo\/ -->\n<title>Original design manufacturer &bull; Marmite<\/title>\n<meta name=\"robots\" content=\"noindex, follow, max-snippet:-1, max-image-preview:large, max-video-preview:-1\" \/>\n<meta property=\"og:locale\" content=\"fr_FR\" \/>\n<meta property=\"og:type\" content=\"article\" \/>\n<meta property=\"og:title\" content=\"Original design manufacturer &bull; Marmite\" \/>\n<meta property=\"og:url\" content=\"https:\/\/marmite-stg.mda.pl\/fr\/oem-2\/\" \/>\n<meta property=\"og:site_name\" content=\"Marmite\" \/>\n<meta property=\"article:publisher\" content=\"https:\/\/www.facebook.com\/marmiteSA\" \/>\n<meta property=\"article:modified_time\" content=\"2022-04-04T15:17:15+00:00\" \/>\n<script type=\"application\/ld+json\" class=\"yoast-schema-graph\">{\"@context\":\"https:\/\/schema.org\",\"@graph\":[{\"@type\":\"WebPage\",\"@id\":\"https:\/\/marmite-stg.mda.pl\/fr\/oem-2\/\",\"url\":\"https:\/\/marmite-stg.mda.pl\/fr\/oem-2\/\",\"name\":\"Original design manufacturer &bull; Marmite\",\"isPartOf\":{\"@id\":\"https:\/\/marmite-stg.mda.pl\/fr\/#website\"},\"datePublished\":\"2020-02-27T12:51:49+00:00\",\"dateModified\":\"2022-04-04T15:17:15+00:00\",\"breadcrumb\":{\"@id\":\"https:\/\/marmite-stg.mda.pl\/fr\/oem-2\/#breadcrumb\"},\"inLanguage\":\"fr-FR\",\"potentialAction\":[{\"@type\":\"ReadAction\",\"target\":[\"https:\/\/marmite-stg.mda.pl\/fr\/oem-2\/\"]}]},{\"@type\":\"BreadcrumbList\",\"@id\":\"https:\/\/marmite-stg.mda.pl\/fr\/oem-2\/#breadcrumb\",\"itemListElement\":[{\"@type\":\"ListItem\",\"position\":1,\"name\":\"Home\",\"item\":\"https:\/\/marmite-stg.mda.pl\/fr\/\"},{\"@type\":\"ListItem\",\"position\":2,\"name\":\"Original design manufacturer\"}]},{\"@type\":\"WebSite\",\"@id\":\"https:\/\/marmite-stg.mda.pl\/fr\/#website\",\"url\":\"https:\/\/marmite-stg.mda.pl\/fr\/\",\"name\":\"Marmite\",\"description\":\"Marmite\",\"potentialAction\":[{\"@type\":\"SearchAction\",\"target\":{\"@type\":\"EntryPoint\",\"urlTemplate\":\"https:\/\/marmite-stg.mda.pl\/fr\/?s={search_term_string}\"},\"query-input\":\"required name=search_term_string\"}],\"inLanguage\":\"fr-FR\"}]}<\/script>\n<!-- \/ Yoast SEO plugin. -->","yoast_head_json":{"title":"Original design manufacturer &bull; Marmite","robots":{"index":"noindex","follow":"follow","max-snippet":"max-snippet:-1","max-image-preview":"max-image-preview:large","max-video-preview":"max-video-preview:-1"},"og_locale":"fr_FR","og_type":"article","og_title":"Original design manufacturer &bull; Marmite","og_url":"https:\/\/marmite-stg.mda.pl\/fr\/oem-2\/","og_site_name":"Marmite","article_publisher":"https:\/\/www.facebook.com\/marmiteSA","article_modified_time":"2022-04-04T15:17:15+00:00","schema":{"@context":"https:\/\/schema.org","@graph":[{"@type":"WebPage","@id":"https:\/\/marmite-stg.mda.pl\/fr\/oem-2\/","url":"https:\/\/marmite-stg.mda.pl\/fr\/oem-2\/","name":"Original design manufacturer &bull; Marmite","isPartOf":{"@id":"https:\/\/marmite-stg.mda.pl\/fr\/#website"},"datePublished":"2020-02-27T12:51:49+00:00","dateModified":"2022-04-04T15:17:15+00:00","breadcrumb":{"@id":"https:\/\/marmite-stg.mda.pl\/fr\/oem-2\/#breadcrumb"},"inLanguage":"fr-FR","potentialAction":[{"@type":"ReadAction","target":["https:\/\/marmite-stg.mda.pl\/fr\/oem-2\/"]}]},{"@type":"BreadcrumbList","@id":"https:\/\/marmite-stg.mda.pl\/fr\/oem-2\/#breadcrumb","itemListElement":[{"@type":"ListItem","position":1,"name":"Home","item":"https:\/\/marmite-stg.mda.pl\/fr\/"},{"@type":"ListItem","position":2,"name":"Original design manufacturer"}]},{"@type":"WebSite","@id":"https:\/\/marmite-stg.mda.pl\/fr\/#website","url":"https:\/\/marmite-stg.mda.pl\/fr\/","name":"Marmite","description":"Marmite","potentialAction":[{"@type":"SearchAction","target":{"@type":"EntryPoint","urlTemplate":"https:\/\/marmite-stg.mda.pl\/fr\/?s={search_term_string}"},"query-input":"required name=search_term_string"}],"inLanguage":"fr-FR"}]}},"_links":{"self":[{"href":"https:\/\/marmite-stg.mda.pl\/fr\/wp-json\/wp\/v2\/pages\/8446"}],"collection":[{"href":"https:\/\/marmite-stg.mda.pl\/fr\/wp-json\/wp\/v2\/pages"}],"about":[{"href":"https:\/\/marmite-stg.mda.pl\/fr\/wp-json\/wp\/v2\/types\/page"}],"author":[{"embeddable":true,"href":"https:\/\/marmite-stg.mda.pl\/fr\/wp-json\/wp\/v2\/users\/1"}],"replies":[{"embeddable":true,"href":"https:\/\/marmite-stg.mda.pl\/fr\/wp-json\/wp\/v2\/comments?post=8446"}],"version-history":[{"count":8,"href":"https:\/\/marmite-stg.mda.pl\/fr\/wp-json\/wp\/v2\/pages\/8446\/revisions"}],"predecessor-version":[{"id":24285,"href":"https:\/\/marmite-stg.mda.pl\/fr\/wp-json\/wp\/v2\/pages\/8446\/revisions\/24285"}],"wp:attachment":[{"href":"https:\/\/marmite-stg.mda.pl\/fr\/wp-json\/wp\/v2\/media?parent=8446"}],"curies":[{"name":"wp","href":"https:\/\/api.w.org\/{rel}","templated":true}]}}