{"id":8457,"date":"2020-02-27T14:36:08","date_gmt":"2020-02-27T14:36:08","guid":{"rendered":"https:\/\/site.marmite.mda.pl\/?page_id=8457"},"modified":"2023-04-26T08:33:08","modified_gmt":"2023-04-26T08:33:08","slug":"team","status":"publish","type":"page","link":"https:\/\/marmite-stg.mda.pl\/fr\/team\/","title":{"rendered":"Team"},"content":{"rendered":"<p>Sa cr\u00e9ativit\u00e9 unique est appuy\u00e9e par une vaste base technique et les connaissances de nos experts-collaborateurs des \u00e9quipes responsables de la technologie, de la production et de la qualit\u00e9. C\u2019est ainsi que chez Marmite on cr\u00e9e des projets exceptionnels, connaissant de nombreux succ\u00e8s en mati\u00e8re de vente et remportant des prix dans le monde entier.<\/p>\n","protected":false},"excerpt":{"rendered":"<p>Sa cr\u00e9ativit\u00e9 unique est appuy\u00e9e par une vaste base technique et les connaissances de nos experts-collaborateurs des \u00e9quipes responsables de la technologie, de la production et de la qualit\u00e9. C\u2019est ainsi que chez Marmite on cr\u00e9e des projets exceptionnels, connaissant de nombreux succ\u00e8s en mati\u00e8re de vente et remportant des prix dans le monde entier.<\/p>\n","protected":false},"author":1,"featured_media":14707,"parent":0,"menu_order":23,"comment_status":"closed","ping_status":"closed","template":"page-templates\/layout_design_team.php","meta":{"footnotes":""},"acf":[],"yoast_head":"<!-- This site is optimized with the Yoast SEO plugin v20.13 - https:\/\/yoast.com\/wordpress\/plugins\/seo\/ -->\n<title>Team &bull; Marmite<\/title>\n<meta name=\"robots\" content=\"noindex, follow, max-snippet:-1, max-image-preview:large, max-video-preview:-1\" \/>\n<meta property=\"og:locale\" content=\"fr_FR\" \/>\n<meta property=\"og:type\" content=\"article\" \/>\n<meta property=\"og:title\" content=\"Team &bull; Marmite\" \/>\n<meta property=\"og:url\" content=\"https:\/\/marmite-stg.mda.pl\/fr\/team\/\" \/>\n<meta property=\"og:site_name\" content=\"Marmite\" \/>\n<meta property=\"article:publisher\" content=\"https:\/\/www.facebook.com\/marmiteSA\" \/>\n<meta property=\"article:modified_time\" content=\"2023-04-26T08:33:08+00:00\" \/>\n<meta property=\"og:image\" content=\"https:\/\/marmite-stg.mda.pl\/wp-content\/uploads\/2020\/01\/design-banner.jpg\" \/>\n\t<meta property=\"og:image:width\" content=\"1880\" \/>\n\t<meta property=\"og:image:height\" content=\"400\" \/>\n\t<meta property=\"og:image:type\" content=\"image\/jpeg\" \/>\n<meta name=\"twitter:label1\" content=\"Dur\u00e9e de lecture estim\u00e9e\" \/>\n\t<meta name=\"twitter:data1\" content=\"1 minute\" \/>\n<script type=\"application\/ld+json\" class=\"yoast-schema-graph\">{\"@context\":\"https:\/\/schema.org\",\"@graph\":[{\"@type\":\"WebPage\",\"@id\":\"https:\/\/marmite-stg.mda.pl\/fr\/team\/\",\"url\":\"https:\/\/marmite-stg.mda.pl\/fr\/team\/\",\"name\":\"Team &bull; Marmite\",\"isPartOf\":{\"@id\":\"https:\/\/marmite-stg.mda.pl\/fr\/#website\"},\"datePublished\":\"2020-02-27T14:36:08+00:00\",\"dateModified\":\"2023-04-26T08:33:08+00:00\",\"breadcrumb\":{\"@id\":\"https:\/\/marmite-stg.mda.pl\/fr\/team\/#breadcrumb\"},\"inLanguage\":\"fr-FR\",\"potentialAction\":[{\"@type\":\"ReadAction\",\"target\":[\"https:\/\/marmite-stg.mda.pl\/fr\/team\/\"]}]},{\"@type\":\"BreadcrumbList\",\"@id\":\"https:\/\/marmite-stg.mda.pl\/fr\/team\/#breadcrumb\",\"itemListElement\":[{\"@type\":\"ListItem\",\"position\":1,\"name\":\"Home\",\"item\":\"https:\/\/marmite-stg.mda.pl\/fr\/\"},{\"@type\":\"ListItem\",\"position\":2,\"name\":\"Team\"}]},{\"@type\":\"WebSite\",\"@id\":\"https:\/\/marmite-stg.mda.pl\/fr\/#website\",\"url\":\"https:\/\/marmite-stg.mda.pl\/fr\/\",\"name\":\"Marmite\",\"description\":\"Marmite\",\"potentialAction\":[{\"@type\":\"SearchAction\",\"target\":{\"@type\":\"EntryPoint\",\"urlTemplate\":\"https:\/\/marmite-stg.mda.pl\/fr\/?s={search_term_string}\"},\"query-input\":\"required name=search_term_string\"}],\"inLanguage\":\"fr-FR\"}]}<\/script>\n<!-- \/ Yoast SEO plugin. -->","yoast_head_json":{"title":"Team &bull; Marmite","robots":{"index":"noindex","follow":"follow","max-snippet":"max-snippet:-1","max-image-preview":"max-image-preview:large","max-video-preview":"max-video-preview:-1"},"og_locale":"fr_FR","og_type":"article","og_title":"Team &bull; Marmite","og_url":"https:\/\/marmite-stg.mda.pl\/fr\/team\/","og_site_name":"Marmite","article_publisher":"https:\/\/www.facebook.com\/marmiteSA","article_modified_time":"2023-04-26T08:33:08+00:00","og_image":[{"width":1880,"height":400,"url":"https:\/\/marmite-stg.mda.pl\/wp-content\/uploads\/2020\/01\/design-banner.jpg","type":"image\/jpeg"}],"twitter_misc":{"Dur\u00e9e de lecture estim\u00e9e":"1 minute"},"schema":{"@context":"https:\/\/schema.org","@graph":[{"@type":"WebPage","@id":"https:\/\/marmite-stg.mda.pl\/fr\/team\/","url":"https:\/\/marmite-stg.mda.pl\/fr\/team\/","name":"Team &bull; Marmite","isPartOf":{"@id":"https:\/\/marmite-stg.mda.pl\/fr\/#website"},"datePublished":"2020-02-27T14:36:08+00:00","dateModified":"2023-04-26T08:33:08+00:00","breadcrumb":{"@id":"https:\/\/marmite-stg.mda.pl\/fr\/team\/#breadcrumb"},"inLanguage":"fr-FR","potentialAction":[{"@type":"ReadAction","target":["https:\/\/marmite-stg.mda.pl\/fr\/team\/"]}]},{"@type":"BreadcrumbList","@id":"https:\/\/marmite-stg.mda.pl\/fr\/team\/#breadcrumb","itemListElement":[{"@type":"ListItem","position":1,"name":"Home","item":"https:\/\/marmite-stg.mda.pl\/fr\/"},{"@type":"ListItem","position":2,"name":"Team"}]},{"@type":"WebSite","@id":"https:\/\/marmite-stg.mda.pl\/fr\/#website","url":"https:\/\/marmite-stg.mda.pl\/fr\/","name":"Marmite","description":"Marmite","potentialAction":[{"@type":"SearchAction","target":{"@type":"EntryPoint","urlTemplate":"https:\/\/marmite-stg.mda.pl\/fr\/?s={search_term_string}"},"query-input":"required name=search_term_string"}],"inLanguage":"fr-FR"}]}},"_links":{"self":[{"href":"https:\/\/marmite-stg.mda.pl\/fr\/wp-json\/wp\/v2\/pages\/8457"}],"collection":[{"href":"https:\/\/marmite-stg.mda.pl\/fr\/wp-json\/wp\/v2\/pages"}],"about":[{"href":"https:\/\/marmite-stg.mda.pl\/fr\/wp-json\/wp\/v2\/types\/page"}],"author":[{"embeddable":true,"href":"https:\/\/marmite-stg.mda.pl\/fr\/wp-json\/wp\/v2\/users\/1"}],"replies":[{"embeddable":true,"href":"https:\/\/marmite-stg.mda.pl\/fr\/wp-json\/wp\/v2\/comments?post=8457"}],"version-history":[{"count":8,"href":"https:\/\/marmite-stg.mda.pl\/fr\/wp-json\/wp\/v2\/pages\/8457\/revisions"}],"predecessor-version":[{"id":27754,"href":"https:\/\/marmite-stg.mda.pl\/fr\/wp-json\/wp\/v2\/pages\/8457\/revisions\/27754"}],"wp:featuredmedia":[{"embeddable":true,"href":"https:\/\/marmite-stg.mda.pl\/fr\/wp-json\/wp\/v2\/media\/14707"}],"wp:attachment":[{"href":"https:\/\/marmite-stg.mda.pl\/fr\/wp-json\/wp\/v2\/media?parent=8457"}],"curies":[{"name":"wp","href":"https:\/\/api.w.org\/{rel}","templated":true}]}}