{"id":2024,"date":"2015-10-07T06:20:33","date_gmt":"2015-10-07T06:20:33","guid":{"rendered":"https:\/\/site.marmite.mda.pl\/?page_id=2024"},"modified":"2023-02-21T07:57:34","modified_gmt":"2023-02-21T07:57:34","slug":"strutture","status":"publish","type":"page","link":"https:\/\/marmite-stg.mda.pl\/it\/materiale\/strutture\/","title":{"rendered":"Strutture"},"content":{"rendered":"<p>Mineral Composite \u00e8 un materiale che permette piena libert\u00e0 nella progettazione. Grazie alle sue propriet\u00e0, possiamo progettare e fabbricare prodotti di qualsiasi forma, colore e struttura. Il materiale con cui realizziamo i prodotti Marmite, rinvia direttamente alle materie naturali. Cos\u00ec come le materie il Mineral Composite ha un carattere unico e si ritrova perfettamente nell\u2019allestimento di un bagno moderno.<\/p>\n<p>Di seguito vi illustriamo i nostri modelli standard. Tuttavia siamo pronti a soddisfare le esigenze speciali dei nostri clienti &#8211; abbinando il giusto colore e il tipo di superficie alle determinate esigenze e ordini.<\/p>\n","protected":false},"excerpt":{"rendered":"<p>Mineral Composite \u00e8 un materiale che permette piena libert\u00e0 nella progettazione. Grazie alle sue propriet\u00e0, possiamo progettare e fabbricare prodotti di qualsiasi forma, colore e struttura. Il materiale con cui realizziamo i prodotti Marmite, rinvia direttamente alle materie naturali. Cos\u00ec come le materie il Mineral Composite ha un carattere unico e si ritrova perfettamente nell\u2019allestimento [&hellip;]<\/p>\n","protected":false},"author":1,"featured_media":7581,"parent":1967,"menu_order":334,"comment_status":"open","ping_status":"closed","template":"page-templates\/layout_colors.php","meta":{"footnotes":""},"acf":[],"yoast_head":"<!-- This site is optimized with the Yoast SEO plugin v20.13 - https:\/\/yoast.com\/wordpress\/plugins\/seo\/ -->\n<title>Strutture &bull; Marmite<\/title>\n<meta name=\"robots\" content=\"noindex, follow, max-snippet:-1, max-image-preview:large, max-video-preview:-1\" \/>\n<meta property=\"og:locale\" content=\"it_IT\" \/>\n<meta property=\"og:type\" content=\"article\" \/>\n<meta property=\"og:title\" content=\"Strutture &bull; Marmite\" \/>\n<meta property=\"og:url\" content=\"https:\/\/marmite-stg.mda.pl\/it\/materiale\/strutture\/\" \/>\n<meta property=\"og:site_name\" content=\"Marmite\" \/>\n<meta property=\"article:publisher\" content=\"https:\/\/www.facebook.com\/marmiteSA\" \/>\n<meta property=\"article:modified_time\" content=\"2023-02-21T07:57:34+00:00\" \/>\n<meta property=\"og:image\" content=\"https:\/\/marmite-stg.mda.pl\/wp-content\/uploads\/2015\/01\/material_banner.jpg\" \/>\n\t<meta property=\"og:image:width\" content=\"1880\" \/>\n\t<meta property=\"og:image:height\" content=\"400\" \/>\n\t<meta property=\"og:image:type\" content=\"image\/jpeg\" \/>\n<meta name=\"twitter:label1\" content=\"Tempo di lettura stimato\" \/>\n\t<meta name=\"twitter:data1\" content=\"1 minuto\" \/>\n<script type=\"application\/ld+json\" class=\"yoast-schema-graph\">{\"@context\":\"https:\/\/schema.org\",\"@graph\":[{\"@type\":\"WebPage\",\"@id\":\"https:\/\/marmite-stg.mda.pl\/it\/materiale\/strutture\/\",\"url\":\"https:\/\/marmite-stg.mda.pl\/it\/materiale\/strutture\/\",\"name\":\"Strutture &bull; Marmite\",\"isPartOf\":{\"@id\":\"https:\/\/marmite-stg.mda.pl\/it\/#website\"},\"datePublished\":\"2015-10-07T06:20:33+00:00\",\"dateModified\":\"2023-02-21T07:57:34+00:00\",\"breadcrumb\":{\"@id\":\"https:\/\/marmite-stg.mda.pl\/it\/materiale\/strutture\/#breadcrumb\"},\"inLanguage\":\"it-IT\",\"potentialAction\":[{\"@type\":\"ReadAction\",\"target\":[\"https:\/\/marmite-stg.mda.pl\/it\/materiale\/strutture\/\"]}]},{\"@type\":\"BreadcrumbList\",\"@id\":\"https:\/\/marmite-stg.mda.pl\/it\/materiale\/strutture\/#breadcrumb\",\"itemListElement\":[{\"@type\":\"ListItem\",\"position\":1,\"name\":\"Home\",\"item\":\"https:\/\/marmite-stg.mda.pl\/it\/\"},{\"@type\":\"ListItem\",\"position\":2,\"name\":\"Materiale\",\"item\":\"https:\/\/marmite-stg.mda.pl\/it\/materiale\/\"},{\"@type\":\"ListItem\",\"position\":3,\"name\":\"Strutture\"}]},{\"@type\":\"WebSite\",\"@id\":\"https:\/\/marmite-stg.mda.pl\/it\/#website\",\"url\":\"https:\/\/marmite-stg.mda.pl\/it\/\",\"name\":\"Marmite\",\"description\":\"Marmite\",\"potentialAction\":[{\"@type\":\"SearchAction\",\"target\":{\"@type\":\"EntryPoint\",\"urlTemplate\":\"https:\/\/marmite-stg.mda.pl\/it\/?s={search_term_string}\"},\"query-input\":\"required name=search_term_string\"}],\"inLanguage\":\"it-IT\"}]}<\/script>\n<!-- \/ Yoast SEO plugin. -->","yoast_head_json":{"title":"Strutture &bull; Marmite","robots":{"index":"noindex","follow":"follow","max-snippet":"max-snippet:-1","max-image-preview":"max-image-preview:large","max-video-preview":"max-video-preview:-1"},"og_locale":"it_IT","og_type":"article","og_title":"Strutture &bull; Marmite","og_url":"https:\/\/marmite-stg.mda.pl\/it\/materiale\/strutture\/","og_site_name":"Marmite","article_publisher":"https:\/\/www.facebook.com\/marmiteSA","article_modified_time":"2023-02-21T07:57:34+00:00","og_image":[{"width":1880,"height":400,"url":"https:\/\/marmite-stg.mda.pl\/wp-content\/uploads\/2015\/01\/material_banner.jpg","type":"image\/jpeg"}],"twitter_misc":{"Tempo di lettura stimato":"1 minuto"},"schema":{"@context":"https:\/\/schema.org","@graph":[{"@type":"WebPage","@id":"https:\/\/marmite-stg.mda.pl\/it\/materiale\/strutture\/","url":"https:\/\/marmite-stg.mda.pl\/it\/materiale\/strutture\/","name":"Strutture &bull; Marmite","isPartOf":{"@id":"https:\/\/marmite-stg.mda.pl\/it\/#website"},"datePublished":"2015-10-07T06:20:33+00:00","dateModified":"2023-02-21T07:57:34+00:00","breadcrumb":{"@id":"https:\/\/marmite-stg.mda.pl\/it\/materiale\/strutture\/#breadcrumb"},"inLanguage":"it-IT","potentialAction":[{"@type":"ReadAction","target":["https:\/\/marmite-stg.mda.pl\/it\/materiale\/strutture\/"]}]},{"@type":"BreadcrumbList","@id":"https:\/\/marmite-stg.mda.pl\/it\/materiale\/strutture\/#breadcrumb","itemListElement":[{"@type":"ListItem","position":1,"name":"Home","item":"https:\/\/marmite-stg.mda.pl\/it\/"},{"@type":"ListItem","position":2,"name":"Materiale","item":"https:\/\/marmite-stg.mda.pl\/it\/materiale\/"},{"@type":"ListItem","position":3,"name":"Strutture"}]},{"@type":"WebSite","@id":"https:\/\/marmite-stg.mda.pl\/it\/#website","url":"https:\/\/marmite-stg.mda.pl\/it\/","name":"Marmite","description":"Marmite","potentialAction":[{"@type":"SearchAction","target":{"@type":"EntryPoint","urlTemplate":"https:\/\/marmite-stg.mda.pl\/it\/?s={search_term_string}"},"query-input":"required name=search_term_string"}],"inLanguage":"it-IT"}]}},"_links":{"self":[{"href":"https:\/\/marmite-stg.mda.pl\/it\/wp-json\/wp\/v2\/pages\/2024"}],"collection":[{"href":"https:\/\/marmite-stg.mda.pl\/it\/wp-json\/wp\/v2\/pages"}],"about":[{"href":"https:\/\/marmite-stg.mda.pl\/it\/wp-json\/wp\/v2\/types\/page"}],"author":[{"embeddable":true,"href":"https:\/\/marmite-stg.mda.pl\/it\/wp-json\/wp\/v2\/users\/1"}],"replies":[{"embeddable":true,"href":"https:\/\/marmite-stg.mda.pl\/it\/wp-json\/wp\/v2\/comments?post=2024"}],"version-history":[{"count":15,"href":"https:\/\/marmite-stg.mda.pl\/it\/wp-json\/wp\/v2\/pages\/2024\/revisions"}],"predecessor-version":[{"id":27147,"href":"https:\/\/marmite-stg.mda.pl\/it\/wp-json\/wp\/v2\/pages\/2024\/revisions\/27147"}],"up":[{"embeddable":true,"href":"https:\/\/marmite-stg.mda.pl\/it\/wp-json\/wp\/v2\/pages\/1967"}],"wp:featuredmedia":[{"embeddable":true,"href":"https:\/\/marmite-stg.mda.pl\/it\/wp-json\/wp\/v2\/media\/7581"}],"wp:attachment":[{"href":"https:\/\/marmite-stg.mda.pl\/it\/wp-json\/wp\/v2\/media?parent=2024"}],"curies":[{"name":"wp","href":"https:\/\/api.w.org\/{rel}","templated":true}]}}