{"id":4040,"date":"2018-06-28T12:25:02","date_gmt":"2018-06-28T12:25:02","guid":{"rendered":"https:\/\/site.marmite.mda.pl\/?page_id=4040"},"modified":"2020-03-23T13:54:36","modified_gmt":"2020-03-23T13:54:36","slug":"politica-dei-cookie","status":"publish","type":"page","link":"https:\/\/marmite-stg.mda.pl\/it\/politica-dei-cookie\/","title":{"rendered":"Politica dei cookie"},"content":{"rendered":"<div class=\"mps\">\n<p>Nell\u2019ambito della nostra attivit\u00e0 (Marmite sp. z o.o.) utilizziamo i cookie. Attraverso di essi osserviamo e analizziamo la navigazione sulla nostra pagina web. Nell\u2019espletamento di questi esercizi non trattiamo per\u00f2 i dati personali ai sensi della GDPR.<\/p>\n<p>Di seguito troverai le spiegazioni dettagliate sui principi di conservazione e di accesso a queste informazioni sui Tuoi dispositivi mediante i file cookie. Per \u201cdispositivi\u201d intendiamo i dispositivi elettronici per mezzo dei quali utilizzi la nostra pagina web. <\/p>\n<h3>1.\tCHE COSA SONO I COOKIE<\/h3>\n<p>I cookie sono dei dati informatici (ad es. piccoli file di testo), memorizzati e conservati sui dispositivi, attraverso i quali utilizzi il nostro sito internet. <\/p>\n<p>Distinguiamo due tipi di cookie:<\/p>\n<ol type=\"a\">\n<li>i cookie di prima parte (ossia i nostri propri cookie) &#8211; da noi impostati in relazione alla nostra prestazione dei servizi per via elettronica (ossia attraverso la nostra pagina internet),<\/li>\n<li>i cookie di terze parti &#8211; i cookie impostati dai nostri partner attraverso la nostra pagina web. <\/li>\n<\/ol>\n<h3>2.\tQUALI COOKIE UTILIZZIAMO<\/h3>\n<p>Utilizziamo due tipi di cookie:<\/p>\n<ol type=\"a\">\n<li>i cookie di sessione &#8211; questi file sono conservati sul Tuo dispositivo fino alla fine di una sessione di un dato browser; alla fine della sessione vengono definitivamente eliminati dalla memoria del dispositivo.<\/li>\n<li>i cookie permanenti &#8211; questi file vengono conservati sul Tuo dispositivo e rimangono fino al momento della cancellazione; questi file non vengono eliminati dal dispositivo alla fine della sessione di un dato browser n\u00e9 dopo la disattivazione del dispositivo. <\/li>\n<\/ol>\n<p>N\u00e9 il meccanismo dei cookie di sessione n\u00e9 quello dei cookie permanenti permette di scaricare alcun Tuo dato personale o informazioni riservate dal Tuo dispositivo. <\/p>\n<h3>3.\t A COSA SERVONO I COOKIE<\/h3>\n<p>I cookie ci permettono di eseguire rettifiche e migliorare la nostra pagina web e questo incide in modo positivo sulla loro ricezione. Ci offre anche la possibilit\u00e0 di analizzare le informazioni non contenenti dati personali per finalit\u00e0 statistiche e per stabilire le aree di interesse delle singole parti della nostra pagina web.<\/p>\n<p>Utilizziamo i nostri cookie per:<\/p>\n<ol type=\"a\">\n<li>adeguare il contenuto della nostra pagina web alle preferenze degli utenti;<\/li>\n<li>assicurare la massima funzionalit\u00e0 della nostra pagina web e, di conseguenza, ottimizzarne l\u2019utilizzo,<\/li>\n<li>memorizzare la cronologia delle pagine visitate del nostro sito, per poter raccomandare contenuti adeguati, <\/li>\n<li>memorizzare le Tue impostazioni predefinite nonch\u00e9 personalizzare la Tua interfaccia ( ad es. per ci\u00f2 che riguarda la lingua o la regione selezionata), <\/li>\n<li>riconoscere i parametri di base del Tuo dispositivo, al fine di visualizzare adeguatamente la nostra pagina web, <\/li>\n<li>verificare la fonte dei reindirizzamenti degli utenti alla nostra pagina web, <\/li>\n<li>permetterci di fornirti delle informazioni sulla base della Tua localizzazione, <\/li>\n<li>creare statistiche (anonime) per migliorare la nostra pagina web,<\/li>\n<li>assicurare la sicurezza e l\u2019affidabilit\u00e0 della nostra pagina web,<\/li>\n<li>realizzare le finalit\u00e0 di marketing.  <\/li>\n<\/ol>\n<p>Utilizziamo i cookie esterni per:<\/p>\n<ol type=\"a\">\n<li>raccogliere dati statistici, generali e anonimi mediante Google Analytics (amministratore dei cookie: Google Inc con sede negli USA). Troverai maggiori dettagli su questo argomento al punto 6 a seguire.<\/li>\n<li>presentare sul nostro sito i contenuti multimediali, scaricati dalla piattaforma web esterna www.youtube.com (amministratore dei cookies: Google Inc. con sede negli Stati Uniti). Maggiori informazioni sono disponibili nel seguente punto 7.<\/li>\n<\/ol>\n<h3>4.\tSICUREZZA DEI TUOI DISPOSITIVI<\/h3>\n<p>I cookie che utilizziamo sono sicuri per i Tuoi dispositivi. In particolare si esclude la penetrazione nel Tuo dispositivo, mediante essi, di virus o di altri software indesiderati  o dannosi. <\/p>\n<h3>5.\t  IMPOSTAZIONI\/ELIMINAZIONE DEI COOKIE<\/h3>\n<p>Puoi impostare il Tuo browser in modo che Ti informi quando viene inviato un file cookie oppure rifiuti i cookie. <\/p>\n<p>Troverai le informazioni dettagliate su come disabilitare i cookie nelle impostazioni del software (browser). Le modifiche nell\u2019ambito dei cookie possono essere effettuate a piacimento. \u00c8 inoltre possibile eliminare in ogni momento i cookie dal Tuo dispositivo. <\/p>\n<p>Di sotto troverai dei link che indicano come disattivare i cookie nei browser pi\u00f9 comuni:<\/p>\n<ol type=\"a\">\n<li>Google Chrome &#8211; <a href=\"http:\/\/support.google.com\/chrome\/bin\/answer.py?hl=pl&#038;&#038;answer=95647\">disattivazione dei cookie in Chrome<\/a><\/li>\n<li>Mozilla Firefox &#8211; <a href=\"http:\/\/support.mozilla.org\/pl\/kb\/W%C5%82%C4%85czanie i wy%C5%82%C4%85czanie obs%C5%82ugi ciasteczek\">disattivazione dei cookie in Firefox<\/a><\/li>\n<li>Internet Explorer &#8211; <a href=\"http:\/\/windows.microsoft.com\/pl-pl\/windows7\/block-enable-or-allow-cookies\"disattivazione dei cookie in IE<\/a><\/li>\n<li>Opera &#8211; <a href=\"http:\/\/help.opera.com\/Windows\/12.10\/pl\/cookies.html\">disattivazione dei cookie in Opera.<\/a><\/li>\n<\/ol>\n<p>La limitazione dell\u2019utilizzo dei cookie pu\u00f2 per\u00f2 incidere su alcune funzionalit\u00e0 disponibili sulla nostra pagina web. <\/p>\n<h3>6. GOOGLE ANALYTICS<\/h3>\n<p>Google Analytics \u00e8 uno strumento reso accessibile da Google Inc (1600 Amphitheatre Parkway, Mountain View, CA 94043 USA, di seguito: \u201cGoogle\u201d), che permette di analizzare l&#8217;attivit\u00e0 degli utenti delle pagine web. Esso utilizza i cookie. <\/p>\n<p>Le informazioni raccolte dai cookie (come tempo, localizzazione, frequenza delle visite di un sito da parte di un indirizzo IP) di solito vengono inviate a Google negli Stati Uniti e l\u00ec conservate. Google utilizza le informazioni sopra menzionate per valutare le modalit\u00e0 di utilizzo della nostra pagina web e per stilare rapporti (in particolare sull&#8217;attivit\u00e0 sulla nostra pagina).  Google pu\u00f2 trasmettere queste informazioni ad altri soggetti, qualora tale obbligo risultasse dalle norme di legge o qualora tali soggetti trattassero i dati per conto di Google. <\/p>\n<p>Google Analytics ci permette di analizzare l\u2019utilizzo della nostra pagina web e di migliorarla costantemente. Grazie alle statistiche ricevute possiamo migliorare la nostra offerta e renderla pi\u00f9 interessante per gli utenti.<\/p>\n<p>Nel nostro sito Internet utilizziamo Google Analytics con la funzione di anonimizzazione dell\u2019IP. Questo significa che il Tuo indirizzo IP viene abbreviato e anonimizzato da Google, gi\u00e0 nell\u2019ambito dei paesi membri dell&#8217;Unione europea o in un altro paese appartenente alla SEE.<\/p>\n<p>Conformemente alle dichiarazioni di Google, l\u2019indirizzo IP fornito dal Tuo browser, all\u2019interno del servizio Google Analytics, non viene associato da Google ad altri dati.<\/p>\n<p>Se non desideri che sul Tuo dispositivo vengano installati dei cookie, devi impostare adeguatamente il software del Tuo browser (troverai le relative istruzioni al punto 5 di sopra).    Tuttavia ci teniamo a segnalare che la disattivazione dell\u2019utilizzo dei cookie pu\u00f2 incidere su alcune funzionalit\u00e0 disponibili sulla nostra pagina web. <\/p>\n<p>\u00c8 inoltre possibile disattivare il servizio Google Analytics (Google offre in questo ambito un\u2019opzione per bloccare il servizio Google Analytics nei browser pi\u00f9 popolari). Puoi trovare le relative informazioni al seguente link: <\/p>\n<p style=\"text-align:center;\"><a href=\"https:\/\/tools.google.com\/dlpage\/gaoptout?hl=pl\">https:\/\/tools.google.com\/dlpage\/gaoptout?hl=pl<\/a><\/p>\n<p>Se attivi questa opzione, le informazioni sulle Tue visite alla nostra pagina web non saranno inviate a Google Analytics. Questo per\u00f2 non impedisce che esse ci vengano  trasmesse (relativamente ad altri strumenti analitici da noi utilizzati).<\/p>\n<h3>7. YOUTUBE<\/h3>\n<p>Sul nostro sito presentiamo i contenuti multimediali scaricati dalla piattaforma web esterna www.youtube.com. Perci\u00f2 visitando il nostro sito verr\u00e0 attivato un collegamento con il server di YouTube. <\/p>\n<p>Questa piattaforma appartiene alla societ\u00e0 YouTube, LLC 901 Cherry Ave, 94066 San Bruno, California, USA, a cui fa capo  Google Inc. <\/p>\n<p>Dalle informazioni rese disponibili da YouTube risulta che sul server di YouTube vengono trasferiti i dati, in particolare sui siti web da te visitati durante la visione di un filmato su YouTube. Se sei contemporaneamente collegato a YouTube, questi dati saranno abbinati al tuo account su questa piattaforma. Per evitarlo, esci da YouTube prima di entrare sul nostro sito. <\/p>\n<p>Maggiori informazioni sono disponibili al seguente link: <a href=\"https:\/\/policies.google.com\/privacy\/update?hl=pl\">https:\/\/policies.google.com\/privacy\/update?hl=pl. <\/a><\/p>\n<\/div>\n","protected":false},"excerpt":{"rendered":"<p>Nell\u2019ambito della nostra attivit\u00e0 (Marmite sp. z o.o.) utilizziamo i cookie. Attraverso di essi osserviamo e analizziamo la navigazione sulla nostra pagina web. Nell\u2019espletamento di questi esercizi non trattiamo per\u00f2 i dati personali ai sensi della GDPR. Di seguito troverai le spiegazioni dettagliate sui principi di conservazione e di accesso a queste informazioni sui Tuoi [&hellip;]<\/p>\n","protected":false},"author":1,"featured_media":0,"parent":0,"menu_order":302,"comment_status":"closed","ping_status":"closed","template":"page-templates\/top_parent_menu.php","meta":{"footnotes":""},"acf":[],"yoast_head":"<!-- This site is optimized with the Yoast SEO plugin v20.13 - https:\/\/yoast.com\/wordpress\/plugins\/seo\/ -->\n<title>Politica dei cookie &bull; Marmite<\/title>\n<meta name=\"robots\" content=\"noindex, follow, max-snippet:-1, max-image-preview:large, max-video-preview:-1\" \/>\n<meta property=\"og:locale\" content=\"it_IT\" \/>\n<meta property=\"og:type\" content=\"article\" \/>\n<meta property=\"og:title\" content=\"Politica dei cookie &bull; Marmite\" \/>\n<meta property=\"og:url\" content=\"https:\/\/marmite-stg.mda.pl\/it\/politica-dei-cookie\/\" \/>\n<meta property=\"og:site_name\" content=\"Marmite\" \/>\n<meta property=\"article:publisher\" content=\"https:\/\/www.facebook.com\/marmiteSA\" \/>\n<meta property=\"article:modified_time\" content=\"2020-03-23T13:54:36+00:00\" \/>\n<meta name=\"twitter:label1\" content=\"Tempo di lettura stimato\" \/>\n\t<meta name=\"twitter:data1\" content=\"3 minuti\" \/>\n<script type=\"application\/ld+json\" class=\"yoast-schema-graph\">{\"@context\":\"https:\/\/schema.org\",\"@graph\":[{\"@type\":\"WebPage\",\"@id\":\"https:\/\/marmite-stg.mda.pl\/it\/politica-dei-cookie\/\",\"url\":\"https:\/\/marmite-stg.mda.pl\/it\/politica-dei-cookie\/\",\"name\":\"Politica dei cookie &bull; Marmite\",\"isPartOf\":{\"@id\":\"https:\/\/marmite-stg.mda.pl\/it\/#website\"},\"datePublished\":\"2018-06-28T12:25:02+00:00\",\"dateModified\":\"2020-03-23T13:54:36+00:00\",\"breadcrumb\":{\"@id\":\"https:\/\/marmite-stg.mda.pl\/it\/politica-dei-cookie\/#breadcrumb\"},\"inLanguage\":\"it-IT\",\"potentialAction\":[{\"@type\":\"ReadAction\",\"target\":[\"https:\/\/marmite-stg.mda.pl\/it\/politica-dei-cookie\/\"]}]},{\"@type\":\"BreadcrumbList\",\"@id\":\"https:\/\/marmite-stg.mda.pl\/it\/politica-dei-cookie\/#breadcrumb\",\"itemListElement\":[{\"@type\":\"ListItem\",\"position\":1,\"name\":\"Home\",\"item\":\"https:\/\/marmite-stg.mda.pl\/it\/\"},{\"@type\":\"ListItem\",\"position\":2,\"name\":\"Politica dei cookie\"}]},{\"@type\":\"WebSite\",\"@id\":\"https:\/\/marmite-stg.mda.pl\/it\/#website\",\"url\":\"https:\/\/marmite-stg.mda.pl\/it\/\",\"name\":\"Marmite\",\"description\":\"Marmite\",\"potentialAction\":[{\"@type\":\"SearchAction\",\"target\":{\"@type\":\"EntryPoint\",\"urlTemplate\":\"https:\/\/marmite-stg.mda.pl\/it\/?s={search_term_string}\"},\"query-input\":\"required name=search_term_string\"}],\"inLanguage\":\"it-IT\"}]}<\/script>\n<!-- \/ Yoast SEO plugin. -->","yoast_head_json":{"title":"Politica dei cookie &bull; Marmite","robots":{"index":"noindex","follow":"follow","max-snippet":"max-snippet:-1","max-image-preview":"max-image-preview:large","max-video-preview":"max-video-preview:-1"},"og_locale":"it_IT","og_type":"article","og_title":"Politica dei cookie &bull; Marmite","og_url":"https:\/\/marmite-stg.mda.pl\/it\/politica-dei-cookie\/","og_site_name":"Marmite","article_publisher":"https:\/\/www.facebook.com\/marmiteSA","article_modified_time":"2020-03-23T13:54:36+00:00","twitter_misc":{"Tempo di lettura stimato":"3 minuti"},"schema":{"@context":"https:\/\/schema.org","@graph":[{"@type":"WebPage","@id":"https:\/\/marmite-stg.mda.pl\/it\/politica-dei-cookie\/","url":"https:\/\/marmite-stg.mda.pl\/it\/politica-dei-cookie\/","name":"Politica dei cookie &bull; Marmite","isPartOf":{"@id":"https:\/\/marmite-stg.mda.pl\/it\/#website"},"datePublished":"2018-06-28T12:25:02+00:00","dateModified":"2020-03-23T13:54:36+00:00","breadcrumb":{"@id":"https:\/\/marmite-stg.mda.pl\/it\/politica-dei-cookie\/#breadcrumb"},"inLanguage":"it-IT","potentialAction":[{"@type":"ReadAction","target":["https:\/\/marmite-stg.mda.pl\/it\/politica-dei-cookie\/"]}]},{"@type":"BreadcrumbList","@id":"https:\/\/marmite-stg.mda.pl\/it\/politica-dei-cookie\/#breadcrumb","itemListElement":[{"@type":"ListItem","position":1,"name":"Home","item":"https:\/\/marmite-stg.mda.pl\/it\/"},{"@type":"ListItem","position":2,"name":"Politica dei cookie"}]},{"@type":"WebSite","@id":"https:\/\/marmite-stg.mda.pl\/it\/#website","url":"https:\/\/marmite-stg.mda.pl\/it\/","name":"Marmite","description":"Marmite","potentialAction":[{"@type":"SearchAction","target":{"@type":"EntryPoint","urlTemplate":"https:\/\/marmite-stg.mda.pl\/it\/?s={search_term_string}"},"query-input":"required name=search_term_string"}],"inLanguage":"it-IT"}]}},"_links":{"self":[{"href":"https:\/\/marmite-stg.mda.pl\/it\/wp-json\/wp\/v2\/pages\/4040"}],"collection":[{"href":"https:\/\/marmite-stg.mda.pl\/it\/wp-json\/wp\/v2\/pages"}],"about":[{"href":"https:\/\/marmite-stg.mda.pl\/it\/wp-json\/wp\/v2\/types\/page"}],"author":[{"embeddable":true,"href":"https:\/\/marmite-stg.mda.pl\/it\/wp-json\/wp\/v2\/users\/1"}],"replies":[{"embeddable":true,"href":"https:\/\/marmite-stg.mda.pl\/it\/wp-json\/wp\/v2\/comments?post=4040"}],"version-history":[{"count":5,"href":"https:\/\/marmite-stg.mda.pl\/it\/wp-json\/wp\/v2\/pages\/4040\/revisions"}],"predecessor-version":[{"id":9888,"href":"https:\/\/marmite-stg.mda.pl\/it\/wp-json\/wp\/v2\/pages\/4040\/revisions\/9888"}],"wp:attachment":[{"href":"https:\/\/marmite-stg.mda.pl\/it\/wp-json\/wp\/v2\/media?parent=4040"}],"curies":[{"name":"wp","href":"https:\/\/api.w.org\/{rel}","templated":true}]}}