{"id":8381,"date":"2020-02-27T10:41:27","date_gmt":"2020-02-27T10:41:27","guid":{"rendered":"https:\/\/site.marmite.mda.pl\/?page_id=8381"},"modified":"2020-06-29T09:11:36","modified_gmt":"2020-06-29T09:11:36","slug":"garanzia","status":"publish","type":"page","link":"https:\/\/marmite-stg.mda.pl\/it\/laboratorio\/garanzia\/","title":{"rendered":"Garanzia"},"content":{"rendered":"<h4><span style=\"color: #ff0000;\">\u00a7 1. Disposizioni generali<\/span><\/h4>\n<ol>\n<li>MARMITE Sp. z o.o. con sede a Zakrzew, in via ul. Przemys\u0142owej 4, 62-070 Dopiewo, iscritta al Registro delle Imprese del Registro Nazionale Giudiziario presso il Tribunale Distrettuale di Pozna\u0144 &#8211; Nowe Miasto i Wilda di Pozna\u0144 , Sezione VIII Economica del Registro Nazionale Giudiziario al numero KRS 0000581685, che fabbrica lavandini, piatti doccia e vasche in Mineral Composite (di seguito chiamati \u201cProdotti\u201d o separatamente \u201cProdotto\u201d), \u00e8 Garante.<\/li>\n<li>La garanzia viene concessa solo al cliente Marmite che in qualit\u00e0 di imprenditore ha acquistato il Prodotto direttamente dal Garante (\u201cCliente\u201d). Il trasferimento dei diritti e doveri del Cliente ai terzi, richiede un consenso scritto da parte del Garante.<\/li>\n<li>La garanzia concessa attesta che il Prodotto \u00e8 privo di difetti fisici formatisi durante il processo di fabbricazione dei Prodotti o derivanti dall\u2019uso di materiali inadeguati durante la fabbricazione dei Prodotti, che comporterebbe che il Prodotto non sia adatto all\u2019uso previsto. In particolare, il Garante non \u00e8 responsabile dei difetti del Prodotto dovuti a: (i) danneggiamento meccanico del Prodotto formatosi dopo la sua consegna al Cliente e (ii) usura naturale dei Prodotti, tra cui graffi sulla superficie formatisi durante l\u2019uso del Prodotto.<\/li>\n<li>L\u2019area della responsabilit\u00e0 del Garante \u00e8 stata definita nel \u00a7 1 p. 3 del presente contratto. Nell\u2019ambito della presente Garanzia, il Garante non \u00e8 responsabile dei danni derivanti dalla difettosit\u00e0 del Prodotto (cio\u00e8 danni materiali del Cliente causati da un Prodotto difettato).<\/li>\n<li>La Garanzia \u00e8 valida, a patto che:\n<ol>\n<li>Il Prodotto sia montato conformemente alle raccomandazioni del Garante presenti nelle istruzioni, conformemente alle regole dell\u2019arte edile e secondo le apposite norme armonizzate;<\/li>\n<li>Il Prodotto sia utilizzato conformemente all\u2019uso previsto;<\/li>\n<li>Il prodotto sia utilizzato conformemente alle raccomandazioni del Garante presenti nelle istruzioni disponibili sul sito: https:\/\/site.marmite.mda.pl\/pl\/wspolpraca\/pliki-do-pobrania\/.<\/li>\n<\/ol>\n<\/li>\n<\/ol>\n<h4><span style=\"color: #ff0000;\">\u00a7 2. Periodo e area della Garanzia<\/span><\/h4>\n<ol>\n<li>Il periodo della Garanzia dipende dal tipo di rivestimento in gel applicato dal Garante durante la produzione dei Prodotti ed \u00e8 di:\n<ol>\n<li>5 anni dalla data di consegna del Prodotto al Cliente &#8211; per un prodotto con rivestimento in gel standard e rivestimenti di tipo Top Solid o Top Granit;<\/li>\n<li>10 anni dalla data di consegna del Prodotto al Cliente &#8211; per un prodotto con rivestimento in gel di tipo Evermite.<\/li>\n<\/ol>\n<\/li>\n<li>La Garanzia \u00e8 valida sul territorio dei paesi UE.<\/li>\n<\/ol>\n<h4><span style=\"color: #ff0000;\">\u00a7 3. Eliminazione dei difetti dei Prodotti<\/span><\/h4>\n<ol>\n<li>La procedura dettagliata dell\u2019esame del reclamo \u00e8 disponibile all\u2019indirizzo: https:\/\/site.marmite.mda.pl\/pl\/wspolpraca\/pliki-do-pobrania\/<\/li>\n<li>Entro 14 giorni lavorativi dalla data della corretta presentazione del reclamo da parte del Cliente, il Garante deve esaminarlo e comunicare l\u2019esito positivo o negativo al Cliente.<\/li>\n<li>Se il reclamo sar\u00e0 accettato, il Garante o un soggetto da lui indicato, si impegner\u00e0 ad eliminare il difetto entro 14 giorni dalla comunicazione dell\u2019esito positivo del reclamo o dalla scadenza del termine previsto per la comunicazione dell\u2019esito del reclamo. In caso di controversie, se l\u2019opinione del perito conferma il parere del Cliente, il Garante o un soggetto da lui indicato, si impegner\u00e0 ad eliminare il difetto entro 14 giorni dalla data di ricezione dell\u2019opinione del perito da parte del Garante.<\/li>\n<li>I difetti del Prodotto possono essere eliminati nel modo seguente:\n<ol>\n<li>\u00a0fornitura di un prodotto nuovo a carico del Garante;<\/li>\n<li>riparazione del Prodotto difettato a carico del Garante;<\/li>\n<li>rimborso delle spese d\u2019acquisto del Prodotto a carico del Garante.<br \/>\nLa scelta della modalit\u00e0 di eliminazione del Prodotto, spetta al Garante.<\/li>\n<\/ol>\n<\/li>\n<li>Il Garante non copre le spese di ritiro, fornitura e smaltimento del Prodotto reclamato, a meno che il Prodotto reclamato gli sia stato fornito su sua richiesta durante la procedura di reclamo e il reclamo non sia stato da lui accettato.<\/li>\n<\/ol>\n<h4><span style=\"color: #ff0000;\"><strong>\u00a74. Disposizioni finali<\/strong><\/span><\/h4>\n<ol>\n<li>In tutte le questioni non regolate nel presente documento, saranno applicate le norme del codice civile polacco.<\/li>\n<li>Tutte le controversie tra il Garante e il Cliente saranno discusse davanti al tribunale polacco competente per la sede del Garante.<\/li>\n<\/ol>\n","protected":false},"excerpt":{"rendered":"<p>\u00a7 1. Disposizioni generali MARMITE Sp. z o.o. con sede a Zakrzew, in via ul. Przemys\u0142owej 4, 62-070 Dopiewo, iscritta al Registro delle Imprese del Registro Nazionale Giudiziario presso il Tribunale Distrettuale di Pozna\u0144 &#8211; Nowe Miasto i Wilda di Pozna\u0144 , Sezione VIII Economica del Registro Nazionale Giudiziario al numero KRS 0000581685, che fabbrica [&hellip;]<\/p>\n","protected":false},"author":1,"featured_media":7682,"parent":8378,"menu_order":14,"comment_status":"closed","ping_status":"closed","template":"page-templates\/page-menu-top.php","meta":{"footnotes":""},"acf":[],"yoast_head":"<!-- This site is optimized with the Yoast SEO plugin v20.13 - https:\/\/yoast.com\/wordpress\/plugins\/seo\/ -->\n<title>Garanzia &bull; Marmite<\/title>\n<meta name=\"robots\" content=\"noindex, follow, max-snippet:-1, max-image-preview:large, max-video-preview:-1\" \/>\n<meta property=\"og:locale\" content=\"it_IT\" \/>\n<meta property=\"og:type\" content=\"article\" \/>\n<meta property=\"og:title\" content=\"Garanzia &bull; Marmite\" \/>\n<meta property=\"og:url\" content=\"https:\/\/marmite-stg.mda.pl\/it\/laboratorio\/garanzia\/\" \/>\n<meta property=\"og:site_name\" content=\"Marmite\" \/>\n<meta property=\"article:publisher\" content=\"https:\/\/www.facebook.com\/marmiteSA\" \/>\n<meta property=\"article:modified_time\" content=\"2020-06-29T09:11:36+00:00\" \/>\n<meta property=\"og:image\" content=\"https:\/\/marmite-stg.mda.pl\/wp-content\/uploads\/2020\/01\/laboratory.jpg\" \/>\n\t<meta property=\"og:image:width\" content=\"1880\" \/>\n\t<meta property=\"og:image:height\" content=\"400\" \/>\n\t<meta property=\"og:image:type\" content=\"image\/jpeg\" \/>\n<meta name=\"twitter:label1\" content=\"Tempo di lettura stimato\" \/>\n\t<meta name=\"twitter:data1\" content=\"3 minuti\" \/>\n<script type=\"application\/ld+json\" class=\"yoast-schema-graph\">{\"@context\":\"https:\/\/schema.org\",\"@graph\":[{\"@type\":\"WebPage\",\"@id\":\"https:\/\/marmite-stg.mda.pl\/it\/laboratorio\/garanzia\/\",\"url\":\"https:\/\/marmite-stg.mda.pl\/it\/laboratorio\/garanzia\/\",\"name\":\"Garanzia &bull; Marmite\",\"isPartOf\":{\"@id\":\"https:\/\/marmite-stg.mda.pl\/it\/#website\"},\"datePublished\":\"2020-02-27T10:41:27+00:00\",\"dateModified\":\"2020-06-29T09:11:36+00:00\",\"breadcrumb\":{\"@id\":\"https:\/\/marmite-stg.mda.pl\/it\/laboratorio\/garanzia\/#breadcrumb\"},\"inLanguage\":\"it-IT\",\"potentialAction\":[{\"@type\":\"ReadAction\",\"target\":[\"https:\/\/marmite-stg.mda.pl\/it\/laboratorio\/garanzia\/\"]}]},{\"@type\":\"BreadcrumbList\",\"@id\":\"https:\/\/marmite-stg.mda.pl\/it\/laboratorio\/garanzia\/#breadcrumb\",\"itemListElement\":[{\"@type\":\"ListItem\",\"position\":1,\"name\":\"Home\",\"item\":\"https:\/\/marmite-stg.mda.pl\/it\/\"},{\"@type\":\"ListItem\",\"position\":2,\"name\":\"Laboratorio\",\"item\":\"https:\/\/marmite-stg.mda.pl\/it\/laboratorio\/\"},{\"@type\":\"ListItem\",\"position\":3,\"name\":\"Garanzia\"}]},{\"@type\":\"WebSite\",\"@id\":\"https:\/\/marmite-stg.mda.pl\/it\/#website\",\"url\":\"https:\/\/marmite-stg.mda.pl\/it\/\",\"name\":\"Marmite\",\"description\":\"Marmite\",\"potentialAction\":[{\"@type\":\"SearchAction\",\"target\":{\"@type\":\"EntryPoint\",\"urlTemplate\":\"https:\/\/marmite-stg.mda.pl\/it\/?s={search_term_string}\"},\"query-input\":\"required name=search_term_string\"}],\"inLanguage\":\"it-IT\"}]}<\/script>\n<!-- \/ Yoast SEO plugin. -->","yoast_head_json":{"title":"Garanzia &bull; Marmite","robots":{"index":"noindex","follow":"follow","max-snippet":"max-snippet:-1","max-image-preview":"max-image-preview:large","max-video-preview":"max-video-preview:-1"},"og_locale":"it_IT","og_type":"article","og_title":"Garanzia &bull; Marmite","og_url":"https:\/\/marmite-stg.mda.pl\/it\/laboratorio\/garanzia\/","og_site_name":"Marmite","article_publisher":"https:\/\/www.facebook.com\/marmiteSA","article_modified_time":"2020-06-29T09:11:36+00:00","og_image":[{"width":1880,"height":400,"url":"https:\/\/marmite-stg.mda.pl\/wp-content\/uploads\/2020\/01\/laboratory.jpg","type":"image\/jpeg"}],"twitter_misc":{"Tempo di lettura stimato":"3 minuti"},"schema":{"@context":"https:\/\/schema.org","@graph":[{"@type":"WebPage","@id":"https:\/\/marmite-stg.mda.pl\/it\/laboratorio\/garanzia\/","url":"https:\/\/marmite-stg.mda.pl\/it\/laboratorio\/garanzia\/","name":"Garanzia &bull; Marmite","isPartOf":{"@id":"https:\/\/marmite-stg.mda.pl\/it\/#website"},"datePublished":"2020-02-27T10:41:27+00:00","dateModified":"2020-06-29T09:11:36+00:00","breadcrumb":{"@id":"https:\/\/marmite-stg.mda.pl\/it\/laboratorio\/garanzia\/#breadcrumb"},"inLanguage":"it-IT","potentialAction":[{"@type":"ReadAction","target":["https:\/\/marmite-stg.mda.pl\/it\/laboratorio\/garanzia\/"]}]},{"@type":"BreadcrumbList","@id":"https:\/\/marmite-stg.mda.pl\/it\/laboratorio\/garanzia\/#breadcrumb","itemListElement":[{"@type":"ListItem","position":1,"name":"Home","item":"https:\/\/marmite-stg.mda.pl\/it\/"},{"@type":"ListItem","position":2,"name":"Laboratorio","item":"https:\/\/marmite-stg.mda.pl\/it\/laboratorio\/"},{"@type":"ListItem","position":3,"name":"Garanzia"}]},{"@type":"WebSite","@id":"https:\/\/marmite-stg.mda.pl\/it\/#website","url":"https:\/\/marmite-stg.mda.pl\/it\/","name":"Marmite","description":"Marmite","potentialAction":[{"@type":"SearchAction","target":{"@type":"EntryPoint","urlTemplate":"https:\/\/marmite-stg.mda.pl\/it\/?s={search_term_string}"},"query-input":"required name=search_term_string"}],"inLanguage":"it-IT"}]}},"_links":{"self":[{"href":"https:\/\/marmite-stg.mda.pl\/it\/wp-json\/wp\/v2\/pages\/8381"}],"collection":[{"href":"https:\/\/marmite-stg.mda.pl\/it\/wp-json\/wp\/v2\/pages"}],"about":[{"href":"https:\/\/marmite-stg.mda.pl\/it\/wp-json\/wp\/v2\/types\/page"}],"author":[{"embeddable":true,"href":"https:\/\/marmite-stg.mda.pl\/it\/wp-json\/wp\/v2\/users\/1"}],"replies":[{"embeddable":true,"href":"https:\/\/marmite-stg.mda.pl\/it\/wp-json\/wp\/v2\/comments?post=8381"}],"version-history":[{"count":4,"href":"https:\/\/marmite-stg.mda.pl\/it\/wp-json\/wp\/v2\/pages\/8381\/revisions"}],"predecessor-version":[{"id":17183,"href":"https:\/\/marmite-stg.mda.pl\/it\/wp-json\/wp\/v2\/pages\/8381\/revisions\/17183"}],"up":[{"embeddable":true,"href":"https:\/\/marmite-stg.mda.pl\/it\/wp-json\/wp\/v2\/pages\/8378"}],"wp:featuredmedia":[{"embeddable":true,"href":"https:\/\/marmite-stg.mda.pl\/it\/wp-json\/wp\/v2\/media\/7682"}],"wp:attachment":[{"href":"https:\/\/marmite-stg.mda.pl\/it\/wp-json\/wp\/v2\/media?parent=8381"}],"curies":[{"name":"wp","href":"https:\/\/api.w.org\/{rel}","templated":true}]}}