{"id":1268,"date":"2015-08-21T08:58:49","date_gmt":"2015-08-21T08:58:49","guid":{"rendered":"https:\/\/site.marmite.mda.pl\/?page_id=1268"},"modified":"2023-02-15T10:28:38","modified_gmt":"2023-02-15T10:28:38","slug":"kolory","status":"publish","type":"page","link":"https:\/\/marmite-stg.mda.pl\/pl\/material-pl\/kolory\/","title":{"rendered":"Kolory"},"content":{"rendered":"<p>Mineral Composite jest materia\u0142em daj\u0105cym <strong>pe\u0142n\u0105 swobod\u0119 projektowania<\/strong>. Dzi\u0119ki jego w\u0142a\u015bciwo\u015bciom mo\u017cemy projektowa\u0107 i wytwarza\u0107 produkty o dowolnym kszta\u0142cie, kolorze i fakturze. Materia\u0142, z kt\u00f3rego powstaj\u0105 produkty Marmite, bezpo\u015brednio nawi\u0105zuje do <strong>surowc\u00f3w naturalnych<\/strong>. I tak samo jak one \u2013 ma niepowtarzalny charakter i znakomicie odnajduje si\u0119 w wystroju nowoczesnej \u0142azienki.<\/p>\n<p>Poni\u017cej przedstawiamy nasze standardowe wzory. Jeste\u015bmy jednak przygotowani do spe\u0142nienia specjalnych \u017cycze\u0144 naszych klient\u00f3w \u2013 dopasowuj\u0105c odpowiedni\u0105 kolorystyk\u0119 i typ powierzchni do konkretnych potrzeb i zam\u00f3wie\u0144.<\/p>\n","protected":false},"excerpt":{"rendered":"<p>Mineral Composite jest materia\u0142em daj\u0105cym pe\u0142n\u0105 swobod\u0119 projektowania. Dzi\u0119ki jego w\u0142a\u015bciwo\u015bciom mo\u017cemy projektowa\u0107 i wytwarza\u0107 produkty o dowolnym kszta\u0142cie, kolorze i fakturze. Materia\u0142, z kt\u00f3rego powstaj\u0105 produkty Marmite, bezpo\u015brednio nawi\u0105zuje do surowc\u00f3w naturalnych. I tak samo jak one \u2013 ma niepowtarzalny charakter i znakomicie odnajduje si\u0119 w wystroju nowoczesnej \u0142azienki. Poni\u017cej przedstawiamy nasze standardowe wzory. [&hellip;]<\/p>\n","protected":false},"author":1,"featured_media":14304,"parent":292,"menu_order":298,"comment_status":"open","ping_status":"closed","template":"page-templates\/layout_colors.php","meta":{"footnotes":""},"acf":[],"yoast_head":"<!-- This site is optimized with the Yoast SEO plugin v20.13 - https:\/\/yoast.com\/wordpress\/plugins\/seo\/ -->\n<title>Kolory &bull; Marmite<\/title>\n<meta name=\"robots\" content=\"noindex, follow, max-snippet:-1, max-image-preview:large, max-video-preview:-1\" \/>\n<meta property=\"og:locale\" content=\"pl_PL\" \/>\n<meta property=\"og:type\" content=\"article\" \/>\n<meta property=\"og:title\" content=\"Kolory &bull; Marmite\" \/>\n<meta property=\"og:url\" content=\"https:\/\/marmite-stg.mda.pl\/pl\/material-pl\/kolory\/\" \/>\n<meta property=\"og:site_name\" content=\"Marmite\" \/>\n<meta property=\"article:publisher\" content=\"https:\/\/www.facebook.com\/marmiteSA\" \/>\n<meta property=\"article:modified_time\" content=\"2023-02-15T10:28:38+00:00\" \/>\n<meta property=\"og:image\" content=\"https:\/\/marmite-stg.mda.pl\/wp-content\/uploads\/2015\/08\/material_banner.jpg\" \/>\n\t<meta property=\"og:image:width\" content=\"1880\" \/>\n\t<meta property=\"og:image:height\" content=\"400\" \/>\n\t<meta property=\"og:image:type\" content=\"image\/jpeg\" \/>\n<meta name=\"twitter:label1\" content=\"Szacowany czas czytania\" \/>\n\t<meta name=\"twitter:data1\" content=\"1 minuta\" \/>\n<script type=\"application\/ld+json\" class=\"yoast-schema-graph\">{\"@context\":\"https:\/\/schema.org\",\"@graph\":[{\"@type\":\"WebPage\",\"@id\":\"https:\/\/marmite-stg.mda.pl\/pl\/material-pl\/kolory\/\",\"url\":\"https:\/\/marmite-stg.mda.pl\/pl\/material-pl\/kolory\/\",\"name\":\"Kolory &bull; Marmite\",\"isPartOf\":{\"@id\":\"https:\/\/marmite-stg.mda.pl\/pl\/#website\"},\"datePublished\":\"2015-08-21T08:58:49+00:00\",\"dateModified\":\"2023-02-15T10:28:38+00:00\",\"breadcrumb\":{\"@id\":\"https:\/\/marmite-stg.mda.pl\/pl\/material-pl\/kolory\/#breadcrumb\"},\"inLanguage\":\"pl-PL\",\"potentialAction\":[{\"@type\":\"ReadAction\",\"target\":[\"https:\/\/marmite-stg.mda.pl\/pl\/material-pl\/kolory\/\"]}]},{\"@type\":\"BreadcrumbList\",\"@id\":\"https:\/\/marmite-stg.mda.pl\/pl\/material-pl\/kolory\/#breadcrumb\",\"itemListElement\":[{\"@type\":\"ListItem\",\"position\":1,\"name\":\"Home\",\"item\":\"https:\/\/marmite-stg.mda.pl\/pl\/\"},{\"@type\":\"ListItem\",\"position\":2,\"name\":\"O materiale\",\"item\":\"https:\/\/marmite-stg.mda.pl\/pl\/material-pl\/\"},{\"@type\":\"ListItem\",\"position\":3,\"name\":\"Kolory\"}]},{\"@type\":\"WebSite\",\"@id\":\"https:\/\/marmite-stg.mda.pl\/pl\/#website\",\"url\":\"https:\/\/marmite-stg.mda.pl\/pl\/\",\"name\":\"Marmite\",\"description\":\"Marmite\",\"potentialAction\":[{\"@type\":\"SearchAction\",\"target\":{\"@type\":\"EntryPoint\",\"urlTemplate\":\"https:\/\/marmite-stg.mda.pl\/pl\/?s={search_term_string}\"},\"query-input\":\"required name=search_term_string\"}],\"inLanguage\":\"pl-PL\"}]}<\/script>\n<!-- \/ Yoast SEO plugin. -->","yoast_head_json":{"title":"Kolory &bull; Marmite","robots":{"index":"noindex","follow":"follow","max-snippet":"max-snippet:-1","max-image-preview":"max-image-preview:large","max-video-preview":"max-video-preview:-1"},"og_locale":"pl_PL","og_type":"article","og_title":"Kolory &bull; Marmite","og_url":"https:\/\/marmite-stg.mda.pl\/pl\/material-pl\/kolory\/","og_site_name":"Marmite","article_publisher":"https:\/\/www.facebook.com\/marmiteSA","article_modified_time":"2023-02-15T10:28:38+00:00","og_image":[{"width":1880,"height":400,"url":"https:\/\/marmite-stg.mda.pl\/wp-content\/uploads\/2015\/08\/material_banner.jpg","type":"image\/jpeg"}],"twitter_misc":{"Szacowany czas czytania":"1 minuta"},"schema":{"@context":"https:\/\/schema.org","@graph":[{"@type":"WebPage","@id":"https:\/\/marmite-stg.mda.pl\/pl\/material-pl\/kolory\/","url":"https:\/\/marmite-stg.mda.pl\/pl\/material-pl\/kolory\/","name":"Kolory &bull; Marmite","isPartOf":{"@id":"https:\/\/marmite-stg.mda.pl\/pl\/#website"},"datePublished":"2015-08-21T08:58:49+00:00","dateModified":"2023-02-15T10:28:38+00:00","breadcrumb":{"@id":"https:\/\/marmite-stg.mda.pl\/pl\/material-pl\/kolory\/#breadcrumb"},"inLanguage":"pl-PL","potentialAction":[{"@type":"ReadAction","target":["https:\/\/marmite-stg.mda.pl\/pl\/material-pl\/kolory\/"]}]},{"@type":"BreadcrumbList","@id":"https:\/\/marmite-stg.mda.pl\/pl\/material-pl\/kolory\/#breadcrumb","itemListElement":[{"@type":"ListItem","position":1,"name":"Home","item":"https:\/\/marmite-stg.mda.pl\/pl\/"},{"@type":"ListItem","position":2,"name":"O materiale","item":"https:\/\/marmite-stg.mda.pl\/pl\/material-pl\/"},{"@type":"ListItem","position":3,"name":"Kolory"}]},{"@type":"WebSite","@id":"https:\/\/marmite-stg.mda.pl\/pl\/#website","url":"https:\/\/marmite-stg.mda.pl\/pl\/","name":"Marmite","description":"Marmite","potentialAction":[{"@type":"SearchAction","target":{"@type":"EntryPoint","urlTemplate":"https:\/\/marmite-stg.mda.pl\/pl\/?s={search_term_string}"},"query-input":"required name=search_term_string"}],"inLanguage":"pl-PL"}]}},"_links":{"self":[{"href":"https:\/\/marmite-stg.mda.pl\/pl\/wp-json\/wp\/v2\/pages\/1268"}],"collection":[{"href":"https:\/\/marmite-stg.mda.pl\/pl\/wp-json\/wp\/v2\/pages"}],"about":[{"href":"https:\/\/marmite-stg.mda.pl\/pl\/wp-json\/wp\/v2\/types\/page"}],"author":[{"embeddable":true,"href":"https:\/\/marmite-stg.mda.pl\/pl\/wp-json\/wp\/v2\/users\/1"}],"replies":[{"embeddable":true,"href":"https:\/\/marmite-stg.mda.pl\/pl\/wp-json\/wp\/v2\/comments?post=1268"}],"version-history":[{"count":25,"href":"https:\/\/marmite-stg.mda.pl\/pl\/wp-json\/wp\/v2\/pages\/1268\/revisions"}],"predecessor-version":[{"id":27120,"href":"https:\/\/marmite-stg.mda.pl\/pl\/wp-json\/wp\/v2\/pages\/1268\/revisions\/27120"}],"up":[{"embeddable":true,"href":"https:\/\/marmite-stg.mda.pl\/pl\/wp-json\/wp\/v2\/pages\/292"}],"wp:featuredmedia":[{"embeddable":true,"href":"https:\/\/marmite-stg.mda.pl\/pl\/wp-json\/wp\/v2\/media\/14304"}],"wp:attachment":[{"href":"https:\/\/marmite-stg.mda.pl\/pl\/wp-json\/wp\/v2\/media?parent=1268"}],"curies":[{"name":"wp","href":"https:\/\/api.w.org\/{rel}","templated":true}]}}