{"id":25591,"date":"2022-07-26T08:33:24","date_gmt":"2022-07-26T08:33:24","guid":{"rendered":"https:\/\/marmite-stg.mda.pl\/trends\/"},"modified":"2022-08-22T06:21:32","modified_gmt":"2022-08-22T06:21:32","slug":"trends","status":"publish","type":"page","link":"https:\/\/marmite-stg.mda.pl\/pl\/trends\/","title":{"rendered":"Trendy"},"content":{"rendered":"<p>Wy\u0142onili\u015bmy je wnikliwie przygl\u0105daj\u0105c si\u0119 mi\u0119dzynarodowemu rynkowi i analizuj\u0105c sytuacj\u0119 na nim, zbieraj\u0105c informacje o zmianach, obserwuj\u0105c konsumenckie zachowania i preferencje. Wiemy, \u017ce style i trendy wzornicze s\u0105 zazwyczaj odpowiedzi\u0105 na otaczaj\u0105c\u0105 nas rzeczywisto\u015b\u0107. Zobacz, w jaki spos\u00f3b trendy te mog\u0105 manifestowa\u0107 si\u0119 we wn\u0119trzach i kt\u00f3re produkty z oferty Marmite mog\u0105 si\u0119 w nie wpisa\u0107.<\/p>\n","protected":false},"excerpt":{"rendered":"<p>Wy\u0142onili\u015bmy je wnikliwie przygl\u0105daj\u0105c si\u0119 mi\u0119dzynarodowemu rynkowi i analizuj\u0105c sytuacj\u0119 na nim, zbieraj\u0105c informacje o zmianach, obserwuj\u0105c konsumenckie zachowania i preferencje. Wiemy, \u017ce style i trendy wzornicze s\u0105 zazwyczaj odpowiedzi\u0105 na otaczaj\u0105c\u0105 nas rzeczywisto\u015b\u0107. Zobacz, w jaki spos\u00f3b trendy te mog\u0105 manifestowa\u0107 si\u0119 we wn\u0119trzach i kt\u00f3re produkty z oferty Marmite mog\u0105 si\u0119 w nie [&hellip;]<\/p>\n","protected":false},"author":1,"featured_media":25186,"parent":0,"menu_order":0,"comment_status":"closed","ping_status":"closed","template":"page-templates\/layout_trends.php","meta":{"footnotes":""},"acf":[],"yoast_head":"<!-- This site is optimized with the Yoast SEO plugin v20.13 - https:\/\/yoast.com\/wordpress\/plugins\/seo\/ -->\n<title>Trendy &bull; Marmite<\/title>\n<meta name=\"robots\" content=\"noindex, follow, max-snippet:-1, max-image-preview:large, max-video-preview:-1\" \/>\n<meta property=\"og:locale\" content=\"pl_PL\" \/>\n<meta property=\"og:type\" content=\"article\" \/>\n<meta property=\"og:title\" content=\"Trendy &bull; Marmite\" \/>\n<meta property=\"og:url\" content=\"https:\/\/marmite-stg.mda.pl\/pl\/trends\/\" \/>\n<meta property=\"og:site_name\" content=\"Marmite\" \/>\n<meta property=\"article:publisher\" content=\"https:\/\/www.facebook.com\/marmiteSA\" \/>\n<meta property=\"article:modified_time\" content=\"2022-08-22T06:21:32+00:00\" \/>\n<meta property=\"og:image\" content=\"https:\/\/marmite-stg.mda.pl\/wp-content\/uploads\/2022\/07\/Background.jpg\" \/>\n\t<meta property=\"og:image:width\" content=\"1880\" \/>\n\t<meta property=\"og:image:height\" content=\"400\" \/>\n\t<meta property=\"og:image:type\" content=\"image\/jpeg\" \/>\n<meta name=\"twitter:label1\" content=\"Szacowany czas czytania\" \/>\n\t<meta name=\"twitter:data1\" content=\"1 minuta\" \/>\n<script type=\"application\/ld+json\" class=\"yoast-schema-graph\">{\"@context\":\"https:\/\/schema.org\",\"@graph\":[{\"@type\":\"WebPage\",\"@id\":\"https:\/\/marmite-stg.mda.pl\/pl\/trends\/\",\"url\":\"https:\/\/marmite-stg.mda.pl\/pl\/trends\/\",\"name\":\"Trendy &bull; Marmite\",\"isPartOf\":{\"@id\":\"https:\/\/marmite-stg.mda.pl\/pl\/#website\"},\"datePublished\":\"2022-07-26T08:33:24+00:00\",\"dateModified\":\"2022-08-22T06:21:32+00:00\",\"breadcrumb\":{\"@id\":\"https:\/\/marmite-stg.mda.pl\/pl\/trends\/#breadcrumb\"},\"inLanguage\":\"pl-PL\",\"potentialAction\":[{\"@type\":\"ReadAction\",\"target\":[\"https:\/\/marmite-stg.mda.pl\/pl\/trends\/\"]}]},{\"@type\":\"BreadcrumbList\",\"@id\":\"https:\/\/marmite-stg.mda.pl\/pl\/trends\/#breadcrumb\",\"itemListElement\":[{\"@type\":\"ListItem\",\"position\":1,\"name\":\"Home\",\"item\":\"https:\/\/marmite-stg.mda.pl\/pl\/\"},{\"@type\":\"ListItem\",\"position\":2,\"name\":\"Trendy\"}]},{\"@type\":\"WebSite\",\"@id\":\"https:\/\/marmite-stg.mda.pl\/pl\/#website\",\"url\":\"https:\/\/marmite-stg.mda.pl\/pl\/\",\"name\":\"Marmite\",\"description\":\"Marmite\",\"potentialAction\":[{\"@type\":\"SearchAction\",\"target\":{\"@type\":\"EntryPoint\",\"urlTemplate\":\"https:\/\/marmite-stg.mda.pl\/pl\/?s={search_term_string}\"},\"query-input\":\"required name=search_term_string\"}],\"inLanguage\":\"pl-PL\"}]}<\/script>\n<!-- \/ Yoast SEO plugin. -->","yoast_head_json":{"title":"Trendy &bull; Marmite","robots":{"index":"noindex","follow":"follow","max-snippet":"max-snippet:-1","max-image-preview":"max-image-preview:large","max-video-preview":"max-video-preview:-1"},"og_locale":"pl_PL","og_type":"article","og_title":"Trendy &bull; Marmite","og_url":"https:\/\/marmite-stg.mda.pl\/pl\/trends\/","og_site_name":"Marmite","article_publisher":"https:\/\/www.facebook.com\/marmiteSA","article_modified_time":"2022-08-22T06:21:32+00:00","og_image":[{"width":1880,"height":400,"url":"https:\/\/marmite-stg.mda.pl\/wp-content\/uploads\/2022\/07\/Background.jpg","type":"image\/jpeg"}],"twitter_misc":{"Szacowany czas czytania":"1 minuta"},"schema":{"@context":"https:\/\/schema.org","@graph":[{"@type":"WebPage","@id":"https:\/\/marmite-stg.mda.pl\/pl\/trends\/","url":"https:\/\/marmite-stg.mda.pl\/pl\/trends\/","name":"Trendy &bull; Marmite","isPartOf":{"@id":"https:\/\/marmite-stg.mda.pl\/pl\/#website"},"datePublished":"2022-07-26T08:33:24+00:00","dateModified":"2022-08-22T06:21:32+00:00","breadcrumb":{"@id":"https:\/\/marmite-stg.mda.pl\/pl\/trends\/#breadcrumb"},"inLanguage":"pl-PL","potentialAction":[{"@type":"ReadAction","target":["https:\/\/marmite-stg.mda.pl\/pl\/trends\/"]}]},{"@type":"BreadcrumbList","@id":"https:\/\/marmite-stg.mda.pl\/pl\/trends\/#breadcrumb","itemListElement":[{"@type":"ListItem","position":1,"name":"Home","item":"https:\/\/marmite-stg.mda.pl\/pl\/"},{"@type":"ListItem","position":2,"name":"Trendy"}]},{"@type":"WebSite","@id":"https:\/\/marmite-stg.mda.pl\/pl\/#website","url":"https:\/\/marmite-stg.mda.pl\/pl\/","name":"Marmite","description":"Marmite","potentialAction":[{"@type":"SearchAction","target":{"@type":"EntryPoint","urlTemplate":"https:\/\/marmite-stg.mda.pl\/pl\/?s={search_term_string}"},"query-input":"required name=search_term_string"}],"inLanguage":"pl-PL"}]}},"_links":{"self":[{"href":"https:\/\/marmite-stg.mda.pl\/pl\/wp-json\/wp\/v2\/pages\/25591"}],"collection":[{"href":"https:\/\/marmite-stg.mda.pl\/pl\/wp-json\/wp\/v2\/pages"}],"about":[{"href":"https:\/\/marmite-stg.mda.pl\/pl\/wp-json\/wp\/v2\/types\/page"}],"author":[{"embeddable":true,"href":"https:\/\/marmite-stg.mda.pl\/pl\/wp-json\/wp\/v2\/users\/1"}],"replies":[{"embeddable":true,"href":"https:\/\/marmite-stg.mda.pl\/pl\/wp-json\/wp\/v2\/comments?post=25591"}],"version-history":[{"count":7,"href":"https:\/\/marmite-stg.mda.pl\/pl\/wp-json\/wp\/v2\/pages\/25591\/revisions"}],"predecessor-version":[{"id":25728,"href":"https:\/\/marmite-stg.mda.pl\/pl\/wp-json\/wp\/v2\/pages\/25591\/revisions\/25728"}],"wp:featuredmedia":[{"embeddable":true,"href":"https:\/\/marmite-stg.mda.pl\/pl\/wp-json\/wp\/v2\/media\/25186"}],"wp:attachment":[{"href":"https:\/\/marmite-stg.mda.pl\/pl\/wp-json\/wp\/v2\/media?parent=25591"}],"curies":[{"name":"wp","href":"https:\/\/api.w.org\/{rel}","templated":true}]}}