{"id":284,"date":"2015-01-21T05:45:16","date_gmt":"2015-01-21T05:45:16","guid":{"rendered":"https:\/\/site.marmite.mda.pl\/?page_id=284"},"modified":"2021-11-12T09:32:26","modified_gmt":"2021-11-12T09:32:26","slug":"kontakt","status":"publish","type":"page","link":"https:\/\/marmite-stg.mda.pl\/pl\/kontakt\/","title":{"rendered":"Kontakt"},"content":{"rendered":"\n<div class=\"wpcf7 no-js\" id=\"wpcf7-f308-o1\" lang=\"pl-PL\" dir=\"ltr\">\n<div class=\"screen-reader-response\"><p role=\"status\" aria-live=\"polite\" aria-atomic=\"true\"><\/p> <ul><\/ul><\/div>\n<form action=\"\/pl\/wp-json\/wp\/v2\/pages\/284#wpcf7-f308-o1\" method=\"post\" class=\"wpcf7-form init\" aria-label=\"Formularz kontaktowy\" novalidate=\"novalidate\" data-status=\"init\">\n<div style=\"display: none;\">\n<input type=\"hidden\" name=\"_wpcf7\" value=\"308\" \/>\n<input type=\"hidden\" name=\"_wpcf7_version\" value=\"5.8\" \/>\n<input type=\"hidden\" name=\"_wpcf7_locale\" value=\"pl_PL\" \/>\n<input type=\"hidden\" name=\"_wpcf7_unit_tag\" value=\"wpcf7-f308-o1\" \/>\n<input type=\"hidden\" name=\"_wpcf7_container_post\" value=\"0\" \/>\n<input type=\"hidden\" name=\"_wpcf7_posted_data_hash\" value=\"\" \/>\n<\/div>\n<div class=\"row cf7-form\">\n\t<div class=\"col-12 col-xs-6\">\n\t\t<div class=\"form-input__group\">\n\t\t\t<p><label class=\"form__label\">Imi\u0119 *<\/label><span class=\"wpcf7-form-control-wrap\" data-name=\"first-name\"><input size=\"40\" class=\"wpcf7-form-control wpcf7-text wpcf7-validates-as-required form__input form__input--border form__input--full form__input--default\" aria-required=\"true\" aria-invalid=\"false\" value=\"\" type=\"text\" name=\"first-name\" \/><\/span>\n\t\t\t<\/p>\n\t\t<\/div>\n\t<\/div>\n\t<div class=\"col-12 col-xs-6\">\n\t\t<div class=\"form-input__group\">\n\t\t\t<p><label class=\"form__label\">Nazwisko *<\/label><span class=\"wpcf7-form-control-wrap\" data-name=\"last-name\"><input size=\"40\" class=\"wpcf7-form-control wpcf7-text wpcf7-validates-as-required form__input form__input--border form__input--full form__input--default\" aria-required=\"true\" aria-invalid=\"false\" value=\"\" type=\"text\" name=\"last-name\" \/><\/span>\n\t\t\t<\/p>\n\t\t<\/div>\n\t<\/div>\n\t<div class=\"col-12 col-xs-6\">\n\t\t<div class=\"form-input__group\">\n\t\t\t<p><label class=\"form__label\">E-mail *<\/label><span class=\"wpcf7-form-control-wrap\" data-name=\"email\"><input size=\"40\" class=\"wpcf7-form-control wpcf7-email wpcf7-validates-as-required wpcf7-text wpcf7-validates-as-email form__input form__input--border form__input--full form__input--default\" aria-required=\"true\" aria-invalid=\"false\" value=\"\" type=\"email\" name=\"email\" \/><\/span>\n\t\t\t<\/p>\n\t\t<\/div>\n\t<\/div>\n\t<div class=\"col-12 col-xs-6\">\n\t\t<div class=\"form-input__group\">\n\t\t\t<p><label class=\"form__label\">Telefon<\/label><span class=\"wpcf7-form-control-wrap\" data-name=\"number\"><input size=\"40\" class=\"wpcf7-form-control wpcf7-tel wpcf7-text wpcf7-validates-as-tel form__input form__input--border form__input--full form__input--default\" aria-invalid=\"false\" value=\"\" type=\"tel\" name=\"number\" \/><\/span>\n\t\t\t<\/p>\n\t\t<\/div>\n\t<\/div>\n\t<div class=\"col-12\">\n\t\t<div class=\"form-input__group\">\n\t\t\t<p><label class=\"form__label\">Tytu\u0142 *<\/label><span class=\"wpcf7-form-control-wrap\" data-name=\"title\"><select class=\"wpcf7-form-control wpcf7-select wpcf7-validates-as-required select\" aria-required=\"true\" aria-invalid=\"false\" name=\"title\"><option value=\"Zapytanie o produkt\">Zapytanie o produkt<\/option><option value=\"Reklamacja\">Reklamacja<\/option><option value=\"Inne\">Inne<\/option><\/select><\/span>\n\t\t\t<\/p>\n\t\t<\/div>\n\t<\/div>\n\t<div class=\"col-12\">\n\t\t<div class=\"form-input__group\">\n\t\t\t<p><label class=\"form__label\">Temat *<\/label><br \/>\n<span class=\"wpcf7-form-control-wrap\" data-name=\"subject\"><input size=\"40\" class=\"wpcf7-form-control wpcf7-text wpcf7-validates-as-required form__input form__input--border form__input--full form__input--default\" aria-required=\"true\" aria-invalid=\"false\" value=\"\" type=\"text\" name=\"subject\" \/><\/span>\n\t\t\t<\/p>\n\t\t<\/div>\n\t<\/div>\n\t<div class=\"col-12\">\n\t\t<div class=\"form-input__group\">\n\t\t\t<p><label class=\"form__label\">Wiadomo\u015b\u0107 *<\/label><br \/>\n<span class=\"wpcf7-form-control-wrap\" data-name=\"message\"><textarea cols=\"40\" rows=\"10\" class=\"wpcf7-form-control wpcf7-textarea wpcf7-validates-as-required form__input form__input--border form__input--full form__input--default form__textarea\" aria-required=\"true\" aria-invalid=\"false\" name=\"message\"><\/textarea><\/span>\n\t\t\t<\/p>\n\t\t<\/div>\n\t<\/div>\n\t<div class=\"col-12\">\n\t\t<div class=\"form-input__group mb-3 mb-xs-5\">\n\t\t\t<div class=\"form-input__group-text\">\n\t\t\t\t<p class=\"h h--6\">Zgoda na przetwarzanie danych osobowych\n\t\t\t\t<\/p>\n\t\t\t\t<p class=\"text text--small\">Przetwarzamy Twoje dane osobowe przes\u0142ane za pomoc\u0105 tego formularza w celu przetworzenia Twojej wiadomo\u015bci, zarz\u0105dzania zapytaniem lub przetworzenia zg\u0142oszonego roszczenia. Prosimy o zapoznanie si\u0119 z dodatkowymi informacjami, w tym Twoimi prawami, w naszej <a href=\"https:\/\/marmite-stg.mda.pl\/pl\/polityka-cookies\/\">polityce prywatno\u015bci<\/a>\n\t\t\t\t<\/p>\n\t\t\t<\/div>\n\t\t<\/div>\n\t<\/div>\n\t<div class=\"col-12\">\n\t\t<div class=\"form-input__group mb-3 mb-xs-5\">\n\t\t\t<div class=\"form-input__group-text\">\n\t\t\t\t<p class=\"h h--6\">Zgoda na otrzymywanie informacji handlowych drog\u0105 elektroniczn\u0105\n\t\t\t\t<\/p>\n\t\t\t\t<p class=\"text text--medium text--alert\"><a href=\"\/cofniecie-zgody\/\">Informujemy, \u017ce udzielona przez Ciebie zgoda mo\u017ce zosta\u0107 w ka\u017cdej chwili cofni\u0119ta.<\/a>\n\t\t\t\t<\/p>\n\t\t\t\t<p class=\"text text--small\">rzetwarzamy Twoje dane osobowe, w szczeg\u00f3lno\u015bci Tw\u00f3j adres e-mail, w celu wysy\u0142ania Ci naszego newslettera. Mo\u017cesz w ka\u017cdej chwili wycofa\u0107 swoj\u0105 zgod\u0119 na przysz\u0142o\u015b\u0107, rezygnuj\u0105c z subskrypcji listy za pomoc\u0105 linku w biuletynie lub wysy\u0142aj\u0105c nam nieformaln\u0105 wiadomo\u015b\u0107. Prosimy o zapoznanie si\u0119 z dodatkowymi informacjami, w tym Twoimi prawami, w naszej <a href=\"https:\/\/marmite-stg.mda.pl\/pl\/polityka-cookies\/\">polityce prywatno\u015bci<\/a>\n\t\t\t\t<\/p>\n\t\t\t<\/div>\n\t\t\t<div class=\"cf7-checkboxes\">\n\t\t\t\t<p><span class=\"wpcf7-form-control-wrap\" data-name=\"droga-elektroniczna\"><span class=\"wpcf7-form-control wpcf7-checkbox wpcf7-validates-as-required wpcf7-exclusive-checkbox\"><span class=\"wpcf7-list-item first\"><label><input type=\"checkbox\" name=\"droga-elektroniczna\" value=\"TAK\" \/><span class=\"wpcf7-list-item-label\">TAK<\/span><\/label><\/span><span class=\"wpcf7-list-item last\"><label><input type=\"checkbox\" name=\"droga-elektroniczna\" value=\"NIE\" \/><span class=\"wpcf7-list-item-label\">NIE<\/span><\/label><\/span><\/span><\/span>\n\t\t\t\t<\/p>\n\t\t\t<\/div>\n\t\t<\/div>\n\t<\/div>\n\t<div class=\"col-12\">\n\t\t<div class=\"form-input__group mb-3 mb-xs-5\">\n\t\t\t<div class=\"form-input__group-text\">\n\t\t\t\t<p class=\"h h--6\">Zgoda na otrzymywanie informacji handlowych drog\u0105 telefoniczn\u0105\n\t\t\t\t<\/p>\n\t\t\t\t<p class=\"text text--medium text--alert\"><a href=\"\/cofniecie-zgody\/\">Informujemy, \u017ce udzielona przez Ciebie zgoda mo\u017ce zosta\u0107 w ka\u017cdej chwili cofni\u0119ta.<\/a>\n\t\t\t\t<\/p>\n\t\t\t\t<p class=\"text text--small\">Przetwarzamy Twoje dane osobowe, w szczeg\u00f3lno\u015bci Tw\u00f3j numer telefonu, w celu przesy\u0142ania Ci naszego newslettera. Mo\u017cesz w ka\u017cdej chwili wycofa\u0107 swoj\u0105 zgod\u0119 na przysz\u0142o\u015b\u0107, rezygnuj\u0105c z subskrypcji listy za pomoc\u0105 linku w biuletynie lub wysy\u0142aj\u0105c nam nieformaln\u0105 wiadomo\u015b\u0107. Prosimy o zapoznanie si\u0119 z dodatkowymi informacjami, w tym Twoimi prawami, w naszej <a href=\"https:\/\/marmite-stg.mda.pl\/pl\/polityka-cookies\/\">polityce prywatno\u015bci<\/a>.\n\t\t\t\t<\/p>\n\t\t\t<\/div>\n\t\t\t<div class=\"cf7-checkboxes\">\n\t\t\t\t<p><span class=\"wpcf7-form-control-wrap\" data-name=\"urzadzenia-koncowe\"><span class=\"wpcf7-form-control wpcf7-checkbox wpcf7-validates-as-required wpcf7-exclusive-checkbox\"><span class=\"wpcf7-list-item first\"><label><input type=\"checkbox\" name=\"urzadzenia-koncowe\" value=\"TAK\" \/><span class=\"wpcf7-list-item-label\">TAK<\/span><\/label><\/span><span class=\"wpcf7-list-item last\"><label><input type=\"checkbox\" name=\"urzadzenia-koncowe\" value=\"NIE\" \/><span class=\"wpcf7-list-item-label\">NIE<\/span><\/label><\/span><\/span><\/span>\n\t\t\t\t<\/p>\n\t\t\t<\/div>\n\t\t<\/div>\n\t<\/div>\n<\/div>\n<div class=\"form-footer form-footer--small\">\n\t<div class=\"form-footer__info\">\n\t\t<p>* pola wymagane\n\t\t<\/p>\n\t<\/div>\n\t<p><input class=\"wpcf7-form-control wpcf7-submit has-spinner button button--red\" type=\"submit\" value=\"Wy\u015blij wiadomo\u015b\u0107\" \/>\n\t<\/p>\n<\/div><div class=\"wpcf7-response-output\" aria-hidden=\"true\"><\/div>\n<\/form>\n<\/div>\n\n","protected":false},"excerpt":{"rendered":"","protected":false},"author":1,"featured_media":0,"parent":0,"menu_order":369,"comment_status":"open","ping_status":"closed","template":"page-templates\/contact.php","meta":{"footnotes":""},"acf":[],"yoast_head":"<!-- This site is optimized with the Yoast SEO plugin v20.13 - https:\/\/yoast.com\/wordpress\/plugins\/seo\/ -->\n<title>Kontakt &bull; Marmite<\/title>\n<meta name=\"robots\" content=\"noindex, follow, max-snippet:-1, max-image-preview:large, max-video-preview:-1\" \/>\n<meta property=\"og:locale\" content=\"pl_PL\" \/>\n<meta property=\"og:type\" content=\"article\" \/>\n<meta property=\"og:title\" content=\"Kontakt &bull; Marmite\" \/>\n<meta property=\"og:url\" content=\"https:\/\/marmite-stg.mda.pl\/pl\/kontakt\/\" \/>\n<meta property=\"og:site_name\" content=\"Marmite\" \/>\n<meta property=\"article:publisher\" content=\"https:\/\/www.facebook.com\/marmiteSA\" \/>\n<meta property=\"article:modified_time\" content=\"2021-11-12T09:32:26+00:00\" \/>\n<script type=\"application\/ld+json\" class=\"yoast-schema-graph\">{\"@context\":\"https:\/\/schema.org\",\"@graph\":[{\"@type\":\"WebPage\",\"@id\":\"https:\/\/marmite-stg.mda.pl\/pl\/kontakt\/\",\"url\":\"https:\/\/marmite-stg.mda.pl\/pl\/kontakt\/\",\"name\":\"Kontakt &bull; Marmite\",\"isPartOf\":{\"@id\":\"https:\/\/marmite-stg.mda.pl\/pl\/#website\"},\"datePublished\":\"2015-01-21T05:45:16+00:00\",\"dateModified\":\"2021-11-12T09:32:26+00:00\",\"breadcrumb\":{\"@id\":\"https:\/\/marmite-stg.mda.pl\/pl\/kontakt\/#breadcrumb\"},\"inLanguage\":\"pl-PL\",\"potentialAction\":[{\"@type\":\"ReadAction\",\"target\":[\"https:\/\/marmite-stg.mda.pl\/pl\/kontakt\/\"]}]},{\"@type\":\"BreadcrumbList\",\"@id\":\"https:\/\/marmite-stg.mda.pl\/pl\/kontakt\/#breadcrumb\",\"itemListElement\":[{\"@type\":\"ListItem\",\"position\":1,\"name\":\"Home\",\"item\":\"https:\/\/marmite-stg.mda.pl\/pl\/\"},{\"@type\":\"ListItem\",\"position\":2,\"name\":\"Kontakt\"}]},{\"@type\":\"WebSite\",\"@id\":\"https:\/\/marmite-stg.mda.pl\/pl\/#website\",\"url\":\"https:\/\/marmite-stg.mda.pl\/pl\/\",\"name\":\"Marmite\",\"description\":\"Marmite\",\"potentialAction\":[{\"@type\":\"SearchAction\",\"target\":{\"@type\":\"EntryPoint\",\"urlTemplate\":\"https:\/\/marmite-stg.mda.pl\/pl\/?s={search_term_string}\"},\"query-input\":\"required name=search_term_string\"}],\"inLanguage\":\"pl-PL\"}]}<\/script>\n<!-- \/ Yoast SEO plugin. -->","yoast_head_json":{"title":"Kontakt &bull; Marmite","robots":{"index":"noindex","follow":"follow","max-snippet":"max-snippet:-1","max-image-preview":"max-image-preview:large","max-video-preview":"max-video-preview:-1"},"og_locale":"pl_PL","og_type":"article","og_title":"Kontakt &bull; Marmite","og_url":"https:\/\/marmite-stg.mda.pl\/pl\/kontakt\/","og_site_name":"Marmite","article_publisher":"https:\/\/www.facebook.com\/marmiteSA","article_modified_time":"2021-11-12T09:32:26+00:00","schema":{"@context":"https:\/\/schema.org","@graph":[{"@type":"WebPage","@id":"https:\/\/marmite-stg.mda.pl\/pl\/kontakt\/","url":"https:\/\/marmite-stg.mda.pl\/pl\/kontakt\/","name":"Kontakt &bull; Marmite","isPartOf":{"@id":"https:\/\/marmite-stg.mda.pl\/pl\/#website"},"datePublished":"2015-01-21T05:45:16+00:00","dateModified":"2021-11-12T09:32:26+00:00","breadcrumb":{"@id":"https:\/\/marmite-stg.mda.pl\/pl\/kontakt\/#breadcrumb"},"inLanguage":"pl-PL","potentialAction":[{"@type":"ReadAction","target":["https:\/\/marmite-stg.mda.pl\/pl\/kontakt\/"]}]},{"@type":"BreadcrumbList","@id":"https:\/\/marmite-stg.mda.pl\/pl\/kontakt\/#breadcrumb","itemListElement":[{"@type":"ListItem","position":1,"name":"Home","item":"https:\/\/marmite-stg.mda.pl\/pl\/"},{"@type":"ListItem","position":2,"name":"Kontakt"}]},{"@type":"WebSite","@id":"https:\/\/marmite-stg.mda.pl\/pl\/#website","url":"https:\/\/marmite-stg.mda.pl\/pl\/","name":"Marmite","description":"Marmite","potentialAction":[{"@type":"SearchAction","target":{"@type":"EntryPoint","urlTemplate":"https:\/\/marmite-stg.mda.pl\/pl\/?s={search_term_string}"},"query-input":"required name=search_term_string"}],"inLanguage":"pl-PL"}]}},"_links":{"self":[{"href":"https:\/\/marmite-stg.mda.pl\/pl\/wp-json\/wp\/v2\/pages\/284"}],"collection":[{"href":"https:\/\/marmite-stg.mda.pl\/pl\/wp-json\/wp\/v2\/pages"}],"about":[{"href":"https:\/\/marmite-stg.mda.pl\/pl\/wp-json\/wp\/v2\/types\/page"}],"author":[{"embeddable":true,"href":"https:\/\/marmite-stg.mda.pl\/pl\/wp-json\/wp\/v2\/users\/1"}],"replies":[{"embeddable":true,"href":"https:\/\/marmite-stg.mda.pl\/pl\/wp-json\/wp\/v2\/comments?post=284"}],"version-history":[{"count":20,"href":"https:\/\/marmite-stg.mda.pl\/pl\/wp-json\/wp\/v2\/pages\/284\/revisions"}],"predecessor-version":[{"id":22089,"href":"https:\/\/marmite-stg.mda.pl\/pl\/wp-json\/wp\/v2\/pages\/284\/revisions\/22089"}],"wp:attachment":[{"href":"https:\/\/marmite-stg.mda.pl\/pl\/wp-json\/wp\/v2\/media?parent=284"}],"curies":[{"name":"wp","href":"https:\/\/api.w.org\/{rel}","templated":true}]}}