{"id":292,"date":"2015-01-21T05:49:28","date_gmt":"2015-01-21T05:49:28","guid":{"rendered":"https:\/\/site.marmite.mda.pl\/?page_id=292"},"modified":"2023-06-30T08:04:02","modified_gmt":"2023-06-30T08:04:02","slug":"material-pl","status":"publish","type":"page","link":"https:\/\/marmite-stg.mda.pl\/pl\/material-pl\/","title":{"rendered":"O materiale"},"content":{"rendered":"<p>Badania i rozw\u00f3j technologii\u00a0 umo\u017cliwi\u0142y\u00a0 stworzenie wyj\u0105tkowego na rynku materia\u0142u. Przyjazny \u015brodowisku, energooszcz\u0119dny proces technologiczny, podczas kt\u00f3rego powstaje Mineral Composite,\u00a0 jest unikalny w skali ca\u0142ej bran\u017cy \u0142azienkowej. W\u0142a\u015bciwo\u015bci u\u017cytkowe tego materia\u0142u przewy\u017cszaj\u0105 mo\u017cliwo\u015bci tradycyjnych materia\u0142\u00f3w, dlatego cz\u0119sto nazywany jest ceramik\u0105 XXI wieku.<\/p>\n","protected":false},"excerpt":{"rendered":"<p>Badania i rozw\u00f3j technologii\u00a0 umo\u017cliwi\u0142y\u00a0 stworzenie wyj\u0105tkowego na rynku materia\u0142u. Przyjazny \u015brodowisku, energooszcz\u0119dny proces technologiczny, podczas kt\u00f3rego powstaje Mineral Composite,\u00a0 jest unikalny w skali ca\u0142ej bran\u017cy \u0142azienkowej. W\u0142a\u015bciwo\u015bci u\u017cytkowe tego materia\u0142u przewy\u017cszaj\u0105 mo\u017cliwo\u015bci tradycyjnych materia\u0142\u00f3w, dlatego cz\u0119sto nazywany jest ceramik\u0105 XXI wieku.<\/p>\n","protected":false},"author":1,"featured_media":6278,"parent":0,"menu_order":394,"comment_status":"open","ping_status":"open","template":"page-templates\/layout_about_material.php","meta":{"footnotes":""},"acf":[],"yoast_head":"<!-- This site is optimized with the Yoast SEO plugin v20.13 - https:\/\/yoast.com\/wordpress\/plugins\/seo\/ -->\n<title>O materiale &bull; Marmite<\/title>\n<meta name=\"robots\" content=\"noindex, follow, max-snippet:-1, max-image-preview:large, max-video-preview:-1\" \/>\n<meta property=\"og:locale\" content=\"pl_PL\" \/>\n<meta property=\"og:type\" content=\"article\" \/>\n<meta property=\"og:title\" content=\"O materiale &bull; Marmite\" \/>\n<meta property=\"og:url\" content=\"https:\/\/marmite-stg.mda.pl\/pl\/material-pl\/\" \/>\n<meta property=\"og:site_name\" content=\"Marmite\" \/>\n<meta property=\"article:publisher\" content=\"https:\/\/www.facebook.com\/marmiteSA\" \/>\n<meta property=\"article:modified_time\" content=\"2023-06-30T08:04:02+00:00\" \/>\n<meta property=\"og:image\" content=\"https:\/\/marmite-stg.mda.pl\/wp-content\/uploads\/2015\/08\/material_banner.jpg\" \/>\n\t<meta property=\"og:image:width\" content=\"1880\" \/>\n\t<meta property=\"og:image:height\" content=\"400\" \/>\n\t<meta property=\"og:image:type\" content=\"image\/jpeg\" \/>\n<meta name=\"twitter:label1\" content=\"Szacowany czas czytania\" \/>\n\t<meta name=\"twitter:data1\" content=\"1 minuta\" \/>\n<script type=\"application\/ld+json\" class=\"yoast-schema-graph\">{\"@context\":\"https:\/\/schema.org\",\"@graph\":[{\"@type\":\"WebPage\",\"@id\":\"https:\/\/marmite-stg.mda.pl\/pl\/material-pl\/\",\"url\":\"https:\/\/marmite-stg.mda.pl\/pl\/material-pl\/\",\"name\":\"O materiale &bull; Marmite\",\"isPartOf\":{\"@id\":\"https:\/\/marmite-stg.mda.pl\/pl\/#website\"},\"datePublished\":\"2015-01-21T05:49:28+00:00\",\"dateModified\":\"2023-06-30T08:04:02+00:00\",\"breadcrumb\":{\"@id\":\"https:\/\/marmite-stg.mda.pl\/pl\/material-pl\/#breadcrumb\"},\"inLanguage\":\"pl-PL\",\"potentialAction\":[{\"@type\":\"ReadAction\",\"target\":[\"https:\/\/marmite-stg.mda.pl\/pl\/material-pl\/\"]}]},{\"@type\":\"BreadcrumbList\",\"@id\":\"https:\/\/marmite-stg.mda.pl\/pl\/material-pl\/#breadcrumb\",\"itemListElement\":[{\"@type\":\"ListItem\",\"position\":1,\"name\":\"Home\",\"item\":\"https:\/\/marmite-stg.mda.pl\/pl\/\"},{\"@type\":\"ListItem\",\"position\":2,\"name\":\"O materiale\"}]},{\"@type\":\"WebSite\",\"@id\":\"https:\/\/marmite-stg.mda.pl\/pl\/#website\",\"url\":\"https:\/\/marmite-stg.mda.pl\/pl\/\",\"name\":\"Marmite\",\"description\":\"Marmite\",\"potentialAction\":[{\"@type\":\"SearchAction\",\"target\":{\"@type\":\"EntryPoint\",\"urlTemplate\":\"https:\/\/marmite-stg.mda.pl\/pl\/?s={search_term_string}\"},\"query-input\":\"required name=search_term_string\"}],\"inLanguage\":\"pl-PL\"}]}<\/script>\n<!-- \/ Yoast SEO plugin. -->","yoast_head_json":{"title":"O materiale &bull; Marmite","robots":{"index":"noindex","follow":"follow","max-snippet":"max-snippet:-1","max-image-preview":"max-image-preview:large","max-video-preview":"max-video-preview:-1"},"og_locale":"pl_PL","og_type":"article","og_title":"O materiale &bull; Marmite","og_url":"https:\/\/marmite-stg.mda.pl\/pl\/material-pl\/","og_site_name":"Marmite","article_publisher":"https:\/\/www.facebook.com\/marmiteSA","article_modified_time":"2023-06-30T08:04:02+00:00","og_image":[{"width":1880,"height":400,"url":"https:\/\/marmite-stg.mda.pl\/wp-content\/uploads\/2015\/08\/material_banner.jpg","type":"image\/jpeg"}],"twitter_misc":{"Szacowany czas czytania":"1 minuta"},"schema":{"@context":"https:\/\/schema.org","@graph":[{"@type":"WebPage","@id":"https:\/\/marmite-stg.mda.pl\/pl\/material-pl\/","url":"https:\/\/marmite-stg.mda.pl\/pl\/material-pl\/","name":"O materiale &bull; Marmite","isPartOf":{"@id":"https:\/\/marmite-stg.mda.pl\/pl\/#website"},"datePublished":"2015-01-21T05:49:28+00:00","dateModified":"2023-06-30T08:04:02+00:00","breadcrumb":{"@id":"https:\/\/marmite-stg.mda.pl\/pl\/material-pl\/#breadcrumb"},"inLanguage":"pl-PL","potentialAction":[{"@type":"ReadAction","target":["https:\/\/marmite-stg.mda.pl\/pl\/material-pl\/"]}]},{"@type":"BreadcrumbList","@id":"https:\/\/marmite-stg.mda.pl\/pl\/material-pl\/#breadcrumb","itemListElement":[{"@type":"ListItem","position":1,"name":"Home","item":"https:\/\/marmite-stg.mda.pl\/pl\/"},{"@type":"ListItem","position":2,"name":"O materiale"}]},{"@type":"WebSite","@id":"https:\/\/marmite-stg.mda.pl\/pl\/#website","url":"https:\/\/marmite-stg.mda.pl\/pl\/","name":"Marmite","description":"Marmite","potentialAction":[{"@type":"SearchAction","target":{"@type":"EntryPoint","urlTemplate":"https:\/\/marmite-stg.mda.pl\/pl\/?s={search_term_string}"},"query-input":"required name=search_term_string"}],"inLanguage":"pl-PL"}]}},"_links":{"self":[{"href":"https:\/\/marmite-stg.mda.pl\/pl\/wp-json\/wp\/v2\/pages\/292"}],"collection":[{"href":"https:\/\/marmite-stg.mda.pl\/pl\/wp-json\/wp\/v2\/pages"}],"about":[{"href":"https:\/\/marmite-stg.mda.pl\/pl\/wp-json\/wp\/v2\/types\/page"}],"author":[{"embeddable":true,"href":"https:\/\/marmite-stg.mda.pl\/pl\/wp-json\/wp\/v2\/users\/1"}],"replies":[{"embeddable":true,"href":"https:\/\/marmite-stg.mda.pl\/pl\/wp-json\/wp\/v2\/comments?post=292"}],"version-history":[{"count":36,"href":"https:\/\/marmite-stg.mda.pl\/pl\/wp-json\/wp\/v2\/pages\/292\/revisions"}],"predecessor-version":[{"id":28215,"href":"https:\/\/marmite-stg.mda.pl\/pl\/wp-json\/wp\/v2\/pages\/292\/revisions\/28215"}],"wp:featuredmedia":[{"embeddable":true,"href":"https:\/\/marmite-stg.mda.pl\/pl\/wp-json\/wp\/v2\/media\/6278"}],"wp:attachment":[{"href":"https:\/\/marmite-stg.mda.pl\/pl\/wp-json\/wp\/v2\/media?parent=292"}],"curies":[{"name":"wp","href":"https:\/\/api.w.org\/{rel}","templated":true}]}}