{"id":3901,"date":"2018-06-21T11:40:41","date_gmt":"2018-06-21T11:40:41","guid":{"rendered":"https:\/\/site.marmite.mda.pl\/?page_id=3901"},"modified":"2020-04-02T08:44:36","modified_gmt":"2020-04-02T08:44:36","slug":"polityka-cookies","status":"publish","type":"page","link":"https:\/\/marmite-stg.mda.pl\/pl\/polityka-cookies\/","title":{"rendered":"Polityka cookies"},"content":{"rendered":"<div class=\"mps\">\n<p>W ramach wykonywanych nas (Marmite sp. z o.o.) czynno\u015bci korzystamy z plik\u00f3w cookies. Za ich po\u015brednictwem obserwujemy i analizujemy ruch na naszej stronie internetowej. W ramach tych czynno\u015bci nie przetwarzamy jednak danych osobowych w rozumieniu RODO.<\/p>\n<p>Szczeg\u00f3\u0142owe informacje w zakresie zasad przechowywania i dost\u0119pu do informacji na Twoich urz\u0105dzeniach za pomoc\u0105 plik\u00f3w cookies, znajdziesz poni\u017cej. Przez \u201eurz\u0105dzenia\u201d rozumiemy urz\u0105dzenia elektroniczne, za po\u015brednictwem kt\u00f3rych korzystasz z naszej strony internetowej.<\/p>\n<h3><span style=\"color: #ee3124;\">\u00a71<\/span> <span style=\"color: #ee3124;\">Czym s\u0105 pliki cookies<\/span><\/h3>\n<p>Pliki cookies to dane informatyczne (np. niewielkie pliki tekstowe), zapisywane i przechowywane na urz\u0105dzeniach, za pomoc\u0105 kt\u00f3rych korzystasz z naszego serwisu internetowego.<\/p>\n<p>Rozr\u00f3\u017cniamy dwa rodzaje plik\u00f3w cookies:<\/p>\n<ol type=\"a\">\n<li>cookies Administratora (czyli nasze w\u0142asne cookies) &#8211; zamieszczane przez nas w zwi\u0105zku ze \u015bwiadczeniem przez nas us\u0142ug drog\u0105 elektroniczn\u0105 (tj. za po\u015brednictwem naszej strony internetowej),<\/li>\n<li>cookies zewn\u0119trzne \u2013 cookies zamieszczane przez naszych partner\u00f3w, za po\u015brednictwem naszej strony internetowej.<\/li>\n<\/ol>\n<h3><span style=\"color: #ee3124;\">\u00a72<\/span> <span style=\"color: #ee3124;\">Jakie pliki \u201ecookies\u201d wykorzystujemy<\/span><\/h3>\n<p>Wykorzystujemy dwa typy plik\u00f3w cookies:<\/p>\n<ol type=\"a\">\n<li>cookies sesyjne \u2013 te pliki s\u0105 przechowywane na Twoim urz\u0105dzeniu do czasu zako\u0144czenia sesji danej przegl\u0105darki; po zako\u0144czeniu sesji s\u0105 trwale usuwane z pami\u0119ci urz\u0105dzenia.<\/li>\n<li>cookies trwa\u0142e \u2013 te pliki s\u0105 przechowywane na Twoim urz\u0105dzeniu i pozostaj\u0105 tam do momentu ich skasowania; pliki te nie ulegaj\u0105 usuni\u0119ciu z urz\u0105dzenia po zako\u0144czeniu sesji danej przegl\u0105darki lub po wy\u0142\u0105czeniu urz\u0105dzenia.<\/li>\n<\/ol>\n<p>Ani mechanizm cookies sesyjnych, ani mechanizm cookies trwa\u0142ych nie pozwala na pobierania jakichkolwiek Twoich danych osobowych lub informacji poufnych z Twojego urz\u0105dzenia.<\/p>\n<h3><span style=\"color: #ee3124;\">\u00a73<\/span> <span style=\"color: #ee3124;\">Czemu s\u0142u\u017c\u0105 pliki cookies<\/span><\/h3>\n<p>Pliki cookies umo\u017cliwiaj\u0105 nam dokonywanie poprawek oraz ulepsze\u0144 na naszej stronie internetowej, co pozytywnie wp\u0142ywa na ich odbi\u00f3r. Daje nam to r\u00f3wnie\u017c mo\u017cliwo\u015b\u0107 analizowania informacji nie zawieraj\u0105cych danych osobowych \u2013 dla cel\u00f3w statystycznych oraz ustalania zainteresowania poszczeg\u00f3lnymi cz\u0119\u015bciami naszej strony internetowej.<\/p>\n<p>Nasze w\u0142asne cookies wykorzystujemy, aby:<\/p>\n<ol type=\"a\">\n<li>dostosowa\u0107 zawarto\u015b\u0107 naszej strony internetowej do preferencji u\u017cytkownik\u00f3w,<\/li>\n<li>zapewni\u0107 maksymaln\u0105 funkcjonalno\u015b\u0107 naszej strony internetowej, a w konsekwencji zoptymalizowa\u0107 korzystanie z niej,<\/li>\n<li>zapami\u0119ta\u0107 histori\u0119 odwiedzonych stron w naszym serwisie, tak by m\u00f3c rekomendowa\u0107 odpowiednie tre\u015bci,<\/li>\n<li>zapami\u0119tywa\u0107 wybrane przez Ciebie ustawienia oraz personalizowa\u0107 Tw\u00f3j interfejs (np. w zakresie wybranego j\u0119zyka czy regionu),<\/li>\n<li>rozpozna\u0107 podstawowe parametry Twojego urz\u0105dzenia, tak by m\u00f3c odpowiednio wy\u015bwietli\u0107 nasz\u0105 stron\u0119 internetow\u0105,<\/li>\n<li>weryfikowa\u0107 \u017ar\u00f3d\u0142a przekierowa\u0144 u\u017cytkownik\u00f3w na nasza stron\u0119 internetow\u0105,<\/li>\n<li>umo\u017cliwia\u0107 dostarczenie Tobie informacji z uwzgl\u0119dnieniem Twojej lokalizacji,<\/li>\n<li>tworzy\u0107 statystyki (anonimowe), po to ulepsza\u0107 nasz\u0105 stron\u0119 internetow\u0105,<\/li>\n<li>zapewni\u0107 bezpiecze\u0144stwo i niezawodno\u015b\u0107 naszej strony internetowej,<\/li>\n<li>realizowa\u0107 cele marketingowe.<\/li>\n<\/ol>\n<p>Cookies zewn\u0119trzne wykorzystujemy po to, aby:<\/p>\n<ol type=\"a\">\n<li>zbiera\u0107 og\u00f3lne i anonimowe dane statystyczne za po\u015brednictwem Google Analytics (administrator cookies: Google Inc z siedzib\u0105 w USA). Wi\u0119cej szczeg\u00f3\u0142\u00f3w na ten temat znajdziesz w pkt 6 poni\u017cej;<\/li>\n<li>prezentowa\u0107 na swojej stronie internetowej tre\u015bci multimedialne, pobierane z zewn\u0119trznego serwisu internetowego www.youtube.com (administrator cookies: Google Inc z siedzib\u0105 w USA). Wi\u0119cej szczeg\u00f3\u0142\u00f3w na ten temat znajdziesz w pkt 7 poni\u017cej.<\/li>\n<\/ol>\n<h3><span style=\"color: #ee3124;\">\u00a74<\/span> <span style=\"color: #ee3124;\">Bezpiecze\u0144stwo twoich urz\u0105dze\u0144<\/span><\/h3>\n<p>Stosowane przez nas pliki cookies s\u0105 bezpieczne dla Twoich urz\u0105dze\u0144. W szczeg\u00f3lno\u015bci nie jest mo\u017cliwe przedostanie si\u0119 za ich po\u015brednictwem do Twoich urz\u0105dze\u0144 wirus\u00f3w lub innego niechcianego oprogramowania lub oprogramowania z\u0142o\u015bliwego.<\/p>\n<h3><span style=\"color: #ee3124;\">\u00a75<\/span> <span style=\"color: #ee3124;\">Ustawienia\/usuwanie plik\u00f3w cookies<\/span><\/h3>\n<p>Mo\u017cesz dokona\u0107 takich ustawie\u0144 w Twojej przegl\u0105darce, \u017ceby informowa\u0142a Ci\u0119, kiedy jest przesy\u0142any plik cookies albo, aby odrzuca\u0142a pliki cookies. Szczeg\u00f3\u0142owe informacje na temat tego, jak wy\u0142\u0105czy\u0107 pliki cookies, znajdziesz w ustawieniach oprogramowania (przegl\u0105darki internetowej). Zmian w zakresie cookies mo\u017cesz dokona\u0107 w ka\u017cdym czasie. W ka\u017cdym czasie mo\u017cesz te\u017c usun\u0105\u0107 z Twojego urz\u0105dzenia pliki cookies. Poni\u017cej znajdziesz linki, kt\u00f3re wskazuj\u0105, jak wy\u0142\u0105czy\u0107 pliki cookies w kilku najpopularniejszych przegl\u0105darkach internetowych:<\/p>\n<ol type=\"a\">\n<li>Google Chrome &#8211; <a href=\"http:\/\/support.google.com\/chrome\/bin\/answer.py?hl=pl&amp;&amp;answer=95647\">wy\u0142\u0105czanie plik\u00f3w cookie w Chrome<\/a><\/li>\n<li>Mozilla Firefox &#8211; <a href=\"http:\/\/support.mozilla.org\/pl\/kb\/W%C5%82%C4%85czanie i wy%C5%82%C4%85czanie obs%C5%82ugi ciasteczek\">wy\u0142\u0105czanie plik\u00f3w cookie w Firefoxie<\/a><\/li>\n<li>Internet Explorer &#8211; <a href=\"http:\/\/windows.microsoft.com\/pl-pl\/windows7\/block-enable-or-allow-cookies\">wy\u0142\u0105czanie plik\u00f3w cookie w IE<\/a><\/li>\n<li>Opera &#8211; <a href=\"http:\/\/help.opera.com\/Windows\/12.10\/pl\/cookies.html\">wy\u0142\u0105czanie plik\u00f3w cookie w Operze.<\/a><\/li>\n<\/ol>\n<p>Ograniczenie stosowania plik\u00f3w cookies mo\u017ce jednak wp\u0142yn\u0105\u0107 na niekt\u00f3re funkcjonalno\u015bci dost\u0119pne na naszej stronie internetowej.<\/p>\n<h3><span style=\"color: #ee3124;\">\u00a76<\/span> <span style=\"color: #ee3124;\">Google Analytics<\/span><\/h3>\n<p>Google Analytics to narz\u0119dzie udost\u0119pniane przez Google Inc (1600 Amphitheatre Parkway, Mountain View, CA 94043 USA, dalej: \u201eGoogle\u201d), kt\u00f3re pozwala na analizowanie ogl\u0105dalno\u015bci stron internetowych. Wykorzystuje ono pliki cookies.<\/p>\n<p>Uzyskane przez plik cookie informacje (takie jak czas, lokalizacja i cz\u0119stotliwo\u015b\u0107 odwiedzin witryny, w tym adres IP), s\u0105 zwykle przesy\u0142ane do Google w Stanach Zjednoczonych i tam przechowywane. Google wykorzystuje powy\u017csze informacje, by oceni\u0107 spos\u00f3b korzystania z naszej strony internetowej, tworzy\u0107 raporty (w szczeg\u00f3lno\u015bci dotycz\u0105ce aktywno\u015bci na naszej stronie), a tak\u017ce \u015bwiadczy\u0107 inne us\u0142ugi z tym zwi\u0105zane. Google mo\u017ce przekazywa\u0107 te informacje innym podmiotom, je\u017celi obowi\u0105zek taki wynika z przepis\u00f3w prawa lub je\u017celi podmioty te przetwarzaj\u0105 dane w imieniu Google.<\/p>\n<p>Google Analytics pozwala nam analizowa\u0107 korzystanie z naszej strony internetowej oraz regularnie j\u0105 usprawnia\u0107. Dzi\u0119ki uzyskanym statystykom mo\u017cemy poprawia\u0107 nasz\u0105 ofert\u0119 i uczyni\u0107 j\u0105 bardziej interesuj\u0105c\u0105 dla u\u017cytkownik\u00f3w.<\/p>\n<p>W naszej witrynie internetowej korzystamy z Google Analytics z funkcj\u0105 anonimizacji IP. Oznacza to, \u017ce Tw\u00f3j adres IP zostaje skr\u00f3cony, a tym samym zanonimizowany przez Google, ju\u017c w obr\u0119bie pa\u0144stw cz\u0142onkowskich Unii Europejskiej lub w innym kraju nale\u017c\u0105cym do EOG.<\/p>\n<p>Zgodnie z deklaracjami Google, adres IP przekazany przez Twoj\u0105 przegl\u0105dark\u0119 w ramach us\u0142ugi Google Analytics nie jest zestawiany przez Google z innymi danymi.<\/p>\n<p>Je\u017celi nie chcesz, by na Twoim urz\u0105dzeniu by\u0142y instalowane pliki cookies, powiniene\u015b odpowiednio ustawi\u0107 oprogramowanie Twojej przegl\u0105darki (instrukcje w tym zakresie znajdziesz w pkt 5 powy\u017cej). Zwracamy jednak uwag\u0119, \u017ce wy\u0142\u0105czenie stosowania plik\u00f3w cookies mo\u017ce wp\u0142yn\u0105\u0107 na niekt\u00f3re funkcjonalno\u015bci dost\u0119pne na naszej stronie internetowej.<\/p>\n<p>Dodatkowo, mo\u017cliwe jest wy\u0142\u0105czenie us\u0142ugi Google Analytics (Google oferuje w tym zakresie odpowiedni dodatek blokuj\u0105cy us\u0142ug\u0119 Google Analytics w najpopularniejszych przegl\u0105darkach). Informacje w tym zakresie znajdziesz pod nast\u0119puj\u0105cym linkiem:<\/p>\n<p style=\"text-align: center;\"><a href=\"https:\/\/tools.google.com\/dlpage\/gaoptout?hl=pl\">https:\/\/tools.google.com\/dlpage\/gaoptout?hl=pl<\/a><\/p>\n<p>Je\u015bli w\u0142\u0105czysz t\u0119 opcj\u0119, informacje o odwiedzaniu przez Ciebie naszej strony internetowej nie b\u0119d\u0105 wysy\u0142ane do Google Analytics. Nie zapobiega to jednak przekazywaniu ich nam (wzgl\u0119dnie innym u\u017cywanym przez nas narz\u0119dziom analitycznym).<\/p>\n<h3><span style=\"color: #ee3124;\">\u00a77<\/span> <span style=\"color: #ee3124;\">YouTube<\/span><\/h3>\n<p>Na naszej stronie internetowej prezentujemy tre\u015bci multimedialne, pobierane z zewn\u0119trznego serwisu internetowego www.youtube.com. Powoduje to, \u017ce podczas odwiedzania naszej strony internetowej zostaje nawi\u0105zane po\u0142\u0105czenie z serwerem YouTube.<\/p>\n<p>Serwis ten nale\u017cy do firmy YouTube, LLC 901 Cherry Ave, 94066 San Bruno, Kalifornia, USA, kt\u00f3ra jest sp\u00f3\u0142k\u0105 zale\u017cn\u0105 firmy Google Inc.<\/p>\n<p>Z informacji udost\u0119pnionych przez YouTube wynika, \u017ce na serwer YouTube przekazywane s\u0105 dane m. in. o stronach internetowych przegl\u0105danych przez Ciebie podczas ogl\u0105dania filmu na YouTube. Je\u017celi jeste\u015b jednocze\u015bnie zalogowany na YouTube, dane te b\u0119d\u0105 przyporz\u0105dkowane do Twojego konta w tym serwisie. Aby tego unikn\u0105\u0107, wyloguj si\u0119 z serwisu YouTube, zanim wejdziesz na nasz\u0105 stron\u0119.<\/p>\n<p>Wi\u0119cej informacji w tym zakresie znajdziesz pod nast\u0119puj\u0105cym linkiem: <a href=\"https:\/\/policies.google.com\/privacy\/update?hl=pl\">https:\/\/policies.google.com\/privacy\/update?hl=pl<\/a>.<\/p>\n<\/div>\n","protected":false},"excerpt":{"rendered":"<p>W ramach wykonywanych nas (Marmite sp. z o.o.) czynno\u015bci korzystamy z plik\u00f3w cookies. Za ich po\u015brednictwem obserwujemy i analizujemy ruch na naszej stronie internetowej. W ramach tych czynno\u015bci nie przetwarzamy jednak danych osobowych w rozumieniu RODO. Szczeg\u00f3\u0142owe informacje w zakresie zasad przechowywania i dost\u0119pu do informacji na Twoich urz\u0105dzeniach za pomoc\u0105 plik\u00f3w cookies, znajdziesz poni\u017cej. [&hellip;]<\/p>\n","protected":false},"author":1,"featured_media":0,"parent":0,"menu_order":302,"comment_status":"closed","ping_status":"closed","template":"page-templates\/top_parent_menu.php","meta":{"footnotes":""},"acf":[],"yoast_head":"<!-- This site is optimized with the Yoast SEO plugin v20.13 - https:\/\/yoast.com\/wordpress\/plugins\/seo\/ -->\n<title>Polityka cookies &bull; Marmite<\/title>\n<meta name=\"robots\" content=\"noindex, follow, max-snippet:-1, max-image-preview:large, max-video-preview:-1\" \/>\n<meta property=\"og:locale\" content=\"pl_PL\" \/>\n<meta property=\"og:type\" content=\"article\" \/>\n<meta property=\"og:title\" content=\"Polityka cookies &bull; Marmite\" \/>\n<meta property=\"og:url\" content=\"https:\/\/marmite-stg.mda.pl\/pl\/polityka-cookies\/\" \/>\n<meta property=\"og:site_name\" content=\"Marmite\" \/>\n<meta property=\"article:publisher\" content=\"https:\/\/www.facebook.com\/marmiteSA\" \/>\n<meta property=\"article:modified_time\" content=\"2020-04-02T08:44:36+00:00\" \/>\n<meta name=\"twitter:label1\" content=\"Szacowany czas czytania\" \/>\n\t<meta name=\"twitter:data1\" content=\"6 minut\" \/>\n<script type=\"application\/ld+json\" class=\"yoast-schema-graph\">{\"@context\":\"https:\/\/schema.org\",\"@graph\":[{\"@type\":\"WebPage\",\"@id\":\"https:\/\/marmite-stg.mda.pl\/pl\/polityka-cookies\/\",\"url\":\"https:\/\/marmite-stg.mda.pl\/pl\/polityka-cookies\/\",\"name\":\"Polityka cookies &bull; Marmite\",\"isPartOf\":{\"@id\":\"https:\/\/marmite-stg.mda.pl\/pl\/#website\"},\"datePublished\":\"2018-06-21T11:40:41+00:00\",\"dateModified\":\"2020-04-02T08:44:36+00:00\",\"breadcrumb\":{\"@id\":\"https:\/\/marmite-stg.mda.pl\/pl\/polityka-cookies\/#breadcrumb\"},\"inLanguage\":\"pl-PL\",\"potentialAction\":[{\"@type\":\"ReadAction\",\"target\":[\"https:\/\/marmite-stg.mda.pl\/pl\/polityka-cookies\/\"]}]},{\"@type\":\"BreadcrumbList\",\"@id\":\"https:\/\/marmite-stg.mda.pl\/pl\/polityka-cookies\/#breadcrumb\",\"itemListElement\":[{\"@type\":\"ListItem\",\"position\":1,\"name\":\"Home\",\"item\":\"https:\/\/marmite-stg.mda.pl\/pl\/\"},{\"@type\":\"ListItem\",\"position\":2,\"name\":\"Polityka cookies\"}]},{\"@type\":\"WebSite\",\"@id\":\"https:\/\/marmite-stg.mda.pl\/pl\/#website\",\"url\":\"https:\/\/marmite-stg.mda.pl\/pl\/\",\"name\":\"Marmite\",\"description\":\"Marmite\",\"potentialAction\":[{\"@type\":\"SearchAction\",\"target\":{\"@type\":\"EntryPoint\",\"urlTemplate\":\"https:\/\/marmite-stg.mda.pl\/pl\/?s={search_term_string}\"},\"query-input\":\"required name=search_term_string\"}],\"inLanguage\":\"pl-PL\"}]}<\/script>\n<!-- \/ Yoast SEO plugin. -->","yoast_head_json":{"title":"Polityka cookies &bull; Marmite","robots":{"index":"noindex","follow":"follow","max-snippet":"max-snippet:-1","max-image-preview":"max-image-preview:large","max-video-preview":"max-video-preview:-1"},"og_locale":"pl_PL","og_type":"article","og_title":"Polityka cookies &bull; Marmite","og_url":"https:\/\/marmite-stg.mda.pl\/pl\/polityka-cookies\/","og_site_name":"Marmite","article_publisher":"https:\/\/www.facebook.com\/marmiteSA","article_modified_time":"2020-04-02T08:44:36+00:00","twitter_misc":{"Szacowany czas czytania":"6 minut"},"schema":{"@context":"https:\/\/schema.org","@graph":[{"@type":"WebPage","@id":"https:\/\/marmite-stg.mda.pl\/pl\/polityka-cookies\/","url":"https:\/\/marmite-stg.mda.pl\/pl\/polityka-cookies\/","name":"Polityka cookies &bull; Marmite","isPartOf":{"@id":"https:\/\/marmite-stg.mda.pl\/pl\/#website"},"datePublished":"2018-06-21T11:40:41+00:00","dateModified":"2020-04-02T08:44:36+00:00","breadcrumb":{"@id":"https:\/\/marmite-stg.mda.pl\/pl\/polityka-cookies\/#breadcrumb"},"inLanguage":"pl-PL","potentialAction":[{"@type":"ReadAction","target":["https:\/\/marmite-stg.mda.pl\/pl\/polityka-cookies\/"]}]},{"@type":"BreadcrumbList","@id":"https:\/\/marmite-stg.mda.pl\/pl\/polityka-cookies\/#breadcrumb","itemListElement":[{"@type":"ListItem","position":1,"name":"Home","item":"https:\/\/marmite-stg.mda.pl\/pl\/"},{"@type":"ListItem","position":2,"name":"Polityka cookies"}]},{"@type":"WebSite","@id":"https:\/\/marmite-stg.mda.pl\/pl\/#website","url":"https:\/\/marmite-stg.mda.pl\/pl\/","name":"Marmite","description":"Marmite","potentialAction":[{"@type":"SearchAction","target":{"@type":"EntryPoint","urlTemplate":"https:\/\/marmite-stg.mda.pl\/pl\/?s={search_term_string}"},"query-input":"required name=search_term_string"}],"inLanguage":"pl-PL"}]}},"_links":{"self":[{"href":"https:\/\/marmite-stg.mda.pl\/pl\/wp-json\/wp\/v2\/pages\/3901"}],"collection":[{"href":"https:\/\/marmite-stg.mda.pl\/pl\/wp-json\/wp\/v2\/pages"}],"about":[{"href":"https:\/\/marmite-stg.mda.pl\/pl\/wp-json\/wp\/v2\/types\/page"}],"author":[{"embeddable":true,"href":"https:\/\/marmite-stg.mda.pl\/pl\/wp-json\/wp\/v2\/users\/1"}],"replies":[{"embeddable":true,"href":"https:\/\/marmite-stg.mda.pl\/pl\/wp-json\/wp\/v2\/comments?post=3901"}],"version-history":[{"count":18,"href":"https:\/\/marmite-stg.mda.pl\/pl\/wp-json\/wp\/v2\/pages\/3901\/revisions"}],"predecessor-version":[{"id":10022,"href":"https:\/\/marmite-stg.mda.pl\/pl\/wp-json\/wp\/v2\/pages\/3901\/revisions\/10022"}],"wp:attachment":[{"href":"https:\/\/marmite-stg.mda.pl\/pl\/wp-json\/wp\/v2\/media?parent=3901"}],"curies":[{"name":"wp","href":"https:\/\/api.w.org\/{rel}","templated":true}]}}