{"id":3967,"date":"2018-06-22T14:16:59","date_gmt":"2018-06-22T14:16:59","guid":{"rendered":"https:\/\/site.marmite.mda.pl\/?page_id=3967"},"modified":"2018-07-03T07:53:25","modified_gmt":"2018-07-03T07:53:25","slug":"cofniecie-zgody","status":"publish","type":"page","link":"https:\/\/marmite-stg.mda.pl\/pl\/cofniecie-zgody\/","title":{"rendered":"Cofni\u0119cie zgody"},"content":{"rendered":"\n<div class=\"wpcf7 no-js\" id=\"wpcf7-f3966-o1\" lang=\"en-US\" dir=\"ltr\">\n<div class=\"screen-reader-response\"><p role=\"status\" aria-live=\"polite\" aria-atomic=\"true\"><\/p> <ul><\/ul><\/div>\n<form action=\"\/pl\/wp-json\/wp\/v2\/pages\/3967#wpcf7-f3966-o1\" method=\"post\" class=\"wpcf7-form init\" aria-label=\"Contact form\" novalidate=\"novalidate\" data-status=\"init\">\n<div style=\"display: none;\">\n<input type=\"hidden\" name=\"_wpcf7\" value=\"3966\" \/>\n<input type=\"hidden\" name=\"_wpcf7_version\" value=\"5.8\" \/>\n<input type=\"hidden\" name=\"_wpcf7_locale\" value=\"en_US\" \/>\n<input type=\"hidden\" name=\"_wpcf7_unit_tag\" value=\"wpcf7-f3966-o1\" \/>\n<input type=\"hidden\" name=\"_wpcf7_container_post\" value=\"0\" \/>\n<input type=\"hidden\" name=\"_wpcf7_posted_data_hash\" value=\"\" \/>\n<\/div>\n<div class=\"marmite-contact-form\">\n\t<div class=\"grid\">\n\t\t<div class=\"w w-12\">\n\t\t\t<p style=\"font-size: 16px; font-weight: bold;padding-bottom: 6px;\">Klauzula informacyjna o prawie do cofni\u0119cia zgody\n\t\t\t<\/p>\n\t\t\t<p>W ka\u017cdej chwili masz prawo cofn\u0105\u0107 zgod\u0119 na przetwarzanie Twoich danych osobowych. Cofni\u0119cie zgody nie b\u0119dzie wp\u0142ywa\u0107 na zgodno\u015b\u0107 z prawem przetwarzania, kt\u00f3rego dokonano na podstawie Twojej zgody przed jej wycofaniem.\n\t\t\t<\/p>\n\t\t\t<p>Je\u015bli chcesz cofn\u0105\u0107 zgod\u0119 wype\u0142nij poni\u017cszy formularz:\n\t\t\t<\/p>\n\t\t<\/div>\n\t<\/div>\n\t<div style=\"padding: 30px 42px; border: 1px solid #dadada;\">\n\t\t<div class=\"grid\">\n\t\t\t<div class=\"w w-6\">\n\t\t\t\t<p><label for=\"email\" style=\"color:#787878;font-size: 14px;\">Podaj adres e-mail:<\/label><span class=\"wpcf7-form-control-wrap\" data-name=\"email\"><input size=\"40\" class=\"wpcf7-form-control wpcf7-text wpcf7-validates-as-required\" aria-required=\"true\" aria-invalid=\"false\" value=\"\" type=\"text\" name=\"email\" \/><\/span>\n\t\t\t\t<\/p>\n\t\t\t<\/div>\n\t\t<\/div>\n\t\t<div class=\"grid\">\n\t\t\t<div class=\"w w-12 consent-2\">\n\t\t\t\t<p style=\"padding-bottom:0\">O\u015bwiadczam, \u017ce cofam zgod\u0119 na przetwarzanie moich danych osobowych przez Marmite sp. z o.o. z siedzib\u0105 w Zakrzewie (ul. Przemys\u0142owa 4, 62-070 Dopiewo, KRS 0000581685, dalej: \u201eMarmite\u201d), w nast\u0119puj\u0105cym zakresie:\n\t\t\t\t<\/p>\n\t\t\t<\/div>\n\t\t<\/div>\n\t\t<div class=\"grid\">\n\t\t\t<div class=\"w w-12 consent-2\">\n\t\t\t\t<p>Zgoda na przesy\u0142anie materia\u0142\u00f3w i informacji marketingowych (informacji handlowych, newslettera, zaprosze\u0144 na targi, \u017cycze\u0144 \u015bwi\u0105tecznych)\n\t\t\t\t<\/p>\n\t\t\t\t<p><span class=\"wpcf7-form-control-wrap\" data-name=\"dane-osobowe\"><span class=\"wpcf7-form-control wpcf7-checkbox wpcf7-validates-as-required wpcf7-exclusive-checkbox\"><span class=\"wpcf7-list-item first\"><input type=\"checkbox\" name=\"dane-osobowe\" value=\"TAK\" \/><span class=\"wpcf7-list-item-label\">TAK<\/span><\/span><span class=\"wpcf7-list-item last\"><input type=\"checkbox\" name=\"dane-osobowe\" value=\"NIE\" \/><span class=\"wpcf7-list-item-label\">NIE<\/span><\/span><\/span><\/span>\n\t\t\t\t<\/p>\n\t\t\t<\/div>\n\t\t<\/div>\n\t\t<div class=\"grid\">\n\t\t\t<div class=\"w w-12 consent-2\">\n\t\t\t\t<p>Zgoda na otrzymywanie informacji handlowej drog\u0105 elektroniczn\u0105 od Marmite\n\t\t\t\t<\/p>\n\t\t\t\t<p><span class=\"wpcf7-form-control-wrap\" data-name=\"droga-elektroniczna\"><span class=\"wpcf7-form-control wpcf7-checkbox wpcf7-validates-as-required wpcf7-exclusive-checkbox\"><span class=\"wpcf7-list-item first\"><input type=\"checkbox\" name=\"droga-elektroniczna\" value=\"TAK\" \/><span class=\"wpcf7-list-item-label\">TAK<\/span><\/span><span class=\"wpcf7-list-item last\"><input type=\"checkbox\" name=\"droga-elektroniczna\" value=\"NIE\" \/><span class=\"wpcf7-list-item-label\">NIE<\/span><\/span><\/span><\/span>\n\t\t\t\t<\/p>\n\t\t\t<\/div>\n\t\t<\/div>\n\t\t<div class=\"grid\">\n\t\t\t<div class=\"w w-12 consent-2\">\n\t\t\t\t<p>Zgoda na u\u017cywanie telekomunikacyjnych urz\u0105dze\u0144 ko\u0144cowych (komputera, telefonu) w celu realizacji marketingu bezpo\u015bredniego przez Marmite\n\t\t\t\t<\/p>\n\t\t\t\t<p><span class=\"wpcf7-form-control-wrap\" data-name=\"urzadzenia-koncowe\"><span class=\"wpcf7-form-control wpcf7-checkbox wpcf7-validates-as-required wpcf7-exclusive-checkbox\"><span class=\"wpcf7-list-item first\"><input type=\"checkbox\" name=\"urzadzenia-koncowe\" value=\"TAK\" \/><span class=\"wpcf7-list-item-label\">TAK<\/span><\/span><span class=\"wpcf7-list-item last\"><input type=\"checkbox\" name=\"urzadzenia-koncowe\" value=\"NIE\" \/><span class=\"wpcf7-list-item-label\">NIE<\/span><\/span><\/span><\/span>\n\t\t\t\t<\/p>\n\t\t\t<\/div>\n\t\t<\/div>\n\t\t<div class=\"grid\">\n\t\t\t<div class=\"w w-12\" style=\"text-align: left;\">\n\t\t\t\t<p><input class=\"wpcf7-form-control wpcf7-submit has-spinner\" type=\"submit\" value=\"Wy\u015blij formularz\" \/>\n\t\t\t\t<\/p>\n\t\t\t<\/div>\n\t\t<\/div>\n\t<\/div>\n<\/div><div class=\"wpcf7-response-output\" aria-hidden=\"true\"><\/div>\n<\/form>\n<\/div>\n\n","protected":false},"excerpt":{"rendered":"","protected":false},"author":1,"featured_media":0,"parent":0,"menu_order":18,"comment_status":"closed","ping_status":"closed","template":"","meta":{"footnotes":""},"acf":[],"yoast_head":"<!-- This site is optimized with the Yoast SEO plugin v20.13 - https:\/\/yoast.com\/wordpress\/plugins\/seo\/ -->\n<title>Cofni\u0119cie zgody &bull; Marmite<\/title>\n<meta name=\"robots\" content=\"noindex, follow, max-snippet:-1, max-image-preview:large, max-video-preview:-1\" \/>\n<meta property=\"og:locale\" content=\"pl_PL\" \/>\n<meta property=\"og:type\" content=\"article\" \/>\n<meta property=\"og:title\" content=\"Cofni\u0119cie zgody &bull; Marmite\" \/>\n<meta property=\"og:url\" content=\"https:\/\/marmite-stg.mda.pl\/pl\/cofniecie-zgody\/\" \/>\n<meta property=\"og:site_name\" content=\"Marmite\" \/>\n<meta property=\"article:publisher\" content=\"https:\/\/www.facebook.com\/marmiteSA\" \/>\n<meta property=\"article:modified_time\" content=\"2018-07-03T07:53:25+00:00\" \/>\n<script type=\"application\/ld+json\" class=\"yoast-schema-graph\">{\"@context\":\"https:\/\/schema.org\",\"@graph\":[{\"@type\":\"WebPage\",\"@id\":\"https:\/\/marmite-stg.mda.pl\/pl\/cofniecie-zgody\/\",\"url\":\"https:\/\/marmite-stg.mda.pl\/pl\/cofniecie-zgody\/\",\"name\":\"Cofni\u0119cie zgody &bull; Marmite\",\"isPartOf\":{\"@id\":\"https:\/\/marmite-stg.mda.pl\/pl\/#website\"},\"datePublished\":\"2018-06-22T14:16:59+00:00\",\"dateModified\":\"2018-07-03T07:53:25+00:00\",\"breadcrumb\":{\"@id\":\"https:\/\/marmite-stg.mda.pl\/pl\/cofniecie-zgody\/#breadcrumb\"},\"inLanguage\":\"pl-PL\",\"potentialAction\":[{\"@type\":\"ReadAction\",\"target\":[\"https:\/\/marmite-stg.mda.pl\/pl\/cofniecie-zgody\/\"]}]},{\"@type\":\"BreadcrumbList\",\"@id\":\"https:\/\/marmite-stg.mda.pl\/pl\/cofniecie-zgody\/#breadcrumb\",\"itemListElement\":[{\"@type\":\"ListItem\",\"position\":1,\"name\":\"Home\",\"item\":\"https:\/\/marmite-stg.mda.pl\/pl\/\"},{\"@type\":\"ListItem\",\"position\":2,\"name\":\"Cofni\u0119cie zgody\"}]},{\"@type\":\"WebSite\",\"@id\":\"https:\/\/marmite-stg.mda.pl\/pl\/#website\",\"url\":\"https:\/\/marmite-stg.mda.pl\/pl\/\",\"name\":\"Marmite\",\"description\":\"Marmite\",\"potentialAction\":[{\"@type\":\"SearchAction\",\"target\":{\"@type\":\"EntryPoint\",\"urlTemplate\":\"https:\/\/marmite-stg.mda.pl\/pl\/?s={search_term_string}\"},\"query-input\":\"required name=search_term_string\"}],\"inLanguage\":\"pl-PL\"}]}<\/script>\n<!-- \/ Yoast SEO plugin. -->","yoast_head_json":{"title":"Cofni\u0119cie zgody &bull; Marmite","robots":{"index":"noindex","follow":"follow","max-snippet":"max-snippet:-1","max-image-preview":"max-image-preview:large","max-video-preview":"max-video-preview:-1"},"og_locale":"pl_PL","og_type":"article","og_title":"Cofni\u0119cie zgody &bull; Marmite","og_url":"https:\/\/marmite-stg.mda.pl\/pl\/cofniecie-zgody\/","og_site_name":"Marmite","article_publisher":"https:\/\/www.facebook.com\/marmiteSA","article_modified_time":"2018-07-03T07:53:25+00:00","schema":{"@context":"https:\/\/schema.org","@graph":[{"@type":"WebPage","@id":"https:\/\/marmite-stg.mda.pl\/pl\/cofniecie-zgody\/","url":"https:\/\/marmite-stg.mda.pl\/pl\/cofniecie-zgody\/","name":"Cofni\u0119cie zgody &bull; Marmite","isPartOf":{"@id":"https:\/\/marmite-stg.mda.pl\/pl\/#website"},"datePublished":"2018-06-22T14:16:59+00:00","dateModified":"2018-07-03T07:53:25+00:00","breadcrumb":{"@id":"https:\/\/marmite-stg.mda.pl\/pl\/cofniecie-zgody\/#breadcrumb"},"inLanguage":"pl-PL","potentialAction":[{"@type":"ReadAction","target":["https:\/\/marmite-stg.mda.pl\/pl\/cofniecie-zgody\/"]}]},{"@type":"BreadcrumbList","@id":"https:\/\/marmite-stg.mda.pl\/pl\/cofniecie-zgody\/#breadcrumb","itemListElement":[{"@type":"ListItem","position":1,"name":"Home","item":"https:\/\/marmite-stg.mda.pl\/pl\/"},{"@type":"ListItem","position":2,"name":"Cofni\u0119cie zgody"}]},{"@type":"WebSite","@id":"https:\/\/marmite-stg.mda.pl\/pl\/#website","url":"https:\/\/marmite-stg.mda.pl\/pl\/","name":"Marmite","description":"Marmite","potentialAction":[{"@type":"SearchAction","target":{"@type":"EntryPoint","urlTemplate":"https:\/\/marmite-stg.mda.pl\/pl\/?s={search_term_string}"},"query-input":"required name=search_term_string"}],"inLanguage":"pl-PL"}]}},"_links":{"self":[{"href":"https:\/\/marmite-stg.mda.pl\/pl\/wp-json\/wp\/v2\/pages\/3967"}],"collection":[{"href":"https:\/\/marmite-stg.mda.pl\/pl\/wp-json\/wp\/v2\/pages"}],"about":[{"href":"https:\/\/marmite-stg.mda.pl\/pl\/wp-json\/wp\/v2\/types\/page"}],"author":[{"embeddable":true,"href":"https:\/\/marmite-stg.mda.pl\/pl\/wp-json\/wp\/v2\/users\/1"}],"replies":[{"embeddable":true,"href":"https:\/\/marmite-stg.mda.pl\/pl\/wp-json\/wp\/v2\/comments?post=3967"}],"version-history":[{"count":2,"href":"https:\/\/marmite-stg.mda.pl\/pl\/wp-json\/wp\/v2\/pages\/3967\/revisions"}],"predecessor-version":[{"id":4185,"href":"https:\/\/marmite-stg.mda.pl\/pl\/wp-json\/wp\/v2\/pages\/3967\/revisions\/4185"}],"wp:attachment":[{"href":"https:\/\/marmite-stg.mda.pl\/pl\/wp-json\/wp\/v2\/media?parent=3967"}],"curies":[{"name":"wp","href":"https:\/\/api.w.org\/{rel}","templated":true}]}}