{"id":8180,"date":"2020-02-20T13:12:58","date_gmt":"2020-02-20T13:12:58","guid":{"rendered":"https:\/\/site.marmite.mda.pl\/?page_id=8180"},"modified":"2020-06-29T09:17:43","modified_gmt":"2020-06-29T09:17:43","slug":"gwarancja","status":"publish","type":"page","link":"https:\/\/marmite-stg.mda.pl\/pl\/laboratorium\/gwarancja\/","title":{"rendered":"Gwarancja"},"content":{"rendered":"<h4><span style=\"color: #ff0000;\">\u00a7 1. Postanowienia og\u00f3lne<\/span><\/h4>\n<ol>\n<li>MARMITE Sp. z o.o. z siedzib\u0105 w Zakrzewie przy ul. Przemys\u0142owej 4, 62-070 Dopiewo, wpisana do Rejestru Przedsi\u0119biorc\u00f3w Krajowego Rejestru S\u0105dowego prowadzonego przez S\u0105d Rejonowy Pozna\u0144 &#8211; Nowe Miasto i Wilda w Poznaniu, VIII Wydzia\u0142 Gospodarczy Krajowego Rejestru S\u0105dowego pod numerem KRS 0000581685, kt\u00f3ra produkuje umywalki, brodziki oraz wanny z kompozytu mineralnego (zwane dalej \u201eProduktami\u201d lub z osobna \u201eProduktem\u201d), jest Gwarantem.<\/li>\n<li>Gwarancja jest udzielana wy\u0142\u0105cznie klientowi Marmite, kt\u00f3ry jako przedsi\u0119biorca naby\u0142 Produkt bezpo\u015brednio od Gwaranta (\u201eKlient\u201d). Do przekazania praw i obowi\u0105zk\u00f3w Klienta osobom trzecim wymagana jest wcze\u015bniejsza pisemna zgoda Gwaranta.<\/li>\n<li>Udzielona gwarancja potwierdza, \u017ce Produkt nie ma \u017cadnych wad fizycznych powsta\u0142ych podczas procesu wytwarzania Produkt\u00f3w lub wynikaj\u0105cych z u\u017cycia niew\u0142a\u015bciwych materia\u0142\u00f3w do wytworzenia Produkt\u00f3w, co spowodowa\u0142oby, \u017ce Produkt nie nadawa\u0142by si\u0119 do u\u017cytku zgodnie z przeznaczeniem. W szczeg\u00f3lno\u015bci Gwarant nie ponosi odpowiedzialno\u015bci za wady Produktu powsta\u0142e w wyniku: (i) mechanicznego uszkodzenia Produktu powsta\u0142ego po wydaniu go Klientowi oraz (ii) naturalnego zu\u017cycia Produkt\u00f3w, w tym zadrapa\u0144 powierzchni powsta\u0142ych podczas u\u017cytkowania Produktu.<\/li>\n<li>Zakres odpowiedzialno\u015bci Gwaranta okre\u015blono w \u00a7 1 pkt 3 niniejszej umowy. W ramach niniejszej Gwarancji Gwarant nie ponosi odpowiedzialno\u015bci za szkody wynikaj\u0105ce z wadliwo\u015bci Produktu (tj. szkody materialne Klienta spowodowane przez wadliwy Produkt).<\/li>\n<li>Gwarancja jest wa\u017cna, pod warunkiem \u017ce:\n<ol>\n<li>Produkt zostanie zmontowany zgodnie z zaleceniami Gwaranta zawartymi w instrukcji oraz zgodnie z ustalonymi regu\u0142ami sztuki budowlanej, a tak\u017ce wed\u0142ug odpowiednich norm zharmonizowanych,<\/li>\n<li>Produkt b\u0119dzie u\u017cywany zgodnie z jego przeznaczeniem;<\/li>\n<li>Produkt b\u0119dzie u\u017cywany zgodnie z zaleceniami Gwaranta podanymi w instrukcji dost\u0119pnej na stronie internetowej: https:\/\/site.marmite.mda.pl\/pl\/wspolpraca\/pliki-do-pobrania\/.<\/li>\n<\/ol>\n<\/li>\n<\/ol>\n<h4><span style=\"color: #ff0000;\">\u00a7 2. Okres i zakres Gwarancji<\/span><\/h4>\n<ol>\n<li>Okres Gwarancji zale\u017cy od rodzaju pow\u0142oki \u017celowej stosowanej przez Gwaranta w produkcji Produkt\u00f3w i wynosi:\n<ol>\n<li>5 lat od dnia wydania Produktu Klientowi &#8211; dla produktu ze standardow\u0105 pow\u0142ok\u0105 \u017celow\u0105 oraz pow\u0142okami typu Top Solid lub Top Granit;<\/li>\n<li>10 lat od dnia wydania Produktu Klientowi &#8211; dla produktu z pow\u0142ok\u0105 \u017celow\u0105 typu Evermite.<\/li>\n<\/ol>\n<\/li>\n<li>Gwarancja obowi\u0105zuje na terenie kraj\u00f3w Wsp\u00f3lnoty Europejskiej (WE).<\/li>\n<\/ol>\n<h4><span style=\"color: #ff0000;\">\u00a7 3. Usuwanie wad Produkt\u00f3w<\/span><\/h4>\n<ol>\n<li>Szczeg\u00f3\u0142owa procedura rozpatrywania reklamacji dost\u0119pna jest pod adresem: https:\/\/site.marmite.mda.pl\/pl\/wspolpraca\/pliki-do-pobrania\/<\/li>\n<li>W ci\u0105gu 14 dni roboczych od dnia prawid\u0142owego z\u0142o\u017cenia reklamacji przez Klienta Gwarant powinien j\u0105 rozpatrze\u0107 oraz poinformowa\u0107 klienta o jej uznaniu lub odrzuceniu.<\/li>\n<li>Je\u017celi reklamacja zostanie uznana, Gwarant lub podmiot przez niego wskazany zobowi\u0105zuje si\u0119 do usuni\u0119cia wad w terminie 14 dni od dnia poinformowania Klienta o uznaniu reklamacji lub od dnia up\u0142ywu terminu przewidzianego na poinformowanie Klienta o rozpatrzeniu reklamacji. W przypadku sporu, je\u017celi opinia eksperta potwierdza stanowisko Klienta, Gwarant lub podmiot przez niego wskazany zobowi\u0105zuje si\u0119 do usuni\u0119cia wad reklamowanego produktu w terminie 14 dni od dnia, kt\u00f3rym Gwarant otrzyma\u0142 opini\u0119 eksperta.<\/li>\n<li>Wady Produktu mog\u0105 zosta\u0107 usuni\u0119te w nast\u0119puj\u0105cy spos\u00f3b:\n<ol>\n<li>dostarczenie Klientowi nowego Produktu na koszt Gwaranta; lub<\/li>\n<li>naprawa reklamowanego Produktu na koszt Gwaranta; lub<\/li>\n<li>zwrot koszt\u00f3w zakupu Produktu Klientowi na koszt Gwaranta.<br \/>\nWyb\u00f3r sposobu usuni\u0119cia wady Produktu pozostaje wy\u0142\u0105cznie w gestii Gwaranta.<\/li>\n<\/ol>\n<\/li>\n<li>Gwarant nie ponosi koszt\u00f3w odbioru, dostawy i recyclingu reklamowanego Produktu, chyba \u017ce reklamowany Produkt zosta\u0142 mu dostarczony na jego wniosek w trakcie post\u0119powania reklamacyjnego, a reklamacja zosta\u0142a przez niego uznana.<\/li>\n<\/ol>\n<h4><span style=\"color: #ff0000;\">\u00a74. Postanowienia ko\u0144cowe<\/span><\/h4>\n<ol>\n<li>We wszystkich sprawach, kt\u00f3re nie zosta\u0142y uregulowane w niniejszym dokumencie, zastosowanie maj\u0105 w\u0142a\u015bciwe przepisy polskiego Kodeksu cywilnego.<\/li>\n<li>Wszelkie spory mi\u0119dzy Gwarantem a Klientem b\u0119d\u0105 rozstrzygane przez polski s\u0105d powszechny w\u0142a\u015bciwy dla siedziby Gwaranta.<\/li>\n<\/ol>\n","protected":false},"excerpt":{"rendered":"<p>\u00a7 1. Postanowienia og\u00f3lne MARMITE Sp. z o.o. z siedzib\u0105 w Zakrzewie przy ul. Przemys\u0142owej 4, 62-070 Dopiewo, wpisana do Rejestru Przedsi\u0119biorc\u00f3w Krajowego Rejestru S\u0105dowego prowadzonego przez S\u0105d Rejonowy Pozna\u0144 &#8211; Nowe Miasto i Wilda w Poznaniu, VIII Wydzia\u0142 Gospodarczy Krajowego Rejestru S\u0105dowego pod numerem KRS 0000581685, kt\u00f3ra produkuje umywalki, brodziki oraz wanny z kompozytu [&hellip;]<\/p>\n","protected":false},"author":1,"featured_media":7682,"parent":8143,"menu_order":14,"comment_status":"closed","ping_status":"closed","template":"page-templates\/page-menu-top.php","meta":{"footnotes":""},"acf":[],"yoast_head":"<!-- This site is optimized with the Yoast SEO plugin v20.13 - https:\/\/yoast.com\/wordpress\/plugins\/seo\/ -->\n<title>Gwarancja &bull; Marmite<\/title>\n<meta name=\"robots\" content=\"noindex, follow, max-snippet:-1, max-image-preview:large, max-video-preview:-1\" \/>\n<meta property=\"og:locale\" content=\"pl_PL\" \/>\n<meta property=\"og:type\" content=\"article\" \/>\n<meta property=\"og:title\" content=\"Gwarancja &bull; Marmite\" \/>\n<meta property=\"og:url\" content=\"https:\/\/marmite-stg.mda.pl\/pl\/laboratorium\/gwarancja\/\" \/>\n<meta property=\"og:site_name\" content=\"Marmite\" \/>\n<meta property=\"article:publisher\" content=\"https:\/\/www.facebook.com\/marmiteSA\" \/>\n<meta property=\"article:modified_time\" content=\"2020-06-29T09:17:43+00:00\" \/>\n<meta property=\"og:image\" content=\"https:\/\/marmite-stg.mda.pl\/wp-content\/uploads\/2020\/01\/laboratory.jpg\" \/>\n\t<meta property=\"og:image:width\" content=\"1880\" \/>\n\t<meta property=\"og:image:height\" content=\"400\" \/>\n\t<meta property=\"og:image:type\" content=\"image\/jpeg\" \/>\n<meta name=\"twitter:label1\" content=\"Szacowany czas czytania\" \/>\n\t<meta name=\"twitter:data1\" content=\"3 minuty\" \/>\n<script type=\"application\/ld+json\" class=\"yoast-schema-graph\">{\"@context\":\"https:\/\/schema.org\",\"@graph\":[{\"@type\":\"WebPage\",\"@id\":\"https:\/\/marmite-stg.mda.pl\/pl\/laboratorium\/gwarancja\/\",\"url\":\"https:\/\/marmite-stg.mda.pl\/pl\/laboratorium\/gwarancja\/\",\"name\":\"Gwarancja &bull; Marmite\",\"isPartOf\":{\"@id\":\"https:\/\/marmite-stg.mda.pl\/pl\/#website\"},\"datePublished\":\"2020-02-20T13:12:58+00:00\",\"dateModified\":\"2020-06-29T09:17:43+00:00\",\"breadcrumb\":{\"@id\":\"https:\/\/marmite-stg.mda.pl\/pl\/laboratorium\/gwarancja\/#breadcrumb\"},\"inLanguage\":\"pl-PL\",\"potentialAction\":[{\"@type\":\"ReadAction\",\"target\":[\"https:\/\/marmite-stg.mda.pl\/pl\/laboratorium\/gwarancja\/\"]}]},{\"@type\":\"BreadcrumbList\",\"@id\":\"https:\/\/marmite-stg.mda.pl\/pl\/laboratorium\/gwarancja\/#breadcrumb\",\"itemListElement\":[{\"@type\":\"ListItem\",\"position\":1,\"name\":\"Home\",\"item\":\"https:\/\/marmite-stg.mda.pl\/pl\/\"},{\"@type\":\"ListItem\",\"position\":2,\"name\":\"Laboratorium\",\"item\":\"https:\/\/marmite-stg.mda.pl\/pl\/laboratorium\/\"},{\"@type\":\"ListItem\",\"position\":3,\"name\":\"Gwarancja\"}]},{\"@type\":\"WebSite\",\"@id\":\"https:\/\/marmite-stg.mda.pl\/pl\/#website\",\"url\":\"https:\/\/marmite-stg.mda.pl\/pl\/\",\"name\":\"Marmite\",\"description\":\"Marmite\",\"potentialAction\":[{\"@type\":\"SearchAction\",\"target\":{\"@type\":\"EntryPoint\",\"urlTemplate\":\"https:\/\/marmite-stg.mda.pl\/pl\/?s={search_term_string}\"},\"query-input\":\"required name=search_term_string\"}],\"inLanguage\":\"pl-PL\"}]}<\/script>\n<!-- \/ Yoast SEO plugin. -->","yoast_head_json":{"title":"Gwarancja &bull; Marmite","robots":{"index":"noindex","follow":"follow","max-snippet":"max-snippet:-1","max-image-preview":"max-image-preview:large","max-video-preview":"max-video-preview:-1"},"og_locale":"pl_PL","og_type":"article","og_title":"Gwarancja &bull; Marmite","og_url":"https:\/\/marmite-stg.mda.pl\/pl\/laboratorium\/gwarancja\/","og_site_name":"Marmite","article_publisher":"https:\/\/www.facebook.com\/marmiteSA","article_modified_time":"2020-06-29T09:17:43+00:00","og_image":[{"width":1880,"height":400,"url":"https:\/\/marmite-stg.mda.pl\/wp-content\/uploads\/2020\/01\/laboratory.jpg","type":"image\/jpeg"}],"twitter_misc":{"Szacowany czas czytania":"3 minuty"},"schema":{"@context":"https:\/\/schema.org","@graph":[{"@type":"WebPage","@id":"https:\/\/marmite-stg.mda.pl\/pl\/laboratorium\/gwarancja\/","url":"https:\/\/marmite-stg.mda.pl\/pl\/laboratorium\/gwarancja\/","name":"Gwarancja &bull; Marmite","isPartOf":{"@id":"https:\/\/marmite-stg.mda.pl\/pl\/#website"},"datePublished":"2020-02-20T13:12:58+00:00","dateModified":"2020-06-29T09:17:43+00:00","breadcrumb":{"@id":"https:\/\/marmite-stg.mda.pl\/pl\/laboratorium\/gwarancja\/#breadcrumb"},"inLanguage":"pl-PL","potentialAction":[{"@type":"ReadAction","target":["https:\/\/marmite-stg.mda.pl\/pl\/laboratorium\/gwarancja\/"]}]},{"@type":"BreadcrumbList","@id":"https:\/\/marmite-stg.mda.pl\/pl\/laboratorium\/gwarancja\/#breadcrumb","itemListElement":[{"@type":"ListItem","position":1,"name":"Home","item":"https:\/\/marmite-stg.mda.pl\/pl\/"},{"@type":"ListItem","position":2,"name":"Laboratorium","item":"https:\/\/marmite-stg.mda.pl\/pl\/laboratorium\/"},{"@type":"ListItem","position":3,"name":"Gwarancja"}]},{"@type":"WebSite","@id":"https:\/\/marmite-stg.mda.pl\/pl\/#website","url":"https:\/\/marmite-stg.mda.pl\/pl\/","name":"Marmite","description":"Marmite","potentialAction":[{"@type":"SearchAction","target":{"@type":"EntryPoint","urlTemplate":"https:\/\/marmite-stg.mda.pl\/pl\/?s={search_term_string}"},"query-input":"required name=search_term_string"}],"inLanguage":"pl-PL"}]}},"_links":{"self":[{"href":"https:\/\/marmite-stg.mda.pl\/pl\/wp-json\/wp\/v2\/pages\/8180"}],"collection":[{"href":"https:\/\/marmite-stg.mda.pl\/pl\/wp-json\/wp\/v2\/pages"}],"about":[{"href":"https:\/\/marmite-stg.mda.pl\/pl\/wp-json\/wp\/v2\/types\/page"}],"author":[{"embeddable":true,"href":"https:\/\/marmite-stg.mda.pl\/pl\/wp-json\/wp\/v2\/users\/1"}],"replies":[{"embeddable":true,"href":"https:\/\/marmite-stg.mda.pl\/pl\/wp-json\/wp\/v2\/comments?post=8180"}],"version-history":[{"count":4,"href":"https:\/\/marmite-stg.mda.pl\/pl\/wp-json\/wp\/v2\/pages\/8180\/revisions"}],"predecessor-version":[{"id":17184,"href":"https:\/\/marmite-stg.mda.pl\/pl\/wp-json\/wp\/v2\/pages\/8180\/revisions\/17184"}],"up":[{"embeddable":true,"href":"https:\/\/marmite-stg.mda.pl\/pl\/wp-json\/wp\/v2\/pages\/8143"}],"wp:featuredmedia":[{"embeddable":true,"href":"https:\/\/marmite-stg.mda.pl\/pl\/wp-json\/wp\/v2\/media\/7682"}],"wp:attachment":[{"href":"https:\/\/marmite-stg.mda.pl\/pl\/wp-json\/wp\/v2\/media?parent=8180"}],"curies":[{"name":"wp","href":"https:\/\/api.w.org\/{rel}","templated":true}]}}