{"id":8186,"date":"2020-02-20T13:16:10","date_gmt":"2020-02-20T13:16:10","guid":{"rendered":"https:\/\/site.marmite.mda.pl\/?page_id=8186"},"modified":"2023-01-05T08:32:36","modified_gmt":"2023-01-05T08:32:36","slug":"pielegnacja-produktu","status":"publish","type":"page","link":"https:\/\/marmite-stg.mda.pl\/pl\/laboratorium\/pielegnacja-produktu\/","title":{"rendered":"Piel\u0119gnacja produktu"},"content":{"rendered":"<p>Mineral Composite <strong>mo\u017cna czy\u015bci\u0107 tak\u017ce przy u\u017cyciu naturalnych detergent\u00f3w. <\/strong><\/p>\n<p>Dzi\u0119ki swemu naturalnemu pochodzeniu materia\u0142 ten nadaje si\u0119 do czyszczenia r\u00f3wnie\u017c za pomoc\u0105 naturalnych i\u00a0niedrogich \u015brodk\u00f3w, takich jak ocet lub woda z\u00a0cytryn\u0105. Powierzchnie matowe mog\u0105 co jaki\u015b czas wymaga\u0107 czyszczenia \u015brodkami o\u00a0delikatnym dzia\u0142aniu \u015bciernym.<\/p>\n","protected":false},"excerpt":{"rendered":"<p>Mineral Composite mo\u017cna czy\u015bci\u0107 tak\u017ce przy u\u017cyciu naturalnych detergent\u00f3w. Dzi\u0119ki swemu naturalnemu pochodzeniu materia\u0142 ten nadaje si\u0119 do czyszczenia r\u00f3wnie\u017c za pomoc\u0105 naturalnych i\u00a0niedrogich \u015brodk\u00f3w, takich jak ocet lub woda z\u00a0cytryn\u0105. Powierzchnie matowe mog\u0105 co jaki\u015b czas wymaga\u0107 czyszczenia \u015brodkami o\u00a0delikatnym dzia\u0142aniu \u015bciernym.<\/p>\n","protected":false},"author":1,"featured_media":14955,"parent":8143,"menu_order":18,"comment_status":"closed","ping_status":"closed","template":"page-templates\/layout_maintenance.php","meta":{"footnotes":""},"acf":[],"yoast_head":"<!-- This site is optimized with the Yoast SEO plugin v20.13 - https:\/\/yoast.com\/wordpress\/plugins\/seo\/ -->\n<title>Piel\u0119gnacja produktu &bull; Marmite<\/title>\n<meta name=\"robots\" content=\"noindex, follow, max-snippet:-1, max-image-preview:large, max-video-preview:-1\" \/>\n<meta property=\"og:locale\" content=\"pl_PL\" \/>\n<meta property=\"og:type\" content=\"article\" \/>\n<meta property=\"og:title\" content=\"Piel\u0119gnacja produktu &bull; Marmite\" \/>\n<meta property=\"og:url\" content=\"https:\/\/site.marmite.mda.pl\/pl\/material-pl\/pielegnacja-produktow\/\" \/>\n<meta property=\"og:site_name\" content=\"Marmite\" \/>\n<meta property=\"article:publisher\" content=\"https:\/\/www.facebook.com\/marmiteSA\" \/>\n<meta property=\"article:modified_time\" content=\"2023-01-05T08:32:36+00:00\" \/>\n<meta property=\"og:image\" content=\"https:\/\/marmite-stg.mda.pl\/wp-content\/uploads\/2020\/01\/laboratory.jpg\" \/>\n\t<meta property=\"og:image:width\" content=\"1880\" \/>\n\t<meta property=\"og:image:height\" content=\"400\" \/>\n\t<meta property=\"og:image:type\" content=\"image\/jpeg\" \/>\n<meta name=\"twitter:label1\" content=\"Szacowany czas czytania\" \/>\n\t<meta name=\"twitter:data1\" content=\"1 minuta\" \/>\n<script type=\"application\/ld+json\" class=\"yoast-schema-graph\">{\"@context\":\"https:\/\/schema.org\",\"@graph\":[{\"@type\":\"WebPage\",\"@id\":\"https:\/\/marmite-stg.mda.pl\/pl\/laboratorium\/pielegnacja-produktu\/\",\"url\":\"https:\/\/site.marmite.mda.pl\/pl\/material-pl\/pielegnacja-produktow\/\",\"name\":\"Piel\u0119gnacja produktu &bull; Marmite\",\"isPartOf\":{\"@id\":\"https:\/\/marmite-stg.mda.pl\/pl\/#website\"},\"datePublished\":\"2020-02-20T13:16:10+00:00\",\"dateModified\":\"2023-01-05T08:32:36+00:00\",\"breadcrumb\":{\"@id\":\"https:\/\/site.marmite.mda.pl\/pl\/material-pl\/pielegnacja-produktow\/#breadcrumb\"},\"inLanguage\":\"pl-PL\",\"potentialAction\":[{\"@type\":\"ReadAction\",\"target\":[\"https:\/\/site.marmite.mda.pl\/pl\/material-pl\/pielegnacja-produktow\/\"]}]},{\"@type\":\"BreadcrumbList\",\"@id\":\"https:\/\/site.marmite.mda.pl\/pl\/material-pl\/pielegnacja-produktow\/#breadcrumb\",\"itemListElement\":[{\"@type\":\"ListItem\",\"position\":1,\"name\":\"Home\",\"item\":\"https:\/\/marmite-stg.mda.pl\/pl\/\"},{\"@type\":\"ListItem\",\"position\":2,\"name\":\"Laboratorium\",\"item\":\"https:\/\/marmite-stg.mda.pl\/pl\/laboratorium\/\"},{\"@type\":\"ListItem\",\"position\":3,\"name\":\"Piel\u0119gnacja produktu\"}]},{\"@type\":\"WebSite\",\"@id\":\"https:\/\/marmite-stg.mda.pl\/pl\/#website\",\"url\":\"https:\/\/marmite-stg.mda.pl\/pl\/\",\"name\":\"Marmite\",\"description\":\"Marmite\",\"potentialAction\":[{\"@type\":\"SearchAction\",\"target\":{\"@type\":\"EntryPoint\",\"urlTemplate\":\"https:\/\/marmite-stg.mda.pl\/pl\/?s={search_term_string}\"},\"query-input\":\"required name=search_term_string\"}],\"inLanguage\":\"pl-PL\"}]}<\/script>\n<!-- \/ Yoast SEO plugin. -->","yoast_head_json":{"title":"Piel\u0119gnacja produktu &bull; Marmite","robots":{"index":"noindex","follow":"follow","max-snippet":"max-snippet:-1","max-image-preview":"max-image-preview:large","max-video-preview":"max-video-preview:-1"},"og_locale":"pl_PL","og_type":"article","og_title":"Piel\u0119gnacja produktu &bull; Marmite","og_url":"https:\/\/site.marmite.mda.pl\/pl\/material-pl\/pielegnacja-produktow\/","og_site_name":"Marmite","article_publisher":"https:\/\/www.facebook.com\/marmiteSA","article_modified_time":"2023-01-05T08:32:36+00:00","og_image":[{"width":1880,"height":400,"url":"https:\/\/marmite-stg.mda.pl\/wp-content\/uploads\/2020\/01\/laboratory.jpg","type":"image\/jpeg"}],"twitter_misc":{"Szacowany czas czytania":"1 minuta"},"schema":{"@context":"https:\/\/schema.org","@graph":[{"@type":"WebPage","@id":"https:\/\/marmite-stg.mda.pl\/pl\/laboratorium\/pielegnacja-produktu\/","url":"https:\/\/site.marmite.mda.pl\/pl\/material-pl\/pielegnacja-produktow\/","name":"Piel\u0119gnacja produktu &bull; Marmite","isPartOf":{"@id":"https:\/\/marmite-stg.mda.pl\/pl\/#website"},"datePublished":"2020-02-20T13:16:10+00:00","dateModified":"2023-01-05T08:32:36+00:00","breadcrumb":{"@id":"https:\/\/site.marmite.mda.pl\/pl\/material-pl\/pielegnacja-produktow\/#breadcrumb"},"inLanguage":"pl-PL","potentialAction":[{"@type":"ReadAction","target":["https:\/\/site.marmite.mda.pl\/pl\/material-pl\/pielegnacja-produktow\/"]}]},{"@type":"BreadcrumbList","@id":"https:\/\/site.marmite.mda.pl\/pl\/material-pl\/pielegnacja-produktow\/#breadcrumb","itemListElement":[{"@type":"ListItem","position":1,"name":"Home","item":"https:\/\/marmite-stg.mda.pl\/pl\/"},{"@type":"ListItem","position":2,"name":"Laboratorium","item":"https:\/\/marmite-stg.mda.pl\/pl\/laboratorium\/"},{"@type":"ListItem","position":3,"name":"Piel\u0119gnacja produktu"}]},{"@type":"WebSite","@id":"https:\/\/marmite-stg.mda.pl\/pl\/#website","url":"https:\/\/marmite-stg.mda.pl\/pl\/","name":"Marmite","description":"Marmite","potentialAction":[{"@type":"SearchAction","target":{"@type":"EntryPoint","urlTemplate":"https:\/\/marmite-stg.mda.pl\/pl\/?s={search_term_string}"},"query-input":"required name=search_term_string"}],"inLanguage":"pl-PL"}]}},"_links":{"self":[{"href":"https:\/\/marmite-stg.mda.pl\/pl\/wp-json\/wp\/v2\/pages\/8186"}],"collection":[{"href":"https:\/\/marmite-stg.mda.pl\/pl\/wp-json\/wp\/v2\/pages"}],"about":[{"href":"https:\/\/marmite-stg.mda.pl\/pl\/wp-json\/wp\/v2\/types\/page"}],"author":[{"embeddable":true,"href":"https:\/\/marmite-stg.mda.pl\/pl\/wp-json\/wp\/v2\/users\/1"}],"replies":[{"embeddable":true,"href":"https:\/\/marmite-stg.mda.pl\/pl\/wp-json\/wp\/v2\/comments?post=8186"}],"version-history":[{"count":10,"href":"https:\/\/marmite-stg.mda.pl\/pl\/wp-json\/wp\/v2\/pages\/8186\/revisions"}],"predecessor-version":[{"id":26690,"href":"https:\/\/marmite-stg.mda.pl\/pl\/wp-json\/wp\/v2\/pages\/8186\/revisions\/26690"}],"up":[{"embeddable":true,"href":"https:\/\/marmite-stg.mda.pl\/pl\/wp-json\/wp\/v2\/pages\/8143"}],"wp:featuredmedia":[{"embeddable":true,"href":"https:\/\/marmite-stg.mda.pl\/pl\/wp-json\/wp\/v2\/media\/14955"}],"wp:attachment":[{"href":"https:\/\/marmite-stg.mda.pl\/pl\/wp-json\/wp\/v2\/media?parent=8186"}],"curies":[{"name":"wp","href":"https:\/\/api.w.org\/{rel}","templated":true}]}}