{"id":8233,"date":"2020-02-20T14:59:56","date_gmt":"2020-02-20T14:59:56","guid":{"rendered":"https:\/\/site.marmite.mda.pl\/?page_id=8233"},"modified":"2022-01-26T14:20:49","modified_gmt":"2022-01-26T14:20:49","slug":"zestaw-naprawczy-repair-kit","status":"publish","type":"page","link":"https:\/\/marmite-stg.mda.pl\/pl\/material-pl\/naprawa\/zestaw-naprawczy-repair-kit\/","title":{"rendered":"Zestaw naprawczy \u201eRepair Kit\u201d"},"content":{"rendered":"<p><strong>G\u0142\u00f3wne korzy\u015bci:<\/strong><\/p>\n<ul>\n<li>Dost\u0119pny w wielu kolorach<\/li>\n<li>Zestaw zawiera wszystkie niezb\u0119dne komponenty<\/li>\n<li>Przydatny do u\u017cytku przez 3\u00a0miesi\u0105ce<\/li>\n<li>Produkt jednorazowego u\u017cytku<\/li>\n<li>Dla profesjonalist\u00f3w \u2013 daj\u0105cy profesjonaln\u0105 jako\u015b\u0107 naprawy<\/li>\n<\/ul>\n","protected":false},"excerpt":{"rendered":"<p>G\u0142\u00f3wne korzy\u015bci: Dost\u0119pny w wielu kolorach Zestaw zawiera wszystkie niezb\u0119dne komponenty Przydatny do u\u017cytku przez 3\u00a0miesi\u0105ce Produkt jednorazowego u\u017cytku Dla profesjonalist\u00f3w \u2013 daj\u0105cy profesjonaln\u0105 jako\u015b\u0107 naprawy<\/p>\n","protected":false},"author":1,"featured_media":14955,"parent":1272,"menu_order":264,"comment_status":"closed","ping_status":"closed","template":"page-templates\/layout_repaire_product.php","meta":{"footnotes":""},"acf":[],"yoast_head":"<!-- This site is optimized with the Yoast SEO plugin v20.13 - https:\/\/yoast.com\/wordpress\/plugins\/seo\/ -->\n<title>Zestaw naprawczy \u201eRepair Kit\u201d &bull; Marmite<\/title>\n<meta name=\"robots\" content=\"noindex, follow, max-snippet:-1, max-image-preview:large, max-video-preview:-1\" \/>\n<meta property=\"og:locale\" content=\"pl_PL\" \/>\n<meta property=\"og:type\" content=\"article\" \/>\n<meta property=\"og:title\" content=\"Zestaw naprawczy \u201eRepair Kit\u201d &bull; Marmite\" \/>\n<meta property=\"og:url\" content=\"https:\/\/marmite-stg.mda.pl\/pl\/material-pl\/naprawa\/zestaw-naprawczy-repair-kit\/\" \/>\n<meta property=\"og:site_name\" content=\"Marmite\" \/>\n<meta property=\"article:publisher\" content=\"https:\/\/www.facebook.com\/marmiteSA\" \/>\n<meta property=\"article:modified_time\" content=\"2022-01-26T14:20:49+00:00\" \/>\n<meta property=\"og:image\" content=\"https:\/\/marmite-stg.mda.pl\/wp-content\/uploads\/2020\/01\/laboratory.jpg\" \/>\n\t<meta property=\"og:image:width\" content=\"1880\" \/>\n\t<meta property=\"og:image:height\" content=\"400\" \/>\n\t<meta property=\"og:image:type\" content=\"image\/jpeg\" \/>\n<script type=\"application\/ld+json\" class=\"yoast-schema-graph\">{\"@context\":\"https:\/\/schema.org\",\"@graph\":[{\"@type\":\"WebPage\",\"@id\":\"https:\/\/marmite-stg.mda.pl\/pl\/material-pl\/naprawa\/zestaw-naprawczy-repair-kit\/\",\"url\":\"https:\/\/marmite-stg.mda.pl\/pl\/material-pl\/naprawa\/zestaw-naprawczy-repair-kit\/\",\"name\":\"Zestaw naprawczy \u201eRepair Kit\u201d &bull; Marmite\",\"isPartOf\":{\"@id\":\"https:\/\/marmite-stg.mda.pl\/pl\/#website\"},\"datePublished\":\"2020-02-20T14:59:56+00:00\",\"dateModified\":\"2022-01-26T14:20:49+00:00\",\"breadcrumb\":{\"@id\":\"https:\/\/marmite-stg.mda.pl\/pl\/material-pl\/naprawa\/zestaw-naprawczy-repair-kit\/#breadcrumb\"},\"inLanguage\":\"pl-PL\",\"potentialAction\":[{\"@type\":\"ReadAction\",\"target\":[\"https:\/\/marmite-stg.mda.pl\/pl\/material-pl\/naprawa\/zestaw-naprawczy-repair-kit\/\"]}]},{\"@type\":\"BreadcrumbList\",\"@id\":\"https:\/\/marmite-stg.mda.pl\/pl\/material-pl\/naprawa\/zestaw-naprawczy-repair-kit\/#breadcrumb\",\"itemListElement\":[{\"@type\":\"ListItem\",\"position\":1,\"name\":\"Home\",\"item\":\"https:\/\/marmite-stg.mda.pl\/pl\/\"},{\"@type\":\"ListItem\",\"position\":2,\"name\":\"O materiale\",\"item\":\"https:\/\/marmite-stg.mda.pl\/pl\/material-pl\/\"},{\"@type\":\"ListItem\",\"position\":3,\"name\":\"Naprawa\",\"item\":\"https:\/\/marmite-stg.mda.pl\/pl\/material\/repairable\/\"},{\"@type\":\"ListItem\",\"position\":4,\"name\":\"Zestaw naprawczy \u201eRepair Kit\u201d\"}]},{\"@type\":\"WebSite\",\"@id\":\"https:\/\/marmite-stg.mda.pl\/pl\/#website\",\"url\":\"https:\/\/marmite-stg.mda.pl\/pl\/\",\"name\":\"Marmite\",\"description\":\"Marmite\",\"potentialAction\":[{\"@type\":\"SearchAction\",\"target\":{\"@type\":\"EntryPoint\",\"urlTemplate\":\"https:\/\/marmite-stg.mda.pl\/pl\/?s={search_term_string}\"},\"query-input\":\"required name=search_term_string\"}],\"inLanguage\":\"pl-PL\"}]}<\/script>\n<!-- \/ Yoast SEO plugin. -->","yoast_head_json":{"title":"Zestaw naprawczy \u201eRepair Kit\u201d &bull; Marmite","robots":{"index":"noindex","follow":"follow","max-snippet":"max-snippet:-1","max-image-preview":"max-image-preview:large","max-video-preview":"max-video-preview:-1"},"og_locale":"pl_PL","og_type":"article","og_title":"Zestaw naprawczy \u201eRepair Kit\u201d &bull; Marmite","og_url":"https:\/\/marmite-stg.mda.pl\/pl\/material-pl\/naprawa\/zestaw-naprawczy-repair-kit\/","og_site_name":"Marmite","article_publisher":"https:\/\/www.facebook.com\/marmiteSA","article_modified_time":"2022-01-26T14:20:49+00:00","og_image":[{"width":1880,"height":400,"url":"https:\/\/marmite-stg.mda.pl\/wp-content\/uploads\/2020\/01\/laboratory.jpg","type":"image\/jpeg"}],"schema":{"@context":"https:\/\/schema.org","@graph":[{"@type":"WebPage","@id":"https:\/\/marmite-stg.mda.pl\/pl\/material-pl\/naprawa\/zestaw-naprawczy-repair-kit\/","url":"https:\/\/marmite-stg.mda.pl\/pl\/material-pl\/naprawa\/zestaw-naprawczy-repair-kit\/","name":"Zestaw naprawczy \u201eRepair Kit\u201d &bull; Marmite","isPartOf":{"@id":"https:\/\/marmite-stg.mda.pl\/pl\/#website"},"datePublished":"2020-02-20T14:59:56+00:00","dateModified":"2022-01-26T14:20:49+00:00","breadcrumb":{"@id":"https:\/\/marmite-stg.mda.pl\/pl\/material-pl\/naprawa\/zestaw-naprawczy-repair-kit\/#breadcrumb"},"inLanguage":"pl-PL","potentialAction":[{"@type":"ReadAction","target":["https:\/\/marmite-stg.mda.pl\/pl\/material-pl\/naprawa\/zestaw-naprawczy-repair-kit\/"]}]},{"@type":"BreadcrumbList","@id":"https:\/\/marmite-stg.mda.pl\/pl\/material-pl\/naprawa\/zestaw-naprawczy-repair-kit\/#breadcrumb","itemListElement":[{"@type":"ListItem","position":1,"name":"Home","item":"https:\/\/marmite-stg.mda.pl\/pl\/"},{"@type":"ListItem","position":2,"name":"O materiale","item":"https:\/\/marmite-stg.mda.pl\/pl\/material-pl\/"},{"@type":"ListItem","position":3,"name":"Naprawa","item":"https:\/\/marmite-stg.mda.pl\/pl\/material\/repairable\/"},{"@type":"ListItem","position":4,"name":"Zestaw naprawczy \u201eRepair Kit\u201d"}]},{"@type":"WebSite","@id":"https:\/\/marmite-stg.mda.pl\/pl\/#website","url":"https:\/\/marmite-stg.mda.pl\/pl\/","name":"Marmite","description":"Marmite","potentialAction":[{"@type":"SearchAction","target":{"@type":"EntryPoint","urlTemplate":"https:\/\/marmite-stg.mda.pl\/pl\/?s={search_term_string}"},"query-input":"required name=search_term_string"}],"inLanguage":"pl-PL"}]}},"_links":{"self":[{"href":"https:\/\/marmite-stg.mda.pl\/pl\/wp-json\/wp\/v2\/pages\/8233"}],"collection":[{"href":"https:\/\/marmite-stg.mda.pl\/pl\/wp-json\/wp\/v2\/pages"}],"about":[{"href":"https:\/\/marmite-stg.mda.pl\/pl\/wp-json\/wp\/v2\/types\/page"}],"author":[{"embeddable":true,"href":"https:\/\/marmite-stg.mda.pl\/pl\/wp-json\/wp\/v2\/users\/1"}],"replies":[{"embeddable":true,"href":"https:\/\/marmite-stg.mda.pl\/pl\/wp-json\/wp\/v2\/comments?post=8233"}],"version-history":[{"count":7,"href":"https:\/\/marmite-stg.mda.pl\/pl\/wp-json\/wp\/v2\/pages\/8233\/revisions"}],"predecessor-version":[{"id":22259,"href":"https:\/\/marmite-stg.mda.pl\/pl\/wp-json\/wp\/v2\/pages\/8233\/revisions\/22259"}],"up":[{"embeddable":true,"href":"https:\/\/marmite-stg.mda.pl\/pl\/wp-json\/wp\/v2\/pages\/1272"}],"wp:featuredmedia":[{"embeddable":true,"href":"https:\/\/marmite-stg.mda.pl\/pl\/wp-json\/wp\/v2\/media\/14955"}],"wp:attachment":[{"href":"https:\/\/marmite-stg.mda.pl\/pl\/wp-json\/wp\/v2\/media?parent=8233"}],"curies":[{"name":"wp","href":"https:\/\/api.w.org\/{rel}","templated":true}]}}