{"id":8236,"date":"2020-02-20T15:02:00","date_gmt":"2020-02-20T15:02:00","guid":{"rendered":"https:\/\/site.marmite.mda.pl\/?page_id=8236"},"modified":"2020-06-29T10:28:49","modified_gmt":"2020-06-29T10:28:49","slug":"zestaw-naprawczy-touch-up-stick","status":"publish","type":"page","link":"https:\/\/marmite-stg.mda.pl\/pl\/material-pl\/naprawa\/zestaw-naprawczy-touch-up-stick\/","title":{"rendered":"Zestaw naprawczy \u201eTouch-up Stick\u201d"},"content":{"rendered":"<p><strong>G\u0142\u00f3wne korzy\u015bci:<\/strong><\/p>\n<ul>\n<li>Produkt gotowy do natychmiastowego u\u017cycia<\/li>\n<li>\u0141atwa naprawa \u2013 nawet dla niedo\u015bwiadczonych u\u017cytkownik\u00f3w<\/li>\n<li>Nie wymaga stosowania dodatkowych narz\u0119dzi<\/li>\n<li>Mo\u017cna go u\u017cywa\u0107 wielokrotnie<\/li>\n<li>Przydatny do u\u017cytku a\u017c przez 5 lat od momentu pierwszego otwarcia<\/li>\n<li>Bezpieczny i\u00a0przyjazny dla \u015brodowiska<\/li>\n<\/ul>\n","protected":false},"excerpt":{"rendered":"<p>G\u0142\u00f3wne korzy\u015bci: Produkt gotowy do natychmiastowego u\u017cycia \u0141atwa naprawa \u2013 nawet dla niedo\u015bwiadczonych u\u017cytkownik\u00f3w Nie wymaga stosowania dodatkowych narz\u0119dzi Mo\u017cna go u\u017cywa\u0107 wielokrotnie Przydatny do u\u017cytku a\u017c przez 5 lat od momentu pierwszego otwarcia Bezpieczny i\u00a0przyjazny dla \u015brodowiska<\/p>\n","protected":false},"author":1,"featured_media":0,"parent":1272,"menu_order":255,"comment_status":"closed","ping_status":"closed","template":"page-templates\/layout_repaire_product.php","meta":{"footnotes":""},"acf":[],"yoast_head":"<!-- This site is optimized with the Yoast SEO plugin v20.13 - https:\/\/yoast.com\/wordpress\/plugins\/seo\/ -->\n<title>Zestaw naprawczy \u201eTouch-up Stick\u201d &bull; Marmite<\/title>\n<meta name=\"robots\" content=\"noindex, follow, max-snippet:-1, max-image-preview:large, max-video-preview:-1\" \/>\n<meta property=\"og:locale\" content=\"pl_PL\" \/>\n<meta property=\"og:type\" content=\"article\" \/>\n<meta property=\"og:title\" content=\"Zestaw naprawczy \u201eTouch-up Stick\u201d &bull; Marmite\" \/>\n<meta property=\"og:url\" content=\"https:\/\/marmite-stg.mda.pl\/pl\/material-pl\/naprawa\/zestaw-naprawczy-touch-up-stick\/\" \/>\n<meta property=\"og:site_name\" content=\"Marmite\" \/>\n<meta property=\"article:publisher\" content=\"https:\/\/www.facebook.com\/marmiteSA\" \/>\n<meta property=\"article:modified_time\" content=\"2020-06-29T10:28:49+00:00\" \/>\n<script type=\"application\/ld+json\" class=\"yoast-schema-graph\">{\"@context\":\"https:\/\/schema.org\",\"@graph\":[{\"@type\":\"WebPage\",\"@id\":\"https:\/\/marmite-stg.mda.pl\/pl\/material-pl\/naprawa\/zestaw-naprawczy-touch-up-stick\/\",\"url\":\"https:\/\/marmite-stg.mda.pl\/pl\/material-pl\/naprawa\/zestaw-naprawczy-touch-up-stick\/\",\"name\":\"Zestaw naprawczy \u201eTouch-up Stick\u201d &bull; Marmite\",\"isPartOf\":{\"@id\":\"https:\/\/marmite-stg.mda.pl\/pl\/#website\"},\"datePublished\":\"2020-02-20T15:02:00+00:00\",\"dateModified\":\"2020-06-29T10:28:49+00:00\",\"breadcrumb\":{\"@id\":\"https:\/\/marmite-stg.mda.pl\/pl\/material-pl\/naprawa\/zestaw-naprawczy-touch-up-stick\/#breadcrumb\"},\"inLanguage\":\"pl-PL\",\"potentialAction\":[{\"@type\":\"ReadAction\",\"target\":[\"https:\/\/marmite-stg.mda.pl\/pl\/material-pl\/naprawa\/zestaw-naprawczy-touch-up-stick\/\"]}]},{\"@type\":\"BreadcrumbList\",\"@id\":\"https:\/\/marmite-stg.mda.pl\/pl\/material-pl\/naprawa\/zestaw-naprawczy-touch-up-stick\/#breadcrumb\",\"itemListElement\":[{\"@type\":\"ListItem\",\"position\":1,\"name\":\"Home\",\"item\":\"https:\/\/marmite-stg.mda.pl\/pl\/\"},{\"@type\":\"ListItem\",\"position\":2,\"name\":\"O materiale\",\"item\":\"https:\/\/marmite-stg.mda.pl\/pl\/material-pl\/\"},{\"@type\":\"ListItem\",\"position\":3,\"name\":\"Naprawa\",\"item\":\"https:\/\/marmite-stg.mda.pl\/pl\/material\/repairable\/\"},{\"@type\":\"ListItem\",\"position\":4,\"name\":\"Zestaw naprawczy \u201eTouch-up Stick\u201d\"}]},{\"@type\":\"WebSite\",\"@id\":\"https:\/\/marmite-stg.mda.pl\/pl\/#website\",\"url\":\"https:\/\/marmite-stg.mda.pl\/pl\/\",\"name\":\"Marmite\",\"description\":\"Marmite\",\"potentialAction\":[{\"@type\":\"SearchAction\",\"target\":{\"@type\":\"EntryPoint\",\"urlTemplate\":\"https:\/\/marmite-stg.mda.pl\/pl\/?s={search_term_string}\"},\"query-input\":\"required name=search_term_string\"}],\"inLanguage\":\"pl-PL\"}]}<\/script>\n<!-- \/ Yoast SEO plugin. -->","yoast_head_json":{"title":"Zestaw naprawczy \u201eTouch-up Stick\u201d &bull; Marmite","robots":{"index":"noindex","follow":"follow","max-snippet":"max-snippet:-1","max-image-preview":"max-image-preview:large","max-video-preview":"max-video-preview:-1"},"og_locale":"pl_PL","og_type":"article","og_title":"Zestaw naprawczy \u201eTouch-up Stick\u201d &bull; Marmite","og_url":"https:\/\/marmite-stg.mda.pl\/pl\/material-pl\/naprawa\/zestaw-naprawczy-touch-up-stick\/","og_site_name":"Marmite","article_publisher":"https:\/\/www.facebook.com\/marmiteSA","article_modified_time":"2020-06-29T10:28:49+00:00","schema":{"@context":"https:\/\/schema.org","@graph":[{"@type":"WebPage","@id":"https:\/\/marmite-stg.mda.pl\/pl\/material-pl\/naprawa\/zestaw-naprawczy-touch-up-stick\/","url":"https:\/\/marmite-stg.mda.pl\/pl\/material-pl\/naprawa\/zestaw-naprawczy-touch-up-stick\/","name":"Zestaw naprawczy \u201eTouch-up Stick\u201d &bull; Marmite","isPartOf":{"@id":"https:\/\/marmite-stg.mda.pl\/pl\/#website"},"datePublished":"2020-02-20T15:02:00+00:00","dateModified":"2020-06-29T10:28:49+00:00","breadcrumb":{"@id":"https:\/\/marmite-stg.mda.pl\/pl\/material-pl\/naprawa\/zestaw-naprawczy-touch-up-stick\/#breadcrumb"},"inLanguage":"pl-PL","potentialAction":[{"@type":"ReadAction","target":["https:\/\/marmite-stg.mda.pl\/pl\/material-pl\/naprawa\/zestaw-naprawczy-touch-up-stick\/"]}]},{"@type":"BreadcrumbList","@id":"https:\/\/marmite-stg.mda.pl\/pl\/material-pl\/naprawa\/zestaw-naprawczy-touch-up-stick\/#breadcrumb","itemListElement":[{"@type":"ListItem","position":1,"name":"Home","item":"https:\/\/marmite-stg.mda.pl\/pl\/"},{"@type":"ListItem","position":2,"name":"O materiale","item":"https:\/\/marmite-stg.mda.pl\/pl\/material-pl\/"},{"@type":"ListItem","position":3,"name":"Naprawa","item":"https:\/\/marmite-stg.mda.pl\/pl\/material\/repairable\/"},{"@type":"ListItem","position":4,"name":"Zestaw naprawczy \u201eTouch-up Stick\u201d"}]},{"@type":"WebSite","@id":"https:\/\/marmite-stg.mda.pl\/pl\/#website","url":"https:\/\/marmite-stg.mda.pl\/pl\/","name":"Marmite","description":"Marmite","potentialAction":[{"@type":"SearchAction","target":{"@type":"EntryPoint","urlTemplate":"https:\/\/marmite-stg.mda.pl\/pl\/?s={search_term_string}"},"query-input":"required name=search_term_string"}],"inLanguage":"pl-PL"}]}},"_links":{"self":[{"href":"https:\/\/marmite-stg.mda.pl\/pl\/wp-json\/wp\/v2\/pages\/8236"}],"collection":[{"href":"https:\/\/marmite-stg.mda.pl\/pl\/wp-json\/wp\/v2\/pages"}],"about":[{"href":"https:\/\/marmite-stg.mda.pl\/pl\/wp-json\/wp\/v2\/types\/page"}],"author":[{"embeddable":true,"href":"https:\/\/marmite-stg.mda.pl\/pl\/wp-json\/wp\/v2\/users\/1"}],"replies":[{"embeddable":true,"href":"https:\/\/marmite-stg.mda.pl\/pl\/wp-json\/wp\/v2\/comments?post=8236"}],"version-history":[{"count":6,"href":"https:\/\/marmite-stg.mda.pl\/pl\/wp-json\/wp\/v2\/pages\/8236\/revisions"}],"predecessor-version":[{"id":17402,"href":"https:\/\/marmite-stg.mda.pl\/pl\/wp-json\/wp\/v2\/pages\/8236\/revisions\/17402"}],"up":[{"embeddable":true,"href":"https:\/\/marmite-stg.mda.pl\/pl\/wp-json\/wp\/v2\/pages\/1272"}],"wp:attachment":[{"href":"https:\/\/marmite-stg.mda.pl\/pl\/wp-json\/wp\/v2\/media?parent=8236"}],"curies":[{"name":"wp","href":"https:\/\/api.w.org\/{rel}","templated":true}]}}