{"id":8370,"date":"2020-02-26T10:00:19","date_gmt":"2020-02-26T10:00:19","guid":{"rendered":"https:\/\/site.marmite.mda.pl\/?page_id=8370"},"modified":"2022-06-02T08:46:33","modified_gmt":"2022-06-02T08:46:33","slug":"original-design-manufacturer-2","status":"publish","type":"page","link":"https:\/\/marmite-stg.mda.pl\/pl\/original-design-manufacturer-2\/","title":{"rendered":"Original design manufacturer"},"content":{"rendered":"<p>Jednocze\u015bnie wspieramy\u00a0naszych partner\u00f3w w dzia\u0142aniach strategicznych: analizie i uzupe\u0142nianiu portfolio produkt\u00f3w, ocenie rentowno\u015bci przedsi\u0119wzi\u0119\u0107 biznesowych, udoskonalaniu procedur poprawy i kontroli jako\u015bci.<\/p>\n<p>Dzi\u0119ki naszej kompleksowej opiece, dzieleniu si\u0119 do\u015bwiadczeniem i najwy\u017cszej jako\u015bci produkcji z Mineral Composite \u2013 dajemy naszym partnerom atrakcyjn\u0105 alternatyw\u0119 na rynku dot\u0105d zdominowanym przez wyroby ceramiczne i akrylowe.<\/p>\n","protected":false},"excerpt":{"rendered":"<p>Jednocze\u015bnie wspieramy\u00a0naszych partner\u00f3w w dzia\u0142aniach strategicznych: analizie i uzupe\u0142nianiu portfolio produkt\u00f3w, ocenie rentowno\u015bci przedsi\u0119wzi\u0119\u0107 biznesowych, udoskonalaniu procedur poprawy i kontroli jako\u015bci. Dzi\u0119ki naszej kompleksowej opiece, dzieleniu si\u0119 do\u015bwiadczeniem i najwy\u017cszej jako\u015bci produkcji z Mineral Composite \u2013 dajemy naszym partnerom atrakcyjn\u0105 alternatyw\u0119 na rynku dot\u0105d zdominowanym przez wyroby ceramiczne i akrylowe.<\/p>\n","protected":false},"author":1,"featured_media":0,"parent":0,"menu_order":15,"comment_status":"closed","ping_status":"closed","template":"page-templates\/layout_private_label.php","meta":{"footnotes":""},"acf":[],"yoast_head":"<!-- This site is optimized with the Yoast SEO plugin v20.13 - https:\/\/yoast.com\/wordpress\/plugins\/seo\/ -->\n<title>Original design manufacturer &bull; Marmite<\/title>\n<meta name=\"robots\" content=\"noindex, follow, max-snippet:-1, max-image-preview:large, max-video-preview:-1\" \/>\n<meta property=\"og:locale\" content=\"pl_PL\" \/>\n<meta property=\"og:type\" content=\"article\" \/>\n<meta property=\"og:title\" content=\"Original design manufacturer &bull; Marmite\" \/>\n<meta property=\"og:url\" content=\"https:\/\/marmite-stg.mda.pl\/pl\/original-design-manufacturer-2\/\" \/>\n<meta property=\"og:site_name\" content=\"Marmite\" \/>\n<meta property=\"article:publisher\" content=\"https:\/\/www.facebook.com\/marmiteSA\" \/>\n<meta property=\"article:modified_time\" content=\"2022-06-02T08:46:33+00:00\" \/>\n<script type=\"application\/ld+json\" class=\"yoast-schema-graph\">{\"@context\":\"https:\/\/schema.org\",\"@graph\":[{\"@type\":\"WebPage\",\"@id\":\"https:\/\/marmite-stg.mda.pl\/pl\/original-design-manufacturer-2\/\",\"url\":\"https:\/\/marmite-stg.mda.pl\/pl\/original-design-manufacturer-2\/\",\"name\":\"Original design manufacturer &bull; Marmite\",\"isPartOf\":{\"@id\":\"https:\/\/marmite-stg.mda.pl\/pl\/#website\"},\"datePublished\":\"2020-02-26T10:00:19+00:00\",\"dateModified\":\"2022-06-02T08:46:33+00:00\",\"breadcrumb\":{\"@id\":\"https:\/\/marmite-stg.mda.pl\/pl\/original-design-manufacturer-2\/#breadcrumb\"},\"inLanguage\":\"pl-PL\",\"potentialAction\":[{\"@type\":\"ReadAction\",\"target\":[\"https:\/\/marmite-stg.mda.pl\/pl\/original-design-manufacturer-2\/\"]}]},{\"@type\":\"BreadcrumbList\",\"@id\":\"https:\/\/marmite-stg.mda.pl\/pl\/original-design-manufacturer-2\/#breadcrumb\",\"itemListElement\":[{\"@type\":\"ListItem\",\"position\":1,\"name\":\"Home\",\"item\":\"https:\/\/marmite-stg.mda.pl\/pl\/\"},{\"@type\":\"ListItem\",\"position\":2,\"name\":\"Original design manufacturer\"}]},{\"@type\":\"WebSite\",\"@id\":\"https:\/\/marmite-stg.mda.pl\/pl\/#website\",\"url\":\"https:\/\/marmite-stg.mda.pl\/pl\/\",\"name\":\"Marmite\",\"description\":\"Marmite\",\"potentialAction\":[{\"@type\":\"SearchAction\",\"target\":{\"@type\":\"EntryPoint\",\"urlTemplate\":\"https:\/\/marmite-stg.mda.pl\/pl\/?s={search_term_string}\"},\"query-input\":\"required name=search_term_string\"}],\"inLanguage\":\"pl-PL\"}]}<\/script>\n<!-- \/ Yoast SEO plugin. -->","yoast_head_json":{"title":"Original design manufacturer &bull; Marmite","robots":{"index":"noindex","follow":"follow","max-snippet":"max-snippet:-1","max-image-preview":"max-image-preview:large","max-video-preview":"max-video-preview:-1"},"og_locale":"pl_PL","og_type":"article","og_title":"Original design manufacturer &bull; Marmite","og_url":"https:\/\/marmite-stg.mda.pl\/pl\/original-design-manufacturer-2\/","og_site_name":"Marmite","article_publisher":"https:\/\/www.facebook.com\/marmiteSA","article_modified_time":"2022-06-02T08:46:33+00:00","schema":{"@context":"https:\/\/schema.org","@graph":[{"@type":"WebPage","@id":"https:\/\/marmite-stg.mda.pl\/pl\/original-design-manufacturer-2\/","url":"https:\/\/marmite-stg.mda.pl\/pl\/original-design-manufacturer-2\/","name":"Original design manufacturer &bull; Marmite","isPartOf":{"@id":"https:\/\/marmite-stg.mda.pl\/pl\/#website"},"datePublished":"2020-02-26T10:00:19+00:00","dateModified":"2022-06-02T08:46:33+00:00","breadcrumb":{"@id":"https:\/\/marmite-stg.mda.pl\/pl\/original-design-manufacturer-2\/#breadcrumb"},"inLanguage":"pl-PL","potentialAction":[{"@type":"ReadAction","target":["https:\/\/marmite-stg.mda.pl\/pl\/original-design-manufacturer-2\/"]}]},{"@type":"BreadcrumbList","@id":"https:\/\/marmite-stg.mda.pl\/pl\/original-design-manufacturer-2\/#breadcrumb","itemListElement":[{"@type":"ListItem","position":1,"name":"Home","item":"https:\/\/marmite-stg.mda.pl\/pl\/"},{"@type":"ListItem","position":2,"name":"Original design manufacturer"}]},{"@type":"WebSite","@id":"https:\/\/marmite-stg.mda.pl\/pl\/#website","url":"https:\/\/marmite-stg.mda.pl\/pl\/","name":"Marmite","description":"Marmite","potentialAction":[{"@type":"SearchAction","target":{"@type":"EntryPoint","urlTemplate":"https:\/\/marmite-stg.mda.pl\/pl\/?s={search_term_string}"},"query-input":"required name=search_term_string"}],"inLanguage":"pl-PL"}]}},"_links":{"self":[{"href":"https:\/\/marmite-stg.mda.pl\/pl\/wp-json\/wp\/v2\/pages\/8370"}],"collection":[{"href":"https:\/\/marmite-stg.mda.pl\/pl\/wp-json\/wp\/v2\/pages"}],"about":[{"href":"https:\/\/marmite-stg.mda.pl\/pl\/wp-json\/wp\/v2\/types\/page"}],"author":[{"embeddable":true,"href":"https:\/\/marmite-stg.mda.pl\/pl\/wp-json\/wp\/v2\/users\/1"}],"replies":[{"embeddable":true,"href":"https:\/\/marmite-stg.mda.pl\/pl\/wp-json\/wp\/v2\/comments?post=8370"}],"version-history":[{"count":7,"href":"https:\/\/marmite-stg.mda.pl\/pl\/wp-json\/wp\/v2\/pages\/8370\/revisions"}],"predecessor-version":[{"id":24702,"href":"https:\/\/marmite-stg.mda.pl\/pl\/wp-json\/wp\/v2\/pages\/8370\/revisions\/24702"}],"wp:attachment":[{"href":"https:\/\/marmite-stg.mda.pl\/pl\/wp-json\/wp\/v2\/media?parent=8370"}],"curies":[{"name":"wp","href":"https:\/\/api.w.org\/{rel}","templated":true}]}}