{"id":1742,"date":"2015-09-29T11:11:34","date_gmt":"2015-09-29T11:11:34","guid":{"rendered":"https:\/\/site.marmite.mda.pl\/?page_id=1742"},"modified":"2023-01-05T07:32:19","modified_gmt":"2023-01-05T07:32:19","slug":"reparation","status":"publish","type":"page","link":"https:\/\/marmite-stg.mda.pl\/sv\/material-sv\/reparation\/","title":{"rendered":"Reparation"},"content":{"rendered":"<p>Reparationskitet inneh\u00e5ller allt som beh\u00f6vs f\u00f6r att anv\u00e4ndaren sj\u00e4lv ska kunna utf\u00f6ra reparationer av skadad produkt som \u00e4r gjord av gjutmarmor.<\/p>\n<p>Obs: Reparationerna skall ske i enlighet med instruktioner och s\u00e4kerhetsregler. Reparationskitet ska h\u00e5llas o\u00e5tkomlig f\u00f6r barn.<\/p>\n<p>F\u00f6r att best\u00e4lla produkten, v\u00e4nligen kontakta v\u00e5r kundtj\u00e4nst: <a href=\"mailto:order@marmite-stg.mda.pl\">order@marmite-stg.mda.pl<\/a>.<\/p>\n<div class=\"videoWrapper\"><iframe loading=\"lazy\" src=\"https:\/\/www.youtube.com\/embed\/squ6yeKqS3o?list=PLCPdcfWqyamX7oj6NluTwy_FZrOioxNso?ecver=2\" width=\"560\" height=\"315\" frameborder=\"0\" allowfullscreen=\"allowfullscreen\"><\/iframe><\/div>\n","protected":false},"excerpt":{"rendered":"<p>Reparationskitet inneh\u00e5ller allt som beh\u00f6vs f\u00f6r att anv\u00e4ndaren sj\u00e4lv ska kunna utf\u00f6ra reparationer av skadad produkt som \u00e4r gjord av gjutmarmor. Obs: Reparationerna skall ske i enlighet med instruktioner och s\u00e4kerhetsregler. Reparationskitet ska h\u00e5llas o\u00e5tkomlig f\u00f6r barn. F\u00f6r att best\u00e4lla produkten, v\u00e4nligen kontakta v\u00e5r kundtj\u00e4nst: order@marmite-stg.mda.pl.<\/p>\n","protected":false},"author":1,"featured_media":14663,"parent":1731,"menu_order":343,"comment_status":"open","ping_status":"open","template":"page-templates\/layout_repaire.php","meta":{"footnotes":""},"acf":[],"yoast_head":"<!-- This site is optimized with the Yoast SEO plugin v20.13 - https:\/\/yoast.com\/wordpress\/plugins\/seo\/ -->\n<title>Reparation &bull; Marmite<\/title>\n<meta name=\"robots\" content=\"noindex, follow, max-snippet:-1, max-image-preview:large, max-video-preview:-1\" \/>\n<meta property=\"og:locale\" content=\"sv_SE\" \/>\n<meta property=\"og:type\" content=\"article\" \/>\n<meta property=\"og:title\" content=\"Reparation &bull; Marmite\" \/>\n<meta property=\"og:url\" content=\"https:\/\/marmite-stg.mda.pl\/sv\/material-sv\/reparation\/\" \/>\n<meta property=\"og:site_name\" content=\"Marmite\" \/>\n<meta property=\"article:publisher\" content=\"https:\/\/www.facebook.com\/marmiteSA\" \/>\n<meta property=\"article:modified_time\" content=\"2023-01-05T07:32:19+00:00\" \/>\n<meta property=\"og:image\" content=\"https:\/\/marmite-stg.mda.pl\/wp-content\/uploads\/2015\/01\/material_banner.jpg\" \/>\n\t<meta property=\"og:image:width\" content=\"1880\" \/>\n\t<meta property=\"og:image:height\" content=\"400\" \/>\n\t<meta property=\"og:image:type\" content=\"image\/jpeg\" \/>\n<meta name=\"twitter:label1\" content=\"Ber\u00e4knad l\u00e4stid\" \/>\n\t<meta name=\"twitter:data1\" content=\"1 minut\" \/>\n<script type=\"application\/ld+json\" class=\"yoast-schema-graph\">{\"@context\":\"https:\/\/schema.org\",\"@graph\":[{\"@type\":\"WebPage\",\"@id\":\"https:\/\/marmite-stg.mda.pl\/sv\/material-sv\/reparation\/\",\"url\":\"https:\/\/marmite-stg.mda.pl\/sv\/material-sv\/reparation\/\",\"name\":\"Reparation &bull; Marmite\",\"isPartOf\":{\"@id\":\"https:\/\/marmite-stg.mda.pl\/sv\/#website\"},\"datePublished\":\"2015-09-29T11:11:34+00:00\",\"dateModified\":\"2023-01-05T07:32:19+00:00\",\"breadcrumb\":{\"@id\":\"https:\/\/marmite-stg.mda.pl\/sv\/material-sv\/reparation\/#breadcrumb\"},\"inLanguage\":\"sv-SE\",\"potentialAction\":[{\"@type\":\"ReadAction\",\"target\":[\"https:\/\/marmite-stg.mda.pl\/sv\/material-sv\/reparation\/\"]}]},{\"@type\":\"BreadcrumbList\",\"@id\":\"https:\/\/marmite-stg.mda.pl\/sv\/material-sv\/reparation\/#breadcrumb\",\"itemListElement\":[{\"@type\":\"ListItem\",\"position\":1,\"name\":\"Home\",\"item\":\"https:\/\/marmite-stg.mda.pl\/sv\/\"},{\"@type\":\"ListItem\",\"position\":2,\"name\":\"Material\",\"item\":\"https:\/\/marmite-stg.mda.pl\/sv\/material-sv\/\"},{\"@type\":\"ListItem\",\"position\":3,\"name\":\"Reparation\"}]},{\"@type\":\"WebSite\",\"@id\":\"https:\/\/marmite-stg.mda.pl\/sv\/#website\",\"url\":\"https:\/\/marmite-stg.mda.pl\/sv\/\",\"name\":\"Marmite\",\"description\":\"Marmite\",\"potentialAction\":[{\"@type\":\"SearchAction\",\"target\":{\"@type\":\"EntryPoint\",\"urlTemplate\":\"https:\/\/marmite-stg.mda.pl\/sv\/?s={search_term_string}\"},\"query-input\":\"required name=search_term_string\"}],\"inLanguage\":\"sv-SE\"}]}<\/script>\n<!-- \/ Yoast SEO plugin. -->","yoast_head_json":{"title":"Reparation &bull; Marmite","robots":{"index":"noindex","follow":"follow","max-snippet":"max-snippet:-1","max-image-preview":"max-image-preview:large","max-video-preview":"max-video-preview:-1"},"og_locale":"sv_SE","og_type":"article","og_title":"Reparation &bull; Marmite","og_url":"https:\/\/marmite-stg.mda.pl\/sv\/material-sv\/reparation\/","og_site_name":"Marmite","article_publisher":"https:\/\/www.facebook.com\/marmiteSA","article_modified_time":"2023-01-05T07:32:19+00:00","og_image":[{"width":1880,"height":400,"url":"https:\/\/marmite-stg.mda.pl\/wp-content\/uploads\/2015\/01\/material_banner.jpg","type":"image\/jpeg"}],"twitter_misc":{"Ber\u00e4knad l\u00e4stid":"1 minut"},"schema":{"@context":"https:\/\/schema.org","@graph":[{"@type":"WebPage","@id":"https:\/\/marmite-stg.mda.pl\/sv\/material-sv\/reparation\/","url":"https:\/\/marmite-stg.mda.pl\/sv\/material-sv\/reparation\/","name":"Reparation &bull; Marmite","isPartOf":{"@id":"https:\/\/marmite-stg.mda.pl\/sv\/#website"},"datePublished":"2015-09-29T11:11:34+00:00","dateModified":"2023-01-05T07:32:19+00:00","breadcrumb":{"@id":"https:\/\/marmite-stg.mda.pl\/sv\/material-sv\/reparation\/#breadcrumb"},"inLanguage":"sv-SE","potentialAction":[{"@type":"ReadAction","target":["https:\/\/marmite-stg.mda.pl\/sv\/material-sv\/reparation\/"]}]},{"@type":"BreadcrumbList","@id":"https:\/\/marmite-stg.mda.pl\/sv\/material-sv\/reparation\/#breadcrumb","itemListElement":[{"@type":"ListItem","position":1,"name":"Home","item":"https:\/\/marmite-stg.mda.pl\/sv\/"},{"@type":"ListItem","position":2,"name":"Material","item":"https:\/\/marmite-stg.mda.pl\/sv\/material-sv\/"},{"@type":"ListItem","position":3,"name":"Reparation"}]},{"@type":"WebSite","@id":"https:\/\/marmite-stg.mda.pl\/sv\/#website","url":"https:\/\/marmite-stg.mda.pl\/sv\/","name":"Marmite","description":"Marmite","potentialAction":[{"@type":"SearchAction","target":{"@type":"EntryPoint","urlTemplate":"https:\/\/marmite-stg.mda.pl\/sv\/?s={search_term_string}"},"query-input":"required name=search_term_string"}],"inLanguage":"sv-SE"}]}},"_links":{"self":[{"href":"https:\/\/marmite-stg.mda.pl\/sv\/wp-json\/wp\/v2\/pages\/1742"}],"collection":[{"href":"https:\/\/marmite-stg.mda.pl\/sv\/wp-json\/wp\/v2\/pages"}],"about":[{"href":"https:\/\/marmite-stg.mda.pl\/sv\/wp-json\/wp\/v2\/types\/page"}],"author":[{"embeddable":true,"href":"https:\/\/marmite-stg.mda.pl\/sv\/wp-json\/wp\/v2\/users\/1"}],"replies":[{"embeddable":true,"href":"https:\/\/marmite-stg.mda.pl\/sv\/wp-json\/wp\/v2\/comments?post=1742"}],"version-history":[{"count":13,"href":"https:\/\/marmite-stg.mda.pl\/sv\/wp-json\/wp\/v2\/pages\/1742\/revisions"}],"predecessor-version":[{"id":26643,"href":"https:\/\/marmite-stg.mda.pl\/sv\/wp-json\/wp\/v2\/pages\/1742\/revisions\/26643"}],"up":[{"embeddable":true,"href":"https:\/\/marmite-stg.mda.pl\/sv\/wp-json\/wp\/v2\/pages\/1731"}],"wp:featuredmedia":[{"embeddable":true,"href":"https:\/\/marmite-stg.mda.pl\/sv\/wp-json\/wp\/v2\/media\/14663"}],"wp:attachment":[{"href":"https:\/\/marmite-stg.mda.pl\/sv\/wp-json\/wp\/v2\/media?parent=1742"}],"curies":[{"name":"wp","href":"https:\/\/api.w.org\/{rel}","templated":true}]}}