{"id":1769,"date":"2015-09-29T11:29:02","date_gmt":"2015-09-29T11:29:02","guid":{"rendered":"https:\/\/site.marmite.mda.pl\/?page_id=1769"},"modified":"2021-11-12T09:38:17","modified_gmt":"2021-11-12T09:38:17","slug":"kontakt-sv","status":"publish","type":"page","link":"https:\/\/marmite-stg.mda.pl\/sv\/kontakt-sv\/","title":{"rendered":"Kontakt"},"content":{"rendered":"\n<div class=\"wpcf7 no-js\" id=\"wpcf7-f1808-o1\" lang=\"pl-PL\" dir=\"ltr\">\n<div class=\"screen-reader-response\"><p role=\"status\" aria-live=\"polite\" aria-atomic=\"true\"><\/p> <ul><\/ul><\/div>\n<form action=\"\/sv\/wp-json\/wp\/v2\/pages\/1769#wpcf7-f1808-o1\" method=\"post\" class=\"wpcf7-form init\" aria-label=\"Formularz kontaktowy\" novalidate=\"novalidate\" data-status=\"init\">\n<div style=\"display: none;\">\n<input type=\"hidden\" name=\"_wpcf7\" value=\"1808\" \/>\n<input type=\"hidden\" name=\"_wpcf7_version\" value=\"5.8\" \/>\n<input type=\"hidden\" name=\"_wpcf7_locale\" value=\"pl_PL\" \/>\n<input type=\"hidden\" name=\"_wpcf7_unit_tag\" value=\"wpcf7-f1808-o1\" \/>\n<input type=\"hidden\" name=\"_wpcf7_container_post\" value=\"0\" \/>\n<input type=\"hidden\" name=\"_wpcf7_posted_data_hash\" value=\"\" \/>\n<\/div>\n<div class=\"row cf7-form\">\n\t<div class=\"col-12 col-xs-6\">\n\t\t<div class=\"form-input__group\">\n\t\t\t<p><label class=\"form__label\">Namn *<\/label><span class=\"wpcf7-form-control-wrap\" data-name=\"first-name\"><input size=\"40\" class=\"wpcf7-form-control wpcf7-text wpcf7-validates-as-required form__input form__input--border form__input--full form__input--default\" aria-required=\"true\" aria-invalid=\"false\" value=\"\" type=\"text\" name=\"first-name\" \/><\/span>\n\t\t\t<\/p>\n\t\t<\/div>\n\t<\/div>\n\t<div class=\"col-12 col-xs-6\">\n\t\t<div class=\"form-input__group\">\n\t\t\t<p><label class=\"form__label\">Efternamn *<\/label><span class=\"wpcf7-form-control-wrap\" data-name=\"last-name\"><input size=\"40\" class=\"wpcf7-form-control wpcf7-text wpcf7-validates-as-required form__input form__input--border form__input--full form__input--default\" aria-required=\"true\" aria-invalid=\"false\" value=\"\" type=\"text\" name=\"last-name\" \/><\/span>\n\t\t\t<\/p>\n\t\t<\/div>\n\t<\/div>\n\t<div class=\"col-12 col-xs-6\">\n\t\t<div class=\"form-input__group\">\n\t\t\t<p><label class=\"form__label\">E-post *<\/label><span class=\"wpcf7-form-control-wrap\" data-name=\"email\"><input size=\"40\" class=\"wpcf7-form-control wpcf7-email wpcf7-validates-as-required wpcf7-text wpcf7-validates-as-email form__input form__input--border form__input--full form__input--default\" aria-required=\"true\" aria-invalid=\"false\" value=\"\" type=\"email\" name=\"email\" \/><\/span>\n\t\t\t<\/p>\n\t\t<\/div>\n\t<\/div>\n\t<div class=\"col-12 col-xs-6\">\n\t\t<div class=\"form-input__group\">\n\t\t\t<p><label class=\"form__label\">Telefon<\/label><span class=\"wpcf7-form-control-wrap\" data-name=\"number\"><input size=\"40\" class=\"wpcf7-form-control wpcf7-tel wpcf7-text wpcf7-validates-as-tel form__input form__input--border form__input--full form__input--default\" aria-invalid=\"false\" value=\"\" type=\"tel\" name=\"number\" \/><\/span>\n\t\t\t<\/p>\n\t\t<\/div>\n\t<\/div>\n\t<div class=\"col-12\">\n\t\t<div class=\"form-input__group\">\n\t\t\t<p><label class=\"form__label\">Titel *<\/label><span class=\"wpcf7-form-control-wrap\" data-name=\"title\"><select class=\"wpcf7-form-control wpcf7-select wpcf7-validates-as-required select\" aria-required=\"true\" aria-invalid=\"false\" name=\"title\"><option value=\"F\u00f6rfr\u00e5gan om produkter\">F\u00f6rfr\u00e5gan om produkter<\/option><option value=\"Klagom\u00e5l\">Klagom\u00e5l<\/option><option value=\"\u00d6vrigt\">\u00d6vrigt<\/option><\/select><\/span>\n\t\t\t<\/p>\n\t\t<\/div>\n\t<\/div>\n\t<div class=\"col-12\">\n\t\t<div class=\"form-input__group\">\n\t\t\t<p><label class=\"form__label\">\u00c4mne *<\/label><br \/>\n<span class=\"wpcf7-form-control-wrap\" data-name=\"subject\"><input size=\"40\" class=\"wpcf7-form-control wpcf7-text wpcf7-validates-as-required form__input form__input--border form__input--full form__input--default\" aria-required=\"true\" aria-invalid=\"false\" value=\"\" type=\"text\" name=\"subject\" \/><\/span>\n\t\t\t<\/p>\n\t\t<\/div>\n\t<\/div>\n\t<div class=\"col-12\">\n\t\t<div class=\"form-input__group\">\n\t\t\t<p><label class=\"form__label\">Meddelande *<\/label><br \/>\n<span class=\"wpcf7-form-control-wrap\" data-name=\"message\"><textarea cols=\"40\" rows=\"10\" class=\"wpcf7-form-control wpcf7-textarea wpcf7-validates-as-required form__input form__input--border form__input--full form__input--default form__textarea\" aria-required=\"true\" aria-invalid=\"false\" name=\"message\"><\/textarea><\/span>\n\t\t\t<\/p>\n\t\t<\/div>\n\t<\/div>\n\t<div class=\"col-12\">\n\t\t<div class=\"form-input__group mb-3 mb-xs-5\">\n\t\t\t<div class=\"form-input__group-text\">\n\t\t\t\t<p class=\"h h--6\">Samtycke till behandling av personuppgifter\n\t\t\t\t<\/p>\n\t\t\t\t<p class=\"text text--medium text--alert\"><a href=\"\/sv\/angra-ditt-godkannande\/\">Observera att du n\u00e4r som helst kan \u00e5terkalla ditt samtycke.<\/a>\n\t\t\t\t<\/p>\n\t\t\t\t<p class=\"text text--small\">\u00c5terkallandet av samtycket kommer dock inte att p\u00e5verka lagligheten av behandling som grundat sig p\u00e5 samtycket, innan detta \u00e5terkallas.\n\t\t\t\t<\/p>\n\t\t\t\t<p class=\"text text--small\">Samtycker du till behandling av dina personuppgifter (i form av din elektroniska adress, f\u00f6r- och efternamn och telefonnummer) av Marmite sp. z o.o. med s\u00e4te i Zakrzewo (ul. Przemys\u0142owa 4, 62-070 Dopiewo, KRS-nummer 0000581685, nedan kallat: \u201cMarmite\u201d) f\u00f6r marknadsf\u00f6rings\u00e4ndam\u00e5l hos Marmite (t.ex. skicka kommersiella meddelanden, skicka nyhetsbrev, skicka inbjudningar till m\u00e4ssor, skicka julkort)?\n\t\t\t\t<\/p>\n\t\t\t<\/div>\n\t\t\t<div class=\"cf7-checkboxes\">\n\t\t\t\t<p><span class=\"wpcf7-form-control-wrap\" data-name=\"dane-osobowe\"><span class=\"wpcf7-form-control wpcf7-checkbox wpcf7-validates-as-required wpcf7-exclusive-checkbox\"><span class=\"wpcf7-list-item first\"><label><input type=\"checkbox\" name=\"dane-osobowe\" value=\"JA\" \/><span class=\"wpcf7-list-item-label\">JA<\/span><\/label><\/span><span class=\"wpcf7-list-item last\"><label><input type=\"checkbox\" name=\"dane-osobowe\" value=\"NEJ\" \/><span class=\"wpcf7-list-item-label\">NEJ<\/span><\/label><\/span><\/span><\/span>\n\t\t\t\t<\/p>\n\t\t\t<\/div>\n\t\t<\/div>\n\t<\/div>\n\t<div class=\"col-12\">\n\t\t<div class=\"form-input__group mb-3 mb-xs-5\">\n\t\t\t<div class=\"form-input__group-text\">\n\t\t\t\t<p class=\"h h--6\">Samtycke till att skicka kommersiella meddelanden p\u00e5 elektronisk v\u00e4g\n\t\t\t\t<\/p>\n\t\t\t\t<p class=\"text text--medium text--alert\"><a href=\"\/sv\/angra-ditt-godkannande\/\">Observera att du n\u00e4r som helst kan \u00e5terkalla ditt samtycke.<\/a>\n\t\t\t\t<\/p>\n\t\t\t\t<p class=\"text text--small\">Samtycker du till att ta emot kommersiella meddelanden elektroniskt fr\u00e5n Marmite sp. z o.o. med s\u00e4te Zakrzewo (ul. Przemys\u0142owa 4, 62-070 Dopiewo, KRS-nummer 0000581685) till den elektroniska adress du har angett enligt de best\u00e4mmelser som g\u00e4ller f\u00f6r tillhandah\u00e5llande av tj\u00e4nster p\u00e5 elektronisk v\u00e4g?\n\t\t\t\t<\/p>\n\t\t\t<\/div>\n\t\t\t<div class=\"cf7-checkboxes\">\n\t\t\t\t<p><span class=\"wpcf7-form-control-wrap\" data-name=\"droga-elektroniczna\"><span class=\"wpcf7-form-control wpcf7-checkbox wpcf7-validates-as-required wpcf7-exclusive-checkbox\"><span class=\"wpcf7-list-item first\"><label><input type=\"checkbox\" name=\"droga-elektroniczna\" value=\"JA\" \/><span class=\"wpcf7-list-item-label\">JA<\/span><\/label><\/span><span class=\"wpcf7-list-item last\"><label><input type=\"checkbox\" name=\"droga-elektroniczna\" value=\"NEJ\" \/><span class=\"wpcf7-list-item-label\">NEJ<\/span><\/label><\/span><\/span><\/span>\n\t\t\t\t<\/p>\n\t\t\t<\/div>\n\t\t<\/div>\n\t<\/div>\n\t<div class=\"col-12\">\n\t\t<div class=\"form-input__group mb-3 mb-xs-5\">\n\t\t\t<div class=\"form-input__group-text\">\n\t\t\t\t<p class=\"h h--6\">Samtycke till anv\u00e4ndning av teleterminalutrustning\n\t\t\t\t<\/p>\n\t\t\t\t<p class=\"text text--medium text--alert\"><a href=\"\/sv\/angra-ditt-godkannande\/\">Observera att du n\u00e4r som helst kan \u00e5terkalla ditt samtycke.<\/a>\n\t\t\t\t<\/p>\n\t\t\t\t<p class=\"text text--small\">Samtycker du till anv\u00e4ndning av teleterminalutrustning (t.ex. dator, telefon) f\u00f6r direkt marknadsf\u00f6ring av Marmite sp. z o.o. med s\u00e4te i Zakrzewo (ul. Przemys\u0142owa 4, 62-070 Dopiewo, KRS-nummer 0000581685) enligt telekommunikationslagen eller andra relevanta best\u00e4mmelser?\n\t\t\t\t<\/p>\n\t\t\t<\/div>\n\t\t\t<div class=\"cf7-checkboxes\">\n\t\t\t\t<p><span class=\"wpcf7-form-control-wrap\" data-name=\"urzadzenia-koncowe\"><span class=\"wpcf7-form-control wpcf7-checkbox wpcf7-validates-as-required wpcf7-exclusive-checkbox\"><span class=\"wpcf7-list-item first\"><label><input type=\"checkbox\" name=\"urzadzenia-koncowe\" value=\"JA\" \/><span class=\"wpcf7-list-item-label\">JA<\/span><\/label><\/span><span class=\"wpcf7-list-item last\"><label><input type=\"checkbox\" name=\"urzadzenia-koncowe\" value=\"NEJ\" \/><span class=\"wpcf7-list-item-label\">NEJ<\/span><\/label><\/span><\/span><\/span>\n\t\t\t\t<\/p>\n\t\t\t<\/div>\n\t\t<\/div>\n\t<\/div>\n<\/div>\n<div class=\"form-footer form-footer--small\">\n\t<div class=\"form-footer__info\">\n\t\t<p>* n\u00f6dv\u00e4ndig\n\t\t<\/p>\n\t<\/div>\n\t<p><input class=\"wpcf7-form-control wpcf7-submit has-spinner button button--red\" type=\"submit\" value=\"Skicka meddelandet\" \/>\n\t<\/p>\n<\/div><div class=\"wpcf7-response-output\" aria-hidden=\"true\"><\/div>\n<\/form>\n<\/div>\n\n","protected":false},"excerpt":{"rendered":"","protected":false},"author":1,"featured_media":0,"parent":0,"menu_order":366,"comment_status":"open","ping_status":"closed","template":"page-templates\/contact.php","meta":{"footnotes":""},"acf":[],"yoast_head":"<!-- This site is optimized with the Yoast SEO plugin v20.13 - https:\/\/yoast.com\/wordpress\/plugins\/seo\/ -->\n<title>Kontakt &bull; Marmite<\/title>\n<meta name=\"robots\" content=\"noindex, follow, max-snippet:-1, max-image-preview:large, max-video-preview:-1\" \/>\n<meta property=\"og:locale\" content=\"sv_SE\" \/>\n<meta property=\"og:type\" content=\"article\" \/>\n<meta property=\"og:title\" content=\"Kontakt &bull; Marmite\" \/>\n<meta property=\"og:url\" content=\"https:\/\/marmite-stg.mda.pl\/sv\/kontakt-sv\/\" \/>\n<meta property=\"og:site_name\" content=\"Marmite\" \/>\n<meta property=\"article:publisher\" content=\"https:\/\/www.facebook.com\/marmiteSA\" \/>\n<meta property=\"article:modified_time\" content=\"2021-11-12T09:38:17+00:00\" \/>\n<script type=\"application\/ld+json\" class=\"yoast-schema-graph\">{\"@context\":\"https:\/\/schema.org\",\"@graph\":[{\"@type\":\"WebPage\",\"@id\":\"https:\/\/marmite-stg.mda.pl\/sv\/kontakt-sv\/\",\"url\":\"https:\/\/marmite-stg.mda.pl\/sv\/kontakt-sv\/\",\"name\":\"Kontakt &bull; Marmite\",\"isPartOf\":{\"@id\":\"https:\/\/marmite-stg.mda.pl\/sv\/#website\"},\"datePublished\":\"2015-09-29T11:29:02+00:00\",\"dateModified\":\"2021-11-12T09:38:17+00:00\",\"breadcrumb\":{\"@id\":\"https:\/\/marmite-stg.mda.pl\/sv\/kontakt-sv\/#breadcrumb\"},\"inLanguage\":\"sv-SE\",\"potentialAction\":[{\"@type\":\"ReadAction\",\"target\":[\"https:\/\/marmite-stg.mda.pl\/sv\/kontakt-sv\/\"]}]},{\"@type\":\"BreadcrumbList\",\"@id\":\"https:\/\/marmite-stg.mda.pl\/sv\/kontakt-sv\/#breadcrumb\",\"itemListElement\":[{\"@type\":\"ListItem\",\"position\":1,\"name\":\"Home\",\"item\":\"https:\/\/marmite-stg.mda.pl\/sv\/\"},{\"@type\":\"ListItem\",\"position\":2,\"name\":\"Kontakt\"}]},{\"@type\":\"WebSite\",\"@id\":\"https:\/\/marmite-stg.mda.pl\/sv\/#website\",\"url\":\"https:\/\/marmite-stg.mda.pl\/sv\/\",\"name\":\"Marmite\",\"description\":\"Marmite\",\"potentialAction\":[{\"@type\":\"SearchAction\",\"target\":{\"@type\":\"EntryPoint\",\"urlTemplate\":\"https:\/\/marmite-stg.mda.pl\/sv\/?s={search_term_string}\"},\"query-input\":\"required name=search_term_string\"}],\"inLanguage\":\"sv-SE\"}]}<\/script>\n<!-- \/ Yoast SEO plugin. -->","yoast_head_json":{"title":"Kontakt &bull; Marmite","robots":{"index":"noindex","follow":"follow","max-snippet":"max-snippet:-1","max-image-preview":"max-image-preview:large","max-video-preview":"max-video-preview:-1"},"og_locale":"sv_SE","og_type":"article","og_title":"Kontakt &bull; Marmite","og_url":"https:\/\/marmite-stg.mda.pl\/sv\/kontakt-sv\/","og_site_name":"Marmite","article_publisher":"https:\/\/www.facebook.com\/marmiteSA","article_modified_time":"2021-11-12T09:38:17+00:00","schema":{"@context":"https:\/\/schema.org","@graph":[{"@type":"WebPage","@id":"https:\/\/marmite-stg.mda.pl\/sv\/kontakt-sv\/","url":"https:\/\/marmite-stg.mda.pl\/sv\/kontakt-sv\/","name":"Kontakt &bull; Marmite","isPartOf":{"@id":"https:\/\/marmite-stg.mda.pl\/sv\/#website"},"datePublished":"2015-09-29T11:29:02+00:00","dateModified":"2021-11-12T09:38:17+00:00","breadcrumb":{"@id":"https:\/\/marmite-stg.mda.pl\/sv\/kontakt-sv\/#breadcrumb"},"inLanguage":"sv-SE","potentialAction":[{"@type":"ReadAction","target":["https:\/\/marmite-stg.mda.pl\/sv\/kontakt-sv\/"]}]},{"@type":"BreadcrumbList","@id":"https:\/\/marmite-stg.mda.pl\/sv\/kontakt-sv\/#breadcrumb","itemListElement":[{"@type":"ListItem","position":1,"name":"Home","item":"https:\/\/marmite-stg.mda.pl\/sv\/"},{"@type":"ListItem","position":2,"name":"Kontakt"}]},{"@type":"WebSite","@id":"https:\/\/marmite-stg.mda.pl\/sv\/#website","url":"https:\/\/marmite-stg.mda.pl\/sv\/","name":"Marmite","description":"Marmite","potentialAction":[{"@type":"SearchAction","target":{"@type":"EntryPoint","urlTemplate":"https:\/\/marmite-stg.mda.pl\/sv\/?s={search_term_string}"},"query-input":"required name=search_term_string"}],"inLanguage":"sv-SE"}]}},"_links":{"self":[{"href":"https:\/\/marmite-stg.mda.pl\/sv\/wp-json\/wp\/v2\/pages\/1769"}],"collection":[{"href":"https:\/\/marmite-stg.mda.pl\/sv\/wp-json\/wp\/v2\/pages"}],"about":[{"href":"https:\/\/marmite-stg.mda.pl\/sv\/wp-json\/wp\/v2\/types\/page"}],"author":[{"embeddable":true,"href":"https:\/\/marmite-stg.mda.pl\/sv\/wp-json\/wp\/v2\/users\/1"}],"replies":[{"embeddable":true,"href":"https:\/\/marmite-stg.mda.pl\/sv\/wp-json\/wp\/v2\/comments?post=1769"}],"version-history":[{"count":7,"href":"https:\/\/marmite-stg.mda.pl\/sv\/wp-json\/wp\/v2\/pages\/1769\/revisions"}],"predecessor-version":[{"id":22096,"href":"https:\/\/marmite-stg.mda.pl\/sv\/wp-json\/wp\/v2\/pages\/1769\/revisions\/22096"}],"wp:attachment":[{"href":"https:\/\/marmite-stg.mda.pl\/sv\/wp-json\/wp\/v2\/media?parent=1769"}],"curies":[{"name":"wp","href":"https:\/\/api.w.org\/{rel}","templated":true}]}}