{"id":1789,"date":"2015-09-29T11:56:42","date_gmt":"2015-09-29T11:56:42","guid":{"rendered":"https:\/\/site.marmite.mda.pl\/?page_id=1789"},"modified":"2023-02-15T10:34:59","modified_gmt":"2023-02-15T10:34:59","slug":"farger","status":"publish","type":"page","link":"https:\/\/marmite-stg.mda.pl\/sv\/material-sv\/farger\/","title":{"rendered":"F\u00e4rger"},"content":{"rendered":"<p>Mineral Composite \u00e4r ett material som ger dig full designfrihet. Tack vare dess egenskaper kan vi designa och tillverka produkter av valfri form, f\u00e4rg och struktur. Det material som Marmite-produkter tillverkas av anknyter direkt till naturliga r\u00e5varor. Och precis som dem &#8211; det har en unik karakt\u00e4r och passar perfekt i inredningen av ett modernt badrum.<\/p>\n<p>Nedan presenterar vi v\u00e5ra standardm\u00f6nster. Men vi \u00e4r beredda att uppfylla v\u00e5ra kunders speciella \u00f6nskem\u00e5l &#8211; matcha r\u00e4tt f\u00e4rger och typ av ytor efter specifika behov och best\u00e4llningar.<\/p>\n","protected":false},"excerpt":{"rendered":"<p>Mineral Composite \u00e4r ett material som ger dig full designfrihet. Tack vare dess egenskaper kan vi designa och tillverka produkter av valfri form, f\u00e4rg och struktur. Det material som Marmite-produkter tillverkas av anknyter direkt till naturliga r\u00e5varor. Och precis som dem &#8211; det har en unik karakt\u00e4r och passar perfekt i inredningen av ett modernt [&hellip;]<\/p>\n","protected":false},"author":1,"featured_media":7581,"parent":1731,"menu_order":298,"comment_status":"open","ping_status":"closed","template":"page-templates\/layout_colors.php","meta":{"footnotes":""},"acf":[],"yoast_head":"<!-- This site is optimized with the Yoast SEO plugin v20.13 - https:\/\/yoast.com\/wordpress\/plugins\/seo\/ -->\n<title>F\u00e4rger &bull; Marmite<\/title>\n<meta name=\"robots\" content=\"noindex, follow, max-snippet:-1, max-image-preview:large, max-video-preview:-1\" \/>\n<meta property=\"og:locale\" content=\"sv_SE\" \/>\n<meta property=\"og:type\" content=\"article\" \/>\n<meta property=\"og:title\" content=\"F\u00e4rger &bull; Marmite\" \/>\n<meta property=\"og:url\" content=\"https:\/\/marmite-stg.mda.pl\/sv\/material-sv\/farger\/\" \/>\n<meta property=\"og:site_name\" content=\"Marmite\" \/>\n<meta property=\"article:publisher\" content=\"https:\/\/www.facebook.com\/marmiteSA\" \/>\n<meta property=\"article:modified_time\" content=\"2023-02-15T10:34:59+00:00\" \/>\n<meta property=\"og:image\" content=\"https:\/\/marmite-stg.mda.pl\/wp-content\/uploads\/2015\/01\/material_banner.jpg\" \/>\n\t<meta property=\"og:image:width\" content=\"1880\" \/>\n\t<meta property=\"og:image:height\" content=\"400\" \/>\n\t<meta property=\"og:image:type\" content=\"image\/jpeg\" \/>\n<meta name=\"twitter:label1\" content=\"Ber\u00e4knad l\u00e4stid\" \/>\n\t<meta name=\"twitter:data1\" content=\"1 minut\" \/>\n<script type=\"application\/ld+json\" class=\"yoast-schema-graph\">{\"@context\":\"https:\/\/schema.org\",\"@graph\":[{\"@type\":\"WebPage\",\"@id\":\"https:\/\/marmite-stg.mda.pl\/sv\/material-sv\/farger\/\",\"url\":\"https:\/\/marmite-stg.mda.pl\/sv\/material-sv\/farger\/\",\"name\":\"F\u00e4rger &bull; Marmite\",\"isPartOf\":{\"@id\":\"https:\/\/marmite-stg.mda.pl\/sv\/#website\"},\"datePublished\":\"2015-09-29T11:56:42+00:00\",\"dateModified\":\"2023-02-15T10:34:59+00:00\",\"breadcrumb\":{\"@id\":\"https:\/\/marmite-stg.mda.pl\/sv\/material-sv\/farger\/#breadcrumb\"},\"inLanguage\":\"sv-SE\",\"potentialAction\":[{\"@type\":\"ReadAction\",\"target\":[\"https:\/\/marmite-stg.mda.pl\/sv\/material-sv\/farger\/\"]}]},{\"@type\":\"BreadcrumbList\",\"@id\":\"https:\/\/marmite-stg.mda.pl\/sv\/material-sv\/farger\/#breadcrumb\",\"itemListElement\":[{\"@type\":\"ListItem\",\"position\":1,\"name\":\"Home\",\"item\":\"https:\/\/marmite-stg.mda.pl\/sv\/\"},{\"@type\":\"ListItem\",\"position\":2,\"name\":\"Material\",\"item\":\"https:\/\/marmite-stg.mda.pl\/sv\/material-sv\/\"},{\"@type\":\"ListItem\",\"position\":3,\"name\":\"F\u00e4rger\"}]},{\"@type\":\"WebSite\",\"@id\":\"https:\/\/marmite-stg.mda.pl\/sv\/#website\",\"url\":\"https:\/\/marmite-stg.mda.pl\/sv\/\",\"name\":\"Marmite\",\"description\":\"Marmite\",\"potentialAction\":[{\"@type\":\"SearchAction\",\"target\":{\"@type\":\"EntryPoint\",\"urlTemplate\":\"https:\/\/marmite-stg.mda.pl\/sv\/?s={search_term_string}\"},\"query-input\":\"required name=search_term_string\"}],\"inLanguage\":\"sv-SE\"}]}<\/script>\n<!-- \/ Yoast SEO plugin. -->","yoast_head_json":{"title":"F\u00e4rger &bull; Marmite","robots":{"index":"noindex","follow":"follow","max-snippet":"max-snippet:-1","max-image-preview":"max-image-preview:large","max-video-preview":"max-video-preview:-1"},"og_locale":"sv_SE","og_type":"article","og_title":"F\u00e4rger &bull; Marmite","og_url":"https:\/\/marmite-stg.mda.pl\/sv\/material-sv\/farger\/","og_site_name":"Marmite","article_publisher":"https:\/\/www.facebook.com\/marmiteSA","article_modified_time":"2023-02-15T10:34:59+00:00","og_image":[{"width":1880,"height":400,"url":"https:\/\/marmite-stg.mda.pl\/wp-content\/uploads\/2015\/01\/material_banner.jpg","type":"image\/jpeg"}],"twitter_misc":{"Ber\u00e4knad l\u00e4stid":"1 minut"},"schema":{"@context":"https:\/\/schema.org","@graph":[{"@type":"WebPage","@id":"https:\/\/marmite-stg.mda.pl\/sv\/material-sv\/farger\/","url":"https:\/\/marmite-stg.mda.pl\/sv\/material-sv\/farger\/","name":"F\u00e4rger &bull; Marmite","isPartOf":{"@id":"https:\/\/marmite-stg.mda.pl\/sv\/#website"},"datePublished":"2015-09-29T11:56:42+00:00","dateModified":"2023-02-15T10:34:59+00:00","breadcrumb":{"@id":"https:\/\/marmite-stg.mda.pl\/sv\/material-sv\/farger\/#breadcrumb"},"inLanguage":"sv-SE","potentialAction":[{"@type":"ReadAction","target":["https:\/\/marmite-stg.mda.pl\/sv\/material-sv\/farger\/"]}]},{"@type":"BreadcrumbList","@id":"https:\/\/marmite-stg.mda.pl\/sv\/material-sv\/farger\/#breadcrumb","itemListElement":[{"@type":"ListItem","position":1,"name":"Home","item":"https:\/\/marmite-stg.mda.pl\/sv\/"},{"@type":"ListItem","position":2,"name":"Material","item":"https:\/\/marmite-stg.mda.pl\/sv\/material-sv\/"},{"@type":"ListItem","position":3,"name":"F\u00e4rger"}]},{"@type":"WebSite","@id":"https:\/\/marmite-stg.mda.pl\/sv\/#website","url":"https:\/\/marmite-stg.mda.pl\/sv\/","name":"Marmite","description":"Marmite","potentialAction":[{"@type":"SearchAction","target":{"@type":"EntryPoint","urlTemplate":"https:\/\/marmite-stg.mda.pl\/sv\/?s={search_term_string}"},"query-input":"required name=search_term_string"}],"inLanguage":"sv-SE"}]}},"_links":{"self":[{"href":"https:\/\/marmite-stg.mda.pl\/sv\/wp-json\/wp\/v2\/pages\/1789"}],"collection":[{"href":"https:\/\/marmite-stg.mda.pl\/sv\/wp-json\/wp\/v2\/pages"}],"about":[{"href":"https:\/\/marmite-stg.mda.pl\/sv\/wp-json\/wp\/v2\/types\/page"}],"author":[{"embeddable":true,"href":"https:\/\/marmite-stg.mda.pl\/sv\/wp-json\/wp\/v2\/users\/1"}],"replies":[{"embeddable":true,"href":"https:\/\/marmite-stg.mda.pl\/sv\/wp-json\/wp\/v2\/comments?post=1789"}],"version-history":[{"count":20,"href":"https:\/\/marmite-stg.mda.pl\/sv\/wp-json\/wp\/v2\/pages\/1789\/revisions"}],"predecessor-version":[{"id":27122,"href":"https:\/\/marmite-stg.mda.pl\/sv\/wp-json\/wp\/v2\/pages\/1789\/revisions\/27122"}],"up":[{"embeddable":true,"href":"https:\/\/marmite-stg.mda.pl\/sv\/wp-json\/wp\/v2\/pages\/1731"}],"wp:featuredmedia":[{"embeddable":true,"href":"https:\/\/marmite-stg.mda.pl\/sv\/wp-json\/wp\/v2\/media\/7581"}],"wp:attachment":[{"href":"https:\/\/marmite-stg.mda.pl\/sv\/wp-json\/wp\/v2\/media?parent=1789"}],"curies":[{"name":"wp","href":"https:\/\/api.w.org\/{rel}","templated":true}]}}