{"id":4047,"date":"2018-06-28T12:25:30","date_gmt":"2018-06-28T12:25:30","guid":{"rendered":"https:\/\/site.marmite.mda.pl\/?page_id=4047"},"modified":"2020-03-23T13:54:26","modified_gmt":"2020-03-23T13:54:26","slug":"cookies-policy","status":"publish","type":"page","link":"https:\/\/marmite-stg.mda.pl\/sv\/cookies-policy\/","title":{"rendered":"Cookie policy"},"content":{"rendered":"<div class=\"mps\">\n<p>Marmite sp.z o.o. anv\u00e4nder sig av cookie-filer inom sin verksamhet. Dessa anv\u00e4nds f\u00f6r att observera och analysera trafiken p\u00e5 v\u00e5r hemsida. Vi hanterar dock inte dina personuppgifter d\u00e5 enligt GDPR.<\/p>\n<p>Nedan finns mera detaljer om regler avseende lagring och tillg\u00e5ng till data med cookie-filer p\u00e5 dina slutanordningar. Med &#8221;anordningar&#8221; anses elektroniska anordningar som du anv\u00e4nder f\u00f6r att l\u00e4sa v\u00e5r hemsida. <\/p>\n<h3>1.\tVAD \u00c4R COOKIE-FILER?<\/h3>\n<p>Cookie-filer \u00e4r IT-data (t.ex. sm\u00e5 textfiler) som sparas och lagras p\u00e5 anordningar som du anv\u00e4nder f\u00f6r att l\u00e4sa v\u00e5r hemsida. <\/p>\n<p>Det finns tv\u00e5 typer av cookie-filer:<\/p>\n<ol type=\"a\">\n<li>Dataansvariges cookie-filer (dvs. v\u00e5ra cookie-filer) &#8211; som vi placerar n\u00e4r vi levererar e-tj\u00e4nster (t.ex. med v\u00e5r hemsida), <\/li>\n<li>utomst\u00e5ende cookie-filer &#8211; cookie-filer som v\u00e5ra samarbetspartners placerar med v\u00e5r hemsida. <\/li>\n<\/ol>\n<h3>2.\tVILKA COOKIE-FILER SOM ANV\u00c4NDS?<\/h3>\n<p>Vi anv\u00e4nder oss av tv\u00e5 typer av cookie-filer:<\/p>\n<ol type=\"a\">\n<li>sessionscookies &#8211; filer som sparas p\u00e5 din anordning tills en session p\u00e5 en webbl\u00e4sare avslutas och som raderas permanent fr\u00e5n din anordning den stund du st\u00e4nger webbl\u00e4saren<\/li>\n<li>permanenta cookie-filer &#8211; filer som sparas p\u00e5 din anordning och stannar kvar tills du raderar dessa; filer raderas inte n\u00e4r du slutar anv\u00e4nda webbl\u00e4saren eller st\u00e4nger av anordningen. <\/li>\n<\/ol>\n<p>Varken sessionscookies eller permanenta cookie-filer kan inte samla n\u00e5gra personuppgifter eller sekretessbelagda uppgifter fr\u00e5n din anordning. <\/p>\n<h3>3.\tVAD G\u00d6R COOKIE-FILER?<\/h3>\n<pCookie-filer g\u00f6r det m\u00f6jligt f\u00f6r oss att justera och uppdatera v\u00e5r hemsida, vilket p\u00e5verkar hur dem tas emot. Vi f\u00e5r dessutom en m\u00f6jlighet att analysera data som inte inneh\u00e5ller n\u00e5gra personuppgifter - f\u00f6r att f\u00f6ra statistik eller fastst\u00e4lla vilka delar av webbplatsen som \u00e4r mest intressanta. <\/p>\n<p>V\u00e5ra egna cookie-filer anv\u00e4nds f\u00f6r att:<\/p>\n<ol type=\"a\">\n<li>anpassa v\u00e5r hemsida efter anv\u00e4ndarintressen, <\/li>\n<li>garantera hemsidans maximala funktionsduglighet och optimera anv\u00e4ndark\u00e4nsla,<\/li>\n<li>spara historik p\u00e5 tidigare bes\u00f6kta hemsidor s\u00e5 att vi kan rekommendera l\u00e4mpligt inneh\u00e5ll, <\/li>\n<li>spara dina inst\u00e4llningar och personifiera ditt gr\u00e4nssnitt (t.ex. n\u00e4r det g\u00e4ller spr\u00e5k eller region),  <\/li>\n<li>l\u00e4ra k\u00e4nna din anordnings standardparametrar f\u00f6r att v\u00e5r hemsida visas p\u00e5 ett r\u00e4tt s\u00e4tt, <\/li>\n<li>verifiera varifr\u00e5n anv\u00e4ndare kommer p\u00e5 v\u00e5r hemsida, <\/li>\n<li>g\u00f6ra det m\u00f6jligt f\u00f6r dig att f\u00e5 information enligt din lokalisering,  <\/li>\n<li>f\u00f6ra statistik (anonymt) f\u00f6r att f\u00f6rb\u00e4ttra v\u00e5r hemsida, <\/li>\n<li>garantera v\u00e5r hemsidans s\u00e4kerhet och p\u00e5litlighet, <\/li>\n<li>marknadsf\u00f6ra v\u00e5r verksamhet.  <\/li>\n<\/ol>\n<p>Utomst\u00e5ende cookie-filer anv\u00e4nds f\u00f6r att:<\/p>\n<ol type=\"a\">\n<li>samla allm\u00e4nna och anonyma statistikdata med Google Analytics (cookie-filers dataansvarig: Google Inc med s\u00e4te i USA). Mer information hittar du i avsnitt 6 nedan,  <\/li>\n<li>presenterar p\u00e5 sin hemsida multimedialt inneh\u00e5ll som laddats ned fr\u00e5n en utomst\u00e5ende webbplats www.youtube.com (cookie-ansvarig: Google Inc med s\u00e4te i USA). Mer information hittar du i avsnitt 7 nedan.<\/li>\n<\/ol>\n<h3>4.\tDINA ANORDNINGARS S\u00c4KERHET<\/h3>\n<p>Vi anv\u00e4nder oss av cookie-filer som \u00e4r s\u00e4kra f\u00f6r dina anordningar. S\u00e4rskilt blir det om\u00f6jligt att dem introducerar virus eller sabotageprogram eller en annan mjukvara p\u00e5 din anordning. <\/p>\n<h3>5.\tHUR ATT ST\u00c4LLA IN\/RADERA COOKIE-FILER<\/h3>\n<p>Du kan \u00e4ndra din webbl\u00e4sares inst\u00e4llningar s\u00e5 att den informerar dig varje g\u00e5ng en cookie-fil skickas eller s\u00e5 att den v\u00e4grar ta emot cookie-filer. <\/p>\n<p>Mer information om hur att st\u00e4nga av cookie-filer hittar du p\u00e5 din webbl\u00e4sarens inst\u00e4llningar. Du kan \u00e4ndra dina cookie-inst\u00e4llningar n\u00e4r som helst. Du kan radera cookie-filer fr\u00e5n din anordning n\u00e4r som helst. <\/p>\n<p>Nedan finns l\u00e4nkar med instruktioner om hur att st\u00e4nga av cookie-filer p\u00e5 de popul\u00e4raste webbl\u00e4sarna:<\/p>\n<ol type=\"a\">\n<li>Google Chrome &#8211; <a href=\"http:\/\/support.google.com\/chrome\/bin\/answer.py?hl=pl&#038;&#038;answer=95647\">hur att st\u00e4nga av cookie-filer p\u00e5 Chrome<\/a><\/li>\n<li>Mozilla Firefox &#8211; <a href=\"http:\/\/support.mozilla.org\/pl\/kb\/W%C5%82%C4%85czanie i wy%C5%82%C4%85czanie obs%C5%82ugi ciasteczek\">hur att st\u00e4nga av cookie-filer p\u00e5 Firefox<\/a><\/li>\n<li>Internet Explorer &#8211; <a href=\"http:\/\/windows.microsoft.com\/pl-pl\/windows7\/block-enable-or-allow-cookies\">hur att st\u00e4nga av cookie-filer p\u00e5 IE<\/a><\/li>\n<li>Opera &#8211; <a href=\"http:\/\/help.opera.com\/Windows\/12.10\/pl\/cookies.html\">hur att st\u00e4nga av cookie-filer p\u00e5 Opera.<\/a><\/li>\n<\/ol>\n<p>Observera dock att begr\u00e4nsar du cookie-filer kan det p\u00e5verka v\u00e5r hemsidans funktionsduglighet. <\/p>\n<h3>6. GOOGLE ANALYTICS<\/h3>\n<p>Google Analytics \u00e4r ett verktyg som g\u00f6rs tillg\u00e4ngligt av Google Inc (1600 Amphitheatre Parkway, Mountain View, CA 94043 USA, nedan kallat: \u201eGoogle\u201d) som l\u00e5ter analysera trafiken p\u00e5 hemsidor. Det anv\u00e4nder cookie-filer. <\/p>\n<p>All data som dessa filer samlar (t.ex. tid, lokalisering och bes\u00f6ksfrekvens, inklusive IP-adress) skickas vanligen till Google i USA d\u00e4r den sparas och lagras. Google anv\u00e4nder data f\u00f6r att bed\u00f6ma hur v\u00e5r hemsida anv\u00e4nds, skapa rapport (s\u00e4rskilt om trafiken p\u00e5 v\u00e5r hemsida) och erbjuda andra tj\u00e4nster i samband med detta. Google f\u00e5r \u00f6verf\u00f6ra dessa uppgifter till andra i fall de f\u00f6rpliktas enligt lagen eller om uppgifterna ska hanteras \u00e5t Google. <\/p>\n<p>Google Analytics l\u00e5ter oss analysera hur v\u00e5r hemsida anv\u00e4nds s\u00e5 att den uppdateras regelbundet. Med s\u00e5dana statistiker kan v\u00e5rt erbjudande f\u00f6rb\u00e4ttras s\u00e5 att det blir mer intressant f\u00f6r anv\u00e4ndare.<\/p>\n<p>P\u00e5 v\u00e5r hemsida anv\u00e4nds Google Analytics med anonym IP-adress. Detta inneb\u00e4r att din IP-adress f\u00f6rkortas av Google, och med det samma f\u00f6rblir anonym, inom EU-\u00e4nder eller andra l\u00e4nder inom EES.<\/p>\n<p>Enligt Googles deklarationer s\u00e5 st\u00e4lls inte din IP-adress som samlas med Google Analytics tillsammans med andra uppgifter.<\/p>\n<p>Vill du inte att cookie-filer sparas p\u00e5 din anordning, \u00e4ndra din webbl\u00e4sares inst\u00e4llningar (se punkt 5 ovan f\u00f6r mer information). Observera dock att st\u00e4nger du av du cookie-filer kan det p\u00e5verka v\u00e5r hemsidans funktionsduglighet. <\/p>\n<p>Dessutom, blir det m\u00f6jligt att st\u00e4nga av Google Analytics (Google erbjuder ett till\u00e4ggsprogram som sp\u00e4rrar Google Analytics p\u00e5 de popul\u00e4raste webbl\u00e4sarna). Mer information hittar du h\u00e4r: <\/p>\n<p style=\"text-align:center;\"><a href=\"https:\/\/tools.google.com\/dlpage\/gaoptout?hl=pl\">https:\/\/tools.google.com\/dlpage\/gaoptout?hl=pl<\/a><\/p>\n<p>Aktiverar du till\u00e4ggsprogrammet ska ingen data om din trafik p\u00e5 v\u00e5r hemsida skickas till Google Analytics. Detta p\u00e5verkar dock inte att vi (och andra analysverktyg som vi anv\u00e4nder oss av) har tillg\u00e5ng till uppgifterna.<\/p>\n<h3>7. YOUTUBE<\/h3>\n<p>P\u00e5 v\u00e5r hemsida presenteras multimedialt inneh\u00e5ll som laddats ned fr\u00e5n en utomst\u00e5ende webbplats www.youtube.com. Detta inneb\u00e4r att det uppst\u00e5r en l\u00e4nk med YouTube servern n\u00e4r du bes\u00f6ker v\u00e5r hemsida. <\/p>\n<p>Servern \u00e4gs av YouTube, LLC 901 Cherry Ave, 94066 San Bruno, California, USA, som \u00e4r ett dotterbolag till Google Inc. <\/p>\n<p>I informationen som Youtube tillhandah\u00e5ller framg\u00e5r att YouTube servern laddar ned data bl.a. om vilka webbsidor som du har bes\u00f6kt medan du tittar p\u00e5 en YouTube film. \u00c4r du samtidigt inloggad p\u00e5 YouTube ska data anpassas efter ditt YouTube-konto. F\u00f6r att undvika detta, b\u00f6r du logga ut dig fr\u00e5n YouTube innan du \u00f6ppnar v\u00e5r hemsida. <\/p>\n<p>Mer information hittar du h\u00e4r: <a href\"https:\/\/policies.google.com\/privacy\/update?hl=pl\">https:\/\/policies.google.com\/privacy\/update?hl=pl.<\/a><\/p>\n<\/div>\n","protected":false},"excerpt":{"rendered":"<p>Marmite sp.z o.o. anv\u00e4nder sig av cookie-filer inom sin verksamhet. Dessa anv\u00e4nds f\u00f6r att observera och analysera trafiken p\u00e5 v\u00e5r hemsida. Vi hanterar dock inte dina personuppgifter d\u00e5 enligt GDPR. Nedan finns mera detaljer om regler avseende lagring och tillg\u00e5ng till data med cookie-filer p\u00e5 dina slutanordningar. Med &#8221;anordningar&#8221; anses elektroniska anordningar som du anv\u00e4nder [&hellip;]<\/p>\n","protected":false},"author":1,"featured_media":0,"parent":0,"menu_order":302,"comment_status":"closed","ping_status":"closed","template":"page-templates\/top_parent_menu.php","meta":{"footnotes":""},"acf":[],"yoast_head":"<!-- This site is optimized with the Yoast SEO plugin v20.13 - https:\/\/yoast.com\/wordpress\/plugins\/seo\/ -->\n<title>Cookie policy &bull; Marmite<\/title>\n<meta name=\"robots\" content=\"noindex, follow, max-snippet:-1, max-image-preview:large, max-video-preview:-1\" \/>\n<meta property=\"og:locale\" content=\"sv_SE\" \/>\n<meta property=\"og:type\" content=\"article\" \/>\n<meta property=\"og:title\" content=\"Cookie policy &bull; Marmite\" \/>\n<meta property=\"og:url\" content=\"https:\/\/marmite-stg.mda.pl\/sv\/cookies-policy\/\" \/>\n<meta property=\"og:site_name\" content=\"Marmite\" \/>\n<meta property=\"article:publisher\" content=\"https:\/\/www.facebook.com\/marmiteSA\" \/>\n<meta property=\"article:modified_time\" content=\"2020-03-23T13:54:26+00:00\" \/>\n<meta name=\"twitter:label1\" content=\"Ber\u00e4knad l\u00e4stid\" \/>\n\t<meta name=\"twitter:data1\" content=\"1 minut\" \/>\n<script type=\"application\/ld+json\" class=\"yoast-schema-graph\">{\"@context\":\"https:\/\/schema.org\",\"@graph\":[{\"@type\":\"WebPage\",\"@id\":\"https:\/\/marmite-stg.mda.pl\/sv\/cookies-policy\/\",\"url\":\"https:\/\/marmite-stg.mda.pl\/sv\/cookies-policy\/\",\"name\":\"Cookie policy &bull; Marmite\",\"isPartOf\":{\"@id\":\"https:\/\/marmite-stg.mda.pl\/sv\/#website\"},\"datePublished\":\"2018-06-28T12:25:30+00:00\",\"dateModified\":\"2020-03-23T13:54:26+00:00\",\"breadcrumb\":{\"@id\":\"https:\/\/marmite-stg.mda.pl\/sv\/cookies-policy\/#breadcrumb\"},\"inLanguage\":\"sv-SE\",\"potentialAction\":[{\"@type\":\"ReadAction\",\"target\":[\"https:\/\/marmite-stg.mda.pl\/sv\/cookies-policy\/\"]}]},{\"@type\":\"BreadcrumbList\",\"@id\":\"https:\/\/marmite-stg.mda.pl\/sv\/cookies-policy\/#breadcrumb\",\"itemListElement\":[{\"@type\":\"ListItem\",\"position\":1,\"name\":\"Home\",\"item\":\"https:\/\/marmite-stg.mda.pl\/sv\/\"},{\"@type\":\"ListItem\",\"position\":2,\"name\":\"Cookie policy\"}]},{\"@type\":\"WebSite\",\"@id\":\"https:\/\/marmite-stg.mda.pl\/sv\/#website\",\"url\":\"https:\/\/marmite-stg.mda.pl\/sv\/\",\"name\":\"Marmite\",\"description\":\"Marmite\",\"potentialAction\":[{\"@type\":\"SearchAction\",\"target\":{\"@type\":\"EntryPoint\",\"urlTemplate\":\"https:\/\/marmite-stg.mda.pl\/sv\/?s={search_term_string}\"},\"query-input\":\"required name=search_term_string\"}],\"inLanguage\":\"sv-SE\"}]}<\/script>\n<!-- \/ Yoast SEO plugin. -->","yoast_head_json":{"title":"Cookie policy &bull; Marmite","robots":{"index":"noindex","follow":"follow","max-snippet":"max-snippet:-1","max-image-preview":"max-image-preview:large","max-video-preview":"max-video-preview:-1"},"og_locale":"sv_SE","og_type":"article","og_title":"Cookie policy &bull; Marmite","og_url":"https:\/\/marmite-stg.mda.pl\/sv\/cookies-policy\/","og_site_name":"Marmite","article_publisher":"https:\/\/www.facebook.com\/marmiteSA","article_modified_time":"2020-03-23T13:54:26+00:00","twitter_misc":{"Ber\u00e4knad l\u00e4stid":"1 minut"},"schema":{"@context":"https:\/\/schema.org","@graph":[{"@type":"WebPage","@id":"https:\/\/marmite-stg.mda.pl\/sv\/cookies-policy\/","url":"https:\/\/marmite-stg.mda.pl\/sv\/cookies-policy\/","name":"Cookie policy &bull; Marmite","isPartOf":{"@id":"https:\/\/marmite-stg.mda.pl\/sv\/#website"},"datePublished":"2018-06-28T12:25:30+00:00","dateModified":"2020-03-23T13:54:26+00:00","breadcrumb":{"@id":"https:\/\/marmite-stg.mda.pl\/sv\/cookies-policy\/#breadcrumb"},"inLanguage":"sv-SE","potentialAction":[{"@type":"ReadAction","target":["https:\/\/marmite-stg.mda.pl\/sv\/cookies-policy\/"]}]},{"@type":"BreadcrumbList","@id":"https:\/\/marmite-stg.mda.pl\/sv\/cookies-policy\/#breadcrumb","itemListElement":[{"@type":"ListItem","position":1,"name":"Home","item":"https:\/\/marmite-stg.mda.pl\/sv\/"},{"@type":"ListItem","position":2,"name":"Cookie policy"}]},{"@type":"WebSite","@id":"https:\/\/marmite-stg.mda.pl\/sv\/#website","url":"https:\/\/marmite-stg.mda.pl\/sv\/","name":"Marmite","description":"Marmite","potentialAction":[{"@type":"SearchAction","target":{"@type":"EntryPoint","urlTemplate":"https:\/\/marmite-stg.mda.pl\/sv\/?s={search_term_string}"},"query-input":"required name=search_term_string"}],"inLanguage":"sv-SE"}]}},"_links":{"self":[{"href":"https:\/\/marmite-stg.mda.pl\/sv\/wp-json\/wp\/v2\/pages\/4047"}],"collection":[{"href":"https:\/\/marmite-stg.mda.pl\/sv\/wp-json\/wp\/v2\/pages"}],"about":[{"href":"https:\/\/marmite-stg.mda.pl\/sv\/wp-json\/wp\/v2\/types\/page"}],"author":[{"embeddable":true,"href":"https:\/\/marmite-stg.mda.pl\/sv\/wp-json\/wp\/v2\/users\/1"}],"replies":[{"embeddable":true,"href":"https:\/\/marmite-stg.mda.pl\/sv\/wp-json\/wp\/v2\/comments?post=4047"}],"version-history":[{"count":6,"href":"https:\/\/marmite-stg.mda.pl\/sv\/wp-json\/wp\/v2\/pages\/4047\/revisions"}],"predecessor-version":[{"id":9887,"href":"https:\/\/marmite-stg.mda.pl\/sv\/wp-json\/wp\/v2\/pages\/4047\/revisions\/9887"}],"wp:attachment":[{"href":"https:\/\/marmite-stg.mda.pl\/sv\/wp-json\/wp\/v2\/media?parent=4047"}],"curies":[{"name":"wp","href":"https:\/\/api.w.org\/{rel}","templated":true}]}}