{"id":4195,"date":"2018-07-03T08:26:22","date_gmt":"2018-07-03T08:26:22","guid":{"rendered":"https:\/\/site.marmite.mda.pl\/?page_id=4195"},"modified":"2018-07-03T08:26:22","modified_gmt":"2018-07-03T08:26:22","slug":"angra-ditt-godkannande","status":"publish","type":"page","link":"https:\/\/marmite-stg.mda.pl\/sv\/angra-ditt-godkannande\/","title":{"rendered":"\u00c5ngra ditt godk\u00e4nnande"},"content":{"rendered":"\n<div class=\"wpcf7 no-js\" id=\"wpcf7-f4196-o1\" lang=\"en-US\" dir=\"ltr\">\n<div class=\"screen-reader-response\"><p role=\"status\" aria-live=\"polite\" aria-atomic=\"true\"><\/p> <ul><\/ul><\/div>\n<form action=\"\/sv\/wp-json\/wp\/v2\/pages\/4195#wpcf7-f4196-o1\" method=\"post\" class=\"wpcf7-form init\" aria-label=\"Contact form\" novalidate=\"novalidate\" data-status=\"init\">\n<div style=\"display: none;\">\n<input type=\"hidden\" name=\"_wpcf7\" value=\"4196\" \/>\n<input type=\"hidden\" name=\"_wpcf7_version\" value=\"5.8\" \/>\n<input type=\"hidden\" name=\"_wpcf7_locale\" value=\"en_US\" \/>\n<input type=\"hidden\" name=\"_wpcf7_unit_tag\" value=\"wpcf7-f4196-o1\" \/>\n<input type=\"hidden\" name=\"_wpcf7_container_post\" value=\"0\" \/>\n<input type=\"hidden\" name=\"_wpcf7_posted_data_hash\" value=\"\" \/>\n<\/div>\n<div class=\"marmite-contact-form\">\n\t<div class=\"grid\">\n\t\t<div class=\"w w-12\">\n\t\t\t<p style=\"font-size: 16px; font-weight: bold;padding-bottom: 6px;\">Information om r\u00e4tt till att \u00e5ngra ditt godk\u00e4nnande\n\t\t\t<\/p>\n\t\t\t<p>Du har r\u00e4tt till att \u00e5ngra ditt godk\u00e4nnande till att vi hanterar dina personuppgifter n\u00e4r som helst. \u00c5ngrar du, ska det inte p\u00e5verka tidigare lagenlig personuppgiftshantering. Vill du \u00e5ngra dig, fyll i f\u00f6ljande blankett:\n\t\t\t<\/p>\n\t\t<\/div>\n\t<\/div>\n\t<div style=\"padding: 30px 42px; border: 1px solid #dadada;\">\n\t\t<div class=\"grid\">\n\t\t\t<div class=\"w w-6\">\n\t\t\t\t<p><label for=\"email\" style=\"color:#787878;font-size: 14px;\">Skriv in din mailadress:<\/label><span class=\"wpcf7-form-control-wrap\" data-name=\"email\"><input size=\"40\" class=\"wpcf7-form-control wpcf7-text wpcf7-validates-as-required\" aria-required=\"true\" aria-invalid=\"false\" value=\"\" type=\"text\" name=\"email\" \/><\/span>\n\t\t\t\t<\/p>\n\t\t\t<\/div>\n\t\t<\/div>\n\t\t<div class=\"grid\">\n\t\t\t<div class=\"w w-12 consent-2\">\n\t\t\t\t<p style=\"padding-bottom:0\">Jag \u00e5ngrar h\u00e4rmed mitt godk\u00e4nnande till att mina personuppgifter hanteras av Marmite sp. z o.o. med s\u00e4te i Zakrzewo (ul. Przemys\u0142owa 4, 62-070 Dopiewo, registreringsnummer vid Polens Riksdomstolsregister KRS: 0000581685, kallat nedan: \u201eMarmite\u201d), n\u00e4r det g\u00e4ller:\n\t\t\t\t<\/p>\n\t\t\t<\/div>\n\t\t<\/div>\n\t\t<div class=\"grid\">\n\t\t\t<div class=\"w w-12 consent-2\">\n\t\t\t\t<p>godk\u00e4nnande till att f\u00e5 marknadsf\u00f6ringsmaterial och information (handelsinformation, nyhetsbrev, erbjudande till m\u00e4ssor, helg\u00f6nskningar)\n\t\t\t\t<\/p>\n\t\t\t\t<p><span class=\"wpcf7-form-control-wrap\" data-name=\"dane-osobowe\"><span class=\"wpcf7-form-control wpcf7-checkbox wpcf7-validates-as-required wpcf7-exclusive-checkbox\"><span class=\"wpcf7-list-item first\"><input type=\"checkbox\" name=\"dane-osobowe\" value=\"JA\" \/><span class=\"wpcf7-list-item-label\">JA<\/span><\/span><span class=\"wpcf7-list-item last\"><input type=\"checkbox\" name=\"dane-osobowe\" value=\"NEJ\" \/><span class=\"wpcf7-list-item-label\">NEJ<\/span><\/span><\/span><\/span>\n\t\t\t\t<\/p>\n\t\t\t<\/div>\n\t\t<\/div>\n\t\t<div class=\"grid\">\n\t\t\t<div class=\"w w-12 consent-2\">\n\t\t\t\t<p>godk\u00e4nnande till att f\u00e5 Marmites handelsinformation med e-post\n\t\t\t\t<\/p>\n\t\t\t\t<p><span class=\"wpcf7-form-control-wrap\" data-name=\"droga-elektroniczna\"><span class=\"wpcf7-form-control wpcf7-checkbox wpcf7-validates-as-required wpcf7-exclusive-checkbox\"><span class=\"wpcf7-list-item first\"><input type=\"checkbox\" name=\"droga-elektroniczna\" value=\"JA\" \/><span class=\"wpcf7-list-item-label\">JA<\/span><\/span><span class=\"wpcf7-list-item last\"><input type=\"checkbox\" name=\"droga-elektroniczna\" value=\"NEJ\" \/><span class=\"wpcf7-list-item-label\">NEJ<\/span><\/span><\/span><\/span>\n\t\t\t\t<\/p>\n\t\t\t<\/div>\n\t\t<\/div>\n\t\t<div class=\"grid\">\n\t\t\t<div class=\"w w-12 consent-2\">\n\t\t\t\t<p>godk\u00e4nnande till att anv\u00e4nda telekommunikation slutanordningar (dator, telefon) i samband med Marmites direkta marknadsf\u00f6ring\n\t\t\t\t<\/p>\n\t\t\t\t<p><span class=\"wpcf7-form-control-wrap\" data-name=\"urzadzenia-koncowe\"><span class=\"wpcf7-form-control wpcf7-checkbox wpcf7-validates-as-required wpcf7-exclusive-checkbox\"><span class=\"wpcf7-list-item first\"><input type=\"checkbox\" name=\"urzadzenia-koncowe\" value=\"JA\" \/><span class=\"wpcf7-list-item-label\">JA<\/span><\/span><span class=\"wpcf7-list-item last\"><input type=\"checkbox\" name=\"urzadzenia-koncowe\" value=\"NEJ\" \/><span class=\"wpcf7-list-item-label\">NEJ<\/span><\/span><\/span><\/span>\n\t\t\t\t<\/p>\n\t\t\t<\/div>\n\t\t<\/div>\n\t\t<div class=\"grid\">\n\t\t\t<div class=\"w w-12\" style=\"text-align: left;\">\n\t\t\t\t<p><input class=\"wpcf7-form-control wpcf7-submit has-spinner\" type=\"submit\" value=\"Skicka formul\u00e4ret\" \/>\n\t\t\t\t<\/p>\n\t\t\t<\/div>\n\t\t<\/div>\n\t<\/div>\n<\/div><div class=\"wpcf7-response-output\" aria-hidden=\"true\"><\/div>\n<\/form>\n<\/div>\n\n","protected":false},"excerpt":{"rendered":"","protected":false},"author":1,"featured_media":0,"parent":0,"menu_order":18,"comment_status":"closed","ping_status":"closed","template":"","meta":{"footnotes":""},"acf":[],"yoast_head":"<!-- This site is optimized with the Yoast SEO plugin v20.13 - https:\/\/yoast.com\/wordpress\/plugins\/seo\/ -->\n<title>\u00c5ngra ditt godk\u00e4nnande &bull; Marmite<\/title>\n<meta name=\"robots\" content=\"noindex, follow, max-snippet:-1, max-image-preview:large, max-video-preview:-1\" \/>\n<meta property=\"og:locale\" content=\"sv_SE\" \/>\n<meta property=\"og:type\" content=\"article\" \/>\n<meta property=\"og:title\" content=\"\u00c5ngra ditt godk\u00e4nnande &bull; Marmite\" \/>\n<meta property=\"og:url\" content=\"https:\/\/marmite-stg.mda.pl\/sv\/angra-ditt-godkannande\/\" \/>\n<meta property=\"og:site_name\" content=\"Marmite\" \/>\n<meta property=\"article:publisher\" content=\"https:\/\/www.facebook.com\/marmiteSA\" \/>\n<script type=\"application\/ld+json\" class=\"yoast-schema-graph\">{\"@context\":\"https:\/\/schema.org\",\"@graph\":[{\"@type\":\"WebPage\",\"@id\":\"https:\/\/marmite-stg.mda.pl\/sv\/angra-ditt-godkannande\/\",\"url\":\"https:\/\/marmite-stg.mda.pl\/sv\/angra-ditt-godkannande\/\",\"name\":\"\u00c5ngra ditt godk\u00e4nnande &bull; Marmite\",\"isPartOf\":{\"@id\":\"https:\/\/marmite-stg.mda.pl\/sv\/#website\"},\"datePublished\":\"2018-07-03T08:26:22+00:00\",\"dateModified\":\"2018-07-03T08:26:22+00:00\",\"breadcrumb\":{\"@id\":\"https:\/\/marmite-stg.mda.pl\/sv\/angra-ditt-godkannande\/#breadcrumb\"},\"inLanguage\":\"sv-SE\",\"potentialAction\":[{\"@type\":\"ReadAction\",\"target\":[\"https:\/\/marmite-stg.mda.pl\/sv\/angra-ditt-godkannande\/\"]}]},{\"@type\":\"BreadcrumbList\",\"@id\":\"https:\/\/marmite-stg.mda.pl\/sv\/angra-ditt-godkannande\/#breadcrumb\",\"itemListElement\":[{\"@type\":\"ListItem\",\"position\":1,\"name\":\"Home\",\"item\":\"https:\/\/marmite-stg.mda.pl\/sv\/\"},{\"@type\":\"ListItem\",\"position\":2,\"name\":\"\u00c5ngra ditt godk\u00e4nnande\"}]},{\"@type\":\"WebSite\",\"@id\":\"https:\/\/marmite-stg.mda.pl\/sv\/#website\",\"url\":\"https:\/\/marmite-stg.mda.pl\/sv\/\",\"name\":\"Marmite\",\"description\":\"Marmite\",\"potentialAction\":[{\"@type\":\"SearchAction\",\"target\":{\"@type\":\"EntryPoint\",\"urlTemplate\":\"https:\/\/marmite-stg.mda.pl\/sv\/?s={search_term_string}\"},\"query-input\":\"required name=search_term_string\"}],\"inLanguage\":\"sv-SE\"}]}<\/script>\n<!-- \/ Yoast SEO plugin. -->","yoast_head_json":{"title":"\u00c5ngra ditt godk\u00e4nnande &bull; Marmite","robots":{"index":"noindex","follow":"follow","max-snippet":"max-snippet:-1","max-image-preview":"max-image-preview:large","max-video-preview":"max-video-preview:-1"},"og_locale":"sv_SE","og_type":"article","og_title":"\u00c5ngra ditt godk\u00e4nnande &bull; Marmite","og_url":"https:\/\/marmite-stg.mda.pl\/sv\/angra-ditt-godkannande\/","og_site_name":"Marmite","article_publisher":"https:\/\/www.facebook.com\/marmiteSA","schema":{"@context":"https:\/\/schema.org","@graph":[{"@type":"WebPage","@id":"https:\/\/marmite-stg.mda.pl\/sv\/angra-ditt-godkannande\/","url":"https:\/\/marmite-stg.mda.pl\/sv\/angra-ditt-godkannande\/","name":"\u00c5ngra ditt godk\u00e4nnande &bull; Marmite","isPartOf":{"@id":"https:\/\/marmite-stg.mda.pl\/sv\/#website"},"datePublished":"2018-07-03T08:26:22+00:00","dateModified":"2018-07-03T08:26:22+00:00","breadcrumb":{"@id":"https:\/\/marmite-stg.mda.pl\/sv\/angra-ditt-godkannande\/#breadcrumb"},"inLanguage":"sv-SE","potentialAction":[{"@type":"ReadAction","target":["https:\/\/marmite-stg.mda.pl\/sv\/angra-ditt-godkannande\/"]}]},{"@type":"BreadcrumbList","@id":"https:\/\/marmite-stg.mda.pl\/sv\/angra-ditt-godkannande\/#breadcrumb","itemListElement":[{"@type":"ListItem","position":1,"name":"Home","item":"https:\/\/marmite-stg.mda.pl\/sv\/"},{"@type":"ListItem","position":2,"name":"\u00c5ngra ditt godk\u00e4nnande"}]},{"@type":"WebSite","@id":"https:\/\/marmite-stg.mda.pl\/sv\/#website","url":"https:\/\/marmite-stg.mda.pl\/sv\/","name":"Marmite","description":"Marmite","potentialAction":[{"@type":"SearchAction","target":{"@type":"EntryPoint","urlTemplate":"https:\/\/marmite-stg.mda.pl\/sv\/?s={search_term_string}"},"query-input":"required name=search_term_string"}],"inLanguage":"sv-SE"}]}},"_links":{"self":[{"href":"https:\/\/marmite-stg.mda.pl\/sv\/wp-json\/wp\/v2\/pages\/4195"}],"collection":[{"href":"https:\/\/marmite-stg.mda.pl\/sv\/wp-json\/wp\/v2\/pages"}],"about":[{"href":"https:\/\/marmite-stg.mda.pl\/sv\/wp-json\/wp\/v2\/types\/page"}],"author":[{"embeddable":true,"href":"https:\/\/marmite-stg.mda.pl\/sv\/wp-json\/wp\/v2\/users\/1"}],"replies":[{"embeddable":true,"href":"https:\/\/marmite-stg.mda.pl\/sv\/wp-json\/wp\/v2\/comments?post=4195"}],"version-history":[{"count":1,"href":"https:\/\/marmite-stg.mda.pl\/sv\/wp-json\/wp\/v2\/pages\/4195\/revisions"}],"predecessor-version":[{"id":4197,"href":"https:\/\/marmite-stg.mda.pl\/sv\/wp-json\/wp\/v2\/pages\/4195\/revisions\/4197"}],"wp:attachment":[{"href":"https:\/\/marmite-stg.mda.pl\/sv\/wp-json\/wp\/v2\/media?parent=4195"}],"curies":[{"name":"wp","href":"https:\/\/api.w.org\/{rel}","templated":true}]}}