{"id":8794,"date":"2020-03-02T15:31:04","date_gmt":"2020-03-02T15:31:04","guid":{"rendered":"https:\/\/site.marmite.mda.pl\/?page_id=8794"},"modified":"2020-06-29T09:18:08","modified_gmt":"2020-06-29T09:18:08","slug":"garanti","status":"publish","type":"page","link":"https:\/\/marmite-stg.mda.pl\/sv\/laboratoriet\/garanti\/","title":{"rendered":"Garanti"},"content":{"rendered":"<h4><span style=\"color: #ff0000;\"><strong>\u00a7 1. Allm\u00e4nna garantivillkor<\/strong><\/span><\/h4>\n<ol>\n<li>MARMITE Sp. z o.o. (bolag med begr\u00e4nsad ansvarighet) med s\u00e4te i Zakrzewo, ul. Przemys\u0142owa 4, 62-070 Dopiewo, registrerat i f\u00f6retagsregistret inom det nationella domstolsregistret (Krajowy Rejestr S\u0105dowy) som f\u00f6rs av tingsr\u00e4tten Pozna\u0144 &#8211; Nowe Miasto och Wilda i Pozna\u0144, n\u00e4ringslivsavdelningen VIII f\u00f6r det nationella domstolsregistret med KRS-nummer (nummer i nationella domstolsregistret) 0000581685, som tillverkar tv\u00e4ttst\u00e4ll, duschkar och badkar i mineralkomposit (nedan kallad &#8221;Produkterna&#8221; eller &#8221;Produkten&#8221;) \u00e4r Garanten.<\/li>\n<li>Garantin g\u00e4ller endast n\u00e4r kunden av Marmite, som entrepren\u00f6r, har k\u00f6pt Produkten direkt fr\u00e5n Garanten (&#8221;Kunden&#8221;). Garantens f\u00f6reg\u00e5ende skriftliga medgivande kr\u00e4vs f\u00f6r att \u00f6verf\u00f6ra Kundens r\u00e4ttigheter och skyldigheter till tredje part.<\/li>\n<li>Den beviljade garantin bekr\u00e4ftar att Produkten inte har n\u00e5gra fysiska fel som kunde uppst\u00e5 under tillverkningen av Produkterna eller som \u00e4r resultat av anv\u00e4ndning av ol\u00e4mpliga material f\u00f6r Produkternas tillverkning, vilket skulle g\u00f6ra att Produkten inte \u00e4r l\u00e4mplig f\u00f6r avsedd anv\u00e4ndning. I synnerhet ansvarar Garanten inte f\u00f6r Produktens fel som uppstod till f\u00f6ljd av: (i) en mekanisk skada p\u00e5 Produkten som uppstod efter att den \u00f6verl\u00e4mnats till Kunden och (ii) ett naturligt slitage av Produkterna, inklusive repor p\u00e5 ytan orsakade under anv\u00e4ndningen av Produkten.<\/li>\n<li>Garantens ansvar omfattas av \u00a7 1 punkt 3 i f\u00f6religgande avtal. Enligt denna Garanti ansvarar inte Garanten f\u00f6r skador som uppst\u00e5r till f\u00f6ljd av Produktens fel (dvs Kundens materiella skador orsakade av den felaktiga Produkten).<\/li>\n<li>Garantin \u00e4r giltig under f\u00f6ruts\u00e4ttning att:\n<ol>\n<li>Produkten kommer att monteras i enlighet med Garantens anvisningar i instruktionsboken och i enlighet med g\u00e4llande konstruktionsregler, s\u00e5v\u00e4l som enligt relevanta harmoniserade standarder,<\/li>\n<li>kommer Produkten att anv\u00e4ndas i enlighet med sitt avsedda \u00e4ndam\u00e5l.<\/li>\n<li>Produkten kommer att anv\u00e4ndas i enlighet med Garantens anvisningar i instruktionsboken som finns p\u00e5 webbplatsen: https:\/\/site.marmite.mda.pl\/pl\/wspolpraca\/pliki-do-pobrania\/.<\/li>\n<\/ol>\n<\/li>\n<\/ol>\n<h4><span style=\"color: #ff0000;\">\u00a7 2. <strong>Garantins period och omfattning <\/strong><\/span><\/h4>\n<ol>\n<li>Garantiperioden beror p\u00e5 vilken typ av gelbel\u00e4ggning som Garanter anv\u00e4nder vid tillverkning av Produkterna och \u00e4r:\n<ol>\n<li>5 \u00e5r r\u00e4knat fr\u00e5n datum d\u00e5 Produkten \u00f6verl\u00e4mnades till Kunden &#8211; f\u00f6r en produkt med standard gelbel\u00e4ggning och Top Solid eller Top Granit-bel\u00e4ggningar;<\/li>\n<li>10 \u00e5r r\u00e4knat fr\u00e5n datum d\u00e5 Produkten \u00f6verl\u00e4mnades till Kunden &#8211; f\u00f6r en produkt med Evermite-gelbel\u00e4ggning.<\/li>\n<\/ol>\n<\/li>\n<li>Garantin g\u00e4ller inom europeiska ekonomiska gemenskapen (EEG).<\/li>\n<\/ol>\n<h4><span style=\"color: #ff0000;\">\u00a7 3. <strong>Borttagning av Produkternas fel<\/strong><\/span><\/h4>\n<ol>\n<li>Ett detaljerat f\u00f6rfarande f\u00f6r hantering av reklamationen finns p\u00e5: https:\/\/site.marmite.mda.pl\/pl\/wspolpraca\/pliki-do-pobrania\/<\/li>\n<li>Inom 14 arbetsdagar r\u00e4knat fr\u00e5n datum d\u00e5 Kunden framst\u00e4llde en korrekt reklamation, b\u00f6r Garanten bed\u00f6ma den och informera Kunden om den var godk\u00e4nd eller nekad.<\/li>\n<li>Om reklamationen godk\u00e4nns \u00e5tar sig Garanten eller den enhet som anges av honom att ta bort fel inom 14 dagar r\u00e4knat fr\u00e5n datum d\u00e5 Kunden informeras om godk\u00e4nnandet av reklamationen eller fr\u00e5n datum f\u00f6r slut av den tidsperiod som anges f\u00f6r att informera Kunden om hantering av reklamationen. I h\u00e4ndelse av tvist, om expertens utl\u00e5tande bekr\u00e4ftar Kundens st\u00e4llning, \u00e5tar sig Garanten eller den enhet som anges av honom att ta bort fel i den produkt som reklamerades inom 14 dagar r\u00e4knat fr\u00e5n datum d\u00e5 Garanten mottog expertens utl\u00e5tande.<\/li>\n<li>Produktfel kan tas bort p\u00e5 f\u00f6ljande s\u00e4tt:\n<ol>\n<li>leverans av en ny Produkt till Kunden p\u00e5 Garantens bekostnad; eller<\/li>\n<li>reparation av den felaktiga produkten p\u00e5 Garantens bekostnad; eller<\/li>\n<li>z\u00e5terbetalning av ink\u00f6pskostnaden till Kunden p\u00e5 Garantens bekostnad.<br \/>\nValet av hur man tar bort Produktfel ligger endast i Garantens ansvar.<\/li>\n<\/ol>\n<\/li>\n<li>Garanten ska inte b\u00e4ra kostnaderna f\u00f6r mottagande, leverans och \u00e5tervinning av den Produkt som reklameras, s\u00e5vida inte den Produkten levererades till honom p\u00e5 hans beg\u00e4ran under reklamationsf\u00f6rfarande och reklamationen godk\u00e4ndes av honom.<\/li>\n<\/ol>\n<h4><span style=\"color: #ff0000;\">\u00a74. <strong>Slutbest\u00e4mmelser<\/strong><\/span><\/h4>\n<ol>\n<li>I alla fr\u00e5gor som inte regleras i detta dokument g\u00e4ller de relevanta best\u00e4mmelserna i den polska civillagen.<\/li>\n<li>Alla tvister mellan Garanten och Kunden kommer att avg\u00f6ras av en allm\u00e4n domstol i Polen passande till Garantens s\u00e4te.<\/li>\n<\/ol>\n","protected":false},"excerpt":{"rendered":"<p>\u00a7 1. Allm\u00e4nna garantivillkor MARMITE Sp. z o.o. (bolag med begr\u00e4nsad ansvarighet) med s\u00e4te i Zakrzewo, ul. Przemys\u0142owa 4, 62-070 Dopiewo, registrerat i f\u00f6retagsregistret inom det nationella domstolsregistret (Krajowy Rejestr S\u0105dowy) som f\u00f6rs av tingsr\u00e4tten Pozna\u0144 &#8211; Nowe Miasto och Wilda i Pozna\u0144, n\u00e4ringslivsavdelningen VIII f\u00f6r det nationella domstolsregistret med KRS-nummer (nummer i nationella domstolsregistret) [&hellip;]<\/p>\n","protected":false},"author":1,"featured_media":7682,"parent":8792,"menu_order":14,"comment_status":"closed","ping_status":"closed","template":"page-templates\/page-menu-top.php","meta":{"footnotes":""},"acf":[],"yoast_head":"<!-- This site is optimized with the Yoast SEO plugin v20.13 - https:\/\/yoast.com\/wordpress\/plugins\/seo\/ -->\n<title>Garanti &bull; Marmite<\/title>\n<meta name=\"robots\" content=\"noindex, follow, max-snippet:-1, max-image-preview:large, max-video-preview:-1\" \/>\n<meta property=\"og:locale\" content=\"sv_SE\" \/>\n<meta property=\"og:type\" content=\"article\" \/>\n<meta property=\"og:title\" content=\"Garanti &bull; Marmite\" \/>\n<meta property=\"og:url\" content=\"https:\/\/marmite-stg.mda.pl\/sv\/laboratoriet\/garanti\/\" \/>\n<meta property=\"og:site_name\" content=\"Marmite\" \/>\n<meta property=\"article:publisher\" content=\"https:\/\/www.facebook.com\/marmiteSA\" \/>\n<meta property=\"article:modified_time\" content=\"2020-06-29T09:18:08+00:00\" \/>\n<meta property=\"og:image\" content=\"https:\/\/marmite-stg.mda.pl\/wp-content\/uploads\/2020\/01\/laboratory.jpg\" \/>\n\t<meta property=\"og:image:width\" content=\"1880\" \/>\n\t<meta property=\"og:image:height\" content=\"400\" \/>\n\t<meta property=\"og:image:type\" content=\"image\/jpeg\" \/>\n<meta name=\"twitter:label1\" content=\"Ber\u00e4knad l\u00e4stid\" \/>\n\t<meta name=\"twitter:data1\" content=\"3 minuter\" \/>\n<script type=\"application\/ld+json\" class=\"yoast-schema-graph\">{\"@context\":\"https:\/\/schema.org\",\"@graph\":[{\"@type\":\"WebPage\",\"@id\":\"https:\/\/marmite-stg.mda.pl\/sv\/laboratoriet\/garanti\/\",\"url\":\"https:\/\/marmite-stg.mda.pl\/sv\/laboratoriet\/garanti\/\",\"name\":\"Garanti &bull; Marmite\",\"isPartOf\":{\"@id\":\"https:\/\/marmite-stg.mda.pl\/sv\/#website\"},\"datePublished\":\"2020-03-02T15:31:04+00:00\",\"dateModified\":\"2020-06-29T09:18:08+00:00\",\"breadcrumb\":{\"@id\":\"https:\/\/marmite-stg.mda.pl\/sv\/laboratoriet\/garanti\/#breadcrumb\"},\"inLanguage\":\"sv-SE\",\"potentialAction\":[{\"@type\":\"ReadAction\",\"target\":[\"https:\/\/marmite-stg.mda.pl\/sv\/laboratoriet\/garanti\/\"]}]},{\"@type\":\"BreadcrumbList\",\"@id\":\"https:\/\/marmite-stg.mda.pl\/sv\/laboratoriet\/garanti\/#breadcrumb\",\"itemListElement\":[{\"@type\":\"ListItem\",\"position\":1,\"name\":\"Home\",\"item\":\"https:\/\/marmite-stg.mda.pl\/sv\/\"},{\"@type\":\"ListItem\",\"position\":2,\"name\":\"Laboratoriet\",\"item\":\"https:\/\/marmite-stg.mda.pl\/sv\/laboratoriet\/\"},{\"@type\":\"ListItem\",\"position\":3,\"name\":\"Garanti\"}]},{\"@type\":\"WebSite\",\"@id\":\"https:\/\/marmite-stg.mda.pl\/sv\/#website\",\"url\":\"https:\/\/marmite-stg.mda.pl\/sv\/\",\"name\":\"Marmite\",\"description\":\"Marmite\",\"potentialAction\":[{\"@type\":\"SearchAction\",\"target\":{\"@type\":\"EntryPoint\",\"urlTemplate\":\"https:\/\/marmite-stg.mda.pl\/sv\/?s={search_term_string}\"},\"query-input\":\"required name=search_term_string\"}],\"inLanguage\":\"sv-SE\"}]}<\/script>\n<!-- \/ Yoast SEO plugin. -->","yoast_head_json":{"title":"Garanti &bull; Marmite","robots":{"index":"noindex","follow":"follow","max-snippet":"max-snippet:-1","max-image-preview":"max-image-preview:large","max-video-preview":"max-video-preview:-1"},"og_locale":"sv_SE","og_type":"article","og_title":"Garanti &bull; Marmite","og_url":"https:\/\/marmite-stg.mda.pl\/sv\/laboratoriet\/garanti\/","og_site_name":"Marmite","article_publisher":"https:\/\/www.facebook.com\/marmiteSA","article_modified_time":"2020-06-29T09:18:08+00:00","og_image":[{"width":1880,"height":400,"url":"https:\/\/marmite-stg.mda.pl\/wp-content\/uploads\/2020\/01\/laboratory.jpg","type":"image\/jpeg"}],"twitter_misc":{"Ber\u00e4knad l\u00e4stid":"3 minuter"},"schema":{"@context":"https:\/\/schema.org","@graph":[{"@type":"WebPage","@id":"https:\/\/marmite-stg.mda.pl\/sv\/laboratoriet\/garanti\/","url":"https:\/\/marmite-stg.mda.pl\/sv\/laboratoriet\/garanti\/","name":"Garanti &bull; Marmite","isPartOf":{"@id":"https:\/\/marmite-stg.mda.pl\/sv\/#website"},"datePublished":"2020-03-02T15:31:04+00:00","dateModified":"2020-06-29T09:18:08+00:00","breadcrumb":{"@id":"https:\/\/marmite-stg.mda.pl\/sv\/laboratoriet\/garanti\/#breadcrumb"},"inLanguage":"sv-SE","potentialAction":[{"@type":"ReadAction","target":["https:\/\/marmite-stg.mda.pl\/sv\/laboratoriet\/garanti\/"]}]},{"@type":"BreadcrumbList","@id":"https:\/\/marmite-stg.mda.pl\/sv\/laboratoriet\/garanti\/#breadcrumb","itemListElement":[{"@type":"ListItem","position":1,"name":"Home","item":"https:\/\/marmite-stg.mda.pl\/sv\/"},{"@type":"ListItem","position":2,"name":"Laboratoriet","item":"https:\/\/marmite-stg.mda.pl\/sv\/laboratoriet\/"},{"@type":"ListItem","position":3,"name":"Garanti"}]},{"@type":"WebSite","@id":"https:\/\/marmite-stg.mda.pl\/sv\/#website","url":"https:\/\/marmite-stg.mda.pl\/sv\/","name":"Marmite","description":"Marmite","potentialAction":[{"@type":"SearchAction","target":{"@type":"EntryPoint","urlTemplate":"https:\/\/marmite-stg.mda.pl\/sv\/?s={search_term_string}"},"query-input":"required name=search_term_string"}],"inLanguage":"sv-SE"}]}},"_links":{"self":[{"href":"https:\/\/marmite-stg.mda.pl\/sv\/wp-json\/wp\/v2\/pages\/8794"}],"collection":[{"href":"https:\/\/marmite-stg.mda.pl\/sv\/wp-json\/wp\/v2\/pages"}],"about":[{"href":"https:\/\/marmite-stg.mda.pl\/sv\/wp-json\/wp\/v2\/types\/page"}],"author":[{"embeddable":true,"href":"https:\/\/marmite-stg.mda.pl\/sv\/wp-json\/wp\/v2\/users\/1"}],"replies":[{"embeddable":true,"href":"https:\/\/marmite-stg.mda.pl\/sv\/wp-json\/wp\/v2\/comments?post=8794"}],"version-history":[{"count":6,"href":"https:\/\/marmite-stg.mda.pl\/sv\/wp-json\/wp\/v2\/pages\/8794\/revisions"}],"predecessor-version":[{"id":17186,"href":"https:\/\/marmite-stg.mda.pl\/sv\/wp-json\/wp\/v2\/pages\/8794\/revisions\/17186"}],"up":[{"embeddable":true,"href":"https:\/\/marmite-stg.mda.pl\/sv\/wp-json\/wp\/v2\/pages\/8792"}],"wp:featuredmedia":[{"embeddable":true,"href":"https:\/\/marmite-stg.mda.pl\/sv\/wp-json\/wp\/v2\/media\/7682"}],"wp:attachment":[{"href":"https:\/\/marmite-stg.mda.pl\/sv\/wp-json\/wp\/v2\/media?parent=8794"}],"curies":[{"name":"wp","href":"https:\/\/api.w.org\/{rel}","templated":true}]}}