{"id":8808,"date":"2020-03-03T09:38:06","date_gmt":"2020-03-03T09:38:06","guid":{"rendered":"https:\/\/site.marmite.mda.pl\/?page_id=8808"},"modified":"2022-04-04T15:28:26","modified_gmt":"2022-04-04T15:28:26","slug":"oem-3","status":"publish","type":"page","link":"https:\/\/marmite-stg.mda.pl\/sv\/oem-3\/","title":{"rendered":"OEM"},"content":{"rendered":"<p>Vi f\u00f6rser v\u00e5ra kunder med produktdesign, marknadsf\u00f6rd av eget varum\u00e4rke och l\u00e4mplig f\u00f6rpackning. Samtidigt st\u00f6der vi v\u00e5ra partners i strategiska aktiviteter: med att analysera och komplettera produktportf\u00f6ljen, utv\u00e4rdera l\u00f6nsamheten av aff\u00e4rsf\u00f6retag, f\u00f6rb\u00e4ttra procedurer f\u00f6r kvalitetskontroll och f\u00f6rb\u00e4ttring.<\/p>\n<p>Tack vare v\u00e5r omfattande kundv\u00e5rd, l\u00e5ng erfarenhet av Mineral Composite-produktionen av h\u00f6gsta kvalitet &#8211; ger vi v\u00e5ra partners ett attraktivt alternativ p\u00e5 marknaden som hittills dominerade av keramiska och akrylprodukter.<\/p>\n","protected":false},"excerpt":{"rendered":"<p>Vi f\u00f6rser v\u00e5ra kunder med produktdesign, marknadsf\u00f6rd av eget varum\u00e4rke och l\u00e4mplig f\u00f6rpackning. Samtidigt st\u00f6der vi v\u00e5ra partners i strategiska aktiviteter: med att analysera och komplettera produktportf\u00f6ljen, utv\u00e4rdera l\u00f6nsamheten av aff\u00e4rsf\u00f6retag, f\u00f6rb\u00e4ttra procedurer f\u00f6r kvalitetskontroll och f\u00f6rb\u00e4ttring. Tack vare v\u00e5r omfattande kundv\u00e5rd, l\u00e5ng erfarenhet av Mineral Composite-produktionen av h\u00f6gsta kvalitet &#8211; ger vi v\u00e5ra partners [&hellip;]<\/p>\n","protected":false},"author":1,"featured_media":0,"parent":0,"menu_order":15,"comment_status":"closed","ping_status":"closed","template":"page-templates\/layout_private_label.php","meta":{"footnotes":""},"acf":[],"yoast_head":"<!-- This site is optimized with the Yoast SEO plugin v20.13 - https:\/\/yoast.com\/wordpress\/plugins\/seo\/ -->\n<title>OEM &bull; Marmite<\/title>\n<meta name=\"robots\" content=\"noindex, follow, max-snippet:-1, max-image-preview:large, max-video-preview:-1\" \/>\n<meta property=\"og:locale\" content=\"sv_SE\" \/>\n<meta property=\"og:type\" content=\"article\" \/>\n<meta property=\"og:title\" content=\"OEM &bull; Marmite\" \/>\n<meta property=\"og:url\" content=\"https:\/\/marmite-stg.mda.pl\/sv\/oem-3\/\" \/>\n<meta property=\"og:site_name\" content=\"Marmite\" \/>\n<meta property=\"article:publisher\" content=\"https:\/\/www.facebook.com\/marmiteSA\" \/>\n<meta property=\"article:modified_time\" content=\"2022-04-04T15:28:26+00:00\" \/>\n<script type=\"application\/ld+json\" class=\"yoast-schema-graph\">{\"@context\":\"https:\/\/schema.org\",\"@graph\":[{\"@type\":\"WebPage\",\"@id\":\"https:\/\/marmite-stg.mda.pl\/sv\/oem-3\/\",\"url\":\"https:\/\/marmite-stg.mda.pl\/sv\/oem-3\/\",\"name\":\"OEM &bull; Marmite\",\"isPartOf\":{\"@id\":\"https:\/\/marmite-stg.mda.pl\/sv\/#website\"},\"datePublished\":\"2020-03-03T09:38:06+00:00\",\"dateModified\":\"2022-04-04T15:28:26+00:00\",\"breadcrumb\":{\"@id\":\"https:\/\/marmite-stg.mda.pl\/sv\/oem-3\/#breadcrumb\"},\"inLanguage\":\"sv-SE\",\"potentialAction\":[{\"@type\":\"ReadAction\",\"target\":[\"https:\/\/marmite-stg.mda.pl\/sv\/oem-3\/\"]}]},{\"@type\":\"BreadcrumbList\",\"@id\":\"https:\/\/marmite-stg.mda.pl\/sv\/oem-3\/#breadcrumb\",\"itemListElement\":[{\"@type\":\"ListItem\",\"position\":1,\"name\":\"Home\",\"item\":\"https:\/\/marmite-stg.mda.pl\/sv\/\"},{\"@type\":\"ListItem\",\"position\":2,\"name\":\"OEM\"}]},{\"@type\":\"WebSite\",\"@id\":\"https:\/\/marmite-stg.mda.pl\/sv\/#website\",\"url\":\"https:\/\/marmite-stg.mda.pl\/sv\/\",\"name\":\"Marmite\",\"description\":\"Marmite\",\"potentialAction\":[{\"@type\":\"SearchAction\",\"target\":{\"@type\":\"EntryPoint\",\"urlTemplate\":\"https:\/\/marmite-stg.mda.pl\/sv\/?s={search_term_string}\"},\"query-input\":\"required name=search_term_string\"}],\"inLanguage\":\"sv-SE\"}]}<\/script>\n<!-- \/ Yoast SEO plugin. -->","yoast_head_json":{"title":"OEM &bull; Marmite","robots":{"index":"noindex","follow":"follow","max-snippet":"max-snippet:-1","max-image-preview":"max-image-preview:large","max-video-preview":"max-video-preview:-1"},"og_locale":"sv_SE","og_type":"article","og_title":"OEM &bull; Marmite","og_url":"https:\/\/marmite-stg.mda.pl\/sv\/oem-3\/","og_site_name":"Marmite","article_publisher":"https:\/\/www.facebook.com\/marmiteSA","article_modified_time":"2022-04-04T15:28:26+00:00","schema":{"@context":"https:\/\/schema.org","@graph":[{"@type":"WebPage","@id":"https:\/\/marmite-stg.mda.pl\/sv\/oem-3\/","url":"https:\/\/marmite-stg.mda.pl\/sv\/oem-3\/","name":"OEM &bull; Marmite","isPartOf":{"@id":"https:\/\/marmite-stg.mda.pl\/sv\/#website"},"datePublished":"2020-03-03T09:38:06+00:00","dateModified":"2022-04-04T15:28:26+00:00","breadcrumb":{"@id":"https:\/\/marmite-stg.mda.pl\/sv\/oem-3\/#breadcrumb"},"inLanguage":"sv-SE","potentialAction":[{"@type":"ReadAction","target":["https:\/\/marmite-stg.mda.pl\/sv\/oem-3\/"]}]},{"@type":"BreadcrumbList","@id":"https:\/\/marmite-stg.mda.pl\/sv\/oem-3\/#breadcrumb","itemListElement":[{"@type":"ListItem","position":1,"name":"Home","item":"https:\/\/marmite-stg.mda.pl\/sv\/"},{"@type":"ListItem","position":2,"name":"OEM"}]},{"@type":"WebSite","@id":"https:\/\/marmite-stg.mda.pl\/sv\/#website","url":"https:\/\/marmite-stg.mda.pl\/sv\/","name":"Marmite","description":"Marmite","potentialAction":[{"@type":"SearchAction","target":{"@type":"EntryPoint","urlTemplate":"https:\/\/marmite-stg.mda.pl\/sv\/?s={search_term_string}"},"query-input":"required name=search_term_string"}],"inLanguage":"sv-SE"}]}},"_links":{"self":[{"href":"https:\/\/marmite-stg.mda.pl\/sv\/wp-json\/wp\/v2\/pages\/8808"}],"collection":[{"href":"https:\/\/marmite-stg.mda.pl\/sv\/wp-json\/wp\/v2\/pages"}],"about":[{"href":"https:\/\/marmite-stg.mda.pl\/sv\/wp-json\/wp\/v2\/types\/page"}],"author":[{"embeddable":true,"href":"https:\/\/marmite-stg.mda.pl\/sv\/wp-json\/wp\/v2\/users\/1"}],"replies":[{"embeddable":true,"href":"https:\/\/marmite-stg.mda.pl\/sv\/wp-json\/wp\/v2\/comments?post=8808"}],"version-history":[{"count":4,"href":"https:\/\/marmite-stg.mda.pl\/sv\/wp-json\/wp\/v2\/pages\/8808\/revisions"}],"predecessor-version":[{"id":24290,"href":"https:\/\/marmite-stg.mda.pl\/sv\/wp-json\/wp\/v2\/pages\/8808\/revisions\/24290"}],"wp:attachment":[{"href":"https:\/\/marmite-stg.mda.pl\/sv\/wp-json\/wp\/v2\/media?parent=8808"}],"curies":[{"name":"wp","href":"https:\/\/api.w.org\/{rel}","templated":true}]}}