{"id":8829,"date":"2020-03-03T14:58:38","date_gmt":"2020-03-03T14:58:38","guid":{"rendered":"https:\/\/site.marmite.mda.pl\/?page_id=8829"},"modified":"2022-01-26T14:23:18","modified_gmt":"2022-01-26T14:23:18","slug":"reparationssatsen-repair-kit","status":"publish","type":"page","link":"https:\/\/marmite-stg.mda.pl\/sv\/material-sv\/reparation\/reparationssatsen-repair-kit\/","title":{"rendered":"Reparationssatsen &#8221;Repair Kit&#8221;"},"content":{"rendered":"<p><strong>Huvudf\u00f6rdelar:<br \/>\n<\/strong><\/p>\n<ul>\n<li>Tillg\u00e4nglig i m\u00e5nga f\u00e4rger<\/li>\n<li>Satsen inneh\u00e5ller alla n\u00f6dv\u00e4ndiga komponenter<\/li>\n<li>B\u00f6r anv\u00e4ndas inom 3 m\u00e5nader<\/li>\n<li>Eng\u00e5ngsprodukt<\/li>\n<li>F\u00f6r proffs &#8211; ger den professionella reparationskvaliteten<\/li>\n<\/ul>\n","protected":false},"excerpt":{"rendered":"<p>Huvudf\u00f6rdelar: Tillg\u00e4nglig i m\u00e5nga f\u00e4rger Satsen inneh\u00e5ller alla n\u00f6dv\u00e4ndiga komponenter B\u00f6r anv\u00e4ndas inom 3 m\u00e5nader Eng\u00e5ngsprodukt F\u00f6r proffs &#8211; ger den professionella reparationskvaliteten<\/p>\n","protected":false},"author":1,"featured_media":14957,"parent":1742,"menu_order":260,"comment_status":"closed","ping_status":"closed","template":"page-templates\/layout_repaire_product.php","meta":{"footnotes":""},"acf":[],"yoast_head":"<!-- This site is optimized with the Yoast SEO plugin v20.13 - https:\/\/yoast.com\/wordpress\/plugins\/seo\/ -->\n<title>Reparationssatsen &quot;Repair Kit&quot; &bull; Marmite<\/title>\n<meta name=\"robots\" content=\"noindex, follow, max-snippet:-1, max-image-preview:large, max-video-preview:-1\" \/>\n<meta property=\"og:locale\" content=\"sv_SE\" \/>\n<meta property=\"og:type\" content=\"article\" \/>\n<meta property=\"og:title\" content=\"Reparationssatsen &quot;Repair Kit&quot; &bull; Marmite\" \/>\n<meta property=\"og:url\" content=\"https:\/\/marmite-stg.mda.pl\/sv\/material-sv\/reparation\/reparationssatsen-repair-kit\/\" \/>\n<meta property=\"og:site_name\" content=\"Marmite\" \/>\n<meta property=\"article:publisher\" content=\"https:\/\/www.facebook.com\/marmiteSA\" \/>\n<meta property=\"article:modified_time\" content=\"2022-01-26T14:23:18+00:00\" \/>\n<meta property=\"og:image\" content=\"https:\/\/marmite-stg.mda.pl\/wp-content\/uploads\/2020\/01\/laboratory.jpg\" \/>\n\t<meta property=\"og:image:width\" content=\"1880\" \/>\n\t<meta property=\"og:image:height\" content=\"400\" \/>\n\t<meta property=\"og:image:type\" content=\"image\/jpeg\" \/>\n<script type=\"application\/ld+json\" class=\"yoast-schema-graph\">{\"@context\":\"https:\/\/schema.org\",\"@graph\":[{\"@type\":\"WebPage\",\"@id\":\"https:\/\/marmite-stg.mda.pl\/sv\/material-sv\/reparation\/reparationssatsen-repair-kit\/\",\"url\":\"https:\/\/marmite-stg.mda.pl\/sv\/material-sv\/reparation\/reparationssatsen-repair-kit\/\",\"name\":\"Reparationssatsen \\\"Repair Kit\\\" &bull; Marmite\",\"isPartOf\":{\"@id\":\"https:\/\/marmite-stg.mda.pl\/sv\/#website\"},\"datePublished\":\"2020-03-03T14:58:38+00:00\",\"dateModified\":\"2022-01-26T14:23:18+00:00\",\"breadcrumb\":{\"@id\":\"https:\/\/marmite-stg.mda.pl\/sv\/material-sv\/reparation\/reparationssatsen-repair-kit\/#breadcrumb\"},\"inLanguage\":\"sv-SE\",\"potentialAction\":[{\"@type\":\"ReadAction\",\"target\":[\"https:\/\/marmite-stg.mda.pl\/sv\/material-sv\/reparation\/reparationssatsen-repair-kit\/\"]}]},{\"@type\":\"BreadcrumbList\",\"@id\":\"https:\/\/marmite-stg.mda.pl\/sv\/material-sv\/reparation\/reparationssatsen-repair-kit\/#breadcrumb\",\"itemListElement\":[{\"@type\":\"ListItem\",\"position\":1,\"name\":\"Home\",\"item\":\"https:\/\/marmite-stg.mda.pl\/sv\/\"},{\"@type\":\"ListItem\",\"position\":2,\"name\":\"Material\",\"item\":\"https:\/\/marmite-stg.mda.pl\/sv\/material-sv\/\"},{\"@type\":\"ListItem\",\"position\":3,\"name\":\"Reparation\",\"item\":\"https:\/\/marmite-stg.mda.pl\/sv\/material\/repairable\/\"},{\"@type\":\"ListItem\",\"position\":4,\"name\":\"Reparationssatsen &#8220;Repair Kit&#8221;\"}]},{\"@type\":\"WebSite\",\"@id\":\"https:\/\/marmite-stg.mda.pl\/sv\/#website\",\"url\":\"https:\/\/marmite-stg.mda.pl\/sv\/\",\"name\":\"Marmite\",\"description\":\"Marmite\",\"potentialAction\":[{\"@type\":\"SearchAction\",\"target\":{\"@type\":\"EntryPoint\",\"urlTemplate\":\"https:\/\/marmite-stg.mda.pl\/sv\/?s={search_term_string}\"},\"query-input\":\"required name=search_term_string\"}],\"inLanguage\":\"sv-SE\"}]}<\/script>\n<!-- \/ Yoast SEO plugin. -->","yoast_head_json":{"title":"Reparationssatsen \"Repair Kit\" &bull; Marmite","robots":{"index":"noindex","follow":"follow","max-snippet":"max-snippet:-1","max-image-preview":"max-image-preview:large","max-video-preview":"max-video-preview:-1"},"og_locale":"sv_SE","og_type":"article","og_title":"Reparationssatsen \"Repair Kit\" &bull; Marmite","og_url":"https:\/\/marmite-stg.mda.pl\/sv\/material-sv\/reparation\/reparationssatsen-repair-kit\/","og_site_name":"Marmite","article_publisher":"https:\/\/www.facebook.com\/marmiteSA","article_modified_time":"2022-01-26T14:23:18+00:00","og_image":[{"width":1880,"height":400,"url":"https:\/\/marmite-stg.mda.pl\/wp-content\/uploads\/2020\/01\/laboratory.jpg","type":"image\/jpeg"}],"schema":{"@context":"https:\/\/schema.org","@graph":[{"@type":"WebPage","@id":"https:\/\/marmite-stg.mda.pl\/sv\/material-sv\/reparation\/reparationssatsen-repair-kit\/","url":"https:\/\/marmite-stg.mda.pl\/sv\/material-sv\/reparation\/reparationssatsen-repair-kit\/","name":"Reparationssatsen \"Repair Kit\" &bull; Marmite","isPartOf":{"@id":"https:\/\/marmite-stg.mda.pl\/sv\/#website"},"datePublished":"2020-03-03T14:58:38+00:00","dateModified":"2022-01-26T14:23:18+00:00","breadcrumb":{"@id":"https:\/\/marmite-stg.mda.pl\/sv\/material-sv\/reparation\/reparationssatsen-repair-kit\/#breadcrumb"},"inLanguage":"sv-SE","potentialAction":[{"@type":"ReadAction","target":["https:\/\/marmite-stg.mda.pl\/sv\/material-sv\/reparation\/reparationssatsen-repair-kit\/"]}]},{"@type":"BreadcrumbList","@id":"https:\/\/marmite-stg.mda.pl\/sv\/material-sv\/reparation\/reparationssatsen-repair-kit\/#breadcrumb","itemListElement":[{"@type":"ListItem","position":1,"name":"Home","item":"https:\/\/marmite-stg.mda.pl\/sv\/"},{"@type":"ListItem","position":2,"name":"Material","item":"https:\/\/marmite-stg.mda.pl\/sv\/material-sv\/"},{"@type":"ListItem","position":3,"name":"Reparation","item":"https:\/\/marmite-stg.mda.pl\/sv\/material\/repairable\/"},{"@type":"ListItem","position":4,"name":"Reparationssatsen &#8220;Repair Kit&#8221;"}]},{"@type":"WebSite","@id":"https:\/\/marmite-stg.mda.pl\/sv\/#website","url":"https:\/\/marmite-stg.mda.pl\/sv\/","name":"Marmite","description":"Marmite","potentialAction":[{"@type":"SearchAction","target":{"@type":"EntryPoint","urlTemplate":"https:\/\/marmite-stg.mda.pl\/sv\/?s={search_term_string}"},"query-input":"required name=search_term_string"}],"inLanguage":"sv-SE"}]}},"_links":{"self":[{"href":"https:\/\/marmite-stg.mda.pl\/sv\/wp-json\/wp\/v2\/pages\/8829"}],"collection":[{"href":"https:\/\/marmite-stg.mda.pl\/sv\/wp-json\/wp\/v2\/pages"}],"about":[{"href":"https:\/\/marmite-stg.mda.pl\/sv\/wp-json\/wp\/v2\/types\/page"}],"author":[{"embeddable":true,"href":"https:\/\/marmite-stg.mda.pl\/sv\/wp-json\/wp\/v2\/users\/1"}],"replies":[{"embeddable":true,"href":"https:\/\/marmite-stg.mda.pl\/sv\/wp-json\/wp\/v2\/comments?post=8829"}],"version-history":[{"count":6,"href":"https:\/\/marmite-stg.mda.pl\/sv\/wp-json\/wp\/v2\/pages\/8829\/revisions"}],"predecessor-version":[{"id":22261,"href":"https:\/\/marmite-stg.mda.pl\/sv\/wp-json\/wp\/v2\/pages\/8829\/revisions\/22261"}],"up":[{"embeddable":true,"href":"https:\/\/marmite-stg.mda.pl\/sv\/wp-json\/wp\/v2\/pages\/1742"}],"wp:featuredmedia":[{"embeddable":true,"href":"https:\/\/marmite-stg.mda.pl\/sv\/wp-json\/wp\/v2\/media\/14957"}],"wp:attachment":[{"href":"https:\/\/marmite-stg.mda.pl\/sv\/wp-json\/wp\/v2\/media?parent=8829"}],"curies":[{"name":"wp","href":"https:\/\/api.w.org\/{rel}","templated":true}]}}