{"id":8831,"date":"2020-03-03T14:59:49","date_gmt":"2020-03-03T14:59:49","guid":{"rendered":"https:\/\/site.marmite.mda.pl\/?page_id=8831"},"modified":"2020-06-29T10:29:28","modified_gmt":"2020-06-29T10:29:28","slug":"reparationssatsen-touch-up-stick","status":"publish","type":"page","link":"https:\/\/marmite-stg.mda.pl\/sv\/material-sv\/reparation\/reparationssatsen-touch-up-stick\/","title":{"rendered":"Reparationssatsen &#8221;Touch-up Stick&#8221;"},"content":{"rendered":"<p><strong>Huvudf\u00f6rdelar:<\/strong><\/p>\n<ul>\n<li>Produkten \u00e4r klar f\u00f6r omedelbar anv\u00e4ndning<\/li>\n<li>Enkel reparation &#8211; \u00e4ven f\u00f6r oerfarna anv\u00e4ndare<\/li>\n<li>Den kr\u00e4ver inte anv\u00e4ndning av ytterligare verktyg<\/li>\n<li>Du kan anv\u00e4nda den upprepade g\u00e5nger<\/li>\n<li>L\u00e4mplig f\u00f6r anv\u00e4ndning i upp till 5 \u00e5r efter f\u00f6rsta \u00f6ppningen<\/li>\n<li>S\u00e4ker och milj\u00f6v\u00e4nlig<\/li>\n<\/ul>\n","protected":false},"excerpt":{"rendered":"<p>Huvudf\u00f6rdelar: Produkten \u00e4r klar f\u00f6r omedelbar anv\u00e4ndning Enkel reparation &#8211; \u00e4ven f\u00f6r oerfarna anv\u00e4ndare Den kr\u00e4ver inte anv\u00e4ndning av ytterligare verktyg Du kan anv\u00e4nda den upprepade g\u00e5nger L\u00e4mplig f\u00f6r anv\u00e4ndning i upp till 5 \u00e5r efter f\u00f6rsta \u00f6ppningen S\u00e4ker och milj\u00f6v\u00e4nlig<\/p>\n","protected":false},"author":1,"featured_media":0,"parent":1742,"menu_order":251,"comment_status":"closed","ping_status":"closed","template":"page-templates\/layout_repaire_product.php","meta":{"footnotes":""},"acf":[],"yoast_head":"<!-- This site is optimized with the Yoast SEO plugin v20.13 - https:\/\/yoast.com\/wordpress\/plugins\/seo\/ -->\n<title>Reparationssatsen &quot;Touch-up Stick&quot; &bull; Marmite<\/title>\n<meta name=\"robots\" content=\"noindex, follow, max-snippet:-1, max-image-preview:large, max-video-preview:-1\" \/>\n<meta property=\"og:locale\" content=\"sv_SE\" \/>\n<meta property=\"og:type\" content=\"article\" \/>\n<meta property=\"og:title\" content=\"Reparationssatsen &quot;Touch-up Stick&quot; &bull; Marmite\" \/>\n<meta property=\"og:url\" content=\"https:\/\/marmite-stg.mda.pl\/sv\/material-sv\/reparation\/reparationssatsen-touch-up-stick\/\" \/>\n<meta property=\"og:site_name\" content=\"Marmite\" \/>\n<meta property=\"article:publisher\" content=\"https:\/\/www.facebook.com\/marmiteSA\" \/>\n<meta property=\"article:modified_time\" content=\"2020-06-29T10:29:28+00:00\" \/>\n<script type=\"application\/ld+json\" class=\"yoast-schema-graph\">{\"@context\":\"https:\/\/schema.org\",\"@graph\":[{\"@type\":\"WebPage\",\"@id\":\"https:\/\/marmite-stg.mda.pl\/sv\/material-sv\/reparation\/reparationssatsen-touch-up-stick\/\",\"url\":\"https:\/\/marmite-stg.mda.pl\/sv\/material-sv\/reparation\/reparationssatsen-touch-up-stick\/\",\"name\":\"Reparationssatsen \\\"Touch-up Stick\\\" &bull; Marmite\",\"isPartOf\":{\"@id\":\"https:\/\/marmite-stg.mda.pl\/sv\/#website\"},\"datePublished\":\"2020-03-03T14:59:49+00:00\",\"dateModified\":\"2020-06-29T10:29:28+00:00\",\"breadcrumb\":{\"@id\":\"https:\/\/marmite-stg.mda.pl\/sv\/material-sv\/reparation\/reparationssatsen-touch-up-stick\/#breadcrumb\"},\"inLanguage\":\"sv-SE\",\"potentialAction\":[{\"@type\":\"ReadAction\",\"target\":[\"https:\/\/marmite-stg.mda.pl\/sv\/material-sv\/reparation\/reparationssatsen-touch-up-stick\/\"]}]},{\"@type\":\"BreadcrumbList\",\"@id\":\"https:\/\/marmite-stg.mda.pl\/sv\/material-sv\/reparation\/reparationssatsen-touch-up-stick\/#breadcrumb\",\"itemListElement\":[{\"@type\":\"ListItem\",\"position\":1,\"name\":\"Home\",\"item\":\"https:\/\/marmite-stg.mda.pl\/sv\/\"},{\"@type\":\"ListItem\",\"position\":2,\"name\":\"Material\",\"item\":\"https:\/\/marmite-stg.mda.pl\/sv\/material-sv\/\"},{\"@type\":\"ListItem\",\"position\":3,\"name\":\"Reparation\",\"item\":\"https:\/\/marmite-stg.mda.pl\/sv\/material\/repairable\/\"},{\"@type\":\"ListItem\",\"position\":4,\"name\":\"Reparationssatsen &#8220;Touch-up Stick&#8221;\"}]},{\"@type\":\"WebSite\",\"@id\":\"https:\/\/marmite-stg.mda.pl\/sv\/#website\",\"url\":\"https:\/\/marmite-stg.mda.pl\/sv\/\",\"name\":\"Marmite\",\"description\":\"Marmite\",\"potentialAction\":[{\"@type\":\"SearchAction\",\"target\":{\"@type\":\"EntryPoint\",\"urlTemplate\":\"https:\/\/marmite-stg.mda.pl\/sv\/?s={search_term_string}\"},\"query-input\":\"required name=search_term_string\"}],\"inLanguage\":\"sv-SE\"}]}<\/script>\n<!-- \/ Yoast SEO plugin. -->","yoast_head_json":{"title":"Reparationssatsen \"Touch-up Stick\" &bull; Marmite","robots":{"index":"noindex","follow":"follow","max-snippet":"max-snippet:-1","max-image-preview":"max-image-preview:large","max-video-preview":"max-video-preview:-1"},"og_locale":"sv_SE","og_type":"article","og_title":"Reparationssatsen \"Touch-up Stick\" &bull; Marmite","og_url":"https:\/\/marmite-stg.mda.pl\/sv\/material-sv\/reparation\/reparationssatsen-touch-up-stick\/","og_site_name":"Marmite","article_publisher":"https:\/\/www.facebook.com\/marmiteSA","article_modified_time":"2020-06-29T10:29:28+00:00","schema":{"@context":"https:\/\/schema.org","@graph":[{"@type":"WebPage","@id":"https:\/\/marmite-stg.mda.pl\/sv\/material-sv\/reparation\/reparationssatsen-touch-up-stick\/","url":"https:\/\/marmite-stg.mda.pl\/sv\/material-sv\/reparation\/reparationssatsen-touch-up-stick\/","name":"Reparationssatsen \"Touch-up Stick\" &bull; Marmite","isPartOf":{"@id":"https:\/\/marmite-stg.mda.pl\/sv\/#website"},"datePublished":"2020-03-03T14:59:49+00:00","dateModified":"2020-06-29T10:29:28+00:00","breadcrumb":{"@id":"https:\/\/marmite-stg.mda.pl\/sv\/material-sv\/reparation\/reparationssatsen-touch-up-stick\/#breadcrumb"},"inLanguage":"sv-SE","potentialAction":[{"@type":"ReadAction","target":["https:\/\/marmite-stg.mda.pl\/sv\/material-sv\/reparation\/reparationssatsen-touch-up-stick\/"]}]},{"@type":"BreadcrumbList","@id":"https:\/\/marmite-stg.mda.pl\/sv\/material-sv\/reparation\/reparationssatsen-touch-up-stick\/#breadcrumb","itemListElement":[{"@type":"ListItem","position":1,"name":"Home","item":"https:\/\/marmite-stg.mda.pl\/sv\/"},{"@type":"ListItem","position":2,"name":"Material","item":"https:\/\/marmite-stg.mda.pl\/sv\/material-sv\/"},{"@type":"ListItem","position":3,"name":"Reparation","item":"https:\/\/marmite-stg.mda.pl\/sv\/material\/repairable\/"},{"@type":"ListItem","position":4,"name":"Reparationssatsen &#8220;Touch-up Stick&#8221;"}]},{"@type":"WebSite","@id":"https:\/\/marmite-stg.mda.pl\/sv\/#website","url":"https:\/\/marmite-stg.mda.pl\/sv\/","name":"Marmite","description":"Marmite","potentialAction":[{"@type":"SearchAction","target":{"@type":"EntryPoint","urlTemplate":"https:\/\/marmite-stg.mda.pl\/sv\/?s={search_term_string}"},"query-input":"required name=search_term_string"}],"inLanguage":"sv-SE"}]}},"_links":{"self":[{"href":"https:\/\/marmite-stg.mda.pl\/sv\/wp-json\/wp\/v2\/pages\/8831"}],"collection":[{"href":"https:\/\/marmite-stg.mda.pl\/sv\/wp-json\/wp\/v2\/pages"}],"about":[{"href":"https:\/\/marmite-stg.mda.pl\/sv\/wp-json\/wp\/v2\/types\/page"}],"author":[{"embeddable":true,"href":"https:\/\/marmite-stg.mda.pl\/sv\/wp-json\/wp\/v2\/users\/1"}],"replies":[{"embeddable":true,"href":"https:\/\/marmite-stg.mda.pl\/sv\/wp-json\/wp\/v2\/comments?post=8831"}],"version-history":[{"count":3,"href":"https:\/\/marmite-stg.mda.pl\/sv\/wp-json\/wp\/v2\/pages\/8831\/revisions"}],"predecessor-version":[{"id":17404,"href":"https:\/\/marmite-stg.mda.pl\/sv\/wp-json\/wp\/v2\/pages\/8831\/revisions\/17404"}],"up":[{"embeddable":true,"href":"https:\/\/marmite-stg.mda.pl\/sv\/wp-json\/wp\/v2\/pages\/1742"}],"wp:attachment":[{"href":"https:\/\/marmite-stg.mda.pl\/sv\/wp-json\/wp\/v2\/media?parent=8831"}],"curies":[{"name":"wp","href":"https:\/\/api.w.org\/{rel}","templated":true}]}}