{"id":8834,"date":"2020-03-03T15:12:48","date_gmt":"2020-03-03T15:12:48","guid":{"rendered":"https:\/\/site.marmite.mda.pl\/?page_id=8834"},"modified":"2023-01-05T08:44:51","modified_gmt":"2023-01-05T08:44:51","slug":"skotsel","status":"publish","type":"page","link":"https:\/\/marmite-stg.mda.pl\/sv\/material-sv\/skotsel\/","title":{"rendered":"Sk\u00f6tsel"},"content":{"rendered":"<p>Mineral Composite kan ocks\u00e5 reng\u00f6ras med\u00a0<strong>naturliga reng\u00f6ringsmedel.<\/strong><\/p>\n<p>P\u00e5 grund av sitt naturliga ursprung \u00e4r detta material ocks\u00e5 l\u00e4mpligt f\u00f6r att reng\u00f6ras med naturliga och billiga medel som vin\u00e4ger eller citronvatten. Matta ytor kan beh\u00f6va reng\u00f6ras d\u00e5 och d\u00e5 med ett milt slipande reng\u00f6ringsmedel.<\/p>\n","protected":false},"excerpt":{"rendered":"<p>Mineral Composite kan ocks\u00e5 reng\u00f6ras med\u00a0naturliga reng\u00f6ringsmedel. P\u00e5 grund av sitt naturliga ursprung \u00e4r detta material ocks\u00e5 l\u00e4mpligt f\u00f6r att reng\u00f6ras med naturliga och billiga medel som vin\u00e4ger eller citronvatten. Matta ytor kan beh\u00f6va reng\u00f6ras d\u00e5 och d\u00e5 med ett milt slipande reng\u00f6ringsmedel.<\/p>\n","protected":false},"author":1,"featured_media":14306,"parent":1731,"menu_order":352,"comment_status":"closed","ping_status":"closed","template":"page-templates\/layout_maintenance.php","meta":{"footnotes":""},"acf":[],"yoast_head":"<!-- This site is optimized with the Yoast SEO plugin v20.13 - https:\/\/yoast.com\/wordpress\/plugins\/seo\/ -->\n<title>Sk\u00f6tsel &bull; Marmite<\/title>\n<meta name=\"robots\" content=\"noindex, follow, max-snippet:-1, max-image-preview:large, max-video-preview:-1\" \/>\n<meta property=\"og:locale\" content=\"sv_SE\" \/>\n<meta property=\"og:type\" content=\"article\" \/>\n<meta property=\"og:title\" content=\"Sk\u00f6tsel &bull; Marmite\" \/>\n<meta property=\"og:url\" content=\"https:\/\/marmite-stg.mda.pl\/sv\/material-sv\/skotsel\/\" \/>\n<meta property=\"og:site_name\" content=\"Marmite\" \/>\n<meta property=\"article:publisher\" content=\"https:\/\/www.facebook.com\/marmiteSA\" \/>\n<meta property=\"article:modified_time\" content=\"2023-01-05T08:44:51+00:00\" \/>\n<meta property=\"og:image\" content=\"https:\/\/marmite-stg.mda.pl\/wp-content\/uploads\/2015\/08\/material_banner.jpg\" \/>\n\t<meta property=\"og:image:width\" content=\"1880\" \/>\n\t<meta property=\"og:image:height\" content=\"400\" \/>\n\t<meta property=\"og:image:type\" content=\"image\/jpeg\" \/>\n<meta name=\"twitter:label1\" content=\"Ber\u00e4knad l\u00e4stid\" \/>\n\t<meta name=\"twitter:data1\" content=\"1 minut\" \/>\n<script type=\"application\/ld+json\" class=\"yoast-schema-graph\">{\"@context\":\"https:\/\/schema.org\",\"@graph\":[{\"@type\":\"WebPage\",\"@id\":\"https:\/\/marmite-stg.mda.pl\/sv\/material-sv\/skotsel\/\",\"url\":\"https:\/\/marmite-stg.mda.pl\/sv\/material-sv\/skotsel\/\",\"name\":\"Sk\u00f6tsel &bull; Marmite\",\"isPartOf\":{\"@id\":\"https:\/\/marmite-stg.mda.pl\/sv\/#website\"},\"datePublished\":\"2020-03-03T15:12:48+00:00\",\"dateModified\":\"2023-01-05T08:44:51+00:00\",\"breadcrumb\":{\"@id\":\"https:\/\/marmite-stg.mda.pl\/sv\/material-sv\/skotsel\/#breadcrumb\"},\"inLanguage\":\"sv-SE\",\"potentialAction\":[{\"@type\":\"ReadAction\",\"target\":[\"https:\/\/marmite-stg.mda.pl\/sv\/material-sv\/skotsel\/\"]}]},{\"@type\":\"BreadcrumbList\",\"@id\":\"https:\/\/marmite-stg.mda.pl\/sv\/material-sv\/skotsel\/#breadcrumb\",\"itemListElement\":[{\"@type\":\"ListItem\",\"position\":1,\"name\":\"Home\",\"item\":\"https:\/\/marmite-stg.mda.pl\/sv\/\"},{\"@type\":\"ListItem\",\"position\":2,\"name\":\"Material\",\"item\":\"https:\/\/marmite-stg.mda.pl\/sv\/material-sv\/\"},{\"@type\":\"ListItem\",\"position\":3,\"name\":\"Sk\u00f6tsel\"}]},{\"@type\":\"WebSite\",\"@id\":\"https:\/\/marmite-stg.mda.pl\/sv\/#website\",\"url\":\"https:\/\/marmite-stg.mda.pl\/sv\/\",\"name\":\"Marmite\",\"description\":\"Marmite\",\"potentialAction\":[{\"@type\":\"SearchAction\",\"target\":{\"@type\":\"EntryPoint\",\"urlTemplate\":\"https:\/\/marmite-stg.mda.pl\/sv\/?s={search_term_string}\"},\"query-input\":\"required name=search_term_string\"}],\"inLanguage\":\"sv-SE\"}]}<\/script>\n<!-- \/ Yoast SEO plugin. -->","yoast_head_json":{"title":"Sk\u00f6tsel &bull; Marmite","robots":{"index":"noindex","follow":"follow","max-snippet":"max-snippet:-1","max-image-preview":"max-image-preview:large","max-video-preview":"max-video-preview:-1"},"og_locale":"sv_SE","og_type":"article","og_title":"Sk\u00f6tsel &bull; Marmite","og_url":"https:\/\/marmite-stg.mda.pl\/sv\/material-sv\/skotsel\/","og_site_name":"Marmite","article_publisher":"https:\/\/www.facebook.com\/marmiteSA","article_modified_time":"2023-01-05T08:44:51+00:00","og_image":[{"width":1880,"height":400,"url":"https:\/\/marmite-stg.mda.pl\/wp-content\/uploads\/2015\/08\/material_banner.jpg","type":"image\/jpeg"}],"twitter_misc":{"Ber\u00e4knad l\u00e4stid":"1 minut"},"schema":{"@context":"https:\/\/schema.org","@graph":[{"@type":"WebPage","@id":"https:\/\/marmite-stg.mda.pl\/sv\/material-sv\/skotsel\/","url":"https:\/\/marmite-stg.mda.pl\/sv\/material-sv\/skotsel\/","name":"Sk\u00f6tsel &bull; Marmite","isPartOf":{"@id":"https:\/\/marmite-stg.mda.pl\/sv\/#website"},"datePublished":"2020-03-03T15:12:48+00:00","dateModified":"2023-01-05T08:44:51+00:00","breadcrumb":{"@id":"https:\/\/marmite-stg.mda.pl\/sv\/material-sv\/skotsel\/#breadcrumb"},"inLanguage":"sv-SE","potentialAction":[{"@type":"ReadAction","target":["https:\/\/marmite-stg.mda.pl\/sv\/material-sv\/skotsel\/"]}]},{"@type":"BreadcrumbList","@id":"https:\/\/marmite-stg.mda.pl\/sv\/material-sv\/skotsel\/#breadcrumb","itemListElement":[{"@type":"ListItem","position":1,"name":"Home","item":"https:\/\/marmite-stg.mda.pl\/sv\/"},{"@type":"ListItem","position":2,"name":"Material","item":"https:\/\/marmite-stg.mda.pl\/sv\/material-sv\/"},{"@type":"ListItem","position":3,"name":"Sk\u00f6tsel"}]},{"@type":"WebSite","@id":"https:\/\/marmite-stg.mda.pl\/sv\/#website","url":"https:\/\/marmite-stg.mda.pl\/sv\/","name":"Marmite","description":"Marmite","potentialAction":[{"@type":"SearchAction","target":{"@type":"EntryPoint","urlTemplate":"https:\/\/marmite-stg.mda.pl\/sv\/?s={search_term_string}"},"query-input":"required name=search_term_string"}],"inLanguage":"sv-SE"}]}},"_links":{"self":[{"href":"https:\/\/marmite-stg.mda.pl\/sv\/wp-json\/wp\/v2\/pages\/8834"}],"collection":[{"href":"https:\/\/marmite-stg.mda.pl\/sv\/wp-json\/wp\/v2\/pages"}],"about":[{"href":"https:\/\/marmite-stg.mda.pl\/sv\/wp-json\/wp\/v2\/types\/page"}],"author":[{"embeddable":true,"href":"https:\/\/marmite-stg.mda.pl\/sv\/wp-json\/wp\/v2\/users\/1"}],"replies":[{"embeddable":true,"href":"https:\/\/marmite-stg.mda.pl\/sv\/wp-json\/wp\/v2\/comments?post=8834"}],"version-history":[{"count":7,"href":"https:\/\/marmite-stg.mda.pl\/sv\/wp-json\/wp\/v2\/pages\/8834\/revisions"}],"predecessor-version":[{"id":26700,"href":"https:\/\/marmite-stg.mda.pl\/sv\/wp-json\/wp\/v2\/pages\/8834\/revisions\/26700"}],"up":[{"embeddable":true,"href":"https:\/\/marmite-stg.mda.pl\/sv\/wp-json\/wp\/v2\/pages\/1731"}],"wp:featuredmedia":[{"embeddable":true,"href":"https:\/\/marmite-stg.mda.pl\/sv\/wp-json\/wp\/v2\/media\/14306"}],"wp:attachment":[{"href":"https:\/\/marmite-stg.mda.pl\/sv\/wp-json\/wp\/v2\/media?parent=8834"}],"curies":[{"name":"wp","href":"https:\/\/api.w.org\/{rel}","templated":true}]}}